{"id":1372,"date":"2019-06-27T12:45:12","date_gmt":"2019-06-27T10:45:12","guid":{"rendered":"https:\/\/www.kss-sachsen.de\/?page_id=1372"},"modified":"2024-01-14T01:06:47","modified_gmt":"2024-01-14T00:06:47","slug":"sachsische-landtagswahl-2019","status":"publish","type":"page","link":"https:\/\/www.kss-sachsen.de\/landtagswahl2019","title":{"rendered":"Landtagswahl 2019"},"content":{"rendered":"<h5><img loading=\"lazy\" decoding=\"async\" class=\"aligncenter wp-image-1377 size-full\" src=\"https:\/\/www.kss-sachsen.de\/wp-content\/uploads\/2019\/06\/webheader-wahl.png\" alt=\"Erst zur Briefwahl, dann ans Meer\" width=\"1637\" height=\"544\" srcset=\"https:\/\/www.kss-sachsen.de\/wp-content\/uploads\/2019\/06\/webheader-wahl.png 1637w, https:\/\/www.kss-sachsen.de\/wp-content\/uploads\/2019\/06\/webheader-wahl-300x100.png 300w, https:\/\/www.kss-sachsen.de\/wp-content\/uploads\/2019\/06\/webheader-wahl-768x255.png 768w, https:\/\/www.kss-sachsen.de\/wp-content\/uploads\/2019\/06\/webheader-wahl-1024x340.png 1024w, https:\/\/www.kss-sachsen.de\/wp-content\/uploads\/2019\/06\/webheader-wahl-520x173.png 520w, https:\/\/www.kss-sachsen.de\/wp-content\/uploads\/2019\/06\/webheader-wahl-740x246.png 740w\" sizes=\"(max-width: 1637px) 100vw, 1637px\" \/><\/h5>\n<h4>Am 01. September finden die s\u00e4chsischen Landtagswahlen statt. Zusammen mit der s\u00e4chsischen <a href=\"https:\/\/www.lrk-sachsen.de\/\">Landesrektorenkonferenz<\/a> und den Studentenwerken <a href=\"https:\/\/www.swcz.de\/de\/\">Chemnitz\/Zwickau<\/a>, <a href=\"https:\/\/www.studentenwerk-dresden.de\/\">Dresden<\/a>, <a href=\"https:\/\/www.studentenwerk-freiberg.de\/freiberg\/de\/\">Freiberg<\/a> und <a href=\"http:\/\/www.studentenwerk-leipzig.de\">Leipzig<\/a> rufen wir, die <a href=\"https:\/\/www.kss-sachsen.de\/\">Konferenz S\u00e4chsischer Studierendenschaften<\/a>, alle Studierenden auf w\u00e4hlen zu gehen. Diese Landtagswahl ist enorm wichtig, nicht zuletzt wird sich f\u00fcr die n\u00e4chsten f\u00fcnf Jahre die Entwicklung der s\u00e4chsischen Hochschulen und damit deines Studiums entscheiden. Da der 01. September mitten in der vorlesungsfreien Zeit liegt und viele Studierende die Zeit nutzen, um zu ihren Eltern zu fahren oder zu verreisen, empfehlen wir per Briefwahl zu w\u00e4hlen. Wie ihr das macht, erfahrt ihr in unserem Briefwahl-FAQ.<\/h4>\n\n<div class=\"sp-wrap sp-wrap-default\">\n<div class=\"sp-head\" title=\"Erweitern\">\nWas ist eine Briefwahl\n<\/div>\n<div class=\"sp-body folded\">\n<\/p>\n<p>Die Briefwahl stellt eine Alternative zur Wahl im Wahllokal dar. Durch die Briefwahl kann bereits vor dem offiziellen Wahltermin gew\u00e4hlt und der Stimmzettel postalisch eingeschickt werden. Die Landtagswahl in Sachsen findet dieses Jahr am 01. September, mitten in der Vorlesungsfreien Zeit statt. Wenn du z.B. am Wahltermin im Urlaub bist, lohnt es sich deswegen eine Briefwahl zu machen.<\/p>\n<p>\n<div class=\"spdiv\">[Einklappen]<\/div>\n<\/div>\n<\/div>\n\n\n<div class=\"sp-wrap sp-wrap-default\">\n<div class=\"sp-head\" title=\"Erweitern\">\nAb wann kann ich eine Briefwahl beantragen?\n<\/div>\n<div class=\"sp-body folded\">\n<\/p>\n<p>Deine Briefwahl kannst du an vielen Orten jetzt schon online oder per Fax beantragen! Sp\u00e4testens drei Wochen vor dem Wahltermin (in der Regel fr\u00fcher), werden zudem die Wahlbenachrichtigungen versendet. Zusammen mit der Wahlbenachrichtigung wird ein Antrag auf Briefwahl versendet. Generell gilt: Je fr\u00fcher die Briefwahl beantragt wird, desto besser.<\/p>\n<p>\n<div class=\"spdiv\">[Einklappen]<\/div>\n<\/div>\n<\/div>\n\n\n<div class=\"sp-wrap sp-wrap-default\">\n<div class=\"sp-head\" title=\"Erweitern\">\nWann muss ich meinen Brief sp\u00e4testens abschicken, um zu w\u00e4hlen?\n<\/div>\n<div class=\"sp-body folded\">\n<\/p>\n<p>Die Breifwahlunterlagen m\u00fcssen bis zum offiziellen Schluss der Wahllokale im Wahlamt ankommen. Beachtet deswegen bitte die Postlaufzeit und schickt eure Unterlagen rechtzeitig (am besten einige Tage vorher) los. Ihr k\u00f6nnt sie allerdings auch selbst im Briefkasten der entsprechenden Wahlbeh\u00f6rde einwerfe, wenn ihr noch vor Ort seid. Der Versand des Wahlbriefes ist <strong>kostenlos<\/strong>.<\/p>\n<p>\n<div class=\"spdiv\">[Einklappen]<\/div>\n<\/div>\n<\/div>\n\n\n<div class=\"sp-wrap sp-wrap-default\">\n<div class=\"sp-head\" title=\"Erweitern\">\nWo muss ich hin, um eine Briefwahl zu beantragen?\n<\/div>\n<div class=\"sp-body folded\">\n<\/p>\n<p>Mit diesem Antrag l\u00e4sst sich die Briefwahl ganz einfach postalisch beantragen, du kannst aber auch in deine Briefwahlstelle gehen. Wenn man die Briefwahl nicht bereits direkt auf dem Amt erledigt, werden die notwendigen Unterlagen dann postalisch zugesendet. Wichtig ist dabei, den Anweisungen des Begleitschreibens zu folgen, damit die Stimme auch g\u00fcltig ist.<\/p>\n<p>Deine Briefwahl kannst du <strong>jetzt <\/strong>schon online zum Beispiel per Mail beantragen. Notwendige Informationen findest du auf den Webseiten deiner Stadt.<\/p>\n<p>\n<div class=\"spdiv\">[Einklappen]<\/div>\n<\/div>\n<\/div>\n\n<h2>Ausgaben des Landtagswahlprophet der KSS<\/h2>\n\n<div class=\"sp-wrap sp-wrap-default\">\n<div class=\"sp-head\" title=\"Erweitern\">\nLandtagswahlprophet 3 vom 12.08.2019\n<\/div>\n<div class=\"sp-body folded\">\n<p><a href=\"https:\/\/cloud.portal.fzs.de\/s\/F8C6czEY8Cj3Z27\"><img loading=\"lazy\" decoding=\"async\" class=\"wp-image-1433 size-full\" src=\"https:\/\/www.kss-sachsen.de\/wp-content\/uploads\/2019\/07\/Landtagswahlprophet-Ausgabe-3.png\" alt=\"Die dritte Ausgabe des Landtagswahlpropheten zum Thema Studentenwerke mit einem Beitrag zu den Berufsakademien Sachsen\" width=\"1754\" height=\"2480\" srcset=\"https:\/\/www.kss-sachsen.de\/wp-content\/uploads\/2019\/07\/Landtagswahlprophet-Ausgabe-3.png 1754w, https:\/\/www.kss-sachsen.de\/wp-content\/uploads\/2019\/07\/Landtagswahlprophet-Ausgabe-3-212x300.png 212w, https:\/\/www.kss-sachsen.de\/wp-content\/uploads\/2019\/07\/Landtagswahlprophet-Ausgabe-3-768x1086.png 768w, https:\/\/www.kss-sachsen.de\/wp-content\/uploads\/2019\/07\/Landtagswahlprophet-Ausgabe-3-724x1024.png 724w, https:\/\/www.kss-sachsen.de\/wp-content\/uploads\/2019\/07\/Landtagswahlprophet-Ausgabe-3-520x735.png 520w, https:\/\/www.kss-sachsen.de\/wp-content\/uploads\/2019\/07\/Landtagswahlprophet-Ausgabe-3-740x1046.png 740w\" sizes=\"(max-width: 1754px) 100vw, 1754px\" \/><\/a>Die\u00a0<a href=\"https:\/\/cloud.portal.fzs.de\/s\/F8C6czEY8Cj3Z27\">dritte\u00a0Ausgabe des Landtagswahlpropheten<\/a> als pdf-Datei.<\/p>\n<p>\n<div class=\"spdiv\">[Einklappen]<\/div>\n<\/div>\n<\/div>\n\n\n<div class=\"sp-wrap sp-wrap-default\">\n<div class=\"sp-head\" title=\"Erweitern\">\nLandtagswahlprophet 2 vom 29.07.2019\n<\/div>\n<div class=\"sp-body folded\">\n<\/p>\n<p><a href=\"https:\/\/cloud.kss-sachsen.de\/s\/4wIrPwkHIVb4VyY\"><img loading=\"lazy\" decoding=\"async\" class=\"size-full wp-image-1430\" src=\"https:\/\/www.kss-sachsen.de\/wp-content\/uploads\/2019\/07\/Landtagswahlprophet-Ausgabe-2_correct.png\" alt=\"Inhalt ein langer Artikel \u00fcber Studiengeb\u00fchren, ein kurzer \u00fcber die Arbeit der KSS, ein R\u00e4tsel und eine Kurzmeldung die auf unsere Wahlpr\u00fcfsteine unter kss-sachsen.de\/wps verweist.\" width=\"1754\" height=\"2480\" srcset=\"https:\/\/www.kss-sachsen.de\/wp-content\/uploads\/2019\/07\/Landtagswahlprophet-Ausgabe-2_correct.png 1754w, https:\/\/www.kss-sachsen.de\/wp-content\/uploads\/2019\/07\/Landtagswahlprophet-Ausgabe-2_correct-212x300.png 212w, https:\/\/www.kss-sachsen.de\/wp-content\/uploads\/2019\/07\/Landtagswahlprophet-Ausgabe-2_correct-768x1086.png 768w, https:\/\/www.kss-sachsen.de\/wp-content\/uploads\/2019\/07\/Landtagswahlprophet-Ausgabe-2_correct-724x1024.png 724w, https:\/\/www.kss-sachsen.de\/wp-content\/uploads\/2019\/07\/Landtagswahlprophet-Ausgabe-2_correct-520x735.png 520w, https:\/\/www.kss-sachsen.de\/wp-content\/uploads\/2019\/07\/Landtagswahlprophet-Ausgabe-2_correct-740x1046.png 740w\" sizes=\"(max-width: 1754px) 100vw, 1754px\" \/><\/a>Die\u00a0<a href=\"https:\/\/cloud.portal.fzs.de\/s\/EJbaAHf43R6dabE\">zweite\u00a0Ausgabe des Landtagswahlpropheten<\/a> als pdf-Datei.<\/p>\n<p>\n<div class=\"spdiv\">[Einklappen]<\/div>\n<\/div>\n<\/div>\n\n\n<div class=\"sp-wrap sp-wrap-default\">\n<div class=\"sp-head\" title=\"Erweitern\">\nLandtagswahlprophet 1 vom 15.07.2019\n<\/div>\n<div class=\"sp-body folded\">\n<\/p>\n<p><a href=\"https:\/\/cloud.kss-sachsen.de\/s\/WbxzNfaqqmdaKyF\"><img loading=\"lazy\" decoding=\"async\" class=\"wp-image-1395 size-full\" src=\"https:\/\/www.kss-sachsen.de\/wp-content\/uploads\/2019\/07\/Wahlkampfzeitung-Ausgabe-1-1.jpg\" alt=\"Eine Zeitung zu den Landtagswahlen\" width=\"2339\" height=\"3308\" srcset=\"https:\/\/www.kss-sachsen.de\/wp-content\/uploads\/2019\/07\/Wahlkampfzeitung-Ausgabe-1-1.jpg 2339w, https:\/\/www.kss-sachsen.de\/wp-content\/uploads\/2019\/07\/Wahlkampfzeitung-Ausgabe-1-1-212x300.jpg 212w, https:\/\/www.kss-sachsen.de\/wp-content\/uploads\/2019\/07\/Wahlkampfzeitung-Ausgabe-1-1-768x1086.jpg 768w, https:\/\/www.kss-sachsen.de\/wp-content\/uploads\/2019\/07\/Wahlkampfzeitung-Ausgabe-1-1-724x1024.jpg 724w, https:\/\/www.kss-sachsen.de\/wp-content\/uploads\/2019\/07\/Wahlkampfzeitung-Ausgabe-1-1-520x735.jpg 520w, https:\/\/www.kss-sachsen.de\/wp-content\/uploads\/2019\/07\/Wahlkampfzeitung-Ausgabe-1-1-740x1047.jpg 740w\" sizes=\"(max-width: 2339px) 100vw, 2339px\" \/><\/a>Die\u00a0<a href=\"https:\/\/cloud.portal.fzs.de\/s\/BZrsM5nrHMtqEte\">erste\u00a0Ausgabe unseres Landtagswahlpropheten<\/a> als pdf-Datei.<\/p>\n<p>\n<div class=\"spdiv\">[Einklappen]<\/div>\n<\/div>\n<\/div>\n\n<h2>Wahlpr\u00fcfsteine der KSS<\/h2>\n<p><a href=\"https:\/\/cloud.kss-sachsen.de\/s\/JHTV6KIfI557vCj\"><img loading=\"lazy\" decoding=\"async\" class=\"aligncenter wp-image-1455 size-full\" src=\"https:\/\/www.kss-sachsen.de\/wp-content\/uploads\/2019\/07\/WPS-3.png\" width=\"2480\" height=\"3543\" srcset=\"https:\/\/www.kss-sachsen.de\/wp-content\/uploads\/2019\/07\/WPS-3.png 2480w, https:\/\/www.kss-sachsen.de\/wp-content\/uploads\/2019\/07\/WPS-3-210x300.png 210w, https:\/\/www.kss-sachsen.de\/wp-content\/uploads\/2019\/07\/WPS-3-768x1097.png 768w, https:\/\/www.kss-sachsen.de\/wp-content\/uploads\/2019\/07\/WPS-3-717x1024.png 717w, https:\/\/www.kss-sachsen.de\/wp-content\/uploads\/2019\/07\/WPS-3-520x743.png 520w, https:\/\/www.kss-sachsen.de\/wp-content\/uploads\/2019\/07\/WPS-3-740x1057.png 740w\" sizes=\"(max-width: 2480px) 100vw, 2480px\" \/><\/a><\/p>\n<p>Die Wahlbeteiligung im Freistaat Sachsen sinkt seit 1990 stetig. Zur Landtagswahl 2014 hat die Beteiligung ihren Tiefstand von 49,1 % erreicht. Diese Entwicklung beurteilen wir als \u00fcberaus besorgniserregend, vor allem da junge Menschen oftmals Nicht-W\u00e4hler*innen sind. Bei den unter 30-J\u00e4hrigen lag die Wahlbeteiligung bei der Landtagswahl 2014 bei nur 30,2 %.<\/p>\n<p>Da Studierende meist junge Menschen sind &#8211; zum \u00fcberwiegenden Anteil von 87,1 % der Altersgruppe unter 30 zuzuordnen &#8211; m\u00f6chten wir gerade die s\u00e4chsischen Studierenden zur Beteiligung an den Wahlen aufrufen, um dieser Entwicklung entgegenzuwirken. Dabei sollen sich gerade junge W\u00e4hler*innen durch unsere Wahlpr\u00fcfsteine orientieren k\u00f6nnen und damit einen ersten \u00dcberblick erhalten, welche Parteien ihren politischen Positionen am n\u00e4chsten steht. Wir haben die Parteien zu verschiedenen hochschulpolitischen Aspekten befragt &#8211; von A wie Altersgrenze bis Z wie Zielvereinbarung.<\/p>\n<p>Aber schaut selbst: in den <a href=\"https:\/\/cloud.portal.fzs.de\/s\/Mj7AYmnaP5qHZL9\">Wahlpr\u00fcfsteinen der KSS<\/a>.<\/p>\n","protected":false},"excerpt":{"rendered":"<p>Am 01. September finden die s\u00e4chsischen Landtagswahlen statt. Zusammen mit der s\u00e4chsischen Landesrektorenkonferenz und den Studentenwerken Chemnitz\/Zwickau, Dresden, Freiberg und Leipzig rufen wir, die Konferenz S\u00e4chsischer Studierendenschaften, alle Studierenden auf w\u00e4hlen zu gehen. Diese Landtagswahl ist enorm wichtig, nicht zuletzt wird sich f\u00fcr die n\u00e4chsten f\u00fcnf Jahre die Entwicklung der s\u00e4chsischen Hochschulen und damit deines Studiums entscheiden. Da der 01.<a class=\"read-more\" href=\"https:\/\/www.kss-sachsen.de\/landtagswahl2019\">Hier weiter lesen&#8230;<\/a><\/p>\n","protected":false},"author":1,"featured_media":0,"parent":3159,"menu_order":0,"comment_status":"closed","ping_status":"closed","template":"","meta":{"footnotes":""},"yoast_head":"<!-- This site is optimized with the Yoast SEO plugin v23.5 - https:\/\/yoast.com\/wordpress\/plugins\/seo\/ -->\n<title>Landtagswahl 2019 - KSS<\/title>\n<meta name=\"robots\" content=\"index, follow, max-snippet:-1, max-image-preview:large, max-video-preview:-1\" \/>\n<link rel=\"canonical\" href=\"https:\/\/www.kss-sachsen.de\/landtagswahl2019\" \/>\n<meta property=\"og:locale\" content=\"de_DE\" \/>\n<meta property=\"og:type\" content=\"article\" \/>\n<meta property=\"og:title\" content=\"Landtagswahl 2019 - KSS\" \/>\n<meta property=\"og:description\" content=\"Am 01. September finden die s\u00e4chsischen Landtagswahlen statt. Zusammen mit der s\u00e4chsischen Landesrektorenkonferenz und den Studentenwerken Chemnitz\/Zwickau, Dresden, Freiberg und Leipzig rufen wir, die Konferenz S\u00e4chsischer Studierendenschaften, alle Studierenden auf w\u00e4hlen zu gehen. Diese Landtagswahl ist enorm wichtig, nicht zuletzt wird sich f\u00fcr die n\u00e4chsten f\u00fcnf Jahre die Entwicklung der s\u00e4chsischen Hochschulen und damit deines Studiums entscheiden. Da der 01.Hier weiter lesen...\" \/>\n<meta property=\"og:url\" content=\"https:\/\/www.kss-sachsen.de\/landtagswahl2019\" \/>\n<meta property=\"og:site_name\" content=\"KSS\" \/>\n<meta property=\"article:modified_time\" content=\"2024-01-14T00:06:47+00:00\" \/>\n<meta property=\"og:image\" content=\"https:\/\/www.kss-sachsen.de\/wp-content\/uploads\/2019\/06\/webheader-wahl.png\" \/>\n<meta name=\"twitter:card\" content=\"summary_large_image\" \/>\n<meta name=\"twitter:label1\" content=\"Gesch\u00e4tzte Lesezeit\" \/>\n\t<meta name=\"twitter:data1\" content=\"3\u00a0Minuten\" \/>\n<script type=\"application\/ld+json\" class=\"yoast-schema-graph\">{\"@context\":\"https:\/\/schema.org\",\"@graph\":[{\"@type\":\"WebPage\",\"@id\":\"https:\/\/www.kss-sachsen.de\/landtagswahl2019\",\"url\":\"https:\/\/www.kss-sachsen.de\/landtagswahl2019\",\"name\":\"Landtagswahl 2019 - KSS\",\"isPartOf\":{\"@id\":\"https:\/\/www.kss-sachsen.de\/#website\"},\"primaryImageOfPage\":{\"@id\":\"https:\/\/www.kss-sachsen.de\/landtagswahl2019#primaryimage\"},\"image\":{\"@id\":\"https:\/\/www.kss-sachsen.de\/landtagswahl2019#primaryimage\"},\"thumbnailUrl\":\"https:\/\/www.kss-sachsen.de\/wp-content\/uploads\/2019\/06\/webheader-wahl.png\",\"datePublished\":\"2019-06-27T10:45:12+00:00\",\"dateModified\":\"2024-01-14T00:06:47+00:00\",\"breadcrumb\":{\"@id\":\"https:\/\/www.kss-sachsen.de\/landtagswahl2019#breadcrumb\"},\"inLanguage\":\"de\",\"potentialAction\":[{\"@type\":\"ReadAction\",\"target\":[\"https:\/\/www.kss-sachsen.de\/landtagswahl2019\"]}]},{\"@type\":\"ImageObject\",\"inLanguage\":\"de\",\"@id\":\"https:\/\/www.kss-sachsen.de\/landtagswahl2019#primaryimage\",\"url\":\"https:\/\/www.kss-sachsen.de\/wp-content\/uploads\/2019\/06\/webheader-wahl.png\",\"contentUrl\":\"https:\/\/www.kss-sachsen.de\/wp-content\/uploads\/2019\/06\/webheader-wahl.png\",\"width\":1637,\"height\":544,\"caption\":\"Erst zur Briefwahl, dann ans Meer\"},{\"@type\":\"BreadcrumbList\",\"@id\":\"https:\/\/www.kss-sachsen.de\/landtagswahl2019#breadcrumb\",\"itemListElement\":[{\"@type\":\"ListItem\",\"position\":1,\"name\":\"Home\",\"item\":\"https:\/\/www.kss-sachsen.de\/\"},{\"@type\":\"ListItem\",\"position\":2,\"name\":\"Themen\",\"item\":\"https:\/\/www.kss-sachsen.de\/themen\"},{\"@type\":\"ListItem\",\"position\":3,\"name\":\"Archiv\",\"item\":\"https:\/\/www.kss-sachsen.de\/themen_archiv\"},{\"@type\":\"ListItem\",\"position\":4,\"name\":\"Landtagswahl 2019\"}]},{\"@type\":\"WebSite\",\"@id\":\"https:\/\/www.kss-sachsen.de\/#website\",\"url\":\"https:\/\/www.kss-sachsen.de\/\",\"name\":\"Konferenz S\u00e4chsischer Studierendenschaften\",\"description\":\"Konferenz S\u00e4chsischer Studierendenschaften\",\"publisher\":{\"@id\":\"https:\/\/www.kss-sachsen.de\/#organization\"},\"potentialAction\":[{\"@type\":\"SearchAction\",\"target\":{\"@type\":\"EntryPoint\",\"urlTemplate\":\"https:\/\/www.kss-sachsen.de\/?s={search_term_string}\"},\"query-input\":{\"@type\":\"PropertyValueSpecification\",\"valueRequired\":true,\"valueName\":\"search_term_string\"}}],\"inLanguage\":\"de\"},{\"@type\":\"Organization\",\"@id\":\"https:\/\/www.kss-sachsen.de\/#organization\",\"name\":\"Konferenz S\u00e4chsischer Studierendenschaften\",\"url\":\"https:\/\/www.kss-sachsen.de\/\",\"logo\":{\"@type\":\"ImageObject\",\"inLanguage\":\"de\",\"@id\":\"https:\/\/www.kss-sachsen.de\/#\/schema\/logo\/image\/\",\"url\":\"https:\/\/www.kss-sachsen.de\/wp-content\/uploads\/2023\/02\/Logo-KSS.png\",\"contentUrl\":\"https:\/\/www.kss-sachsen.de\/wp-content\/uploads\/2023\/02\/Logo-KSS.png\",\"width\":2239,\"height\":1528,\"caption\":\"Konferenz S\u00e4chsischer Studierendenschaften\"},\"image\":{\"@id\":\"https:\/\/www.kss-sachsen.de\/#\/schema\/logo\/image\/\"},\"sameAs\":[\"https:\/\/www.instagram.com\/kss_sachsen\/\"]}]}<\/script>\n<!-- \/ Yoast SEO plugin. -->","yoast_head_json":{"title":"Landtagswahl 2019 - KSS","robots":{"index":"index","follow":"follow","max-snippet":"max-snippet:-1","max-image-preview":"max-image-preview:large","max-video-preview":"max-video-preview:-1"},"canonical":"https:\/\/www.kss-sachsen.de\/landtagswahl2019","og_locale":"de_DE","og_type":"article","og_title":"Landtagswahl 2019 - KSS","og_description":"Am 01. September finden die s\u00e4chsischen Landtagswahlen statt. Zusammen mit der s\u00e4chsischen Landesrektorenkonferenz und den Studentenwerken Chemnitz\/Zwickau, Dresden, Freiberg und Leipzig rufen wir, die Konferenz S\u00e4chsischer Studierendenschaften, alle Studierenden auf w\u00e4hlen zu gehen. Diese Landtagswahl ist enorm wichtig, nicht zuletzt wird sich f\u00fcr die n\u00e4chsten f\u00fcnf Jahre die Entwicklung der s\u00e4chsischen Hochschulen und damit deines Studiums entscheiden. Da der 01.Hier weiter lesen...","og_url":"https:\/\/www.kss-sachsen.de\/landtagswahl2019","og_site_name":"KSS","article_modified_time":"2024-01-14T00:06:47+00:00","og_image":[{"url":"https:\/\/www.kss-sachsen.de\/wp-content\/uploads\/2019\/06\/webheader-wahl.png"}],"twitter_card":"summary_large_image","twitter_misc":{"Gesch\u00e4tzte Lesezeit":"3\u00a0Minuten"},"schema":{"@context":"https:\/\/schema.org","@graph":[{"@type":"WebPage","@id":"https:\/\/www.kss-sachsen.de\/landtagswahl2019","url":"https:\/\/www.kss-sachsen.de\/landtagswahl2019","name":"Landtagswahl 2019 - KSS","isPartOf":{"@id":"https:\/\/www.kss-sachsen.de\/#website"},"primaryImageOfPage":{"@id":"https:\/\/www.kss-sachsen.de\/landtagswahl2019#primaryimage"},"image":{"@id":"https:\/\/www.kss-sachsen.de\/landtagswahl2019#primaryimage"},"thumbnailUrl":"https:\/\/www.kss-sachsen.de\/wp-content\/uploads\/2019\/06\/webheader-wahl.png","datePublished":"2019-06-27T10:45:12+00:00","dateModified":"2024-01-14T00:06:47+00:00","breadcrumb":{"@id":"https:\/\/www.kss-sachsen.de\/landtagswahl2019#breadcrumb"},"inLanguage":"de","potentialAction":[{"@type":"ReadAction","target":["https:\/\/www.kss-sachsen.de\/landtagswahl2019"]}]},{"@type":"ImageObject","inLanguage":"de","@id":"https:\/\/www.kss-sachsen.de\/landtagswahl2019#primaryimage","url":"https:\/\/www.kss-sachsen.de\/wp-content\/uploads\/2019\/06\/webheader-wahl.png","contentUrl":"https:\/\/www.kss-sachsen.de\/wp-content\/uploads\/2019\/06\/webheader-wahl.png","width":1637,"height":544,"caption":"Erst zur Briefwahl, dann ans Meer"},{"@type":"BreadcrumbList","@id":"https:\/\/www.kss-sachsen.de\/landtagswahl2019#breadcrumb","itemListElement":[{"@type":"ListItem","position":1,"name":"Home","item":"https:\/\/www.kss-sachsen.de\/"},{"@type":"ListItem","position":2,"name":"Themen","item":"https:\/\/www.kss-sachsen.de\/themen"},{"@type":"ListItem","position":3,"name":"Archiv","item":"https:\/\/www.kss-sachsen.de\/themen_archiv"},{"@type":"ListItem","position":4,"name":"Landtagswahl 2019"}]},{"@type":"WebSite","@id":"https:\/\/www.kss-sachsen.de\/#website","url":"https:\/\/www.kss-sachsen.de\/","name":"Konferenz S\u00e4chsischer Studierendenschaften","description":"Konferenz S\u00e4chsischer Studierendenschaften","publisher":{"@id":"https:\/\/www.kss-sachsen.de\/#organization"},"potentialAction":[{"@type":"SearchAction","target":{"@type":"EntryPoint","urlTemplate":"https:\/\/www.kss-sachsen.de\/?s={search_term_string}"},"query-input":{"@type":"PropertyValueSpecification","valueRequired":true,"valueName":"search_term_string"}}],"inLanguage":"de"},{"@type":"Organization","@id":"https:\/\/www.kss-sachsen.de\/#organization","name":"Konferenz S\u00e4chsischer Studierendenschaften","url":"https:\/\/www.kss-sachsen.de\/","logo":{"@type":"ImageObject","inLanguage":"de","@id":"https:\/\/www.kss-sachsen.de\/#\/schema\/logo\/image\/","url":"https:\/\/www.kss-sachsen.de\/wp-content\/uploads\/2023\/02\/Logo-KSS.png","contentUrl":"https:\/\/www.kss-sachsen.de\/wp-content\/uploads\/2023\/02\/Logo-KSS.png","width":2239,"height":1528,"caption":"Konferenz S\u00e4chsischer Studierendenschaften"},"image":{"@id":"https:\/\/www.kss-sachsen.de\/#\/schema\/logo\/image\/"},"sameAs":["https:\/\/www.instagram.com\/kss_sachsen\/"]}]}},"_links":{"self":[{"href":"https:\/\/www.kss-sachsen.de\/index.php?rest_route=\/wp\/v2\/pages\/1372"}],"collection":[{"href":"https:\/\/www.kss-sachsen.de\/index.php?rest_route=\/wp\/v2\/pages"}],"about":[{"href":"https:\/\/www.kss-sachsen.de\/index.php?rest_route=\/wp\/v2\/types\/page"}],"author":[{"embeddable":true,"href":"https:\/\/www.kss-sachsen.de\/index.php?rest_route=\/wp\/v2\/users\/1"}],"replies":[{"embeddable":true,"href":"https:\/\/www.kss-sachsen.de\/index.php?rest_route=%2Fwp%2Fv2%2Fcomments&post=1372"}],"version-history":[{"count":17,"href":"https:\/\/www.kss-sachsen.de\/index.php?rest_route=\/wp\/v2\/pages\/1372\/revisions"}],"predecessor-version":[{"id":3874,"href":"https:\/\/www.kss-sachsen.de\/index.php?rest_route=\/wp\/v2\/pages\/1372\/revisions\/3874"}],"up":[{"embeddable":true,"href":"https:\/\/www.kss-sachsen.de\/index.php?rest_route=\/wp\/v2\/pages\/3159"}],"wp:attachment":[{"href":"https:\/\/www.kss-sachsen.de\/index.php?rest_route=%2Fwp%2Fv2%2Fmedia&parent=1372"}],"curies":[{"name":"wp","href":"https:\/\/api.w.org\/{rel}","templated":true}]}}