{"id":1409,"date":"2019-07-27T16:18:26","date_gmt":"2019-07-27T14:18:26","guid":{"rendered":"https:\/\/www.kss-sachsen.de\/?page_id=1409"},"modified":"2024-01-11T19:13:17","modified_gmt":"2024-01-11T18:13:17","slug":"sachsische-landtagswahl-2019-2","status":"publish","type":"page","link":"https:\/\/www.kss-sachsen.de\/corona","title":{"rendered":"Coronavirus-Pandemie 2020\/21"},"content":{"rendered":"<p>Seit M\u00e4rz 2020 befinden wir uns in einer noch nie dagewesenen weltweiten Pandemie, die alle Lebensbereiche betrifft und zu Einschr\u00e4nkungen des t\u00e4glichen Lebens f\u00fchrt. Dabei macht sie nat\u00fcrlich auch nicht vor den Hochschulen und Studierenden halt. Finanzierungsprobleme als Folge von Nebenjobverlust, schlechter Zugang zur nun digitalisierten Lehre, generelle Probleme beim Lernen oder mit der psychischen Gesundheit. Mit diesen und noch viel mehr Herausforderungen sehen sich die Studierenden zurzeit und schon seit einem guten dreiviertel Jahr konfrontiert.<\/p>\n<p>Als KSS k\u00e4mpfen wir schon seit M\u00e4rz auf allen Ebenen darum die Bedingungen der Studierenden zu verbessern. Sowohl bundesweit, um gemeinsam mit den anderen Studierendenvertretungen f\u00fcr bessere finanzielle Hilfen zu streiten, als auch landesweit oder unterst\u00fctzend f\u00fcr die lokalen Studierendenr\u00e4te, um auf umfassende Ausgleiche der Pandemie im Studium hinzuwirken.<\/p>\n<p>Regelm\u00e4\u00dfige und aktuelle Informationen findet ihr auf unserem <a href=\"https:\/\/t.me\/s\/CoronaStudiumSachsen\/\">Telegram-Channel<\/a>, der auch ohne App einfach online abzurufen ist. Weiterhin versuchen wir auf den verschiedenen Unterseiten dieses Reiters themenbezogen einzelne Entwicklungen an den Hochschulen w\u00e4hrend der Pandemie darzustellen. Dort haben wir z.B. unsere Forderungen im B\u00fcndnis Solidarsemester, \u00dcbersichten zu den unterschiedlichen Regelungen der s\u00e4chsischen Hochschulen in bestimmten Bereichen oder auch den Prozess und die Auswirkungen der neuen gesetzlichen Regelung in Sachsen zusammengetragen. Au\u00dferdem gibt es unter dem Reiter Aktuelles und Pressemitteilungen alle unsere \u00f6ffentlichen Statements und Forderungen auch zu den Auswirkungen der Corona-Pandemie.<\/p>\n<p>Die aktuellsten Informationen spezifisch f\u00fcr einzelne Hochschulen lassen sich auf den entsprechenden Seiten der Hochschulen finden, die wir hier zusammengetragen haben:<\/p>\n<ul>\n<li><a href=\"https:\/\/tu-dresden.de\/tu-dresden\/gesundheitsmanagement\/information-regarding-covid-19-coronavirus-sars-cov-2\">TU Dresden<\/a><\/li>\n<li><a href=\"https:\/\/www.uni-leipzig.de\/universitaet\/service\/informationen-zum-coronavirus\/\">Universit\u00e4t Leipzig<\/a><\/li>\n<li><a href=\"https:\/\/www.tu-chemnitz.de\/verwaltung\/bfau\/faq-corona.php\">TU Chemnitz<\/a><\/li>\n<li><a href=\"https:\/\/tu-freiberg.de\/corona\">TU BA Freiberg<\/a><\/li>\n<li><a href=\"https:\/\/www.htwk-leipzig.de\/hochschule\/aktuelles\/coronavirus\/\">HTWK Leipzig<\/a><\/li>\n<li><a href=\"https:\/\/www.htw-dresden.de\/hochschule\/aktuelles\/coronavirus\">HTW Dresden<\/a><\/li>\n<li><a href=\"https:\/\/www.hs-mittweida.de\/hochschule\/aktuelle-informationen-zum-coronavirus.html\">HS Mittweida<\/a><\/li>\n<li><a href=\"https:\/\/www.hszg.de\/news\/aktuelle-informationen-zum-coronavirus.html\">HS Zittau\/G\u00f6rlitz<\/a><\/li>\n<li><a href=\"https:\/\/www.fh-zwickau.de\/hochschule\/informationen\/massnahmen-corona-infektionen\/\">WHS Zwickau<\/a><\/li>\n<li><a href=\"https:\/\/www.hfbk-dresden.de\/aktuelles\/details\/corona-ticker-faqs\/\">HfBK Dresden<\/a><\/li>\n<li><a href=\"https:\/\/www.hfmdd.de\/aktuelles\/faq\/\">HfM Dresden<\/a><\/li>\n<li><a href=\"https:\/\/www.hmt-leipzig.de\/home\/hochschule\/service\">HMT Leipzig<\/a><\/li>\n<li><a href=\"https:\/\/www.hgb-leipzig.de\/hochschule\/news\/news\/96\">HGB Leipzig<\/a><\/li>\n<\/ul>\n<p>Falls ihr Probleme, Anmerkungen oder Anregungen f\u00fcr uns habt, schreibt einfach an kontakt@kss-sachsen.de.<\/p>\n","protected":false},"excerpt":{"rendered":"<p>Seit M\u00e4rz 2020 befinden wir uns in einer noch nie dagewesenen weltweiten Pandemie, die alle Lebensbereiche betrifft und zu Einschr\u00e4nkungen des t\u00e4glichen Lebens f\u00fchrt. Dabei macht sie nat\u00fcrlich auch nicht vor den Hochschulen und Studierenden halt. Finanzierungsprobleme als Folge von Nebenjobverlust, schlechter Zugang zur nun digitalisierten Lehre, generelle Probleme beim Lernen oder mit der psychischen Gesundheit. Mit diesen und noch<a class=\"read-more\" href=\"https:\/\/www.kss-sachsen.de\/corona\">Hier weiter lesen&#8230;<\/a><\/p>\n","protected":false},"author":1,"featured_media":1547,"parent":3159,"menu_order":0,"comment_status":"closed","ping_status":"closed","template":"","meta":{"footnotes":""},"yoast_head":"<!-- This site is optimized with the Yoast SEO plugin v23.5 - https:\/\/yoast.com\/wordpress\/plugins\/seo\/ -->\n<title>Coronavirus-Pandemie 2020\/21 - KSS<\/title>\n<meta name=\"robots\" content=\"index, follow, max-snippet:-1, max-image-preview:large, max-video-preview:-1\" \/>\n<link rel=\"canonical\" href=\"https:\/\/www.kss-sachsen.de\/corona\" \/>\n<meta property=\"og:locale\" content=\"de_DE\" \/>\n<meta property=\"og:type\" content=\"article\" \/>\n<meta property=\"og:title\" content=\"Coronavirus-Pandemie 2020\/21 - KSS\" \/>\n<meta property=\"og:description\" content=\"Seit M\u00e4rz 2020 befinden wir uns in einer noch nie dagewesenen weltweiten Pandemie, die alle Lebensbereiche betrifft und zu Einschr\u00e4nkungen des t\u00e4glichen Lebens f\u00fchrt. Dabei macht sie nat\u00fcrlich auch nicht vor den Hochschulen und Studierenden halt. Finanzierungsprobleme als Folge von Nebenjobverlust, schlechter Zugang zur nun digitalisierten Lehre, generelle Probleme beim Lernen oder mit der psychischen Gesundheit. Mit diesen und nochHier weiter lesen...\" \/>\n<meta property=\"og:url\" content=\"https:\/\/www.kss-sachsen.de\/corona\" \/>\n<meta property=\"og:site_name\" content=\"KSS\" \/>\n<meta property=\"article:modified_time\" content=\"2024-01-11T18:13:17+00:00\" \/>\n<meta property=\"og:image\" content=\"https:\/\/www.kss-sachsen.de\/wp-content\/uploads\/2019\/07\/image4144.png\" \/>\n\t<meta property=\"og:image:width\" content=\"1238\" \/>\n\t<meta property=\"og:image:height\" content=\"826\" \/>\n\t<meta property=\"og:image:type\" content=\"image\/png\" \/>\n<meta name=\"twitter:card\" content=\"summary_large_image\" \/>\n<meta name=\"twitter:label1\" content=\"Gesch\u00e4tzte Lesezeit\" \/>\n\t<meta name=\"twitter:data1\" content=\"2\u00a0Minuten\" \/>\n<script type=\"application\/ld+json\" class=\"yoast-schema-graph\">{\"@context\":\"https:\/\/schema.org\",\"@graph\":[{\"@type\":\"WebPage\",\"@id\":\"https:\/\/www.kss-sachsen.de\/corona\",\"url\":\"https:\/\/www.kss-sachsen.de\/corona\",\"name\":\"Coronavirus-Pandemie 2020\/21 - KSS\",\"isPartOf\":{\"@id\":\"https:\/\/www.kss-sachsen.de\/#website\"},\"primaryImageOfPage\":{\"@id\":\"https:\/\/www.kss-sachsen.de\/corona#primaryimage\"},\"image\":{\"@id\":\"https:\/\/www.kss-sachsen.de\/corona#primaryimage\"},\"thumbnailUrl\":\"https:\/\/www.kss-sachsen.de\/wp-content\/uploads\/2019\/07\/image4144.png\",\"datePublished\":\"2019-07-27T14:18:26+00:00\",\"dateModified\":\"2024-01-11T18:13:17+00:00\",\"breadcrumb\":{\"@id\":\"https:\/\/www.kss-sachsen.de\/corona#breadcrumb\"},\"inLanguage\":\"de\",\"potentialAction\":[{\"@type\":\"ReadAction\",\"target\":[\"https:\/\/www.kss-sachsen.de\/corona\"]}]},{\"@type\":\"ImageObject\",\"inLanguage\":\"de\",\"@id\":\"https:\/\/www.kss-sachsen.de\/corona#primaryimage\",\"url\":\"https:\/\/www.kss-sachsen.de\/wp-content\/uploads\/2019\/07\/image4144.png\",\"contentUrl\":\"https:\/\/www.kss-sachsen.de\/wp-content\/uploads\/2019\/07\/image4144.png\",\"width\":1238,\"height\":826,\"caption\":\"Zwei H\u00e4nde die sich mit desinfektionsmittel reinigen.\"},{\"@type\":\"BreadcrumbList\",\"@id\":\"https:\/\/www.kss-sachsen.de\/corona#breadcrumb\",\"itemListElement\":[{\"@type\":\"ListItem\",\"position\":1,\"name\":\"Home\",\"item\":\"https:\/\/www.kss-sachsen.de\/\"},{\"@type\":\"ListItem\",\"position\":2,\"name\":\"Themen\",\"item\":\"https:\/\/www.kss-sachsen.de\/themen\"},{\"@type\":\"ListItem\",\"position\":3,\"name\":\"Archiv\",\"item\":\"https:\/\/www.kss-sachsen.de\/themen_archiv\"},{\"@type\":\"ListItem\",\"position\":4,\"name\":\"Coronavirus-Pandemie 2020\/21\"}]},{\"@type\":\"WebSite\",\"@id\":\"https:\/\/www.kss-sachsen.de\/#website\",\"url\":\"https:\/\/www.kss-sachsen.de\/\",\"name\":\"Konferenz S\u00e4chsischer Studierendenschaften\",\"description\":\"Konferenz S\u00e4chsischer Studierendenschaften\",\"publisher\":{\"@id\":\"https:\/\/www.kss-sachsen.de\/#organization\"},\"potentialAction\":[{\"@type\":\"SearchAction\",\"target\":{\"@type\":\"EntryPoint\",\"urlTemplate\":\"https:\/\/www.kss-sachsen.de\/?s={search_term_string}\"},\"query-input\":{\"@type\":\"PropertyValueSpecification\",\"valueRequired\":true,\"valueName\":\"search_term_string\"}}],\"inLanguage\":\"de\"},{\"@type\":\"Organization\",\"@id\":\"https:\/\/www.kss-sachsen.de\/#organization\",\"name\":\"Konferenz S\u00e4chsischer Studierendenschaften\",\"url\":\"https:\/\/www.kss-sachsen.de\/\",\"logo\":{\"@type\":\"ImageObject\",\"inLanguage\":\"de\",\"@id\":\"https:\/\/www.kss-sachsen.de\/#\/schema\/logo\/image\/\",\"url\":\"https:\/\/www.kss-sachsen.de\/wp-content\/uploads\/2023\/02\/Logo-KSS.png\",\"contentUrl\":\"https:\/\/www.kss-sachsen.de\/wp-content\/uploads\/2023\/02\/Logo-KSS.png\",\"width\":2239,\"height\":1528,\"caption\":\"Konferenz S\u00e4chsischer Studierendenschaften\"},\"image\":{\"@id\":\"https:\/\/www.kss-sachsen.de\/#\/schema\/logo\/image\/\"},\"sameAs\":[\"https:\/\/www.instagram.com\/kss_sachsen\/\"]}]}<\/script>\n<!-- \/ Yoast SEO plugin. -->","yoast_head_json":{"title":"Coronavirus-Pandemie 2020\/21 - KSS","robots":{"index":"index","follow":"follow","max-snippet":"max-snippet:-1","max-image-preview":"max-image-preview:large","max-video-preview":"max-video-preview:-1"},"canonical":"https:\/\/www.kss-sachsen.de\/corona","og_locale":"de_DE","og_type":"article","og_title":"Coronavirus-Pandemie 2020\/21 - KSS","og_description":"Seit M\u00e4rz 2020 befinden wir uns in einer noch nie dagewesenen weltweiten Pandemie, die alle Lebensbereiche betrifft und zu Einschr\u00e4nkungen des t\u00e4glichen Lebens f\u00fchrt. Dabei macht sie nat\u00fcrlich auch nicht vor den Hochschulen und Studierenden halt. Finanzierungsprobleme als Folge von Nebenjobverlust, schlechter Zugang zur nun digitalisierten Lehre, generelle Probleme beim Lernen oder mit der psychischen Gesundheit. Mit diesen und nochHier weiter lesen...","og_url":"https:\/\/www.kss-sachsen.de\/corona","og_site_name":"KSS","article_modified_time":"2024-01-11T18:13:17+00:00","og_image":[{"width":1238,"height":826,"url":"https:\/\/www.kss-sachsen.de\/wp-content\/uploads\/2019\/07\/image4144.png","type":"image\/png"}],"twitter_card":"summary_large_image","twitter_misc":{"Gesch\u00e4tzte Lesezeit":"2\u00a0Minuten"},"schema":{"@context":"https:\/\/schema.org","@graph":[{"@type":"WebPage","@id":"https:\/\/www.kss-sachsen.de\/corona","url":"https:\/\/www.kss-sachsen.de\/corona","name":"Coronavirus-Pandemie 2020\/21 - KSS","isPartOf":{"@id":"https:\/\/www.kss-sachsen.de\/#website"},"primaryImageOfPage":{"@id":"https:\/\/www.kss-sachsen.de\/corona#primaryimage"},"image":{"@id":"https:\/\/www.kss-sachsen.de\/corona#primaryimage"},"thumbnailUrl":"https:\/\/www.kss-sachsen.de\/wp-content\/uploads\/2019\/07\/image4144.png","datePublished":"2019-07-27T14:18:26+00:00","dateModified":"2024-01-11T18:13:17+00:00","breadcrumb":{"@id":"https:\/\/www.kss-sachsen.de\/corona#breadcrumb"},"inLanguage":"de","potentialAction":[{"@type":"ReadAction","target":["https:\/\/www.kss-sachsen.de\/corona"]}]},{"@type":"ImageObject","inLanguage":"de","@id":"https:\/\/www.kss-sachsen.de\/corona#primaryimage","url":"https:\/\/www.kss-sachsen.de\/wp-content\/uploads\/2019\/07\/image4144.png","contentUrl":"https:\/\/www.kss-sachsen.de\/wp-content\/uploads\/2019\/07\/image4144.png","width":1238,"height":826,"caption":"Zwei H\u00e4nde die sich mit desinfektionsmittel reinigen."},{"@type":"BreadcrumbList","@id":"https:\/\/www.kss-sachsen.de\/corona#breadcrumb","itemListElement":[{"@type":"ListItem","position":1,"name":"Home","item":"https:\/\/www.kss-sachsen.de\/"},{"@type":"ListItem","position":2,"name":"Themen","item":"https:\/\/www.kss-sachsen.de\/themen"},{"@type":"ListItem","position":3,"name":"Archiv","item":"https:\/\/www.kss-sachsen.de\/themen_archiv"},{"@type":"ListItem","position":4,"name":"Coronavirus-Pandemie 2020\/21"}]},{"@type":"WebSite","@id":"https:\/\/www.kss-sachsen.de\/#website","url":"https:\/\/www.kss-sachsen.de\/","name":"Konferenz S\u00e4chsischer Studierendenschaften","description":"Konferenz S\u00e4chsischer Studierendenschaften","publisher":{"@id":"https:\/\/www.kss-sachsen.de\/#organization"},"potentialAction":[{"@type":"SearchAction","target":{"@type":"EntryPoint","urlTemplate":"https:\/\/www.kss-sachsen.de\/?s={search_term_string}"},"query-input":{"@type":"PropertyValueSpecification","valueRequired":true,"valueName":"search_term_string"}}],"inLanguage":"de"},{"@type":"Organization","@id":"https:\/\/www.kss-sachsen.de\/#organization","name":"Konferenz S\u00e4chsischer Studierendenschaften","url":"https:\/\/www.kss-sachsen.de\/","logo":{"@type":"ImageObject","inLanguage":"de","@id":"https:\/\/www.kss-sachsen.de\/#\/schema\/logo\/image\/","url":"https:\/\/www.kss-sachsen.de\/wp-content\/uploads\/2023\/02\/Logo-KSS.png","contentUrl":"https:\/\/www.kss-sachsen.de\/wp-content\/uploads\/2023\/02\/Logo-KSS.png","width":2239,"height":1528,"caption":"Konferenz S\u00e4chsischer Studierendenschaften"},"image":{"@id":"https:\/\/www.kss-sachsen.de\/#\/schema\/logo\/image\/"},"sameAs":["https:\/\/www.instagram.com\/kss_sachsen\/"]}]}},"_links":{"self":[{"href":"https:\/\/www.kss-sachsen.de\/index.php?rest_route=\/wp\/v2\/pages\/1409"}],"collection":[{"href":"https:\/\/www.kss-sachsen.de\/index.php?rest_route=\/wp\/v2\/pages"}],"about":[{"href":"https:\/\/www.kss-sachsen.de\/index.php?rest_route=\/wp\/v2\/types\/page"}],"author":[{"embeddable":true,"href":"https:\/\/www.kss-sachsen.de\/index.php?rest_route=\/wp\/v2\/users\/1"}],"replies":[{"embeddable":true,"href":"https:\/\/www.kss-sachsen.de\/index.php?rest_route=%2Fwp%2Fv2%2Fcomments&post=1409"}],"version-history":[{"count":26,"href":"https:\/\/www.kss-sachsen.de\/index.php?rest_route=\/wp\/v2\/pages\/1409\/revisions"}],"predecessor-version":[{"id":1412,"href":"https:\/\/www.kss-sachsen.de\/index.php?rest_route=\/wp\/v2\/pages\/1409\/revisions\/1412"}],"up":[{"embeddable":true,"href":"https:\/\/www.kss-sachsen.de\/index.php?rest_route=\/wp\/v2\/pages\/3159"}],"wp:featuredmedia":[{"embeddable":true,"href":"https:\/\/www.kss-sachsen.de\/index.php?rest_route=\/wp\/v2\/media\/1547"}],"wp:attachment":[{"href":"https:\/\/www.kss-sachsen.de\/index.php?rest_route=%2Fwp%2Fv2%2Fmedia&parent=1409"}],"curies":[{"name":"wp","href":"https:\/\/api.w.org\/{rel}","templated":true}]}}