{"id":1968,"date":"2020-10-26T12:25:49","date_gmt":"2020-10-26T11:25:49","guid":{"rendered":"https:\/\/www.kss-sachsen.de\/?page_id=1968"},"modified":"2024-01-14T00:54:01","modified_gmt":"2024-01-13T23:54:01","slug":"doppelhaushalt-2122","status":"publish","type":"page","link":"https:\/\/www.kss-sachsen.de\/doppelhaushalt","title":{"rendered":"Doppelhaushalt 2021\/22"},"content":{"rendered":"<p>Momentan stehen die Haushaltsverhandlungen zum kommenden Doppelhaushalt 2021\/2022 an. Aufgrund der Pandemie hatte der Freistaat weniger Einnahmen als in den vergangenen Jahren, wodurch die Verteilung der Mittel ein harter Kampf zwischen den verschiedenen Ressorts werden wird. Wir haben gemeinsam mit der GEW Sachsen einen Forderungskatalog erstellt, in dem deutlich wird dass die Finanzierung der Hochschulen und Studierendenwerke essenziell f\u00fcr die Sicherung des Bildungsstandorts Sachsen ist:<\/p>\n<h3 id=\"magicdomid2\" class=\"ace-line\"><span class=\"author-a-z71zz88zkz68zz83zo69z82ze7hz65z2q4 b\">Gemeinsame Forderungen <\/span><span class=\"author-a-z86zpfz89zoz89z3jz77zz89zz75z9lz69zz86zo b\">von<\/span><span class=\"author-a-z71zz88zkz68zz83zo69z82ze7hz65z2q4 b\"> GEW<\/span><span class=\"author-a-z86zpfz89zoz89z3jz77zz89zz75z9lz69zz86zo b\"> Sachsen<\/span><span class=\"author-a-z71zz88zkz68zz83zo69z82ze7hz65z2q4 b\"> und KSS f\u00fcr einen Doppelhaushalt 2021\/22 unter Einfluss der Corona-Pandemie<br \/>\n<\/span><\/h3>\n<p class=\"ace-line\">2020 hat Corona die wirtschaftliche Lage des Freistaates stark beeinflusst und so auch nach den letzten Steuersch\u00e4tzungen im September ein Loch in den s\u00e4chsischen Haushalt gebrannt.<\/p>\n<p class=\"ace-line\"><span class=\"author-a-z71zz88zkz68zz83zo69z82ze7hz65z2q4\">Die Konferenz S\u00e4chsischer Studierendenschaften (KSS) und die Gewerkschaft Erziehung und Wissenschaft (GEW) <\/span><span class=\"author-a-z86zpfz89zoz89z3jz77zz89zz75z9lz69zz86zo\">Sachsen <\/span><span class=\"author-a-z71zz88zkz68zz83zo69z82ze7hz65z2q4\">sind sich einig, dass das nicht <\/span><span class=\"author-a-z86zpfz89zoz89z3jz77zz89zz75z9lz69zz86zo\">zu<\/span><span class=\"author-a-z71zz88zkz68zz83zo69z82ze7hz65z2q4\"> einer K\u00fcrzung bei der Bildung<\/span><s> <\/s><span class=\"author-a-z86zpfz89zoz89z3jz77zz89zz75z9lz69zz86zo\">und speziell bei<\/span><span class=\"author-a-z71zz88zkz68zz83zo69z82ze7hz65z2q4\"> Hochschulen<\/span><span class=\"author-a-z86zpfz89zoz89z3jz77zz89zz75z9lz69zz86zo\">, Berufsakademie und Studierendenwerken<\/span><span class=\"author-a-z71zz88zkz68zz83zo69z82ze7hz65z2q4\"> f\u00fchren darf. Deswegen fordern wir zun\u00e4chst und \u00fcbergreifend die Abschaffung der Schuldenbremse nach Artikel 95 der S\u00e4chsischen Verfassung, insbesondere die Streichung der Verpflichtung, Kredite sp\u00e4testens innerhalb von acht Jahren zu tilgen. Daran anschlie\u00dfend m\u00fcssen trotz oder gerade wegen der Krise dringend ben\u00f6tigte Investitionen get\u00e4tigt werden<\/span><span class=\"author-a-z86zpfz89zoz89z3jz77zz89zz75z9lz69zz86zo\">.<\/span> <span class=\"author-a-z86zpfz89zoz89z3jz77zz89zz75z9lz69zz86zo\">F<\/span><span class=\"author-a-z71zz88zkz68zz83zo69z82ze7hz65z2q4\">\u00fcr den Hochschulbereich sprechen wir uns f\u00fcr folgende Ma\u00dfnahmen im Doppelhaushalt aus:<\/span><\/p>\n<div id=\"magicdomid6\" class=\"ace-line\">\n<ul class=\"list-bullet1\">\n<li><span class=\"author-a-z71zz88zkz68zz83zo69z82ze7hz65z2q4\">Wie im Koalitionsvertrag vereinbart muss das Grundbudget der Hochschulen <\/span><span class=\"author-a-z86zpfz89zoz89z3jz77zz89zz75z9lz69zz86zo\">ab 2021 <\/span><span class=\"author-a-z71zz88zkz68zz83zo69z82ze7hz65z2q4\">sp\u00fcrbar erh\u00f6ht und dynamisiert werden. Schon vor der Corona<\/span><span class=\"author-a-z86zpfz89zoz89z3jz77zz89zz75z9lz69zz86zo\">&#8211;<\/span><span class=\"author-a-z71zz88zkz68zz83zo69z82ze7hz65z2q4\">Pandemie konnten die Hochschulen nicht alle notwendigen Aufgaben erf\u00fcllen. Mit der Pandemie ergaben sich erhebliche Mehrausgaben z.B. im Bereich der digitalen Lehre oder des Infektionsschutzes, die jedoch seitens des Landes zu gerade einmal 10% ausgeglichen wurden. Diese Mehrausgaben m\u00fcssen nicht nur ausgeglichen und <\/span><span class=\"author-a-z86zpfz89zoz89z3jz77zz89zz75z9lz69zz86zo\">die entsprechenden Mittel <\/span><span class=\"author-a-z71zz88zkz68zz83zo69z82ze7hz65z2q4\">langfristig zur Verf\u00fcgung gestellt werden, sondern die Hochschulen brauchen dar\u00fcber hinaus mehr finanzielle Spielr\u00e4ume, um Daueraufgaben und Forderungen des Landes umzusetzen.<\/span><\/li>\n<\/ul>\n<\/div>\n<div id=\"magicdomid7\" class=\"ace-line\">\n<ul class=\"list-bullet1\">\n<li><span class=\"author-a-z71zz88zkz68zz83zo69z82ze7hz65z2q4\">Der Investitionsstau muss abgebaut werden. Alle s\u00e4chsischen Hochschulstandorte sind mit maroden Lehr- und Forschungsgeb\u00e4uden konfrontiert. Putz, der von der Decke f\u00e4llt, oder nicht trinkbares Leitungswasser sind keine Seltenheit und stellen alles andere als gute Bedingungen f\u00fcr Studierende zu lernen und Lehrende zu lehren dar. Gerade in Zeiten der Krise braucht es Investitionen, um die Wirtschaft anzukurbeln und deswegen w\u00e4re jetzt der richtige Zeitpunkt zu beginnen den massiven Investitionsstau abzubauen.\u00a0<\/span><\/li>\n<\/ul>\n<\/div>\n<div id=\"magicdomid19\" class=\"ace-line\">\n<ul class=\"list-bullet1\">\n<li><span class=\"author-a-z71zz88zkz68zz83zo69z82ze7hz65z2q4\">Ein weiteres Versprechen im Rahmen des Zukunftsvertrags \u201eStudium und Lehre st\u00e4rken\u201c muss eingel\u00f6st werden. Wir fordern die haushaltsrechtliche Absicherung der 800 Dauerstellen sowie weiterer Mittel z.B. f\u00fcr Qualit\u00e4tssicherung, Gleichstellung oder Digitalisierung, einschlie\u00dflich einer angepassten Hochschulentwicklungsplanung, die den Erhalt des derzeitigen Niveaus der Studierendenzahl und eine Erh\u00f6hung der Zahl unbefristeter Besch\u00e4ftigungsverh\u00e4ltnisse vorsieht. Den Zielen des Zukunftsvertrages muss Rechnung getragen und dementsprechend versprochene Ma\u00dfnahmen nun auch <\/span><span class=\"author-a-z86zpfz89zoz89z3jz77zz89zz75z9lz69zz86zo\">mit <\/span><span class=\"author-a-z71zz88zkz68zz83zo69z82ze7hz65z2q4\">de<\/span><span class=\"author-a-z86zpfz89zoz89z3jz77zz89zz75z9lz69zz86zo\">m<\/span><span class=\"author-a-z71zz88zkz68zz83zo69z82ze7hz65z2q4\"> Doppelhaushalt <\/span><span class=\"author-a-z86zpfz89zoz89z3jz77zz89zz75z9lz69zz86zo\">kofinanziert<\/span><span class=\"author-a-z71zz88zkz68zz83zo69z82ze7hz65z2q4\"> werden.<\/span><\/li>\n<\/ul>\n<\/div>\n<div id=\"magicdomid9\" class=\"ace-line\">\n<ul class=\"list-bullet1\">\n<li><span class=\"author-a-z86zpfz89zoz89z3jz77zz89zz75z9lz69zz86zo\">Es ist eine <\/span><span class=\"author-a-z71zz88zkz68zz83zo69z82ze7hz65z2q4\">Erh\u00f6hung<\/span><span class=\"author-a-z86zpfz89zoz89z3jz77zz89zz75z9lz69zz86zo\"> des Anteils der hauptamtlichen Dozentinnen und Dozenten an der Berufsakademie erforde<\/span><span class=\"author-a-z71zz88zkz68zz83zo69z82ze7hz65z2q4\">r<\/span><span class=\"author-a-z86zpfz89zoz89z3jz77zz89zz75z9lz69zz86zo\">lich.<\/span><span class=\"author-a-z71zz88zkz68zz83zo69z82ze7hz65z2q4\">\u00a0<\/span><\/li>\n<\/ul>\n<ul class=\"list-bullet1\">\n<li><span class=\"author-a-z71zz88zkz68zz83zo69z82ze7hz65z2q4\">Au\u00dferdem<\/span><span class=\"author-a-z86zpfz89zoz89z3jz77zz89zz75z9lz69zz86zo\"> m\u00fcssen die Mittel f\u00fcr eine angemessene Verg\u00fctung der Lehrbeauftragten bereit<\/span><span class=\"author-a-z71zz88zkz68zz83zo69z82ze7hz65z2q4\">ge<\/span><span class=\"author-a-z86zpfz89zoz89z3jz77zz89zz75z9lz69zz86zo\">stell<\/span><span class=\"author-a-z71zz88zkz68zz83zo69z82ze7hz65z2q4\">t werden;<\/span><span class=\"author-a-z86zpfz89zoz89z3jz77zz89zz75z9lz69zz86zo\"> wie im Koalitionsvertrag angek\u00fcndigt sind gemeinsam mit den Hochschulen\u00a0 Honorarrichtlinien und Mindeststandards zu vereinbaren.<\/span><\/li>\n<\/ul>\n<\/div>\n<div id=\"magicdomid20\" class=\"ace-line\">\n<ul class=\"list-bullet1\">\n<li><span class=\"author-a-z71zz88zkz68zz83zo69z82ze7hz65z2q4\">Die Finanzierung der Studierendenwerke muss weiter aufgestockt werden. Gerade in der Krise hat sich gezeigt<\/span><span class=\"author-a-z86zpfz89zoz89z3jz77zz89zz75z9lz69zz86zo\">,<\/span><span class=\"author-a-z71zz88zkz68zz83zo69z82ze7hz65z2q4\"> wie essenziell die Studierendenwerke sind. Ohne sie und ihre Notfallfonds h\u00e4tten sich viel mehr Studierende nicht mehr aus ihren finanziellen Notlagen befreien k\u00f6nnen und dadurch ihr Studium abbrechen m\u00fcssen. Auch geringe Mieten oder g\u00fcnstiges Essen tragen zu einer stabilen Finanzierung der Studierenden in wechselhaften Zeiten bei. Au\u00dferdem muss verhindert werden, dass die<\/span><span class=\"author-a-z86zpfz89zoz89z3jz77zz89zz75z9lz69zz86zo\"> im<\/span><span class=\"author-a-z71zz88zkz68zz83zo69z82ze7hz65z2q4\"> S<\/span><span class=\"author-a-z86zpfz89zoz89z3jz77zz89zz75z9lz69zz86zo\">ommers<\/span><span class=\"author-a-z71zz88zkz68zz83zo69z82ze7hz65z2q4\">emester <\/span><span class=\"author-a-z86zpfz89zoz89z3jz77zz89zz75z9lz69zz86zo\">2020 <\/span><span class=\"author-a-z71zz88zkz68zz83zo69z82ze7hz65z2q4\">bereits verlorenen Einnahmen bzw. noch kommenden Einnahmensverluste in der Zukunft auf die Studierenden umgelegt werden m\u00fcssen. Die Studierendenwerke <\/span><span class=\"author-a-z86zpfz89zoz89z3jz77zz89zz75z9lz69zz86zo\">m\u00fcssen <\/span><span class=\"author-a-z71zz88zkz68zz83zo69z82ze7hz65z2q4\">weiter f\u00fcr die finanzielle und soziale <\/span><span class=\"author-a-z86zpfz89zoz89z3jz77zz89zz75z9lz69zz86zo\">Abs<\/span><span class=\"author-a-z71zz88zkz68zz83zo69z82ze7hz65z2q4\">icherung der Studierenden Sorge tragen k\u00f6nnen.<\/span> <span class=\"author-a-z71zz88zkz68zz83zo69z82ze7hz65z2q4\">Insbesondere ist es nicht akzeptabel, dass Studierendenwerke Infrastrukturkosten f\u00fcr die Immobilien der Mensen, welche zu gro\u00dfen Teilen dem Land selbst geh\u00f6ren, vorhalten m\u00fcssen. Hierf\u00fcr muss der Freistaat selbst aufkommen und Geld bereitstellen und es sollte nicht zu Lasten der Studierenden aus T\u00f6pfen der Studierendenwerke verausgabt werden<\/span><span class=\"author-a-z86zpfz89zoz89z3jz77zz89zz75z9lz69zz86zo\"> m\u00fcssen<\/span><span class=\"author-a-z71zz88zkz68zz83zo69z82ze7hz65z2q4\">.<\/span> <span class=\"author-a-z71zz88zkz68zz83zo69z82ze7hz65z2q4\">Es muss Geld zur Verf\u00fcgung gestellt werden, um M\u00f6glichkeiten zu geben soziale Angebote, wie z.B. die psychosoziale Beratung, ausbauen zu k\u00f6nnen. Da die Pandemie noch nicht vorbei ist und Hochschullehre auch im\u00a0 <\/span><span class=\"author-a-z86zpfz89zoz89z3jz77zz89zz75z9lz69zz86zo\">Winters<\/span><span class=\"author-a-z71zz88zkz68zz83zo69z82ze7hz65z2q4\">emester<\/span><span class=\"author-a-z86zpfz89zoz89z3jz77zz89zz75z9lz69zz86zo\"> 2020\/21<\/span><span class=\"author-a-z71zz88zkz68zz83zo69z82ze7hz65z2q4\"> zu gro\u00dfen Teilen digital stattfindet, besteht die Gefahr, dass Studierende zunehmend vereinsamen oder gro\u00dfen psychischen Druck versp\u00fcren. Psychische Krankheiten und Probleme werden zunehmen und die Studierendenwerke brauchen genug Kapazit\u00e4ten, um <\/span><span class=\"author-a-z80zz71zoz67zrxlz73zz88zz74zggvyln\">zeitnah beraten und unterst\u00fctzen zu k\u00f6nnen<\/span><span class=\"author-a-z86zpfz89zoz89z3jz77zz89zz75z9lz69zz86zo\">.<\/span><\/li>\n<\/ul>\n<\/div>\n<div id=\"magicdomid11\" class=\"ace-line\">\n<ul class=\"list-bullet1\">\n<li><span class=\"author-a-z71zz88zkz68zz83zo69z82ze7hz65z2q4\">Es muss mehr Geld f\u00fcr die Digitalisierung der Hochschulen geben. Die Krise hat sich bereits jetzt als ein Motor f\u00fcr die Digitalisierung vor allem der Lehre, aber auch der Verwaltung und Forschung herausgestellt. Er darf nicht wieder abgew\u00fcrgt und die Digitalisierung muss weiter vorangetrieben werden. Die Hochschulen sind in Vorleistung gegangen und haben zu Beginn der Krise 7,5-8 Mio. Euro investiert. Auf diese<\/span><span class=\"author-a-z86zpfz89zoz89z3jz77zz89zz75z9lz69zz86zo\">n<\/span> <span class=\"author-a-z86zpfz89zoz89z3jz77zz89zz75z9lz69zz86zo\">Kosten<\/span><span class=\"author-a-z71zz88zkz68zz83zo69z82ze7hz65z2q4\"> sind sie zum aller gr\u00f6\u00dften Teil sitzen geblieben. Deswegen braucht es im n\u00e4chsten Doppelhaushalt nicht nur ein<\/span><span class=\"author-a-z80zz71zoz67zrxlz73zz88zz74zggvyln\">en<\/span><span class=\"author-a-z71zz88zkz68zz83zo69z82ze7hz65z2q4\"> Ausgleich f\u00fcr dieses Geld, sondern eine stetige Weiterfinanzierung, um diesen Schwung zu nutzen und die Krise als Chance zu begreifen.<\/span><\/li>\n<\/ul>\n<\/div>\n<div id=\"magicdomid21\" class=\"ace-line\">\n<ul class=\"list-bullet1\">\n<li><span class=\"author-a-z71zz88zkz68zz83zo69z82ze7hz65z2q4\">Die Sondermittel Inklusion des Freistaates m\u00fcssen erh\u00f6ht werden. Zum Beispiel auch in Zusammenhang mit digitaler Lehre spielt Inklusion eine gro\u00dfe Rolle. Digitale Lehre kann eine gro\u00dfe Chance f\u00fcr Inklusion sein, aber nur<\/span><span class=\"author-a-z86zpfz89zoz89z3jz77zz89zz75z9lz69zz86zo\">,<\/span><span class=\"author-a-z71zz88zkz68zz83zo69z82ze7hz65z2q4\"> wenn auch darauf geachtet wird, sie inklusiv einzusetzen. Das braucht gen\u00fcgend Kapazit\u00e4ten, die \u00fcber den Doppelhaushalt <\/span><span class=\"author-a-z86zpfz89zoz89z3jz77zz89zz75z9lz69zz86zo\">bereitgestellt<\/span><span class=\"author-a-z71zz88zkz68zz83zo69z82ze7hz65z2q4\"> werden m\u00fcssen. Doch nicht nur in der digitalen Lehre muss Inklusion von Anfang an mitgedacht werden. <\/span><span class=\"author-a-z86zpfz89zoz89z3jz77zz89zz75z9lz69zz86zo\">B<\/span><span class=\"author-a-z71zz88zkz68zz83zo69z82ze7hz65z2q4\">eispielsweise<\/span><span class=\"author-a-z86zpfz89zoz89z3jz77zz89zz75z9lz69zz86zo\"> durch<\/span><span class=\"author-a-z71zz88zkz68zz83zo69z82ze7hz65z2q4\"> vom Freistaat finanzierte Awareness-Workshops kann dieses Thema <\/span><span class=\"author-a-z86zpfz89zoz89z3jz77zz89zz75z9lz69zz86zo\">\u00fcberall<\/span><span class=\"author-a-z71zz88zkz68zz83zo69z82ze7hz65z2q4\"> an den Fakult\u00e4ten mehr zur Selbstverst\u00e4ndlichkeit statt<\/span><span class=\"author-a-z86zpfz89zoz89z3jz77zz89zz75z9lz69zz86zo\"> zu<\/span><span class=\"author-a-z71zz88zkz68zz83zo69z82ze7hz65z2q4\"> zus\u00e4tzlichem Aufwand werden.<\/span><\/li>\n<\/ul>\n<\/div>\n<p id=\"magicdomid14\" class=\"ace-line\"><span class=\"author-a-z71zz88zkz68zz83zo69z82ze7hz65z2q4\">Dar\u00fcber hinaus hat Corona einige politische Prozesse verz\u00f6gert, die dringend notwendig sind. Zum Beispiel wurde die geplante Novellierung des <\/span><span class=\"author-a-z86zpfz89zoz89z3jz77zz89zz75z9lz69zz86zo\">S\u00e4chsischen Hochschulfreiheitsgesetzes (<\/span><span class=\"author-a-z71zz88zkz68zz83zo69z82ze7hz65z2q4\">S\u00e4chsHSFG<\/span><span class=\"author-a-z86zpfz89zoz89z3jz77zz89zz75z9lz69zz86zo\">)<\/span><span class=\"author-a-z71zz88zkz68zz83zo69z82ze7hz65z2q4\">, die im Koalitionsvertrag f\u00fcr 2020 zugesagt war, weiter nach hinten verschoben. Deswegen fordern wir ein<\/span><span class=\"author-a-z86zpfz89zoz89z3jz77zz89zz75z9lz69zz86zo\">en<\/span><span class=\"author-a-z71zz88zkz68zz83zo69z82ze7hz65z2q4\"> Haushaltsbegleitbeschluss, der die im Koalitionsvertrag vereinbarten und damit unstrittigen Punkte f\u00fcr die Novellierung umsetzt:<\/span><\/p>\n<div id=\"magicdomid15\" class=\"ace-line\">\n<ul class=\"list-bullet1\">\n<li><span class=\"author-a-z71zz88zkz68zz83zo69z82ze7hz65z2q4\">Wiederherstellung der verfassten Studierendenschaft<\/span><span class=\"author-a-z86zpfz89zoz89z3jz77zz89zz75z9lz69zz86zo\">,<\/span><\/li>\n<\/ul>\n<\/div>\n<div id=\"magicdomid16\" class=\"ace-line\">\n<ul class=\"list-bullet1\">\n<li><span class=\"author-a-z71zz88zkz68zz83zo69z82ze7hz65z2q4\">Umsetzung des 2-S\u00e4ulen-Modell<\/span><span class=\"author-a-z86zpfz89zoz89z3jz77zz89zz75z9lz69zz86zo\">s<\/span><span class=\"author-a-z71zz88zkz68zz83zo69z82ze7hz65z2q4\"> zur Finanzierung der Hochschulen<\/span><span class=\"author-a-z86zpfz89zoz89z3jz77zz89zz75z9lz69zz86zo\">,<\/span><\/li>\n<\/ul>\n<\/div>\n<div id=\"magicdomid17\" class=\"ace-line\">\n<ul class=\"list-bullet1\">\n<li><span class=\"author-a-z71zz88zkz68zz83zo69z82ze7hz65z2q4\">Aufhebung des Befristungszwangs bei Drittmittelbesch\u00e4ftigung<\/span><span class=\"author-a-z86zpfz89zoz89z3jz77zz89zz75z9lz69zz86zo\">,<\/span><\/li>\n<\/ul>\n<\/div>\n<div id=\"magicdomid18\" class=\"ace-line\">\n<ul class=\"list-bullet1\">\n<li><span class=\"author-a-z71zz88zkz68zz83zo69z82ze7hz65z2q4\">Einf\u00fchrung eines Promovierendenrats, Verpflichtung zum F\u00fchren einer Doktorand*innenliste und Promovierendenvereinbarungen<\/span><span class=\"author-a-z86zpfz89zoz89z3jz77zz89zz75z9lz69zz86zo\">.<\/span><\/li>\n<\/ul>\n<\/div>\n","protected":false},"excerpt":{"rendered":"<p>Momentan stehen die Haushaltsverhandlungen zum kommenden Doppelhaushalt 2021\/2022 an. Aufgrund der Pandemie hatte der Freistaat weniger Einnahmen als in den vergangenen Jahren, wodurch die Verteilung der Mittel ein harter Kampf zwischen den verschiedenen Ressorts werden wird. Wir haben gemeinsam mit der GEW Sachsen einen Forderungskatalog erstellt, in dem deutlich wird dass die Finanzierung der Hochschulen und Studierendenwerke essenziell f\u00fcr die<a class=\"read-more\" href=\"https:\/\/www.kss-sachsen.de\/doppelhaushalt\">Hier weiter lesen&#8230;<\/a><\/p>\n","protected":false},"author":1,"featured_media":1962,"parent":3159,"menu_order":0,"comment_status":"closed","ping_status":"closed","template":"","meta":{"footnotes":""},"yoast_head":"<!-- This site is optimized with the Yoast SEO plugin v23.5 - https:\/\/yoast.com\/wordpress\/plugins\/seo\/ -->\n<title>Doppelhaushalt 2021\/22 - KSS<\/title>\n<meta name=\"robots\" content=\"index, follow, max-snippet:-1, max-image-preview:large, max-video-preview:-1\" \/>\n<link rel=\"canonical\" href=\"https:\/\/www.kss-sachsen.de\/doppelhaushalt\" \/>\n<meta property=\"og:locale\" content=\"de_DE\" \/>\n<meta property=\"og:type\" content=\"article\" \/>\n<meta property=\"og:title\" content=\"Doppelhaushalt 2021\/22 - KSS\" \/>\n<meta property=\"og:description\" content=\"Momentan stehen die Haushaltsverhandlungen zum kommenden Doppelhaushalt 2021\/2022 an. Aufgrund der Pandemie hatte der Freistaat weniger Einnahmen als in den vergangenen Jahren, wodurch die Verteilung der Mittel ein harter Kampf zwischen den verschiedenen Ressorts werden wird. Wir haben gemeinsam mit der GEW Sachsen einen Forderungskatalog erstellt, in dem deutlich wird dass die Finanzierung der Hochschulen und Studierendenwerke essenziell f\u00fcr dieHier weiter lesen...\" \/>\n<meta property=\"og:url\" content=\"https:\/\/www.kss-sachsen.de\/doppelhaushalt\" \/>\n<meta property=\"og:site_name\" content=\"KSS\" \/>\n<meta property=\"article:modified_time\" content=\"2024-01-13T23:54:01+00:00\" \/>\n<meta property=\"og:image\" content=\"https:\/\/www.kss-sachsen.de\/wp-content\/uploads\/2020\/10\/Geld.jpg\" \/>\n\t<meta property=\"og:image:width\" content=\"1050\" \/>\n\t<meta property=\"og:image:height\" content=\"700\" \/>\n\t<meta property=\"og:image:type\" content=\"image\/jpeg\" \/>\n<meta name=\"twitter:card\" content=\"summary_large_image\" \/>\n<meta name=\"twitter:label1\" content=\"Gesch\u00e4tzte Lesezeit\" \/>\n\t<meta name=\"twitter:data1\" content=\"5\u00a0Minuten\" \/>\n<script type=\"application\/ld+json\" class=\"yoast-schema-graph\">{\"@context\":\"https:\/\/schema.org\",\"@graph\":[{\"@type\":\"WebPage\",\"@id\":\"https:\/\/www.kss-sachsen.de\/doppelhaushalt\",\"url\":\"https:\/\/www.kss-sachsen.de\/doppelhaushalt\",\"name\":\"Doppelhaushalt 2021\/22 - KSS\",\"isPartOf\":{\"@id\":\"https:\/\/www.kss-sachsen.de\/#website\"},\"primaryImageOfPage\":{\"@id\":\"https:\/\/www.kss-sachsen.de\/doppelhaushalt#primaryimage\"},\"image\":{\"@id\":\"https:\/\/www.kss-sachsen.de\/doppelhaushalt#primaryimage\"},\"thumbnailUrl\":\"https:\/\/www.kss-sachsen.de\/wp-content\/uploads\/2020\/10\/Geld.jpg\",\"datePublished\":\"2020-10-26T11:25:49+00:00\",\"dateModified\":\"2024-01-13T23:54:01+00:00\",\"breadcrumb\":{\"@id\":\"https:\/\/www.kss-sachsen.de\/doppelhaushalt#breadcrumb\"},\"inLanguage\":\"de\",\"potentialAction\":[{\"@type\":\"ReadAction\",\"target\":[\"https:\/\/www.kss-sachsen.de\/doppelhaushalt\"]}]},{\"@type\":\"ImageObject\",\"inLanguage\":\"de\",\"@id\":\"https:\/\/www.kss-sachsen.de\/doppelhaushalt#primaryimage\",\"url\":\"https:\/\/www.kss-sachsen.de\/wp-content\/uploads\/2020\/10\/Geld.jpg\",\"contentUrl\":\"https:\/\/www.kss-sachsen.de\/wp-content\/uploads\/2020\/10\/Geld.jpg\",\"width\":1050,\"height\":700},{\"@type\":\"BreadcrumbList\",\"@id\":\"https:\/\/www.kss-sachsen.de\/doppelhaushalt#breadcrumb\",\"itemListElement\":[{\"@type\":\"ListItem\",\"position\":1,\"name\":\"Home\",\"item\":\"https:\/\/www.kss-sachsen.de\/\"},{\"@type\":\"ListItem\",\"position\":2,\"name\":\"Themen\",\"item\":\"https:\/\/www.kss-sachsen.de\/themen\"},{\"@type\":\"ListItem\",\"position\":3,\"name\":\"Archiv\",\"item\":\"https:\/\/www.kss-sachsen.de\/themen_archiv\"},{\"@type\":\"ListItem\",\"position\":4,\"name\":\"Doppelhaushalt 2021\/22\"}]},{\"@type\":\"WebSite\",\"@id\":\"https:\/\/www.kss-sachsen.de\/#website\",\"url\":\"https:\/\/www.kss-sachsen.de\/\",\"name\":\"Konferenz S\u00e4chsischer Studierendenschaften\",\"description\":\"Konferenz S\u00e4chsischer Studierendenschaften\",\"publisher\":{\"@id\":\"https:\/\/www.kss-sachsen.de\/#organization\"},\"potentialAction\":[{\"@type\":\"SearchAction\",\"target\":{\"@type\":\"EntryPoint\",\"urlTemplate\":\"https:\/\/www.kss-sachsen.de\/?s={search_term_string}\"},\"query-input\":{\"@type\":\"PropertyValueSpecification\",\"valueRequired\":true,\"valueName\":\"search_term_string\"}}],\"inLanguage\":\"de\"},{\"@type\":\"Organization\",\"@id\":\"https:\/\/www.kss-sachsen.de\/#organization\",\"name\":\"Konferenz S\u00e4chsischer Studierendenschaften\",\"url\":\"https:\/\/www.kss-sachsen.de\/\",\"logo\":{\"@type\":\"ImageObject\",\"inLanguage\":\"de\",\"@id\":\"https:\/\/www.kss-sachsen.de\/#\/schema\/logo\/image\/\",\"url\":\"https:\/\/www.kss-sachsen.de\/wp-content\/uploads\/2023\/02\/Logo-KSS.png\",\"contentUrl\":\"https:\/\/www.kss-sachsen.de\/wp-content\/uploads\/2023\/02\/Logo-KSS.png\",\"width\":2239,\"height\":1528,\"caption\":\"Konferenz S\u00e4chsischer Studierendenschaften\"},\"image\":{\"@id\":\"https:\/\/www.kss-sachsen.de\/#\/schema\/logo\/image\/\"},\"sameAs\":[\"https:\/\/www.instagram.com\/kss_sachsen\/\"]}]}<\/script>\n<!-- \/ Yoast SEO plugin. -->","yoast_head_json":{"title":"Doppelhaushalt 2021\/22 - KSS","robots":{"index":"index","follow":"follow","max-snippet":"max-snippet:-1","max-image-preview":"max-image-preview:large","max-video-preview":"max-video-preview:-1"},"canonical":"https:\/\/www.kss-sachsen.de\/doppelhaushalt","og_locale":"de_DE","og_type":"article","og_title":"Doppelhaushalt 2021\/22 - KSS","og_description":"Momentan stehen die Haushaltsverhandlungen zum kommenden Doppelhaushalt 2021\/2022 an. Aufgrund der Pandemie hatte der Freistaat weniger Einnahmen als in den vergangenen Jahren, wodurch die Verteilung der Mittel ein harter Kampf zwischen den verschiedenen Ressorts werden wird. Wir haben gemeinsam mit der GEW Sachsen einen Forderungskatalog erstellt, in dem deutlich wird dass die Finanzierung der Hochschulen und Studierendenwerke essenziell f\u00fcr dieHier weiter lesen...","og_url":"https:\/\/www.kss-sachsen.de\/doppelhaushalt","og_site_name":"KSS","article_modified_time":"2024-01-13T23:54:01+00:00","og_image":[{"width":1050,"height":700,"url":"https:\/\/www.kss-sachsen.de\/wp-content\/uploads\/2020\/10\/Geld.jpg","type":"image\/jpeg"}],"twitter_card":"summary_large_image","twitter_misc":{"Gesch\u00e4tzte Lesezeit":"5\u00a0Minuten"},"schema":{"@context":"https:\/\/schema.org","@graph":[{"@type":"WebPage","@id":"https:\/\/www.kss-sachsen.de\/doppelhaushalt","url":"https:\/\/www.kss-sachsen.de\/doppelhaushalt","name":"Doppelhaushalt 2021\/22 - KSS","isPartOf":{"@id":"https:\/\/www.kss-sachsen.de\/#website"},"primaryImageOfPage":{"@id":"https:\/\/www.kss-sachsen.de\/doppelhaushalt#primaryimage"},"image":{"@id":"https:\/\/www.kss-sachsen.de\/doppelhaushalt#primaryimage"},"thumbnailUrl":"https:\/\/www.kss-sachsen.de\/wp-content\/uploads\/2020\/10\/Geld.jpg","datePublished":"2020-10-26T11:25:49+00:00","dateModified":"2024-01-13T23:54:01+00:00","breadcrumb":{"@id":"https:\/\/www.kss-sachsen.de\/doppelhaushalt#breadcrumb"},"inLanguage":"de","potentialAction":[{"@type":"ReadAction","target":["https:\/\/www.kss-sachsen.de\/doppelhaushalt"]}]},{"@type":"ImageObject","inLanguage":"de","@id":"https:\/\/www.kss-sachsen.de\/doppelhaushalt#primaryimage","url":"https:\/\/www.kss-sachsen.de\/wp-content\/uploads\/2020\/10\/Geld.jpg","contentUrl":"https:\/\/www.kss-sachsen.de\/wp-content\/uploads\/2020\/10\/Geld.jpg","width":1050,"height":700},{"@type":"BreadcrumbList","@id":"https:\/\/www.kss-sachsen.de\/doppelhaushalt#breadcrumb","itemListElement":[{"@type":"ListItem","position":1,"name":"Home","item":"https:\/\/www.kss-sachsen.de\/"},{"@type":"ListItem","position":2,"name":"Themen","item":"https:\/\/www.kss-sachsen.de\/themen"},{"@type":"ListItem","position":3,"name":"Archiv","item":"https:\/\/www.kss-sachsen.de\/themen_archiv"},{"@type":"ListItem","position":4,"name":"Doppelhaushalt 2021\/22"}]},{"@type":"WebSite","@id":"https:\/\/www.kss-sachsen.de\/#website","url":"https:\/\/www.kss-sachsen.de\/","name":"Konferenz S\u00e4chsischer Studierendenschaften","description":"Konferenz S\u00e4chsischer Studierendenschaften","publisher":{"@id":"https:\/\/www.kss-sachsen.de\/#organization"},"potentialAction":[{"@type":"SearchAction","target":{"@type":"EntryPoint","urlTemplate":"https:\/\/www.kss-sachsen.de\/?s={search_term_string}"},"query-input":{"@type":"PropertyValueSpecification","valueRequired":true,"valueName":"search_term_string"}}],"inLanguage":"de"},{"@type":"Organization","@id":"https:\/\/www.kss-sachsen.de\/#organization","name":"Konferenz S\u00e4chsischer Studierendenschaften","url":"https:\/\/www.kss-sachsen.de\/","logo":{"@type":"ImageObject","inLanguage":"de","@id":"https:\/\/www.kss-sachsen.de\/#\/schema\/logo\/image\/","url":"https:\/\/www.kss-sachsen.de\/wp-content\/uploads\/2023\/02\/Logo-KSS.png","contentUrl":"https:\/\/www.kss-sachsen.de\/wp-content\/uploads\/2023\/02\/Logo-KSS.png","width":2239,"height":1528,"caption":"Konferenz S\u00e4chsischer Studierendenschaften"},"image":{"@id":"https:\/\/www.kss-sachsen.de\/#\/schema\/logo\/image\/"},"sameAs":["https:\/\/www.instagram.com\/kss_sachsen\/"]}]}},"_links":{"self":[{"href":"https:\/\/www.kss-sachsen.de\/index.php?rest_route=\/wp\/v2\/pages\/1968"}],"collection":[{"href":"https:\/\/www.kss-sachsen.de\/index.php?rest_route=\/wp\/v2\/pages"}],"about":[{"href":"https:\/\/www.kss-sachsen.de\/index.php?rest_route=\/wp\/v2\/types\/page"}],"author":[{"embeddable":true,"href":"https:\/\/www.kss-sachsen.de\/index.php?rest_route=\/wp\/v2\/users\/1"}],"replies":[{"embeddable":true,"href":"https:\/\/www.kss-sachsen.de\/index.php?rest_route=%2Fwp%2Fv2%2Fcomments&post=1968"}],"version-history":[{"count":8,"href":"https:\/\/www.kss-sachsen.de\/index.php?rest_route=\/wp\/v2\/pages\/1968\/revisions"}],"predecessor-version":[{"id":3867,"href":"https:\/\/www.kss-sachsen.de\/index.php?rest_route=\/wp\/v2\/pages\/1968\/revisions\/3867"}],"up":[{"embeddable":true,"href":"https:\/\/www.kss-sachsen.de\/index.php?rest_route=\/wp\/v2\/pages\/3159"}],"wp:featuredmedia":[{"embeddable":true,"href":"https:\/\/www.kss-sachsen.de\/index.php?rest_route=\/wp\/v2\/media\/1962"}],"wp:attachment":[{"href":"https:\/\/www.kss-sachsen.de\/index.php?rest_route=%2Fwp%2Fv2%2Fmedia&parent=1968"}],"curies":[{"name":"wp","href":"https:\/\/api.w.org\/{rel}","templated":true}]}}