{"id":199,"date":"2016-07-02T00:12:38","date_gmt":"2016-07-01T22:12:38","guid":{"rendered":"http:\/\/www2.kss-sachsen.de\/?page_id=199"},"modified":"2025-01-20T08:02:19","modified_gmt":"2025-01-20T07:02:19","slug":"lsr","status":"publish","type":"page","link":"https:\/\/www.kss-sachsen.de\/LSR","title":{"rendered":"LSR"},"content":{"rendered":"<p class=\"bodytext\">LSR steht f\u00fcr Landessprecher*innenrat, das Entscheidungsorgan der KSS, welches in der Regel einmal im Monat an unterschiedlichen Hochschulstandorten tagt.<\/p>\n<p class=\"bodytext\">Der LSR setzt sich aus 29 Vertreter*innen der <a href=\"https:\/\/www.kss-sachsen.de\/?page_id=248\">Mitgliedshochschulen<\/a> zusammen. Ein \u00dcberblick \u00fcber die Verteilung der Sitze erhaltet Ihr weiter unten auf dieser Seite.<\/p>\n<p class=\"bodytext\">F\u00fcr jede Sitzung fassen wir die Themen zusammen und ver\u00f6ffentlichen diese <a href=\"https:\/\/www.kss-sachsen.de\/sitzungszusammenfassungen\">Sitzungszusammenfassungen<\/a> zeitnah nach jeder Sitzung. Die vollst\u00e4ndigen\u00a0<a class=\"internal-link\" title=\"\u00c3\u2013ffnet einen internen Link im aktuellen Fenster\" href=\"https:\/\/www.kss-sachsen.de\/?page_id=364\">Protokolle<\/a> der Sitzungen werden nach ihrer Best\u00e4tigung auf der\u00a0Webseite ver\u00f6ffentlicht.<\/p>\n<p class=\"bodytext\">Die Einladungen und weitere Informationen gibt es bei den <a href=\"https:\/\/www.kss-sachsen.de\/termine\">Terminen<\/a>. Der LSR w\u00e4hlt die <a href=\"https:\/\/www.kss-sachsen.de\/at\">Amtstr\u00e4ger*innen der KSS<\/a>. Dar\u00fcber hinaus findet Ihr auf unserer Webseite eine <a href=\"https:\/\/www.kss-sachsen.de\/Ordnungen\">Zusammenstellung aller Ordnungen und Formulare<\/a> f\u00fcr die Arbeit der KSS.<\/p>\n<h2>Sitzverteilung im LSR<\/h2>\n\n\n<figure class=\"wp-block-table\"><table><tbody><tr><td>Mitgliedshochschule<\/td><td>Sitze<\/td><\/tr><tr><td>Universit\u00e4t Leipzig<\/td><td>4<\/td><\/tr><tr><td>TU Dresden<\/td><td>4<\/td><\/tr><tr><td>TU Chemnitz<\/td><td>2<\/td><\/tr><tr><td>TU BA Freiberg<\/td><td>2<\/td><\/tr><tr><td>Duale Hochschule Sachsen<\/td><td>2<\/td><\/tr><tr><td>HTWK Leipzig<\/td><td>2<\/td><\/tr><tr><td>HTW Dresden<\/td><td>2<\/td><\/tr><tr><td>HS Zittau\/G\u00f6rlitz<\/td><td>2<\/td><\/tr><tr><td>WH Zwickau<\/td><td>2<\/td><\/tr><tr><td>HS Mittweida<\/td><td>2<\/td><\/tr><tr><td>HfBK Dresden<\/td><td>1<\/td><\/tr><tr><td>HGB Leipzig<\/td><td>1<\/td><\/tr><tr><td>HMT Leipzig<\/td><td>1<\/td><\/tr><tr><td>HfM Dresden<\/td><td>1<\/td><\/tr><tr><td>Palluca HfT Dresden<\/td><td>1<\/td><\/tr><\/tbody><\/table><\/figure>\n","protected":false},"excerpt":{"rendered":"<p>LSR steht f\u00fcr Landessprecher*innenrat, das Entscheidungsorgan der KSS, welches in der Regel einmal im Monat an unterschiedlichen Hochschulstandorten tagt. Der LSR setzt sich aus 29 Vertreter*innen der Mitgliedshochschulen zusammen. Ein \u00dcberblick \u00fcber die Verteilung der Sitze erhaltet Ihr weiter unten auf dieser Seite. F\u00fcr jede Sitzung fassen wir die Themen zusammen und ver\u00f6ffentlichen diese Sitzungszusammenfassungen zeitnah nach jeder Sitzung. Die<a class=\"read-more\" href=\"https:\/\/www.kss-sachsen.de\/LSR\">Hier weiter lesen&#8230;<\/a><\/p>\n","protected":false},"author":1,"featured_media":0,"parent":197,"menu_order":0,"comment_status":"closed","ping_status":"closed","template":"","meta":{"footnotes":""},"yoast_head":"<!-- This site is optimized with the Yoast SEO plugin v23.5 - https:\/\/yoast.com\/wordpress\/plugins\/seo\/ -->\n<title>LSR - KSS<\/title>\n<meta name=\"robots\" content=\"index, follow, max-snippet:-1, max-image-preview:large, max-video-preview:-1\" \/>\n<link rel=\"canonical\" href=\"https:\/\/www.kss-sachsen.de\/LSR\" \/>\n<meta property=\"og:locale\" content=\"de_DE\" \/>\n<meta property=\"og:type\" content=\"article\" \/>\n<meta property=\"og:title\" content=\"LSR - KSS\" \/>\n<meta property=\"og:description\" content=\"LSR steht f\u00fcr Landessprecher*innenrat, das Entscheidungsorgan der KSS, welches in der Regel einmal im Monat an unterschiedlichen Hochschulstandorten tagt. Der LSR setzt sich aus 29 Vertreter*innen der Mitgliedshochschulen zusammen. Ein \u00dcberblick \u00fcber die Verteilung der Sitze erhaltet Ihr weiter unten auf dieser Seite. F\u00fcr jede Sitzung fassen wir die Themen zusammen und ver\u00f6ffentlichen diese Sitzungszusammenfassungen zeitnah nach jeder Sitzung. DieHier weiter lesen...\" \/>\n<meta property=\"og:url\" content=\"https:\/\/www.kss-sachsen.de\/LSR\" \/>\n<meta property=\"og:site_name\" content=\"KSS\" \/>\n<meta property=\"article:modified_time\" content=\"2025-01-20T07:02:19+00:00\" \/>\n<meta name=\"twitter:card\" content=\"summary_large_image\" \/>\n<meta name=\"twitter:label1\" content=\"Gesch\u00e4tzte Lesezeit\" \/>\n\t<meta name=\"twitter:data1\" content=\"1\u00a0Minute\" \/>\n<script type=\"application\/ld+json\" class=\"yoast-schema-graph\">{\"@context\":\"https:\/\/schema.org\",\"@graph\":[{\"@type\":\"WebPage\",\"@id\":\"https:\/\/www.kss-sachsen.de\/LSR\",\"url\":\"https:\/\/www.kss-sachsen.de\/LSR\",\"name\":\"LSR - KSS\",\"isPartOf\":{\"@id\":\"https:\/\/www.kss-sachsen.de\/#website\"},\"datePublished\":\"2016-07-01T22:12:38+00:00\",\"dateModified\":\"2025-01-20T07:02:19+00:00\",\"breadcrumb\":{\"@id\":\"https:\/\/www.kss-sachsen.de\/LSR#breadcrumb\"},\"inLanguage\":\"de\",\"potentialAction\":[{\"@type\":\"ReadAction\",\"target\":[\"https:\/\/www.kss-sachsen.de\/LSR\"]}]},{\"@type\":\"BreadcrumbList\",\"@id\":\"https:\/\/www.kss-sachsen.de\/LSR#breadcrumb\",\"itemListElement\":[{\"@type\":\"ListItem\",\"position\":1,\"name\":\"Home\",\"item\":\"https:\/\/www.kss-sachsen.de\/\"},{\"@type\":\"ListItem\",\"position\":2,\"name\":\"KSS\",\"item\":\"https:\/\/www.kss-sachsen.de\/\"},{\"@type\":\"ListItem\",\"position\":3,\"name\":\"LSR\"}]},{\"@type\":\"WebSite\",\"@id\":\"https:\/\/www.kss-sachsen.de\/#website\",\"url\":\"https:\/\/www.kss-sachsen.de\/\",\"name\":\"Konferenz S\u00e4chsischer Studierendenschaften\",\"description\":\"Konferenz S\u00e4chsischer Studierendenschaften\",\"publisher\":{\"@id\":\"https:\/\/www.kss-sachsen.de\/#organization\"},\"potentialAction\":[{\"@type\":\"SearchAction\",\"target\":{\"@type\":\"EntryPoint\",\"urlTemplate\":\"https:\/\/www.kss-sachsen.de\/?s={search_term_string}\"},\"query-input\":{\"@type\":\"PropertyValueSpecification\",\"valueRequired\":true,\"valueName\":\"search_term_string\"}}],\"inLanguage\":\"de\"},{\"@type\":\"Organization\",\"@id\":\"https:\/\/www.kss-sachsen.de\/#organization\",\"name\":\"Konferenz S\u00e4chsischer Studierendenschaften\",\"url\":\"https:\/\/www.kss-sachsen.de\/\",\"logo\":{\"@type\":\"ImageObject\",\"inLanguage\":\"de\",\"@id\":\"https:\/\/www.kss-sachsen.de\/#\/schema\/logo\/image\/\",\"url\":\"https:\/\/www.kss-sachsen.de\/wp-content\/uploads\/2023\/02\/Logo-KSS.png\",\"contentUrl\":\"https:\/\/www.kss-sachsen.de\/wp-content\/uploads\/2023\/02\/Logo-KSS.png\",\"width\":2239,\"height\":1528,\"caption\":\"Konferenz S\u00e4chsischer Studierendenschaften\"},\"image\":{\"@id\":\"https:\/\/www.kss-sachsen.de\/#\/schema\/logo\/image\/\"},\"sameAs\":[\"https:\/\/www.instagram.com\/kss_sachsen\/\"]}]}<\/script>\n<!-- \/ Yoast SEO plugin. -->","yoast_head_json":{"title":"LSR - KSS","robots":{"index":"index","follow":"follow","max-snippet":"max-snippet:-1","max-image-preview":"max-image-preview:large","max-video-preview":"max-video-preview:-1"},"canonical":"https:\/\/www.kss-sachsen.de\/LSR","og_locale":"de_DE","og_type":"article","og_title":"LSR - KSS","og_description":"LSR steht f\u00fcr Landessprecher*innenrat, das Entscheidungsorgan der KSS, welches in der Regel einmal im Monat an unterschiedlichen Hochschulstandorten tagt. Der LSR setzt sich aus 29 Vertreter*innen der Mitgliedshochschulen zusammen. Ein \u00dcberblick \u00fcber die Verteilung der Sitze erhaltet Ihr weiter unten auf dieser Seite. F\u00fcr jede Sitzung fassen wir die Themen zusammen und ver\u00f6ffentlichen diese Sitzungszusammenfassungen zeitnah nach jeder Sitzung. DieHier weiter lesen...","og_url":"https:\/\/www.kss-sachsen.de\/LSR","og_site_name":"KSS","article_modified_time":"2025-01-20T07:02:19+00:00","twitter_card":"summary_large_image","twitter_misc":{"Gesch\u00e4tzte Lesezeit":"1\u00a0Minute"},"schema":{"@context":"https:\/\/schema.org","@graph":[{"@type":"WebPage","@id":"https:\/\/www.kss-sachsen.de\/LSR","url":"https:\/\/www.kss-sachsen.de\/LSR","name":"LSR - KSS","isPartOf":{"@id":"https:\/\/www.kss-sachsen.de\/#website"},"datePublished":"2016-07-01T22:12:38+00:00","dateModified":"2025-01-20T07:02:19+00:00","breadcrumb":{"@id":"https:\/\/www.kss-sachsen.de\/LSR#breadcrumb"},"inLanguage":"de","potentialAction":[{"@type":"ReadAction","target":["https:\/\/www.kss-sachsen.de\/LSR"]}]},{"@type":"BreadcrumbList","@id":"https:\/\/www.kss-sachsen.de\/LSR#breadcrumb","itemListElement":[{"@type":"ListItem","position":1,"name":"Home","item":"https:\/\/www.kss-sachsen.de\/"},{"@type":"ListItem","position":2,"name":"KSS","item":"https:\/\/www.kss-sachsen.de\/"},{"@type":"ListItem","position":3,"name":"LSR"}]},{"@type":"WebSite","@id":"https:\/\/www.kss-sachsen.de\/#website","url":"https:\/\/www.kss-sachsen.de\/","name":"Konferenz S\u00e4chsischer Studierendenschaften","description":"Konferenz S\u00e4chsischer Studierendenschaften","publisher":{"@id":"https:\/\/www.kss-sachsen.de\/#organization"},"potentialAction":[{"@type":"SearchAction","target":{"@type":"EntryPoint","urlTemplate":"https:\/\/www.kss-sachsen.de\/?s={search_term_string}"},"query-input":{"@type":"PropertyValueSpecification","valueRequired":true,"valueName":"search_term_string"}}],"inLanguage":"de"},{"@type":"Organization","@id":"https:\/\/www.kss-sachsen.de\/#organization","name":"Konferenz S\u00e4chsischer Studierendenschaften","url":"https:\/\/www.kss-sachsen.de\/","logo":{"@type":"ImageObject","inLanguage":"de","@id":"https:\/\/www.kss-sachsen.de\/#\/schema\/logo\/image\/","url":"https:\/\/www.kss-sachsen.de\/wp-content\/uploads\/2023\/02\/Logo-KSS.png","contentUrl":"https:\/\/www.kss-sachsen.de\/wp-content\/uploads\/2023\/02\/Logo-KSS.png","width":2239,"height":1528,"caption":"Konferenz S\u00e4chsischer Studierendenschaften"},"image":{"@id":"https:\/\/www.kss-sachsen.de\/#\/schema\/logo\/image\/"},"sameAs":["https:\/\/www.instagram.com\/kss_sachsen\/"]}]}},"_links":{"self":[{"href":"https:\/\/www.kss-sachsen.de\/index.php?rest_route=\/wp\/v2\/pages\/199"}],"collection":[{"href":"https:\/\/www.kss-sachsen.de\/index.php?rest_route=\/wp\/v2\/pages"}],"about":[{"href":"https:\/\/www.kss-sachsen.de\/index.php?rest_route=\/wp\/v2\/types\/page"}],"author":[{"embeddable":true,"href":"https:\/\/www.kss-sachsen.de\/index.php?rest_route=\/wp\/v2\/users\/1"}],"replies":[{"embeddable":true,"href":"https:\/\/www.kss-sachsen.de\/index.php?rest_route=%2Fwp%2Fv2%2Fcomments&post=199"}],"version-history":[{"count":20,"href":"https:\/\/www.kss-sachsen.de\/index.php?rest_route=\/wp\/v2\/pages\/199\/revisions"}],"predecessor-version":[{"id":4285,"href":"https:\/\/www.kss-sachsen.de\/index.php?rest_route=\/wp\/v2\/pages\/199\/revisions\/4285"}],"up":[{"embeddable":true,"href":"https:\/\/www.kss-sachsen.de\/index.php?rest_route=\/wp\/v2\/pages\/197"}],"wp:attachment":[{"href":"https:\/\/www.kss-sachsen.de\/index.php?rest_route=%2Fwp%2Fv2%2Fmedia&parent=199"}],"curies":[{"name":"wp","href":"https:\/\/api.w.org\/{rel}","templated":true}]}}