{"id":232,"date":"2016-07-06T15:14:56","date_gmt":"2016-07-06T13:14:56","guid":{"rendered":"http:\/\/www2.kss-sachsen.de\/?page_id=232"},"modified":"2025-07-30T12:24:25","modified_gmt":"2025-07-30T10:24:25","slug":"ordnungen","status":"publish","type":"page","link":"https:\/\/www.kss-sachsen.de\/Ordnungen","title":{"rendered":"Ordnungen und Dokumente"},"content":{"rendered":"<h2>Ordnungen der KSS<\/h2>\n<p><a href=\"https:\/\/www.revosax.sachsen.de\/vorschrift\/19986#p29\">KSS im S\u00e4chsHSG (\u00a7 29 Zusammenarbeit der Studierendenr\u00e4te)<\/a><\/p>\n<p><a href=\"https:\/\/nextcloud.portal.fzs.de\/s\/z9yjSGYsnLPL8AK\">Gesch\u00e4ftsordnung der KSS<\/a><\/p>\n<p><a href=\"https:\/\/cloud.portal.fzs.de\/s\/aw5ZK49s4sjEdkZ\">Verfahrensordnung (ehem. Sitzungsordnung, Erg\u00e4nzungen zur GO)<\/a><\/p>\n<p><a href=\"https:\/\/cloud.portal.fzs.de\/s\/5F7FzPBHKoM6XfR\" target=\"_blank\" rel=\"noopener\">Entsenderichtlinie in den studentischen Akkreditierungspool<\/a><\/p>\n<p><a href=\"https:\/\/cloud.portal.fzs.de\/s\/WJeJ4WTRtgP56Jy\">Fragebogen zur Entsendung in den Systemakkreditierungspool\u00a0<\/a><\/p>\n<p><a href=\"https:\/\/cloud.portal.fzs.de\/s\/5CmCnptLFbP9JBS\">Fragebogen zur Entsendung in den Programmakkreditierungspool<\/a><\/p>\n<h2>Dokumente<\/h2>\n<p><a href=\"https:\/\/cloud.portal.fzs.de\/s\/nkZjtGoktbDXiyK\">Entsendungsformular in den LSR<\/a><\/p>\n<p><a href=\"https:\/\/cloud.portal.fzs.de\/s\/PTHPaei2yK4bo9p\">Stimmrechts\u00fcbertragung<\/a><\/p>\n<h2>Hilfe<\/h2>\n<p><a href=\"https:\/\/cloud.portal.fzs.de\/s\/be8TEoDaF47LpNF\">Abk\u00fcrzungslexikon der KSS (Ak\u00fclex)<\/a><\/p>\n","protected":false},"excerpt":{"rendered":"<p>Ordnungen der KSS KSS im S\u00e4chsHSG (\u00a7 29 Zusammenarbeit der Studierendenr\u00e4te) Gesch\u00e4ftsordnung der KSS Verfahrensordnung (ehem. Sitzungsordnung, Erg\u00e4nzungen zur GO) Entsenderichtlinie in den studentischen Akkreditierungspool Fragebogen zur Entsendung in den Systemakkreditierungspool\u00a0 Fragebogen zur Entsendung in den Programmakkreditierungspool Dokumente Entsendungsformular in den LSR Stimmrechts\u00fcbertragung Hilfe Abk\u00fcrzungslexikon der KSS (Ak\u00fclex)<\/p>\n","protected":false},"author":1,"featured_media":0,"parent":197,"menu_order":5,"comment_status":"closed","ping_status":"closed","template":"","meta":{"footnotes":""},"yoast_head":"<!-- This site is optimized with the Yoast SEO plugin v23.5 - https:\/\/yoast.com\/wordpress\/plugins\/seo\/ -->\n<title>Ordnungen und Dokumente - KSS<\/title>\n<meta name=\"robots\" content=\"index, follow, max-snippet:-1, max-image-preview:large, max-video-preview:-1\" \/>\n<link rel=\"canonical\" href=\"https:\/\/www.kss-sachsen.de\/Ordnungen\" \/>\n<meta property=\"og:locale\" content=\"de_DE\" \/>\n<meta property=\"og:type\" content=\"article\" \/>\n<meta property=\"og:title\" content=\"Ordnungen und Dokumente - KSS\" \/>\n<meta property=\"og:description\" content=\"Ordnungen der KSS KSS im S\u00e4chsHSG (\u00a7 29 Zusammenarbeit der Studierendenr\u00e4te) Gesch\u00e4ftsordnung der KSS Verfahrensordnung (ehem. Sitzungsordnung, Erg\u00e4nzungen zur GO) Entsenderichtlinie in den studentischen Akkreditierungspool Fragebogen zur Entsendung in den Systemakkreditierungspool\u00a0 Fragebogen zur Entsendung in den Programmakkreditierungspool Dokumente Entsendungsformular in den LSR Stimmrechts\u00fcbertragung Hilfe Abk\u00fcrzungslexikon der KSS (Ak\u00fclex)\" \/>\n<meta property=\"og:url\" content=\"https:\/\/www.kss-sachsen.de\/Ordnungen\" \/>\n<meta property=\"og:site_name\" content=\"KSS\" \/>\n<meta property=\"article:modified_time\" content=\"2025-07-30T10:24:25+00:00\" \/>\n<meta name=\"twitter:card\" content=\"summary_large_image\" \/>\n<meta name=\"twitter:label1\" content=\"Gesch\u00e4tzte Lesezeit\" \/>\n\t<meta name=\"twitter:data1\" content=\"1\u00a0Minute\" \/>\n<script type=\"application\/ld+json\" class=\"yoast-schema-graph\">{\"@context\":\"https:\/\/schema.org\",\"@graph\":[{\"@type\":\"WebPage\",\"@id\":\"https:\/\/www.kss-sachsen.de\/Ordnungen\",\"url\":\"https:\/\/www.kss-sachsen.de\/Ordnungen\",\"name\":\"Ordnungen und Dokumente - KSS\",\"isPartOf\":{\"@id\":\"https:\/\/www.kss-sachsen.de\/#website\"},\"datePublished\":\"2016-07-06T13:14:56+00:00\",\"dateModified\":\"2025-07-30T10:24:25+00:00\",\"breadcrumb\":{\"@id\":\"https:\/\/www.kss-sachsen.de\/Ordnungen#breadcrumb\"},\"inLanguage\":\"de\",\"potentialAction\":[{\"@type\":\"ReadAction\",\"target\":[\"https:\/\/www.kss-sachsen.de\/Ordnungen\"]}]},{\"@type\":\"BreadcrumbList\",\"@id\":\"https:\/\/www.kss-sachsen.de\/Ordnungen#breadcrumb\",\"itemListElement\":[{\"@type\":\"ListItem\",\"position\":1,\"name\":\"Home\",\"item\":\"https:\/\/www.kss-sachsen.de\/\"},{\"@type\":\"ListItem\",\"position\":2,\"name\":\"KSS\",\"item\":\"https:\/\/www.kss-sachsen.de\/\"},{\"@type\":\"ListItem\",\"position\":3,\"name\":\"Ordnungen und Dokumente\"}]},{\"@type\":\"WebSite\",\"@id\":\"https:\/\/www.kss-sachsen.de\/#website\",\"url\":\"https:\/\/www.kss-sachsen.de\/\",\"name\":\"Konferenz S\u00e4chsischer Studierendenschaften\",\"description\":\"Konferenz S\u00e4chsischer Studierendenschaften\",\"publisher\":{\"@id\":\"https:\/\/www.kss-sachsen.de\/#organization\"},\"potentialAction\":[{\"@type\":\"SearchAction\",\"target\":{\"@type\":\"EntryPoint\",\"urlTemplate\":\"https:\/\/www.kss-sachsen.de\/?s={search_term_string}\"},\"query-input\":{\"@type\":\"PropertyValueSpecification\",\"valueRequired\":true,\"valueName\":\"search_term_string\"}}],\"inLanguage\":\"de\"},{\"@type\":\"Organization\",\"@id\":\"https:\/\/www.kss-sachsen.de\/#organization\",\"name\":\"Konferenz S\u00e4chsischer Studierendenschaften\",\"url\":\"https:\/\/www.kss-sachsen.de\/\",\"logo\":{\"@type\":\"ImageObject\",\"inLanguage\":\"de\",\"@id\":\"https:\/\/www.kss-sachsen.de\/#\/schema\/logo\/image\/\",\"url\":\"https:\/\/www.kss-sachsen.de\/wp-content\/uploads\/2023\/02\/Logo-KSS.png\",\"contentUrl\":\"https:\/\/www.kss-sachsen.de\/wp-content\/uploads\/2023\/02\/Logo-KSS.png\",\"width\":2239,\"height\":1528,\"caption\":\"Konferenz S\u00e4chsischer Studierendenschaften\"},\"image\":{\"@id\":\"https:\/\/www.kss-sachsen.de\/#\/schema\/logo\/image\/\"},\"sameAs\":[\"https:\/\/www.instagram.com\/kss_sachsen\/\"]}]}<\/script>\n<!-- \/ Yoast SEO plugin. -->","yoast_head_json":{"title":"Ordnungen und Dokumente - KSS","robots":{"index":"index","follow":"follow","max-snippet":"max-snippet:-1","max-image-preview":"max-image-preview:large","max-video-preview":"max-video-preview:-1"},"canonical":"https:\/\/www.kss-sachsen.de\/Ordnungen","og_locale":"de_DE","og_type":"article","og_title":"Ordnungen und Dokumente - KSS","og_description":"Ordnungen der KSS KSS im S\u00e4chsHSG (\u00a7 29 Zusammenarbeit der Studierendenr\u00e4te) Gesch\u00e4ftsordnung der KSS Verfahrensordnung (ehem. Sitzungsordnung, Erg\u00e4nzungen zur GO) Entsenderichtlinie in den studentischen Akkreditierungspool Fragebogen zur Entsendung in den Systemakkreditierungspool\u00a0 Fragebogen zur Entsendung in den Programmakkreditierungspool Dokumente Entsendungsformular in den LSR Stimmrechts\u00fcbertragung Hilfe Abk\u00fcrzungslexikon der KSS (Ak\u00fclex)","og_url":"https:\/\/www.kss-sachsen.de\/Ordnungen","og_site_name":"KSS","article_modified_time":"2025-07-30T10:24:25+00:00","twitter_card":"summary_large_image","twitter_misc":{"Gesch\u00e4tzte Lesezeit":"1\u00a0Minute"},"schema":{"@context":"https:\/\/schema.org","@graph":[{"@type":"WebPage","@id":"https:\/\/www.kss-sachsen.de\/Ordnungen","url":"https:\/\/www.kss-sachsen.de\/Ordnungen","name":"Ordnungen und Dokumente - KSS","isPartOf":{"@id":"https:\/\/www.kss-sachsen.de\/#website"},"datePublished":"2016-07-06T13:14:56+00:00","dateModified":"2025-07-30T10:24:25+00:00","breadcrumb":{"@id":"https:\/\/www.kss-sachsen.de\/Ordnungen#breadcrumb"},"inLanguage":"de","potentialAction":[{"@type":"ReadAction","target":["https:\/\/www.kss-sachsen.de\/Ordnungen"]}]},{"@type":"BreadcrumbList","@id":"https:\/\/www.kss-sachsen.de\/Ordnungen#breadcrumb","itemListElement":[{"@type":"ListItem","position":1,"name":"Home","item":"https:\/\/www.kss-sachsen.de\/"},{"@type":"ListItem","position":2,"name":"KSS","item":"https:\/\/www.kss-sachsen.de\/"},{"@type":"ListItem","position":3,"name":"Ordnungen und Dokumente"}]},{"@type":"WebSite","@id":"https:\/\/www.kss-sachsen.de\/#website","url":"https:\/\/www.kss-sachsen.de\/","name":"Konferenz S\u00e4chsischer Studierendenschaften","description":"Konferenz S\u00e4chsischer Studierendenschaften","publisher":{"@id":"https:\/\/www.kss-sachsen.de\/#organization"},"potentialAction":[{"@type":"SearchAction","target":{"@type":"EntryPoint","urlTemplate":"https:\/\/www.kss-sachsen.de\/?s={search_term_string}"},"query-input":{"@type":"PropertyValueSpecification","valueRequired":true,"valueName":"search_term_string"}}],"inLanguage":"de"},{"@type":"Organization","@id":"https:\/\/www.kss-sachsen.de\/#organization","name":"Konferenz S\u00e4chsischer Studierendenschaften","url":"https:\/\/www.kss-sachsen.de\/","logo":{"@type":"ImageObject","inLanguage":"de","@id":"https:\/\/www.kss-sachsen.de\/#\/schema\/logo\/image\/","url":"https:\/\/www.kss-sachsen.de\/wp-content\/uploads\/2023\/02\/Logo-KSS.png","contentUrl":"https:\/\/www.kss-sachsen.de\/wp-content\/uploads\/2023\/02\/Logo-KSS.png","width":2239,"height":1528,"caption":"Konferenz S\u00e4chsischer Studierendenschaften"},"image":{"@id":"https:\/\/www.kss-sachsen.de\/#\/schema\/logo\/image\/"},"sameAs":["https:\/\/www.instagram.com\/kss_sachsen\/"]}]}},"_links":{"self":[{"href":"https:\/\/www.kss-sachsen.de\/index.php?rest_route=\/wp\/v2\/pages\/232"}],"collection":[{"href":"https:\/\/www.kss-sachsen.de\/index.php?rest_route=\/wp\/v2\/pages"}],"about":[{"href":"https:\/\/www.kss-sachsen.de\/index.php?rest_route=\/wp\/v2\/types\/page"}],"author":[{"embeddable":true,"href":"https:\/\/www.kss-sachsen.de\/index.php?rest_route=\/wp\/v2\/users\/1"}],"replies":[{"embeddable":true,"href":"https:\/\/www.kss-sachsen.de\/index.php?rest_route=%2Fwp%2Fv2%2Fcomments&post=232"}],"version-history":[{"count":28,"href":"https:\/\/www.kss-sachsen.de\/index.php?rest_route=\/wp\/v2\/pages\/232\/revisions"}],"predecessor-version":[{"id":4408,"href":"https:\/\/www.kss-sachsen.de\/index.php?rest_route=\/wp\/v2\/pages\/232\/revisions\/4408"}],"up":[{"embeddable":true,"href":"https:\/\/www.kss-sachsen.de\/index.php?rest_route=\/wp\/v2\/pages\/197"}],"wp:attachment":[{"href":"https:\/\/www.kss-sachsen.de\/index.php?rest_route=%2Fwp%2Fv2%2Fmedia&parent=232"}],"curies":[{"name":"wp","href":"https:\/\/api.w.org\/{rel}","templated":true}]}}