{"id":2501,"date":"2021-09-16T16:07:50","date_gmt":"2021-09-16T14:07:50","guid":{"rendered":"https:\/\/www.kss-sachsen.de\/?page_id=2501"},"modified":"2024-01-14T00:40:36","modified_gmt":"2024-01-13T23:40:36","slug":"motivationen-zu-wahlen","status":"publish","type":"page","link":"https:\/\/www.kss-sachsen.de\/btw21\/motivation","title":{"rendered":"Wahlmotivation"},"content":{"rendered":"<p>Es gibt nat\u00fcrlich unz\u00e4hlige Gr\u00fcnde w\u00e4hlen zu gehen und nicht nur Studierende sollten unbedingt ihre Stimme nutzen. Doch falls ihr euch noch nicht sicher seid, ob ihr wirklich w\u00e4hlen gehen m\u00f6chtet, haben wir hier ein paar Videos in denen wir und einige andere Studierende euch gute Argumente liefern und hoffentlich motivieren am 26.09. euer Kreuz zu setzen. Denn egal aus welchem Grund, es ist immer wichtig zu w\u00e4hlen. Wenn wir euch \u00fcberzeugen konnten, schaut unbedingt auch auf unseren anderen Unterseiten der Kampagne vorbei, auf denen ihr euch informieren k\u00f6nnt, welche Inhalte die zur Wahl stehenden Parteien vertreten.<\/p>\n<p>Beginnen wir mit unserem ganz generellen Aufruf zu \u201eUnmute and Vote\u201d und einigen Gr\u00fcnden warum gerade wir Studierende unbedingt jetzt unsere Stimme nutzen sollten.<\/p>\n<p><iframe loading=\"lazy\" title=\"YouTube video player\" src=\"https:\/\/www.youtube.com\/embed\/UVt93xosEFA\" width=\"560\" height=\"315\" frameborder=\"0\" allowfullscreen=\"allowfullscreen\"><\/iframe><br \/>\nWeiter geht es mit einem Grund, der nicht nur f\u00fcr uns Studierende, sondern mittlerweile f\u00fcr sehr viele Teile der Gesellschaft wichtig ist und wichtig sein muss. Doch gerade auch viele Studierende sind an den Protesten der letzten Jahre rund um die Klimapolitik beteiligt. Genau so wie Kira, die uns erkl\u00e4rt warum sie f\u00fcrs Klima w\u00e4hlt, und sich in Sachen Klimaschutz bzw. Nachhaltigkeit, gerade auch an ihrer Universit\u00e4t in Leipzig engagiert.<\/p>\n<p><iframe loading=\"lazy\" title=\"YouTube video player\" src=\"https:\/\/www.youtube.com\/embed\/DNiuPjVJil8\" width=\"560\" height=\"315\" frameborder=\"0\" allowfullscreen=\"allowfullscreen\"><\/iframe><br \/>\nEin Thema was vor allem Studierende und tats\u00e4chlich auch alle Studierenden ganz direkt betrifft ist die Studienfinanzierung. Darauf was am BAf\u00f6G dringend reformbed\u00fcrftig ist und ge\u00e4ndert werden muss, wei\u00dft Nora von der TU Dresden hin, die auch in den Gewerkschaftsjugenden von DGB und verdi aktiv ist. Sie w\u00e4hlt n\u00e4mlich f\u00fcr eine faire Studienfinanzierung.<\/p>\n<p><iframe loading=\"lazy\" title=\"YouTube video player\" src=\"https:\/\/www.youtube.com\/embed\/JDNXc94MVfM\" width=\"560\" height=\"315\" frameborder=\"0\" allowfullscreen=\"allowfullscreen\"><\/iframe><br \/>\nDoch nicht nur die Studienfinanzierung betrifft uns in unserem Studienalltag direkt. Auch die Bedingungen an den Hochschulen haben unmittelbaren Einfluss darauf wie gut wir studieren k\u00f6nnen. Dabei geht es zum Beispiel um die Finanzierung der Hochschulen, aber auch um den generellen Zugang zu Bildung und Studium. Jessica studiert auf Lehramt an der TU Dresden und sitzt dort auch als studentische Vertreterin im Senat. Ihr ist Bildungsgerechtigkeit ein wichtiges Thema, zu dem sie einiges zu sagen hat und weswegen sie ihr Kreuz zur Bundestagswahl setzt.<\/p>\n<p><iframe loading=\"lazy\" title=\"YouTube video player\" src=\"https:\/\/www.youtube.com\/embed\/NYQEr15wEA0\" width=\"560\" height=\"315\" frameborder=\"0\" allowfullscreen=\"allowfullscreen\"><\/iframe><\/p>\n","protected":false},"excerpt":{"rendered":"<p>Es gibt nat\u00fcrlich unz\u00e4hlige Gr\u00fcnde w\u00e4hlen zu gehen und nicht nur Studierende sollten unbedingt ihre Stimme nutzen. Doch falls ihr euch noch nicht sicher seid, ob ihr wirklich w\u00e4hlen gehen m\u00f6chtet, haben wir hier ein paar Videos in denen wir und einige andere Studierende euch gute Argumente liefern und hoffentlich motivieren am 26.09. euer Kreuz zu setzen. Denn egal aus<a class=\"read-more\" href=\"https:\/\/www.kss-sachsen.de\/btw21\/motivation\">Hier weiter lesen&#8230;<\/a><\/p>\n","protected":false},"author":1,"featured_media":0,"parent":2353,"menu_order":1,"comment_status":"closed","ping_status":"closed","template":"","meta":{"footnotes":""},"yoast_head":"<!-- This site is optimized with the Yoast SEO plugin v23.5 - https:\/\/yoast.com\/wordpress\/plugins\/seo\/ -->\n<title>Wahlmotivation - KSS<\/title>\n<meta name=\"robots\" content=\"index, follow, max-snippet:-1, max-image-preview:large, max-video-preview:-1\" \/>\n<link rel=\"canonical\" href=\"https:\/\/www.kss-sachsen.de\/btw21\/motivation\" \/>\n<meta property=\"og:locale\" content=\"de_DE\" \/>\n<meta property=\"og:type\" content=\"article\" \/>\n<meta property=\"og:title\" content=\"Wahlmotivation - KSS\" \/>\n<meta property=\"og:description\" content=\"Es gibt nat\u00fcrlich unz\u00e4hlige Gr\u00fcnde w\u00e4hlen zu gehen und nicht nur Studierende sollten unbedingt ihre Stimme nutzen. Doch falls ihr euch noch nicht sicher seid, ob ihr wirklich w\u00e4hlen gehen m\u00f6chtet, haben wir hier ein paar Videos in denen wir und einige andere Studierende euch gute Argumente liefern und hoffentlich motivieren am 26.09. euer Kreuz zu setzen. Denn egal ausHier weiter lesen...\" \/>\n<meta property=\"og:url\" content=\"https:\/\/www.kss-sachsen.de\/btw21\/motivation\" \/>\n<meta property=\"og:site_name\" content=\"KSS\" \/>\n<meta property=\"article:modified_time\" content=\"2024-01-13T23:40:36+00:00\" \/>\n<meta name=\"twitter:card\" content=\"summary_large_image\" \/>\n<meta name=\"twitter:label1\" content=\"Gesch\u00e4tzte Lesezeit\" \/>\n\t<meta name=\"twitter:data1\" content=\"2\u00a0Minuten\" \/>\n<script type=\"application\/ld+json\" class=\"yoast-schema-graph\">{\"@context\":\"https:\/\/schema.org\",\"@graph\":[{\"@type\":\"WebPage\",\"@id\":\"https:\/\/www.kss-sachsen.de\/btw21\/motivation\",\"url\":\"https:\/\/www.kss-sachsen.de\/btw21\/motivation\",\"name\":\"Wahlmotivation - KSS\",\"isPartOf\":{\"@id\":\"https:\/\/www.kss-sachsen.de\/#website\"},\"datePublished\":\"2021-09-16T14:07:50+00:00\",\"dateModified\":\"2024-01-13T23:40:36+00:00\",\"breadcrumb\":{\"@id\":\"https:\/\/www.kss-sachsen.de\/btw21\/motivation#breadcrumb\"},\"inLanguage\":\"de\",\"potentialAction\":[{\"@type\":\"ReadAction\",\"target\":[\"https:\/\/www.kss-sachsen.de\/btw21\/motivation\"]}]},{\"@type\":\"BreadcrumbList\",\"@id\":\"https:\/\/www.kss-sachsen.de\/btw21\/motivation#breadcrumb\",\"itemListElement\":[{\"@type\":\"ListItem\",\"position\":1,\"name\":\"Home\",\"item\":\"https:\/\/www.kss-sachsen.de\/\"},{\"@type\":\"ListItem\",\"position\":2,\"name\":\"Themen\",\"item\":\"https:\/\/www.kss-sachsen.de\/themen\"},{\"@type\":\"ListItem\",\"position\":3,\"name\":\"Archiv\",\"item\":\"https:\/\/www.kss-sachsen.de\/themen_archiv\"},{\"@type\":\"ListItem\",\"position\":4,\"name\":\"Bundestagswahl 2021\",\"item\":\"https:\/\/www.kss-sachsen.de\/btw21\"},{\"@type\":\"ListItem\",\"position\":5,\"name\":\"Wahlmotivation\"}]},{\"@type\":\"WebSite\",\"@id\":\"https:\/\/www.kss-sachsen.de\/#website\",\"url\":\"https:\/\/www.kss-sachsen.de\/\",\"name\":\"Konferenz S\u00e4chsischer Studierendenschaften\",\"description\":\"Konferenz S\u00e4chsischer Studierendenschaften\",\"publisher\":{\"@id\":\"https:\/\/www.kss-sachsen.de\/#organization\"},\"potentialAction\":[{\"@type\":\"SearchAction\",\"target\":{\"@type\":\"EntryPoint\",\"urlTemplate\":\"https:\/\/www.kss-sachsen.de\/?s={search_term_string}\"},\"query-input\":{\"@type\":\"PropertyValueSpecification\",\"valueRequired\":true,\"valueName\":\"search_term_string\"}}],\"inLanguage\":\"de\"},{\"@type\":\"Organization\",\"@id\":\"https:\/\/www.kss-sachsen.de\/#organization\",\"name\":\"Konferenz S\u00e4chsischer Studierendenschaften\",\"url\":\"https:\/\/www.kss-sachsen.de\/\",\"logo\":{\"@type\":\"ImageObject\",\"inLanguage\":\"de\",\"@id\":\"https:\/\/www.kss-sachsen.de\/#\/schema\/logo\/image\/\",\"url\":\"https:\/\/www.kss-sachsen.de\/wp-content\/uploads\/2023\/02\/Logo-KSS.png\",\"contentUrl\":\"https:\/\/www.kss-sachsen.de\/wp-content\/uploads\/2023\/02\/Logo-KSS.png\",\"width\":2239,\"height\":1528,\"caption\":\"Konferenz S\u00e4chsischer Studierendenschaften\"},\"image\":{\"@id\":\"https:\/\/www.kss-sachsen.de\/#\/schema\/logo\/image\/\"},\"sameAs\":[\"https:\/\/www.instagram.com\/kss_sachsen\/\"]}]}<\/script>\n<!-- \/ Yoast SEO plugin. -->","yoast_head_json":{"title":"Wahlmotivation - KSS","robots":{"index":"index","follow":"follow","max-snippet":"max-snippet:-1","max-image-preview":"max-image-preview:large","max-video-preview":"max-video-preview:-1"},"canonical":"https:\/\/www.kss-sachsen.de\/btw21\/motivation","og_locale":"de_DE","og_type":"article","og_title":"Wahlmotivation - KSS","og_description":"Es gibt nat\u00fcrlich unz\u00e4hlige Gr\u00fcnde w\u00e4hlen zu gehen und nicht nur Studierende sollten unbedingt ihre Stimme nutzen. Doch falls ihr euch noch nicht sicher seid, ob ihr wirklich w\u00e4hlen gehen m\u00f6chtet, haben wir hier ein paar Videos in denen wir und einige andere Studierende euch gute Argumente liefern und hoffentlich motivieren am 26.09. euer Kreuz zu setzen. Denn egal ausHier weiter lesen...","og_url":"https:\/\/www.kss-sachsen.de\/btw21\/motivation","og_site_name":"KSS","article_modified_time":"2024-01-13T23:40:36+00:00","twitter_card":"summary_large_image","twitter_misc":{"Gesch\u00e4tzte Lesezeit":"2\u00a0Minuten"},"schema":{"@context":"https:\/\/schema.org","@graph":[{"@type":"WebPage","@id":"https:\/\/www.kss-sachsen.de\/btw21\/motivation","url":"https:\/\/www.kss-sachsen.de\/btw21\/motivation","name":"Wahlmotivation - KSS","isPartOf":{"@id":"https:\/\/www.kss-sachsen.de\/#website"},"datePublished":"2021-09-16T14:07:50+00:00","dateModified":"2024-01-13T23:40:36+00:00","breadcrumb":{"@id":"https:\/\/www.kss-sachsen.de\/btw21\/motivation#breadcrumb"},"inLanguage":"de","potentialAction":[{"@type":"ReadAction","target":["https:\/\/www.kss-sachsen.de\/btw21\/motivation"]}]},{"@type":"BreadcrumbList","@id":"https:\/\/www.kss-sachsen.de\/btw21\/motivation#breadcrumb","itemListElement":[{"@type":"ListItem","position":1,"name":"Home","item":"https:\/\/www.kss-sachsen.de\/"},{"@type":"ListItem","position":2,"name":"Themen","item":"https:\/\/www.kss-sachsen.de\/themen"},{"@type":"ListItem","position":3,"name":"Archiv","item":"https:\/\/www.kss-sachsen.de\/themen_archiv"},{"@type":"ListItem","position":4,"name":"Bundestagswahl 2021","item":"https:\/\/www.kss-sachsen.de\/btw21"},{"@type":"ListItem","position":5,"name":"Wahlmotivation"}]},{"@type":"WebSite","@id":"https:\/\/www.kss-sachsen.de\/#website","url":"https:\/\/www.kss-sachsen.de\/","name":"Konferenz S\u00e4chsischer Studierendenschaften","description":"Konferenz S\u00e4chsischer Studierendenschaften","publisher":{"@id":"https:\/\/www.kss-sachsen.de\/#organization"},"potentialAction":[{"@type":"SearchAction","target":{"@type":"EntryPoint","urlTemplate":"https:\/\/www.kss-sachsen.de\/?s={search_term_string}"},"query-input":{"@type":"PropertyValueSpecification","valueRequired":true,"valueName":"search_term_string"}}],"inLanguage":"de"},{"@type":"Organization","@id":"https:\/\/www.kss-sachsen.de\/#organization","name":"Konferenz S\u00e4chsischer Studierendenschaften","url":"https:\/\/www.kss-sachsen.de\/","logo":{"@type":"ImageObject","inLanguage":"de","@id":"https:\/\/www.kss-sachsen.de\/#\/schema\/logo\/image\/","url":"https:\/\/www.kss-sachsen.de\/wp-content\/uploads\/2023\/02\/Logo-KSS.png","contentUrl":"https:\/\/www.kss-sachsen.de\/wp-content\/uploads\/2023\/02\/Logo-KSS.png","width":2239,"height":1528,"caption":"Konferenz S\u00e4chsischer Studierendenschaften"},"image":{"@id":"https:\/\/www.kss-sachsen.de\/#\/schema\/logo\/image\/"},"sameAs":["https:\/\/www.instagram.com\/kss_sachsen\/"]}]}},"_links":{"self":[{"href":"https:\/\/www.kss-sachsen.de\/index.php?rest_route=\/wp\/v2\/pages\/2501"}],"collection":[{"href":"https:\/\/www.kss-sachsen.de\/index.php?rest_route=\/wp\/v2\/pages"}],"about":[{"href":"https:\/\/www.kss-sachsen.de\/index.php?rest_route=\/wp\/v2\/types\/page"}],"author":[{"embeddable":true,"href":"https:\/\/www.kss-sachsen.de\/index.php?rest_route=\/wp\/v2\/users\/1"}],"replies":[{"embeddable":true,"href":"https:\/\/www.kss-sachsen.de\/index.php?rest_route=%2Fwp%2Fv2%2Fcomments&post=2501"}],"version-history":[{"count":10,"href":"https:\/\/www.kss-sachsen.de\/index.php?rest_route=\/wp\/v2\/pages\/2501\/revisions"}],"predecessor-version":[{"id":2506,"href":"https:\/\/www.kss-sachsen.de\/index.php?rest_route=\/wp\/v2\/pages\/2501\/revisions\/2506"}],"up":[{"embeddable":true,"href":"https:\/\/www.kss-sachsen.de\/index.php?rest_route=\/wp\/v2\/pages\/2353"}],"wp:attachment":[{"href":"https:\/\/www.kss-sachsen.de\/index.php?rest_route=%2Fwp%2Fv2%2Fmedia&parent=2501"}],"curies":[{"name":"wp","href":"https:\/\/api.w.org\/{rel}","templated":true}]}}