{"id":2706,"date":"2022-03-16T13:18:44","date_gmt":"2022-03-16T12:18:44","guid":{"rendered":"https:\/\/www.kss-sachsen.de\/?page_id=2706"},"modified":"2024-01-13T23:11:56","modified_gmt":"2024-01-13T22:11:56","slug":"krieg-in-der-ukraine","status":"publish","type":"page","link":"https:\/\/www.kss-sachsen.de\/ukraine","title":{"rendered":"Krieg in der Ukraine"},"content":{"rendered":"<h2>Solidarit\u00e4t mit der Ukraine und Unterst\u00fctzung der Betroffenen<\/h2>\n<p>Bereits 2015 hat die KSS als Landesstudierendenvertretung reagiert und einen Grundsatzbeschluss zum Umgang mit gefl\u00fcchteten Menschen, welche nach Sachsen kommen, gefasst. In Anbetracht der gegenw\u00e4rtigen Lage ist dieser nach wie vor aktuell. Um den Grundsatzbeschluss und damit unsere Forderungen zu bekr\u00e4ftigen sowie Solidarit\u00e4t f\u00fcr alle vom aktuellen Krieg in der Ukraine betroffenen Menschen zu zeigen, wurde im M\u00e4rz 2022 ein erneuter Beschluss bezogen auf die aktuelle Situation gefasst. Beide Beschlusstexte sind hier einsehbar:<\/p>\n<h3>Grundsatzbeschluss:\u00a0Studierende kennen keine Grenzen \u2013 Refugees Welcome (19.09.2015)<\/h3>\n<p>Der LSR m\u00f6ge folgenden Grundsatz zum Verst\u00e4ndnis der KSS als Landesstudierendenvertretung beschlie\u00dfen:<\/p>\n<p>Den Menschen, die auf der Flucht sind und nach Sachsen kommen, muss geholfen werden. Die Hochschulen als integraler Bestandteil der Gesellschaft wollen dabei ihre M\u00f6glichkeiten zu einer Willkommenskultur nutzen. Studentisches Leben, Bildung und Forschung kennen nach unserem Verst\u00e4ndnis keine Grenzen. Die KSS positioniert sich daher entschieden gegen rechte Tendenzen an Hochschulen. Damit ist es unerl\u00e4sslich, dass studierwilligen gefl\u00fcchteten Menschen der Hochschulzugang erleichtert wird, in schwierigen F\u00e4llen gemeinsam nach tragbaren L\u00f6sungen gesucht wird und sie bei der Wohnungssuche und der Beantragung von finanzieller Hilfe Unterst\u00fctzung erhalten. Ebenso ist es unerl\u00e4sslich ihnen bei der Anerkennung ihrer bisher erworben Abschl\u00fcsse und Studienleistungen behilflich zu sein. Innerhochschulischer Austausch von Studierenden und gefl\u00fcchteten Menschen bietet dabei eine gute M\u00f6glichkeit Vorurteilen zuvor zu kommen und Barrieren zur Integration abzubauen. Daher ist eine geb\u00fchrenfreie Gasth\u00f6rerschaft f\u00fcr gefl\u00fcchtete Menschen das mindeste, was an den s\u00e4chsischen Hochschulen schnellstm\u00f6glich umgesetzt werden sollte.<\/p>\n<h3>Beschluss: Solidarit\u00e4t mit der Ukraine \u2013 Unterst\u00fctzungsm\u00f6glichkeiten f\u00fcr Betroffene (12.03.2022)<\/h3>\n<p>Der LSR\u00a0 verurteilt den Angriffskrieg seitens der russischen Regierung und solidarisiert sich mit der ukrainischen Bev\u00f6lkerung, allen gegen den Krieg Demonstrierenden und generell Betroffenen des Krieges. Die Amtstr\u00e4ger*innen sollen sich aktiv f\u00fcr die Betroffenen, insbesondere betroffene Studierende, einsetzen und zusammen mit den StuR\u00e4 und der KSS \u00f6ffentliche Forderungen an die Hochschulen und das SMWK herantragen.<\/p>\n<ol>\n<li>Universit\u00e4ten und Hochschulen sollen die wichtigsten Informationen im Zusammenhang mit den Folgen des Krieges, insbesondere Unterst\u00fctzungsm\u00f6glichkeiten, auf ihren Webseiten zur Verf\u00fcgung stellen. Dabei soll eine\u00a0 mehrsprachige \u00dcbersetzungen angestrebt werden, um mehr Reichweite zu generieren. Diese Informationen sind zur Weiterleitung und Verteilung auch an die unteren Einheiten wie Fakult\u00e4ten weiterzugeben. Die Aktivit\u00e4ten sollen zus\u00e4tzlich durch Rundmails an alle Angeh\u00f6rigen regelm\u00e4\u00dfig kommuniziert werden.<\/li>\n<li>Hochschulen sollen sich ebenfalls solidarisch mit den Betroffenen des Krieges zeigen und Kontakt mit den ukrainischen Partnerhochschulen aufnehmen, um Informationen auszutauschen und ggf. Bedarfe zu ermitteln, wie effektiv geholfen werden kann.<\/li>\n<li>Direkte Hilfe f\u00fcr Gefl\u00fcchtete soll durch die Bereitstellung eines Meldeportals f\u00fcr dauerhafte Unterbringungsm\u00f6glichkeiten gew\u00e4hrleistet werden. Turnhallen sollen f\u00fcr die Notwendigkeit zur kurzfristigen bzw. ersten Aufnahmem\u00f6glichkeit\u00a0 vorbereitet werden. Gemeinsam mit den Studierendenwerken sollen Unterbringungsm\u00f6glichkeiten und Versorgungsangebote geschaffen werden.<\/li>\n<li>F\u00fcr die Abgabe von Sachspenden sollen zentrale Stellen am Campus bestenfalls in Zusammenarbeit mit bereits bestehenden Stellen, eingerichtet werden.<\/li>\n<li>Eine Unterst\u00fctzung f\u00fcr Austauschstudierende in Form von Verl\u00e4ngerungen des Studierendenstatuses, der Studienfinanzierung und des Visums sowie Hilfe bei der Wohnsituation. F\u00fcr Gefl\u00fcchtete soll dar\u00fcber hinaus ein \u00f6ffentliches Angebot f\u00fcr die unb\u00fcrokratische Aufnahme in die Studierendengemeinschaft geschaffen werden.<\/li>\n<li>Die Ausweitung der psychosozialen Beratungen und Betreuungen der Studierendenwerke sowie \u00fcber sie ausgereichte finanzielle Hilfen. Au\u00dferdem sollten Begleit- und Mentoring Angebote f\u00fcr ankommende Studierende eingerichtet werden, z.B. auch f\u00fcr amtliche Erledigungen, f\u00fcr die ggf. vorab geschult wird.<\/li>\n<li>Aufgrund des hohen Kinderanteils bei den Gefl\u00fcchteten, soll eine Kinderbetreuung angeboten werden.<\/li>\n<li>Auch Drittstaatler*innen sollen Schutz in Deutschland und einen legalen Aufenthaltsstatus sowie die M\u00f6glichkeit erhalten, ungeachtet ihrer Staatsb\u00fcrgerschaft ihr Studium in Deutschland fortsetzen zu d\u00fcrfen<\/li>\n<\/ol>\n<p>Entstehende Mehrbedarfe vor allem finanzieller Natur, muss das SMWK so schnell wie m\u00f6glich ausgleichen.<\/p>\n","protected":false},"excerpt":{"rendered":"<p>Solidarit\u00e4t mit der Ukraine und Unterst\u00fctzung der Betroffenen Bereits 2015 hat die KSS als Landesstudierendenvertretung reagiert und einen Grundsatzbeschluss zum Umgang mit gefl\u00fcchteten Menschen, welche nach Sachsen kommen, gefasst. In Anbetracht der gegenw\u00e4rtigen Lage ist dieser nach wie vor aktuell. Um den Grundsatzbeschluss und damit unsere Forderungen zu bekr\u00e4ftigen sowie Solidarit\u00e4t f\u00fcr alle vom aktuellen Krieg in der Ukraine betroffenen<a class=\"read-more\" href=\"https:\/\/www.kss-sachsen.de\/ukraine\">Hier weiter lesen&#8230;<\/a><\/p>\n","protected":false},"author":1,"featured_media":0,"parent":210,"menu_order":0,"comment_status":"closed","ping_status":"closed","template":"","meta":{"footnotes":""},"yoast_head":"<!-- This site is optimized with the Yoast SEO plugin v23.5 - https:\/\/yoast.com\/wordpress\/plugins\/seo\/ -->\n<title>Krieg in der Ukraine - KSS<\/title>\n<meta name=\"robots\" content=\"index, follow, max-snippet:-1, max-image-preview:large, max-video-preview:-1\" \/>\n<link rel=\"canonical\" href=\"https:\/\/www.kss-sachsen.de\/ukraine\" \/>\n<meta property=\"og:locale\" content=\"de_DE\" \/>\n<meta property=\"og:type\" content=\"article\" \/>\n<meta property=\"og:title\" content=\"Krieg in der Ukraine - KSS\" \/>\n<meta property=\"og:description\" content=\"Solidarit\u00e4t mit der Ukraine und Unterst\u00fctzung der Betroffenen Bereits 2015 hat die KSS als Landesstudierendenvertretung reagiert und einen Grundsatzbeschluss zum Umgang mit gefl\u00fcchteten Menschen, welche nach Sachsen kommen, gefasst. In Anbetracht der gegenw\u00e4rtigen Lage ist dieser nach wie vor aktuell. Um den Grundsatzbeschluss und damit unsere Forderungen zu bekr\u00e4ftigen sowie Solidarit\u00e4t f\u00fcr alle vom aktuellen Krieg in der Ukraine betroffenenHier weiter lesen...\" \/>\n<meta property=\"og:url\" content=\"https:\/\/www.kss-sachsen.de\/ukraine\" \/>\n<meta property=\"og:site_name\" content=\"KSS\" \/>\n<meta property=\"article:modified_time\" content=\"2024-01-13T22:11:56+00:00\" \/>\n<meta name=\"twitter:card\" content=\"summary_large_image\" \/>\n<meta name=\"twitter:label1\" content=\"Gesch\u00e4tzte Lesezeit\" \/>\n\t<meta name=\"twitter:data1\" content=\"3\u00a0Minuten\" \/>\n<script type=\"application\/ld+json\" class=\"yoast-schema-graph\">{\"@context\":\"https:\/\/schema.org\",\"@graph\":[{\"@type\":\"WebPage\",\"@id\":\"https:\/\/www.kss-sachsen.de\/ukraine\",\"url\":\"https:\/\/www.kss-sachsen.de\/ukraine\",\"name\":\"Krieg in der Ukraine - KSS\",\"isPartOf\":{\"@id\":\"https:\/\/www.kss-sachsen.de\/#website\"},\"datePublished\":\"2022-03-16T12:18:44+00:00\",\"dateModified\":\"2024-01-13T22:11:56+00:00\",\"breadcrumb\":{\"@id\":\"https:\/\/www.kss-sachsen.de\/ukraine#breadcrumb\"},\"inLanguage\":\"de\",\"potentialAction\":[{\"@type\":\"ReadAction\",\"target\":[\"https:\/\/www.kss-sachsen.de\/ukraine\"]}]},{\"@type\":\"BreadcrumbList\",\"@id\":\"https:\/\/www.kss-sachsen.de\/ukraine#breadcrumb\",\"itemListElement\":[{\"@type\":\"ListItem\",\"position\":1,\"name\":\"Home\",\"item\":\"https:\/\/www.kss-sachsen.de\/\"},{\"@type\":\"ListItem\",\"position\":2,\"name\":\"Themen\",\"item\":\"https:\/\/www.kss-sachsen.de\/themen\"},{\"@type\":\"ListItem\",\"position\":3,\"name\":\"Soziales\",\"item\":\"https:\/\/www.kss-sachsen.de\/soziales\"},{\"@type\":\"ListItem\",\"position\":4,\"name\":\"Internationales\",\"item\":\"https:\/\/www.kss-sachsen.de\/internationales\"},{\"@type\":\"ListItem\",\"position\":5,\"name\":\"Krieg in der Ukraine\"}]},{\"@type\":\"WebSite\",\"@id\":\"https:\/\/www.kss-sachsen.de\/#website\",\"url\":\"https:\/\/www.kss-sachsen.de\/\",\"name\":\"Konferenz S\u00e4chsischer Studierendenschaften\",\"description\":\"Konferenz S\u00e4chsischer Studierendenschaften\",\"publisher\":{\"@id\":\"https:\/\/www.kss-sachsen.de\/#organization\"},\"potentialAction\":[{\"@type\":\"SearchAction\",\"target\":{\"@type\":\"EntryPoint\",\"urlTemplate\":\"https:\/\/www.kss-sachsen.de\/?s={search_term_string}\"},\"query-input\":{\"@type\":\"PropertyValueSpecification\",\"valueRequired\":true,\"valueName\":\"search_term_string\"}}],\"inLanguage\":\"de\"},{\"@type\":\"Organization\",\"@id\":\"https:\/\/www.kss-sachsen.de\/#organization\",\"name\":\"Konferenz S\u00e4chsischer Studierendenschaften\",\"url\":\"https:\/\/www.kss-sachsen.de\/\",\"logo\":{\"@type\":\"ImageObject\",\"inLanguage\":\"de\",\"@id\":\"https:\/\/www.kss-sachsen.de\/#\/schema\/logo\/image\/\",\"url\":\"https:\/\/www.kss-sachsen.de\/wp-content\/uploads\/2023\/02\/Logo-KSS.png\",\"contentUrl\":\"https:\/\/www.kss-sachsen.de\/wp-content\/uploads\/2023\/02\/Logo-KSS.png\",\"width\":2239,\"height\":1528,\"caption\":\"Konferenz S\u00e4chsischer Studierendenschaften\"},\"image\":{\"@id\":\"https:\/\/www.kss-sachsen.de\/#\/schema\/logo\/image\/\"},\"sameAs\":[\"https:\/\/www.instagram.com\/kss_sachsen\/\"]}]}<\/script>\n<!-- \/ Yoast SEO plugin. -->","yoast_head_json":{"title":"Krieg in der Ukraine - KSS","robots":{"index":"index","follow":"follow","max-snippet":"max-snippet:-1","max-image-preview":"max-image-preview:large","max-video-preview":"max-video-preview:-1"},"canonical":"https:\/\/www.kss-sachsen.de\/ukraine","og_locale":"de_DE","og_type":"article","og_title":"Krieg in der Ukraine - KSS","og_description":"Solidarit\u00e4t mit der Ukraine und Unterst\u00fctzung der Betroffenen Bereits 2015 hat die KSS als Landesstudierendenvertretung reagiert und einen Grundsatzbeschluss zum Umgang mit gefl\u00fcchteten Menschen, welche nach Sachsen kommen, gefasst. In Anbetracht der gegenw\u00e4rtigen Lage ist dieser nach wie vor aktuell. Um den Grundsatzbeschluss und damit unsere Forderungen zu bekr\u00e4ftigen sowie Solidarit\u00e4t f\u00fcr alle vom aktuellen Krieg in der Ukraine betroffenenHier weiter lesen...","og_url":"https:\/\/www.kss-sachsen.de\/ukraine","og_site_name":"KSS","article_modified_time":"2024-01-13T22:11:56+00:00","twitter_card":"summary_large_image","twitter_misc":{"Gesch\u00e4tzte Lesezeit":"3\u00a0Minuten"},"schema":{"@context":"https:\/\/schema.org","@graph":[{"@type":"WebPage","@id":"https:\/\/www.kss-sachsen.de\/ukraine","url":"https:\/\/www.kss-sachsen.de\/ukraine","name":"Krieg in der Ukraine - KSS","isPartOf":{"@id":"https:\/\/www.kss-sachsen.de\/#website"},"datePublished":"2022-03-16T12:18:44+00:00","dateModified":"2024-01-13T22:11:56+00:00","breadcrumb":{"@id":"https:\/\/www.kss-sachsen.de\/ukraine#breadcrumb"},"inLanguage":"de","potentialAction":[{"@type":"ReadAction","target":["https:\/\/www.kss-sachsen.de\/ukraine"]}]},{"@type":"BreadcrumbList","@id":"https:\/\/www.kss-sachsen.de\/ukraine#breadcrumb","itemListElement":[{"@type":"ListItem","position":1,"name":"Home","item":"https:\/\/www.kss-sachsen.de\/"},{"@type":"ListItem","position":2,"name":"Themen","item":"https:\/\/www.kss-sachsen.de\/themen"},{"@type":"ListItem","position":3,"name":"Soziales","item":"https:\/\/www.kss-sachsen.de\/soziales"},{"@type":"ListItem","position":4,"name":"Internationales","item":"https:\/\/www.kss-sachsen.de\/internationales"},{"@type":"ListItem","position":5,"name":"Krieg in der Ukraine"}]},{"@type":"WebSite","@id":"https:\/\/www.kss-sachsen.de\/#website","url":"https:\/\/www.kss-sachsen.de\/","name":"Konferenz S\u00e4chsischer Studierendenschaften","description":"Konferenz S\u00e4chsischer Studierendenschaften","publisher":{"@id":"https:\/\/www.kss-sachsen.de\/#organization"},"potentialAction":[{"@type":"SearchAction","target":{"@type":"EntryPoint","urlTemplate":"https:\/\/www.kss-sachsen.de\/?s={search_term_string}"},"query-input":{"@type":"PropertyValueSpecification","valueRequired":true,"valueName":"search_term_string"}}],"inLanguage":"de"},{"@type":"Organization","@id":"https:\/\/www.kss-sachsen.de\/#organization","name":"Konferenz S\u00e4chsischer Studierendenschaften","url":"https:\/\/www.kss-sachsen.de\/","logo":{"@type":"ImageObject","inLanguage":"de","@id":"https:\/\/www.kss-sachsen.de\/#\/schema\/logo\/image\/","url":"https:\/\/www.kss-sachsen.de\/wp-content\/uploads\/2023\/02\/Logo-KSS.png","contentUrl":"https:\/\/www.kss-sachsen.de\/wp-content\/uploads\/2023\/02\/Logo-KSS.png","width":2239,"height":1528,"caption":"Konferenz S\u00e4chsischer Studierendenschaften"},"image":{"@id":"https:\/\/www.kss-sachsen.de\/#\/schema\/logo\/image\/"},"sameAs":["https:\/\/www.instagram.com\/kss_sachsen\/"]}]}},"_links":{"self":[{"href":"https:\/\/www.kss-sachsen.de\/index.php?rest_route=\/wp\/v2\/pages\/2706"}],"collection":[{"href":"https:\/\/www.kss-sachsen.de\/index.php?rest_route=\/wp\/v2\/pages"}],"about":[{"href":"https:\/\/www.kss-sachsen.de\/index.php?rest_route=\/wp\/v2\/types\/page"}],"author":[{"embeddable":true,"href":"https:\/\/www.kss-sachsen.de\/index.php?rest_route=\/wp\/v2\/users\/1"}],"replies":[{"embeddable":true,"href":"https:\/\/www.kss-sachsen.de\/index.php?rest_route=%2Fwp%2Fv2%2Fcomments&post=2706"}],"version-history":[{"count":4,"href":"https:\/\/www.kss-sachsen.de\/index.php?rest_route=\/wp\/v2\/pages\/2706\/revisions"}],"predecessor-version":[{"id":3846,"href":"https:\/\/www.kss-sachsen.de\/index.php?rest_route=\/wp\/v2\/pages\/2706\/revisions\/3846"}],"up":[{"embeddable":true,"href":"https:\/\/www.kss-sachsen.de\/index.php?rest_route=\/wp\/v2\/pages\/210"}],"wp:attachment":[{"href":"https:\/\/www.kss-sachsen.de\/index.php?rest_route=%2Fwp%2Fv2%2Fmedia&parent=2706"}],"curies":[{"name":"wp","href":"https:\/\/api.w.org\/{rel}","templated":true}]}}