{"id":3050,"date":"2022-10-19T17:05:12","date_gmt":"2022-10-19T15:05:12","guid":{"rendered":"https:\/\/www.kss-sachsen.de\/?page_id=3050"},"modified":"2024-01-13T23:16:57","modified_gmt":"2024-01-13T22:16:57","slug":"proteste-im-iran","status":"publish","type":"page","link":"https:\/\/www.kss-sachsen.de\/proteste_iran","title":{"rendered":"Proteste im Iran"},"content":{"rendered":"<h2>Solidarit\u00e4t mit den Demonstrierenden<\/h2>\n<p>Die Landesstudierendenvertretung hat auf die Proteste im Iran reagiert und sich mit den Demonstrierenden solidarisiert. Der vollst\u00e4ndige Beschluss ist hier einsehbar:<\/p>\n<h3>Beschluss:\u00a0 Solidarisierung mit den protestierenden Studierenden im Iran (15.10.2022)<\/h3>\n<p>Der LSR m\u00f6ge beschlie\u00dfen, sich den Solidarit\u00e4tsbekundungen mit den im Iran Protestierenden anzuschlie\u00dfen.<br \/>\nDer Kampf um Demokratie, Menschenrechte und individuelle Freiheit verdient unsere Unterst\u00fctzung. Eine Demokratisierung darf nicht aufgehalten werden.<br \/>\nInsbesonders verurteilt die KSS Gewalt und Repressalien gegen iranische Menschen, insbesondere Studierende, die gegen das totalit\u00e4re Regime und seine frauenfeindliche Sittenpolizei ank\u00e4mpfen.<br \/>\nDie KSS vertritt die Position, dass gute universit\u00e4re Bildung und Forschung nur in einem freien demokratischen System ohne dominierende religi\u00f6sen Dogmen und daraus abgeleiteten Freiheitseinschr\u00e4nkungen, Repressalien und Hierarchien m\u00f6glich sind.<br \/>\nDie KSS fordert, aus dem Iran gefl\u00fcchtete Studierenden schnell die M\u00f6glichkeit zu geben, das Studium in Deutschland weiter fortzuf\u00fchren.<\/p>\n","protected":false},"excerpt":{"rendered":"<p>Solidarit\u00e4t mit den Demonstrierenden Die Landesstudierendenvertretung hat auf die Proteste im Iran reagiert und sich mit den Demonstrierenden solidarisiert. Der vollst\u00e4ndige Beschluss ist hier einsehbar: Beschluss:\u00a0 Solidarisierung mit den protestierenden Studierenden im Iran (15.10.2022) Der LSR m\u00f6ge beschlie\u00dfen, sich den Solidarit\u00e4tsbekundungen mit den im Iran Protestierenden anzuschlie\u00dfen. Der Kampf um Demokratie, Menschenrechte und individuelle Freiheit verdient unsere Unterst\u00fctzung. Eine Demokratisierung<a class=\"read-more\" href=\"https:\/\/www.kss-sachsen.de\/proteste_iran\">Hier weiter lesen&#8230;<\/a><\/p>\n","protected":false},"author":1,"featured_media":0,"parent":210,"menu_order":0,"comment_status":"closed","ping_status":"closed","template":"","meta":{"footnotes":""},"yoast_head":"<!-- This site is optimized with the Yoast SEO plugin v23.5 - https:\/\/yoast.com\/wordpress\/plugins\/seo\/ -->\n<title>Proteste im Iran - KSS<\/title>\n<meta name=\"robots\" content=\"index, follow, max-snippet:-1, max-image-preview:large, max-video-preview:-1\" \/>\n<link rel=\"canonical\" href=\"https:\/\/www.kss-sachsen.de\/proteste_iran\" \/>\n<meta property=\"og:locale\" content=\"de_DE\" \/>\n<meta property=\"og:type\" content=\"article\" \/>\n<meta property=\"og:title\" content=\"Proteste im Iran - KSS\" \/>\n<meta property=\"og:description\" content=\"Solidarit\u00e4t mit den Demonstrierenden Die Landesstudierendenvertretung hat auf die Proteste im Iran reagiert und sich mit den Demonstrierenden solidarisiert. Der vollst\u00e4ndige Beschluss ist hier einsehbar: Beschluss:\u00a0 Solidarisierung mit den protestierenden Studierenden im Iran (15.10.2022) Der LSR m\u00f6ge beschlie\u00dfen, sich den Solidarit\u00e4tsbekundungen mit den im Iran Protestierenden anzuschlie\u00dfen. Der Kampf um Demokratie, Menschenrechte und individuelle Freiheit verdient unsere Unterst\u00fctzung. Eine DemokratisierungHier weiter lesen...\" \/>\n<meta property=\"og:url\" content=\"https:\/\/www.kss-sachsen.de\/proteste_iran\" \/>\n<meta property=\"og:site_name\" content=\"KSS\" \/>\n<meta property=\"article:modified_time\" content=\"2024-01-13T22:16:57+00:00\" \/>\n<meta name=\"twitter:card\" content=\"summary_large_image\" \/>\n<meta name=\"twitter:label1\" content=\"Gesch\u00e4tzte Lesezeit\" \/>\n\t<meta name=\"twitter:data1\" content=\"1\u00a0Minute\" \/>\n<script type=\"application\/ld+json\" class=\"yoast-schema-graph\">{\"@context\":\"https:\/\/schema.org\",\"@graph\":[{\"@type\":\"WebPage\",\"@id\":\"https:\/\/www.kss-sachsen.de\/proteste_iran\",\"url\":\"https:\/\/www.kss-sachsen.de\/proteste_iran\",\"name\":\"Proteste im Iran - KSS\",\"isPartOf\":{\"@id\":\"https:\/\/www.kss-sachsen.de\/#website\"},\"datePublished\":\"2022-10-19T15:05:12+00:00\",\"dateModified\":\"2024-01-13T22:16:57+00:00\",\"breadcrumb\":{\"@id\":\"https:\/\/www.kss-sachsen.de\/proteste_iran#breadcrumb\"},\"inLanguage\":\"de\",\"potentialAction\":[{\"@type\":\"ReadAction\",\"target\":[\"https:\/\/www.kss-sachsen.de\/proteste_iran\"]}]},{\"@type\":\"BreadcrumbList\",\"@id\":\"https:\/\/www.kss-sachsen.de\/proteste_iran#breadcrumb\",\"itemListElement\":[{\"@type\":\"ListItem\",\"position\":1,\"name\":\"Home\",\"item\":\"https:\/\/www.kss-sachsen.de\/\"},{\"@type\":\"ListItem\",\"position\":2,\"name\":\"Themen\",\"item\":\"https:\/\/www.kss-sachsen.de\/themen\"},{\"@type\":\"ListItem\",\"position\":3,\"name\":\"Soziales\",\"item\":\"https:\/\/www.kss-sachsen.de\/soziales\"},{\"@type\":\"ListItem\",\"position\":4,\"name\":\"Internationales\",\"item\":\"https:\/\/www.kss-sachsen.de\/internationales\"},{\"@type\":\"ListItem\",\"position\":5,\"name\":\"Proteste im Iran\"}]},{\"@type\":\"WebSite\",\"@id\":\"https:\/\/www.kss-sachsen.de\/#website\",\"url\":\"https:\/\/www.kss-sachsen.de\/\",\"name\":\"Konferenz S\u00e4chsischer Studierendenschaften\",\"description\":\"Konferenz S\u00e4chsischer Studierendenschaften\",\"publisher\":{\"@id\":\"https:\/\/www.kss-sachsen.de\/#organization\"},\"potentialAction\":[{\"@type\":\"SearchAction\",\"target\":{\"@type\":\"EntryPoint\",\"urlTemplate\":\"https:\/\/www.kss-sachsen.de\/?s={search_term_string}\"},\"query-input\":{\"@type\":\"PropertyValueSpecification\",\"valueRequired\":true,\"valueName\":\"search_term_string\"}}],\"inLanguage\":\"de\"},{\"@type\":\"Organization\",\"@id\":\"https:\/\/www.kss-sachsen.de\/#organization\",\"name\":\"Konferenz S\u00e4chsischer Studierendenschaften\",\"url\":\"https:\/\/www.kss-sachsen.de\/\",\"logo\":{\"@type\":\"ImageObject\",\"inLanguage\":\"de\",\"@id\":\"https:\/\/www.kss-sachsen.de\/#\/schema\/logo\/image\/\",\"url\":\"https:\/\/www.kss-sachsen.de\/wp-content\/uploads\/2023\/02\/Logo-KSS.png\",\"contentUrl\":\"https:\/\/www.kss-sachsen.de\/wp-content\/uploads\/2023\/02\/Logo-KSS.png\",\"width\":2239,\"height\":1528,\"caption\":\"Konferenz S\u00e4chsischer Studierendenschaften\"},\"image\":{\"@id\":\"https:\/\/www.kss-sachsen.de\/#\/schema\/logo\/image\/\"},\"sameAs\":[\"https:\/\/www.instagram.com\/kss_sachsen\/\"]}]}<\/script>\n<!-- \/ Yoast SEO plugin. -->","yoast_head_json":{"title":"Proteste im Iran - KSS","robots":{"index":"index","follow":"follow","max-snippet":"max-snippet:-1","max-image-preview":"max-image-preview:large","max-video-preview":"max-video-preview:-1"},"canonical":"https:\/\/www.kss-sachsen.de\/proteste_iran","og_locale":"de_DE","og_type":"article","og_title":"Proteste im Iran - KSS","og_description":"Solidarit\u00e4t mit den Demonstrierenden Die Landesstudierendenvertretung hat auf die Proteste im Iran reagiert und sich mit den Demonstrierenden solidarisiert. Der vollst\u00e4ndige Beschluss ist hier einsehbar: Beschluss:\u00a0 Solidarisierung mit den protestierenden Studierenden im Iran (15.10.2022) Der LSR m\u00f6ge beschlie\u00dfen, sich den Solidarit\u00e4tsbekundungen mit den im Iran Protestierenden anzuschlie\u00dfen. Der Kampf um Demokratie, Menschenrechte und individuelle Freiheit verdient unsere Unterst\u00fctzung. Eine DemokratisierungHier weiter lesen...","og_url":"https:\/\/www.kss-sachsen.de\/proteste_iran","og_site_name":"KSS","article_modified_time":"2024-01-13T22:16:57+00:00","twitter_card":"summary_large_image","twitter_misc":{"Gesch\u00e4tzte Lesezeit":"1\u00a0Minute"},"schema":{"@context":"https:\/\/schema.org","@graph":[{"@type":"WebPage","@id":"https:\/\/www.kss-sachsen.de\/proteste_iran","url":"https:\/\/www.kss-sachsen.de\/proteste_iran","name":"Proteste im Iran - KSS","isPartOf":{"@id":"https:\/\/www.kss-sachsen.de\/#website"},"datePublished":"2022-10-19T15:05:12+00:00","dateModified":"2024-01-13T22:16:57+00:00","breadcrumb":{"@id":"https:\/\/www.kss-sachsen.de\/proteste_iran#breadcrumb"},"inLanguage":"de","potentialAction":[{"@type":"ReadAction","target":["https:\/\/www.kss-sachsen.de\/proteste_iran"]}]},{"@type":"BreadcrumbList","@id":"https:\/\/www.kss-sachsen.de\/proteste_iran#breadcrumb","itemListElement":[{"@type":"ListItem","position":1,"name":"Home","item":"https:\/\/www.kss-sachsen.de\/"},{"@type":"ListItem","position":2,"name":"Themen","item":"https:\/\/www.kss-sachsen.de\/themen"},{"@type":"ListItem","position":3,"name":"Soziales","item":"https:\/\/www.kss-sachsen.de\/soziales"},{"@type":"ListItem","position":4,"name":"Internationales","item":"https:\/\/www.kss-sachsen.de\/internationales"},{"@type":"ListItem","position":5,"name":"Proteste im Iran"}]},{"@type":"WebSite","@id":"https:\/\/www.kss-sachsen.de\/#website","url":"https:\/\/www.kss-sachsen.de\/","name":"Konferenz S\u00e4chsischer Studierendenschaften","description":"Konferenz S\u00e4chsischer Studierendenschaften","publisher":{"@id":"https:\/\/www.kss-sachsen.de\/#organization"},"potentialAction":[{"@type":"SearchAction","target":{"@type":"EntryPoint","urlTemplate":"https:\/\/www.kss-sachsen.de\/?s={search_term_string}"},"query-input":{"@type":"PropertyValueSpecification","valueRequired":true,"valueName":"search_term_string"}}],"inLanguage":"de"},{"@type":"Organization","@id":"https:\/\/www.kss-sachsen.de\/#organization","name":"Konferenz S\u00e4chsischer Studierendenschaften","url":"https:\/\/www.kss-sachsen.de\/","logo":{"@type":"ImageObject","inLanguage":"de","@id":"https:\/\/www.kss-sachsen.de\/#\/schema\/logo\/image\/","url":"https:\/\/www.kss-sachsen.de\/wp-content\/uploads\/2023\/02\/Logo-KSS.png","contentUrl":"https:\/\/www.kss-sachsen.de\/wp-content\/uploads\/2023\/02\/Logo-KSS.png","width":2239,"height":1528,"caption":"Konferenz S\u00e4chsischer Studierendenschaften"},"image":{"@id":"https:\/\/www.kss-sachsen.de\/#\/schema\/logo\/image\/"},"sameAs":["https:\/\/www.instagram.com\/kss_sachsen\/"]}]}},"_links":{"self":[{"href":"https:\/\/www.kss-sachsen.de\/index.php?rest_route=\/wp\/v2\/pages\/3050"}],"collection":[{"href":"https:\/\/www.kss-sachsen.de\/index.php?rest_route=\/wp\/v2\/pages"}],"about":[{"href":"https:\/\/www.kss-sachsen.de\/index.php?rest_route=\/wp\/v2\/types\/page"}],"author":[{"embeddable":true,"href":"https:\/\/www.kss-sachsen.de\/index.php?rest_route=\/wp\/v2\/users\/1"}],"replies":[{"embeddable":true,"href":"https:\/\/www.kss-sachsen.de\/index.php?rest_route=%2Fwp%2Fv2%2Fcomments&post=3050"}],"version-history":[{"count":4,"href":"https:\/\/www.kss-sachsen.de\/index.php?rest_route=\/wp\/v2\/pages\/3050\/revisions"}],"predecessor-version":[{"id":3847,"href":"https:\/\/www.kss-sachsen.de\/index.php?rest_route=\/wp\/v2\/pages\/3050\/revisions\/3847"}],"up":[{"embeddable":true,"href":"https:\/\/www.kss-sachsen.de\/index.php?rest_route=\/wp\/v2\/pages\/210"}],"wp:attachment":[{"href":"https:\/\/www.kss-sachsen.de\/index.php?rest_route=%2Fwp%2Fv2%2Fmedia&parent=3050"}],"curies":[{"name":"wp","href":"https:\/\/api.w.org\/{rel}","templated":true}]}}