{"id":3084,"date":"2022-11-03T21:28:25","date_gmt":"2022-11-03T20:28:25","guid":{"rendered":"https:\/\/www.kss-sachsen.de\/?page_id=3084"},"modified":"2024-01-07T16:45:37","modified_gmt":"2024-01-07T15:45:37","slug":"bildungszeit","status":"publish","type":"page","link":"https:\/\/www.kss-sachsen.de\/bildungszeit","title":{"rendered":"Bildungszeit"},"content":{"rendered":"<p>Sachsen und Bayern haben <a href=\"https:\/\/www.bildungsurlaub.de\/infos\/bundeslaender\/\">als einzige Bundesl\u00e4nder Bildungszeit nicht gesetzlich verankert<\/a>. Dabei ist das im Interesse der Arbeitnehmer*innen. Bildungsurlaub bedeutet die Teilnahme an Fortbildungen zur beruflichen, politischen, ehrenamtlichen, sozialen oder kulturellen Bildung. So kann z. B. \u00fcber die vielf\u00e4ltigen Herausforderungen, Ver\u00e4nderungen und Krisen gelernt und die Handlungsf\u00e4higkeit der Arbeitnehmer*innen gest\u00e4rkt werden. Demokratiegef\u00e4hrdenden Tendenzen kann entgegengewirkt werden. Deshalb unterst\u00fctzt die KSS die <a href=\"https:\/\/www.zeit-fuer-sachsen.de\/\">Bildungszeitkampagne des DGB<\/a>. Denn auch Studierende lohnarbeiten und k\u00f6nnen von einem Mehr an Bildung in der Arbeitszeit profitieren.<\/p>\n<h2>Unterst\u00fctzen der\u00a0Bildungszeitkampagne<\/h2>\n<p>Unterschreibe den Volksantrag des DGB in einem Unterschriftenb\u00fcro in Deiner N\u00e4he. Bei folgenden Studierendenr\u00e4te kann der Volksantrag unterschrieben werden:<\/p>\n<ul>\n<li><a href=\"https:\/\/www.stura.tu-dresden.de\/\"><strong>Studierendenrat der TU Dresden<\/strong><\/a>:\u00a0George-B\u00e4hr-Str. 1e,\u00a001069 Dresden<\/li>\n<li><a href=\"https:\/\/stura.uni-leipzig.de\/\"><strong>Student*innenRat der Universit\u00e4t Leipzig<\/strong><\/a>: Universit\u00e4tsstr. 1, 04109 Leipzig<\/li>\n<li><a href=\"https:\/\/stura.htwk-leipzig.de\/\"><strong>StudierendenRat der HTWK Leipzig<\/strong><\/a>:\u00a0Karl-Liebknecht-Str. 132 (Raum G101), 04277 Leipzig S\u00fcdvorstadt<\/li>\n<li><a href=\"https:\/\/www.stura.tu-freiberg.de\/de\/\"><strong>Studierendenrat der TU Bergakademie Freiberg<\/strong><\/a>:\u00a0Agricolastr. 10,\u00a009599 Freiberg<\/li>\n<li><strong><a href=\"https:\/\/www.stura.tu-chemnitz.de\/home\">Student_innenRat der TU Chemnitz<\/a><\/strong>:\u00a0Th\u00fcringer Weg 11 (Raum 006),\u00a009126 Chemnitz<\/li>\n<\/ul>\n<p>Weitere Unterschriftensammelstellen der B\u00fcndnispartner findet ihr auf der Webseite der Kampagne unter\u00a0<a href=\"https:\/\/www.zeit-fuer-sachsen.de\">www.zeit-fuer-sachsen.de<\/a>.<\/p>\n","protected":false},"excerpt":{"rendered":"<p>Sachsen und Bayern haben als einzige Bundesl\u00e4nder Bildungszeit nicht gesetzlich verankert. Dabei ist das im Interesse der Arbeitnehmer*innen. Bildungsurlaub bedeutet die Teilnahme an Fortbildungen zur beruflichen, politischen, ehrenamtlichen, sozialen oder kulturellen Bildung. So kann z. B. \u00fcber die vielf\u00e4ltigen Herausforderungen, Ver\u00e4nderungen und Krisen gelernt und die Handlungsf\u00e4higkeit der Arbeitnehmer*innen gest\u00e4rkt werden. Demokratiegef\u00e4hrdenden Tendenzen kann entgegengewirkt werden. Deshalb unterst\u00fctzt die KSS<a class=\"read-more\" href=\"https:\/\/www.kss-sachsen.de\/bildungszeit\">Hier weiter lesen&#8230;<\/a><\/p>\n","protected":false},"author":1,"featured_media":0,"parent":3082,"menu_order":0,"comment_status":"closed","ping_status":"closed","template":"","meta":{"footnotes":""},"yoast_head":"<!-- This site is optimized with the Yoast SEO plugin v23.5 - https:\/\/yoast.com\/wordpress\/plugins\/seo\/ -->\n<title>Bildungszeit - KSS<\/title>\n<meta name=\"robots\" content=\"index, follow, max-snippet:-1, max-image-preview:large, max-video-preview:-1\" \/>\n<link rel=\"canonical\" href=\"https:\/\/www.kss-sachsen.de\/bildungszeit\" \/>\n<meta property=\"og:locale\" content=\"de_DE\" \/>\n<meta property=\"og:type\" content=\"article\" \/>\n<meta property=\"og:title\" content=\"Bildungszeit - KSS\" \/>\n<meta property=\"og:description\" content=\"Sachsen und Bayern haben als einzige Bundesl\u00e4nder Bildungszeit nicht gesetzlich verankert. Dabei ist das im Interesse der Arbeitnehmer*innen. Bildungsurlaub bedeutet die Teilnahme an Fortbildungen zur beruflichen, politischen, ehrenamtlichen, sozialen oder kulturellen Bildung. So kann z. B. \u00fcber die vielf\u00e4ltigen Herausforderungen, Ver\u00e4nderungen und Krisen gelernt und die Handlungsf\u00e4higkeit der Arbeitnehmer*innen gest\u00e4rkt werden. Demokratiegef\u00e4hrdenden Tendenzen kann entgegengewirkt werden. Deshalb unterst\u00fctzt die KSSHier weiter lesen...\" \/>\n<meta property=\"og:url\" content=\"https:\/\/www.kss-sachsen.de\/bildungszeit\" \/>\n<meta property=\"og:site_name\" content=\"KSS\" \/>\n<meta property=\"article:modified_time\" content=\"2024-01-07T15:45:37+00:00\" \/>\n<meta name=\"twitter:card\" content=\"summary_large_image\" \/>\n<meta name=\"twitter:label1\" content=\"Gesch\u00e4tzte Lesezeit\" \/>\n\t<meta name=\"twitter:data1\" content=\"1\u00a0Minute\" \/>\n<script type=\"application\/ld+json\" class=\"yoast-schema-graph\">{\"@context\":\"https:\/\/schema.org\",\"@graph\":[{\"@type\":\"WebPage\",\"@id\":\"https:\/\/www.kss-sachsen.de\/bildungszeit\",\"url\":\"https:\/\/www.kss-sachsen.de\/bildungszeit\",\"name\":\"Bildungszeit - KSS\",\"isPartOf\":{\"@id\":\"https:\/\/www.kss-sachsen.de\/#website\"},\"datePublished\":\"2022-11-03T20:28:25+00:00\",\"dateModified\":\"2024-01-07T15:45:37+00:00\",\"breadcrumb\":{\"@id\":\"https:\/\/www.kss-sachsen.de\/bildungszeit#breadcrumb\"},\"inLanguage\":\"de\",\"potentialAction\":[{\"@type\":\"ReadAction\",\"target\":[\"https:\/\/www.kss-sachsen.de\/bildungszeit\"]}]},{\"@type\":\"BreadcrumbList\",\"@id\":\"https:\/\/www.kss-sachsen.de\/bildungszeit#breadcrumb\",\"itemListElement\":[{\"@type\":\"ListItem\",\"position\":1,\"name\":\"Home\",\"item\":\"https:\/\/www.kss-sachsen.de\/\"},{\"@type\":\"ListItem\",\"position\":2,\"name\":\"Themen\",\"item\":\"https:\/\/www.kss-sachsen.de\/themen\"},{\"@type\":\"ListItem\",\"position\":3,\"name\":\"Arbeitsbedingungen\",\"item\":\"https:\/\/www.kss-sachsen.de\/arbeitsbedingungen\"},{\"@type\":\"ListItem\",\"position\":4,\"name\":\"Bildungszeit\"}]},{\"@type\":\"WebSite\",\"@id\":\"https:\/\/www.kss-sachsen.de\/#website\",\"url\":\"https:\/\/www.kss-sachsen.de\/\",\"name\":\"Konferenz S\u00e4chsischer Studierendenschaften\",\"description\":\"Konferenz S\u00e4chsischer Studierendenschaften\",\"publisher\":{\"@id\":\"https:\/\/www.kss-sachsen.de\/#organization\"},\"potentialAction\":[{\"@type\":\"SearchAction\",\"target\":{\"@type\":\"EntryPoint\",\"urlTemplate\":\"https:\/\/www.kss-sachsen.de\/?s={search_term_string}\"},\"query-input\":{\"@type\":\"PropertyValueSpecification\",\"valueRequired\":true,\"valueName\":\"search_term_string\"}}],\"inLanguage\":\"de\"},{\"@type\":\"Organization\",\"@id\":\"https:\/\/www.kss-sachsen.de\/#organization\",\"name\":\"Konferenz S\u00e4chsischer Studierendenschaften\",\"url\":\"https:\/\/www.kss-sachsen.de\/\",\"logo\":{\"@type\":\"ImageObject\",\"inLanguage\":\"de\",\"@id\":\"https:\/\/www.kss-sachsen.de\/#\/schema\/logo\/image\/\",\"url\":\"https:\/\/www.kss-sachsen.de\/wp-content\/uploads\/2023\/02\/Logo-KSS.png\",\"contentUrl\":\"https:\/\/www.kss-sachsen.de\/wp-content\/uploads\/2023\/02\/Logo-KSS.png\",\"width\":2239,\"height\":1528,\"caption\":\"Konferenz S\u00e4chsischer Studierendenschaften\"},\"image\":{\"@id\":\"https:\/\/www.kss-sachsen.de\/#\/schema\/logo\/image\/\"},\"sameAs\":[\"https:\/\/www.instagram.com\/kss_sachsen\/\"]}]}<\/script>\n<!-- \/ Yoast SEO plugin. -->","yoast_head_json":{"title":"Bildungszeit - KSS","robots":{"index":"index","follow":"follow","max-snippet":"max-snippet:-1","max-image-preview":"max-image-preview:large","max-video-preview":"max-video-preview:-1"},"canonical":"https:\/\/www.kss-sachsen.de\/bildungszeit","og_locale":"de_DE","og_type":"article","og_title":"Bildungszeit - KSS","og_description":"Sachsen und Bayern haben als einzige Bundesl\u00e4nder Bildungszeit nicht gesetzlich verankert. Dabei ist das im Interesse der Arbeitnehmer*innen. Bildungsurlaub bedeutet die Teilnahme an Fortbildungen zur beruflichen, politischen, ehrenamtlichen, sozialen oder kulturellen Bildung. So kann z. B. \u00fcber die vielf\u00e4ltigen Herausforderungen, Ver\u00e4nderungen und Krisen gelernt und die Handlungsf\u00e4higkeit der Arbeitnehmer*innen gest\u00e4rkt werden. Demokratiegef\u00e4hrdenden Tendenzen kann entgegengewirkt werden. Deshalb unterst\u00fctzt die KSSHier weiter lesen...","og_url":"https:\/\/www.kss-sachsen.de\/bildungszeit","og_site_name":"KSS","article_modified_time":"2024-01-07T15:45:37+00:00","twitter_card":"summary_large_image","twitter_misc":{"Gesch\u00e4tzte Lesezeit":"1\u00a0Minute"},"schema":{"@context":"https:\/\/schema.org","@graph":[{"@type":"WebPage","@id":"https:\/\/www.kss-sachsen.de\/bildungszeit","url":"https:\/\/www.kss-sachsen.de\/bildungszeit","name":"Bildungszeit - KSS","isPartOf":{"@id":"https:\/\/www.kss-sachsen.de\/#website"},"datePublished":"2022-11-03T20:28:25+00:00","dateModified":"2024-01-07T15:45:37+00:00","breadcrumb":{"@id":"https:\/\/www.kss-sachsen.de\/bildungszeit#breadcrumb"},"inLanguage":"de","potentialAction":[{"@type":"ReadAction","target":["https:\/\/www.kss-sachsen.de\/bildungszeit"]}]},{"@type":"BreadcrumbList","@id":"https:\/\/www.kss-sachsen.de\/bildungszeit#breadcrumb","itemListElement":[{"@type":"ListItem","position":1,"name":"Home","item":"https:\/\/www.kss-sachsen.de\/"},{"@type":"ListItem","position":2,"name":"Themen","item":"https:\/\/www.kss-sachsen.de\/themen"},{"@type":"ListItem","position":3,"name":"Arbeitsbedingungen","item":"https:\/\/www.kss-sachsen.de\/arbeitsbedingungen"},{"@type":"ListItem","position":4,"name":"Bildungszeit"}]},{"@type":"WebSite","@id":"https:\/\/www.kss-sachsen.de\/#website","url":"https:\/\/www.kss-sachsen.de\/","name":"Konferenz S\u00e4chsischer Studierendenschaften","description":"Konferenz S\u00e4chsischer Studierendenschaften","publisher":{"@id":"https:\/\/www.kss-sachsen.de\/#organization"},"potentialAction":[{"@type":"SearchAction","target":{"@type":"EntryPoint","urlTemplate":"https:\/\/www.kss-sachsen.de\/?s={search_term_string}"},"query-input":{"@type":"PropertyValueSpecification","valueRequired":true,"valueName":"search_term_string"}}],"inLanguage":"de"},{"@type":"Organization","@id":"https:\/\/www.kss-sachsen.de\/#organization","name":"Konferenz S\u00e4chsischer Studierendenschaften","url":"https:\/\/www.kss-sachsen.de\/","logo":{"@type":"ImageObject","inLanguage":"de","@id":"https:\/\/www.kss-sachsen.de\/#\/schema\/logo\/image\/","url":"https:\/\/www.kss-sachsen.de\/wp-content\/uploads\/2023\/02\/Logo-KSS.png","contentUrl":"https:\/\/www.kss-sachsen.de\/wp-content\/uploads\/2023\/02\/Logo-KSS.png","width":2239,"height":1528,"caption":"Konferenz S\u00e4chsischer Studierendenschaften"},"image":{"@id":"https:\/\/www.kss-sachsen.de\/#\/schema\/logo\/image\/"},"sameAs":["https:\/\/www.instagram.com\/kss_sachsen\/"]}]}},"_links":{"self":[{"href":"https:\/\/www.kss-sachsen.de\/index.php?rest_route=\/wp\/v2\/pages\/3084"}],"collection":[{"href":"https:\/\/www.kss-sachsen.de\/index.php?rest_route=\/wp\/v2\/pages"}],"about":[{"href":"https:\/\/www.kss-sachsen.de\/index.php?rest_route=\/wp\/v2\/types\/page"}],"author":[{"embeddable":true,"href":"https:\/\/www.kss-sachsen.de\/index.php?rest_route=\/wp\/v2\/users\/1"}],"replies":[{"embeddable":true,"href":"https:\/\/www.kss-sachsen.de\/index.php?rest_route=%2Fwp%2Fv2%2Fcomments&post=3084"}],"version-history":[{"count":4,"href":"https:\/\/www.kss-sachsen.de\/index.php?rest_route=\/wp\/v2\/pages\/3084\/revisions"}],"predecessor-version":[{"id":3678,"href":"https:\/\/www.kss-sachsen.de\/index.php?rest_route=\/wp\/v2\/pages\/3084\/revisions\/3678"}],"up":[{"embeddable":true,"href":"https:\/\/www.kss-sachsen.de\/index.php?rest_route=\/wp\/v2\/pages\/3082"}],"wp:attachment":[{"href":"https:\/\/www.kss-sachsen.de\/index.php?rest_route=%2Fwp%2Fv2%2Fmedia&parent=3084"}],"curies":[{"name":"wp","href":"https:\/\/api.w.org\/{rel}","templated":true}]}}