{"id":3259,"date":"2023-02-21T19:28:37","date_gmt":"2023-02-21T18:28:37","guid":{"rendered":"https:\/\/www.kss-sachsen.de\/?page_id=3259"},"modified":"2024-01-14T00:25:51","modified_gmt":"2024-01-13T23:25:51","slug":"prufungsabmeldungen-bei-krankheit","status":"publish","type":"page","link":"https:\/\/www.kss-sachsen.de\/pruefungsabmeldungen","title":{"rendered":"Pr\u00fcfungsabmeldungen bei Krankheit"},"content":{"rendered":"<p class=\"ace-line\" spellcheck=\"true\">Die Landesstudierendenvertretung hat einen Positionierung zur Pr\u00fcfungsabmeldung im Krankheitsfall gefasst und diese zuletzt mit Beschluss vom 18.02.2023 aktualisiert. Der\u00a0Beschluss sind hier einsehbar.<\/p>\n<h2 class=\"ace-line\" spellcheck=\"true\">Beschluss: Positionierung zur Pr\u00fcfungsabmeldung an s\u00e4chsischen Hochschulen (18.02.2023)<\/h2>\n<p><span class=\"author-a-z73z2z74zhz73zz89zz68z2z77z7yz88z6asn\">Die KSS fordert hinsichtlich der krankheitsbedingten Pr\u00fcfungsabmeldung an s\u00e4chsischen Hochschulen folgende Regelung in das s\u00e4chsische Hochschulgesetz aufzunehmen:<\/span><\/p>\n<div id=\"magicdomid547\" class=\"ace-line\" spellcheck=\"true\">\n<blockquote><p><em><span class=\"author-a-z73z2z74zhz73zz89zz68z2z77z7yz88z6asn\">\u201eF\u00fcr den Nachweis der krankheitsbedingten Pr\u00fcfungsunf\u00e4higkeit reicht eine \u00e4rztliche Bescheinigung \u00fcber das Bestehen der Pr\u00fcfungsunf\u00e4higkeit hin. Sofern die*der \u00c4rzt*in Geb\u00fchren f\u00fcr die \u00e4rztliche Bescheinigung erhebt, hat die Hochschule diese zu erstatten. Sofern erhebliche tats\u00e4chliche Anhaltspunkte, die eine Pr\u00fcfungsf\u00e4higkeit als wahrscheinlich erscheinen lassen, bestehen, ist die Hochschule berechtigt, auf ihre Kosten eine \u00e4rztliche Bescheinigung einer*eines Vertrauens\u00e4rzt*in der Hochschule zu verlangen; Studierende m\u00fcssen zwischen mehreren Vertrauens\u00e4rzt*innen w\u00e4hlen k\u00f6nnen. Eine Einholung sonstiger amtlicher Bescheinigungen, Zeugnisse oder Gutachten findet nicht statt.\u201c<\/span><\/em><\/p><\/blockquote>\n<p><span class=\"author-a-pfkz66zbhz72zz70zz75z9ejr2lz89z\">Die KSS lehnt die Praxis der Vertrauens\u00e4rzt*innen jedoch prinzipiell ab, da es aus einem Grundmisstrauen gegen\u00fcber Studierenden und ihren \u00c4rzt*innen entspringt. Statt \u201eDr. Holiday-Krankschreibungen\u201c verhindern zu wollen, sollte lieber die Pr\u00fcfungsabmeldung flexibler gestaltet werden und den Studierenden mehr Eigenverantwortung im Hinblick auf ihr Studium zugetraut werden.<\/span><\/p>\n<\/div>\n<h3>Begr\u00fcndung zum Beschluss<\/h3>\n<p id=\"magicdomid551\" class=\"ace-line\" spellcheck=\"true\"><span class=\"author-a-z73z2z74zhz73zz89zz68z2z77z7yz88z6asn\">Nach intensiver Recherche im Vorfeld der letzten Anh\u00f6rung zur Novellierung des S\u00e4chsischen Hochschulgesetzes hat sich herausgestellt, dass in keinem Bundesland die Vorlage einer Arbeitsunf\u00e4higkeitsbescheinigung (AU) zur Pr\u00fcfungsabmeldung gesetzlich zwingend hinreichend ist. Dies ergibt sich nicht zuletzt aus der einschl\u00e4gigen Rechtssprechung, die den Pr\u00fcfungsausschuss berechtigt, die Pr\u00fcfungsunf\u00e4higkeit des\/der Student*in festzustellen. Auch die s\u00e4chsische Datenschutzbeauftragte hat wiederholt entsprechende Aussagen (etwa in ihrem 16. T\u00e4tigkeitsbericht unter Punkt 13.1) get\u00e4tigt.<\/span><\/p>\n<p id=\"magicdomid553\" class=\"ace-line\" spellcheck=\"true\"><span class=\"author-a-z73z2z74zhz73zz89zz68z2z77z7yz88z6asn\">In den letzten Wochen hat sich gezeigt, dass mehrere s\u00e4chsische Hochschulen von einer recht liberalen Praxis abweichen und von nun an von ihren Studierenden Atteste mit Symptomen oder gar Krankheitsbeschreibungen einfordern. Es ist insofern erwartbar, dass bei gleichbleibender Rechtslage zeitnah auch jene Hochschulen, welche aktuell noch liberal handeln, nachziehen.<\/span><\/p>\n<p id=\"magicdomid554\" class=\"ace-line\" spellcheck=\"true\"><span class=\"author-a-z73z2z74zhz73zz89zz68z2z77z7yz88z6asn\">In Anbetracht der politischen Verh\u00e4ltnisse in Sachsen ist nicht erwartbar, dass man einen Weg geht, der in noch keinem anderen dt. Bundesland gegangen wurde. Nach entsprechender Recherche hat sich jedoch gezeigt, dass die L\u00e4nder Nordrhein-Westfalen und Th\u00fcringen Regelungen i. S. des Antragstextes in ihren Gesetzen haben, welche auch offensichtlich mit geltendem Recht vereinbar sind.\u00a0<\/span><\/p>\n<p id=\"magicdomid556\" class=\"ace-line\" spellcheck=\"true\"><span class=\"author-a-z73z2z74zhz73zz89zz68z2z77z7yz88z6asn\">Diese Regelungen und damit auch der hier vorliegende Antrag l\u00e4uft darauf hinaus, dass die \u00c4rztin ein Formular auszuf\u00fcllen hat, welches die Pr\u00fcfungsunf\u00e4higkeit best\u00e4tigt, vermutlich differenziert nach Pr\u00fcfungsart (schriftlich, m\u00fcndlich, (sport-)praktisch, Hausarbeit). Als gutes Beispiel kann die <a href=\"https:\/\/www.uni-frankfurt.de\/109997297\/Formular_zur_Bescheinigung_der_Pr\u00fcfungsunf\u00e4higkeit.pdf\" target=\"_blank\">Vorlage der Universit\u00e4t Frankfurt am Main<\/a> angesehen werden. Die Forderung nach der Kosten\u00fcbernahme f\u00fcr ggf. entstehende Geb\u00fchren durch die Hochschule ergibt sich aus der sozialen Situation unserer Kommiliton*innen.<\/span><\/p>\n<p id=\"magicdomid558\" class=\"ace-line\" spellcheck=\"true\"><span class=\"author-a-z73z2z74zhz73zz89zz68z2z77z7yz88z6asn\">Der zweite Teil des Gesetzesvorschlages ist als ein Auffangparagraph zu verstehen, der dem &#8218;Argument&#8216; der sog. Dr. Holiday-\u00c4rzt*innen entgegenwirken soll.<\/span><\/p>\n","protected":false},"excerpt":{"rendered":"<p>Die Landesstudierendenvertretung hat einen Positionierung zur Pr\u00fcfungsabmeldung im Krankheitsfall gefasst und diese zuletzt mit Beschluss vom 18.02.2023 aktualisiert. Der\u00a0Beschluss sind hier einsehbar. Beschluss: Positionierung zur Pr\u00fcfungsabmeldung an s\u00e4chsischen Hochschulen (18.02.2023) Die KSS fordert hinsichtlich der krankheitsbedingten Pr\u00fcfungsabmeldung an s\u00e4chsischen Hochschulen folgende Regelung in das s\u00e4chsische Hochschulgesetz aufzunehmen: \u201eF\u00fcr den Nachweis der krankheitsbedingten Pr\u00fcfungsunf\u00e4higkeit reicht eine \u00e4rztliche Bescheinigung \u00fcber das Bestehen<a class=\"read-more\" href=\"https:\/\/www.kss-sachsen.de\/pruefungsabmeldungen\">Hier weiter lesen&#8230;<\/a><\/p>\n","protected":false},"author":1,"featured_media":0,"parent":3698,"menu_order":2,"comment_status":"closed","ping_status":"closed","template":"","meta":{"footnotes":""},"yoast_head":"<!-- This site is optimized with the Yoast SEO plugin v23.5 - https:\/\/yoast.com\/wordpress\/plugins\/seo\/ -->\n<title>Pr\u00fcfungsabmeldungen bei Krankheit - KSS<\/title>\n<meta name=\"robots\" content=\"index, follow, max-snippet:-1, max-image-preview:large, max-video-preview:-1\" \/>\n<link rel=\"canonical\" href=\"https:\/\/www.kss-sachsen.de\/pruefungsabmeldungen\" \/>\n<meta property=\"og:locale\" content=\"de_DE\" \/>\n<meta property=\"og:type\" content=\"article\" \/>\n<meta property=\"og:title\" content=\"Pr\u00fcfungsabmeldungen bei Krankheit - KSS\" \/>\n<meta property=\"og:description\" content=\"Die Landesstudierendenvertretung hat einen Positionierung zur Pr\u00fcfungsabmeldung im Krankheitsfall gefasst und diese zuletzt mit Beschluss vom 18.02.2023 aktualisiert. Der\u00a0Beschluss sind hier einsehbar. Beschluss: Positionierung zur Pr\u00fcfungsabmeldung an s\u00e4chsischen Hochschulen (18.02.2023) Die KSS fordert hinsichtlich der krankheitsbedingten Pr\u00fcfungsabmeldung an s\u00e4chsischen Hochschulen folgende Regelung in das s\u00e4chsische Hochschulgesetz aufzunehmen: \u201eF\u00fcr den Nachweis der krankheitsbedingten Pr\u00fcfungsunf\u00e4higkeit reicht eine \u00e4rztliche Bescheinigung \u00fcber das BestehenHier weiter lesen...\" \/>\n<meta property=\"og:url\" content=\"https:\/\/www.kss-sachsen.de\/pruefungsabmeldungen\" \/>\n<meta property=\"og:site_name\" content=\"KSS\" \/>\n<meta property=\"article:modified_time\" content=\"2024-01-13T23:25:51+00:00\" \/>\n<meta name=\"twitter:card\" content=\"summary_large_image\" \/>\n<meta name=\"twitter:label1\" content=\"Gesch\u00e4tzte Lesezeit\" \/>\n\t<meta name=\"twitter:data1\" content=\"2\u00a0Minuten\" \/>\n<script type=\"application\/ld+json\" class=\"yoast-schema-graph\">{\"@context\":\"https:\/\/schema.org\",\"@graph\":[{\"@type\":\"WebPage\",\"@id\":\"https:\/\/www.kss-sachsen.de\/pruefungsabmeldungen\",\"url\":\"https:\/\/www.kss-sachsen.de\/pruefungsabmeldungen\",\"name\":\"Pr\u00fcfungsabmeldungen bei Krankheit - KSS\",\"isPartOf\":{\"@id\":\"https:\/\/www.kss-sachsen.de\/#website\"},\"datePublished\":\"2023-02-21T18:28:37+00:00\",\"dateModified\":\"2024-01-13T23:25:51+00:00\",\"breadcrumb\":{\"@id\":\"https:\/\/www.kss-sachsen.de\/pruefungsabmeldungen#breadcrumb\"},\"inLanguage\":\"de\",\"potentialAction\":[{\"@type\":\"ReadAction\",\"target\":[\"https:\/\/www.kss-sachsen.de\/pruefungsabmeldungen\"]}]},{\"@type\":\"BreadcrumbList\",\"@id\":\"https:\/\/www.kss-sachsen.de\/pruefungsabmeldungen#breadcrumb\",\"itemListElement\":[{\"@type\":\"ListItem\",\"position\":1,\"name\":\"Home\",\"item\":\"https:\/\/www.kss-sachsen.de\/\"},{\"@type\":\"ListItem\",\"position\":2,\"name\":\"Themen\",\"item\":\"https:\/\/www.kss-sachsen.de\/themen\"},{\"@type\":\"ListItem\",\"position\":3,\"name\":\"Studienbedingungen\",\"item\":\"https:\/\/www.kss-sachsen.de\/studienbedingungen\"},{\"@type\":\"ListItem\",\"position\":4,\"name\":\"Pr\u00fcfungsabmeldungen bei Krankheit\"}]},{\"@type\":\"WebSite\",\"@id\":\"https:\/\/www.kss-sachsen.de\/#website\",\"url\":\"https:\/\/www.kss-sachsen.de\/\",\"name\":\"Konferenz S\u00e4chsischer Studierendenschaften\",\"description\":\"Konferenz S\u00e4chsischer Studierendenschaften\",\"publisher\":{\"@id\":\"https:\/\/www.kss-sachsen.de\/#organization\"},\"potentialAction\":[{\"@type\":\"SearchAction\",\"target\":{\"@type\":\"EntryPoint\",\"urlTemplate\":\"https:\/\/www.kss-sachsen.de\/?s={search_term_string}\"},\"query-input\":{\"@type\":\"PropertyValueSpecification\",\"valueRequired\":true,\"valueName\":\"search_term_string\"}}],\"inLanguage\":\"de\"},{\"@type\":\"Organization\",\"@id\":\"https:\/\/www.kss-sachsen.de\/#organization\",\"name\":\"Konferenz S\u00e4chsischer Studierendenschaften\",\"url\":\"https:\/\/www.kss-sachsen.de\/\",\"logo\":{\"@type\":\"ImageObject\",\"inLanguage\":\"de\",\"@id\":\"https:\/\/www.kss-sachsen.de\/#\/schema\/logo\/image\/\",\"url\":\"https:\/\/www.kss-sachsen.de\/wp-content\/uploads\/2023\/02\/Logo-KSS.png\",\"contentUrl\":\"https:\/\/www.kss-sachsen.de\/wp-content\/uploads\/2023\/02\/Logo-KSS.png\",\"width\":2239,\"height\":1528,\"caption\":\"Konferenz S\u00e4chsischer Studierendenschaften\"},\"image\":{\"@id\":\"https:\/\/www.kss-sachsen.de\/#\/schema\/logo\/image\/\"},\"sameAs\":[\"https:\/\/www.instagram.com\/kss_sachsen\/\"]}]}<\/script>\n<!-- \/ Yoast SEO plugin. -->","yoast_head_json":{"title":"Pr\u00fcfungsabmeldungen bei Krankheit - KSS","robots":{"index":"index","follow":"follow","max-snippet":"max-snippet:-1","max-image-preview":"max-image-preview:large","max-video-preview":"max-video-preview:-1"},"canonical":"https:\/\/www.kss-sachsen.de\/pruefungsabmeldungen","og_locale":"de_DE","og_type":"article","og_title":"Pr\u00fcfungsabmeldungen bei Krankheit - KSS","og_description":"Die Landesstudierendenvertretung hat einen Positionierung zur Pr\u00fcfungsabmeldung im Krankheitsfall gefasst und diese zuletzt mit Beschluss vom 18.02.2023 aktualisiert. Der\u00a0Beschluss sind hier einsehbar. Beschluss: Positionierung zur Pr\u00fcfungsabmeldung an s\u00e4chsischen Hochschulen (18.02.2023) Die KSS fordert hinsichtlich der krankheitsbedingten Pr\u00fcfungsabmeldung an s\u00e4chsischen Hochschulen folgende Regelung in das s\u00e4chsische Hochschulgesetz aufzunehmen: \u201eF\u00fcr den Nachweis der krankheitsbedingten Pr\u00fcfungsunf\u00e4higkeit reicht eine \u00e4rztliche Bescheinigung \u00fcber das BestehenHier weiter lesen...","og_url":"https:\/\/www.kss-sachsen.de\/pruefungsabmeldungen","og_site_name":"KSS","article_modified_time":"2024-01-13T23:25:51+00:00","twitter_card":"summary_large_image","twitter_misc":{"Gesch\u00e4tzte Lesezeit":"2\u00a0Minuten"},"schema":{"@context":"https:\/\/schema.org","@graph":[{"@type":"WebPage","@id":"https:\/\/www.kss-sachsen.de\/pruefungsabmeldungen","url":"https:\/\/www.kss-sachsen.de\/pruefungsabmeldungen","name":"Pr\u00fcfungsabmeldungen bei Krankheit - KSS","isPartOf":{"@id":"https:\/\/www.kss-sachsen.de\/#website"},"datePublished":"2023-02-21T18:28:37+00:00","dateModified":"2024-01-13T23:25:51+00:00","breadcrumb":{"@id":"https:\/\/www.kss-sachsen.de\/pruefungsabmeldungen#breadcrumb"},"inLanguage":"de","potentialAction":[{"@type":"ReadAction","target":["https:\/\/www.kss-sachsen.de\/pruefungsabmeldungen"]}]},{"@type":"BreadcrumbList","@id":"https:\/\/www.kss-sachsen.de\/pruefungsabmeldungen#breadcrumb","itemListElement":[{"@type":"ListItem","position":1,"name":"Home","item":"https:\/\/www.kss-sachsen.de\/"},{"@type":"ListItem","position":2,"name":"Themen","item":"https:\/\/www.kss-sachsen.de\/themen"},{"@type":"ListItem","position":3,"name":"Studienbedingungen","item":"https:\/\/www.kss-sachsen.de\/studienbedingungen"},{"@type":"ListItem","position":4,"name":"Pr\u00fcfungsabmeldungen bei Krankheit"}]},{"@type":"WebSite","@id":"https:\/\/www.kss-sachsen.de\/#website","url":"https:\/\/www.kss-sachsen.de\/","name":"Konferenz S\u00e4chsischer Studierendenschaften","description":"Konferenz S\u00e4chsischer Studierendenschaften","publisher":{"@id":"https:\/\/www.kss-sachsen.de\/#organization"},"potentialAction":[{"@type":"SearchAction","target":{"@type":"EntryPoint","urlTemplate":"https:\/\/www.kss-sachsen.de\/?s={search_term_string}"},"query-input":{"@type":"PropertyValueSpecification","valueRequired":true,"valueName":"search_term_string"}}],"inLanguage":"de"},{"@type":"Organization","@id":"https:\/\/www.kss-sachsen.de\/#organization","name":"Konferenz S\u00e4chsischer Studierendenschaften","url":"https:\/\/www.kss-sachsen.de\/","logo":{"@type":"ImageObject","inLanguage":"de","@id":"https:\/\/www.kss-sachsen.de\/#\/schema\/logo\/image\/","url":"https:\/\/www.kss-sachsen.de\/wp-content\/uploads\/2023\/02\/Logo-KSS.png","contentUrl":"https:\/\/www.kss-sachsen.de\/wp-content\/uploads\/2023\/02\/Logo-KSS.png","width":2239,"height":1528,"caption":"Konferenz S\u00e4chsischer Studierendenschaften"},"image":{"@id":"https:\/\/www.kss-sachsen.de\/#\/schema\/logo\/image\/"},"sameAs":["https:\/\/www.instagram.com\/kss_sachsen\/"]}]}},"_links":{"self":[{"href":"https:\/\/www.kss-sachsen.de\/index.php?rest_route=\/wp\/v2\/pages\/3259"}],"collection":[{"href":"https:\/\/www.kss-sachsen.de\/index.php?rest_route=\/wp\/v2\/pages"}],"about":[{"href":"https:\/\/www.kss-sachsen.de\/index.php?rest_route=\/wp\/v2\/types\/page"}],"author":[{"embeddable":true,"href":"https:\/\/www.kss-sachsen.de\/index.php?rest_route=\/wp\/v2\/users\/1"}],"replies":[{"embeddable":true,"href":"https:\/\/www.kss-sachsen.de\/index.php?rest_route=%2Fwp%2Fv2%2Fcomments&post=3259"}],"version-history":[{"count":6,"href":"https:\/\/www.kss-sachsen.de\/index.php?rest_route=\/wp\/v2\/pages\/3259\/revisions"}],"predecessor-version":[{"id":3855,"href":"https:\/\/www.kss-sachsen.de\/index.php?rest_route=\/wp\/v2\/pages\/3259\/revisions\/3855"}],"up":[{"embeddable":true,"href":"https:\/\/www.kss-sachsen.de\/index.php?rest_route=\/wp\/v2\/pages\/3698"}],"wp:attachment":[{"href":"https:\/\/www.kss-sachsen.de\/index.php?rest_route=%2Fwp%2Fv2%2Fmedia&parent=3259"}],"curies":[{"name":"wp","href":"https:\/\/api.w.org\/{rel}","templated":true}]}}