{"id":3333,"date":"2023-03-29T13:52:47","date_gmt":"2023-03-29T11:52:47","guid":{"rendered":"https:\/\/www.kss-sachsen.de\/?page_id=3333"},"modified":"2024-01-13T23:47:26","modified_gmt":"2024-01-13T22:47:26","slug":"grundsatzbeschluss-studentische-armut-strukturell-bekampfen","status":"publish","type":"page","link":"https:\/\/www.kss-sachsen.de\/studentische_armut","title":{"rendered":"Studentische Armut"},"content":{"rendered":"<p>Statt einmaligen Entlastungen in Krisenzeiten, die nur einen Tropfen auf den hei\u00dfen Stein darstellen, braucht es eine Anerkennung und Bek\u00e4mpfung des Missstands, dass ein erheblicher Prozentsatz von Studierenden in finanzieller Not lebt. Viel zu oft wird studentische Armut normalisiert und sogar romantisiert. Es darf nicht hingenommen werden, dass viele Studierende in st\u00e4ndigen Geldsorgen leben m\u00fcssen, die ihr Studium erheblich beeintr\u00e4chtigen. Dass sie neben dem Studium arbeiten m\u00fcssen, um sich \u00fcber Wasser zu halten. Dass ihnen ehrenamtliches Engagement und Mitarbeit in den Gremien der Hochschulen verwehrt bleibt, weil sie f\u00fcr ihren Lebensunterhalt sorgen m\u00fcssen. Oder dass sie vollkommen von der Willk\u00fcr ihrer Eltern abh\u00e4ngig sind.<\/p>\n<p>Wir brauchen eine Ausbildungsfinanzierung, die fl\u00e4chendeckend und Familien-unabh\u00e4ngig ist und zum Leben reicht. Wir brauchen Ma\u00dfnahmen, die auch anderen von Armut betroffenen Menschen zu gute kommen: kostenfreien, oder zumindest sehr viel g\u00fcnstigeren, \u00f6ffentlichen Nahverkehr, g\u00fcnstigen und verf\u00fcgbaren Wohnraum, z. B. durch vermehrten sozialen Wohnungsbau, gute Arbeitsbedingungen f\u00fcr Jobs mit geringen Einstellungsvoraussetzungen. Wir brauchen endlich einen studentischen Tarifvertrag, damit zumindest der Arbeitsplatz an der Hochschule nicht ausbeuterisch ist. Mindestens aber brauchen wir starke Studierendenwerke, die uns Studierende auffangen, wenn die Regierung studentische Armut nicht ernsthaft bek\u00e4mpft, die Studierenden g\u00fcnstige Mahlzeiten, Wohnraum und Beratungen bieten und gut ausgestattete H\u00e4rtefallt\u00f6pfe zur Hilfe von Studierenden in finanzieller Not anbieten.<\/p>\n<p>Die bisherigen Nothilfen waren au\u00dferdem viel zu kompliziert aufgestellt und wurden unrealistisch vergeben. Bei den Studierendenwerken existieren zwar bereits durchdachte H\u00e4rtefallfonds und individuelle Beratungen, die jedoch chronisch unterfinanziert und unbekannt sind. H\u00e4ufig schrecken auch Darlehen Bed\u00fcrftige ab, aus Angst, in die Schuldenfalle zu geraten. Hier muss noch weiterhin Besserung erfolgen.<\/p>\n<p>Die KSS soll daf\u00fcr weiterhin auf die Landesregierung einwirken und gemeinsam mit dem fzs und den anderen Landesstudierendenvertretung sich f\u00fcr die genannten bundesweiten Forderungen einsetzen.<\/p>\n<p>Schon 2020 waren laut einer Studie des Parit\u00e4tischen [1] rund 30 % aller Studierenden von Armut betroffen, sogar um die 80 % der alleinlebenden. Dieses Problem hat sich h\u00f6chstwahrscheinlich durch Corona und die aktuelle Preiskrise noch mal erheblich versch\u00e4rft. W\u00e4hrend Corona und auch aktuell gibt es, teils katastrophal laufende, Entlastungspakete wie die Corona-Nothilfe oder die 200-Euro-Einmalzahlung. Im Sommer 2022 war au\u00dferdem ein gro\u00dfes Problem, dass nur Teilgruppen der Studierenden Anspruch auf Entlastungen hatten. Schon damals hatte der LSR beschlossen, dass sich die KSS f\u00fcr fl\u00e4chendeckende Entlastungen einsetzt [2]. Das sind allerdings alles nur tempor\u00e4re Pflaster. Wir denken, dass an der strukturellen Armut von Studierenden ger\u00fcttelt werden muss.<br \/>\n[1]: <a href=\"https:\/\/www.der-paritaetische.de\/fileadmin\/user_upload\/Publikationen\/doc\/PaFo-2022-Armut_von_Studierenden.pdf\" rel=\"noreferrer noopener\">https:\/\/www.der-paritaetische.de\/fileadmin\/user_upload\/Publikationen\/doc\/PaFo-2022-Armut_von_Studierenden.pdf<\/a><br \/>\n[2]: <a href=\"https:\/\/www.kss-sachsen.de\/beschlussdatenbank\" rel=\"noreferrer noopener\">https:\/\/www.kss-sachsen.de\/beschlussdatenbank<\/a>, 23.07.2022, TOP 2.5<\/p>\n<p>Deswegen hat die Landesstudierendenvertretung einen Beschluss zur studentischen Armut gefasst und dabei auch Forderungen an die strukturelle Bek\u00e4mpfung gestellt. Der Grundsatzbeschluss ist hier einsehbar:<\/p>\n<h2>Grundsatzbeschluss: Studentische Armut strukturell bek\u00e4mpfen (25.03.2023)<\/h2>\n<p>Der LSR m\u00f6ge beschlie\u00dfen, dass die KSS sich f\u00fcr eine Sichtbarmachung und strukturelle Bek\u00e4mpfung studentischer Armut stark macht.<\/p>\n<h3>Wir m\u00f6chten darauf aufmerksam machen, dass&#8230;<\/h3>\n<p style=\"padding-left: 30px;\">&#8230;Geldsorgen das Studium erheblich beeintr\u00e4chtigen und zum Studienabbruch f\u00fchren k\u00f6nnen.<\/p>\n<p style=\"padding-left: 30px;\">&#8230;der Gro\u00dfteil der Studierenden neben dem Vollzeitstudium arbeiten muss.<\/p>\n<p style=\"padding-left: 30px;\">&#8230;Ehrenamt (auch auf Hochschulebene) vielen aufgrund finanzieller Notlagen verwehrt bleibt.<\/p>\n<p style=\"padding-left: 30px;\">&#8230;viele Studierende auch von der Willk\u00fcr ihrer Eltern abh\u00e4ngig sind.<\/p>\n<h3>Wir fordern daher L\u00f6sungen auf struktureller Ebene:<\/h3>\n<h4>Wahrung sozial vertr\u00e4glicher Angebote f\u00fcr Studierende!<\/h4>\n<div id=\"magicdomid614\" class=\"ace-line\" spellcheck=\"true\">\n<ul class=\"list-bullet1\">\n<li><span class=\"author-a-z73zz75zz74zz77zz76zbz69z5z88zpe4ayz69zz70z\">Verhinderung der Preisanstiege in Wohnheimen, Mensen und\u00a0<\/span><\/li>\n<\/ul>\n<\/div>\n<div id=\"magicdomid615\" class=\"ace-line\" spellcheck=\"true\">\n<ul class=\"list-bullet1\">\n<li><span class=\"author-a-z73zz75zz74zz77zz76zbz69z5z88zpe4ayz69zz70z\">bei sozialen Dienstleistungen<\/span><\/li>\n<\/ul>\n<\/div>\n<div id=\"magicdomid616\" class=\"ace-line\" spellcheck=\"true\">\n<ul class=\"list-bullet1\">\n<li><span class=\"author-a-z73zz75zz74zz77zz76zbz69z5z88zpe4ayz69zz70z\">Ausbau, Sanierung und Bezuschussung von Studierendenwohnheimen und sozialem Wohnungsbau<\/span><\/li>\n<\/ul>\n<\/div>\n<div id=\"magicdomid617\" class=\"ace-line\" spellcheck=\"true\">\n<ul class=\"list-bullet1\">\n<li><span class=\"author-a-z73zz75zz74zz77zz76zbz69z5z88zpe4ayz69zz70z\">Schaffung und Bewahrung kosteng\u00fcnstiger, sozial gerechter Mobilit\u00e4t<\/span><\/li>\n<\/ul>\n<\/div>\n<div id=\"magicdomid619\" class=\"ace-line\" spellcheck=\"true\">\n<h4>Studentisches Einkommen an der Lebensrealit\u00e4t orientieren!<\/h4>\n<\/div>\n<div id=\"magicdomid620\" class=\"ace-line\" spellcheck=\"true\">\n<ul class=\"list-bullet1\">\n<li><span class=\"author-a-z73zz75zz74zz77zz76zbz69z5z88zpe4ayz69zz70z\">Schaffung einer ausk\u00f6mmlichen Ausbildungsfinanzierung und Strukturreform des BAf\u00f6G (analog <a href=\"https:\/\/www.kss-sachsen.de\/bafoeg_forderungen\">unseres bisherigen Forderungskataloges<\/a>)<\/span><\/li>\n<\/ul>\n<\/div>\n<div id=\"magicdomid621\" class=\"ace-line\" spellcheck=\"true\">\n<ul class=\"list-bullet1\">\n<li><span class=\"author-a-z73zz75zz74zz77zz76zbz69z5z88zpe4ayz69zz70z\">Bessere Arbeitsbedingungen f\u00fcr Studierende an Hochschulen analog den Forderungen des B\u00fcndnisses TV Stud Sachsen<\/span><\/li>\n<\/ul>\n<\/div>\n<div id=\"magicdomid622\" class=\"ace-line\" spellcheck=\"true\">\n<ul class=\"list-bullet1\">\n<li><span class=\"author-a-z73zz75zz74zz77zz76zbz69z5z88zpe4ayz69zz70z\">gute Arbeitsbedinungen und Verg\u00fctung generell bei studentischen Jobs<\/span><\/li>\n<\/ul>\n<h4>Unkomplizierte Nothilfen!<\/h4>\n<\/div>\n<div id=\"magicdomid625\" class=\"ace-line\" spellcheck=\"true\">\n<ul class=\"list-bullet1\">\n<li><span class=\"author-a-z73zz75zz74zz77zz76zbz69z5z88zpe4ayz69zz70z\">Zusch\u00fcsse statt Darlehen und weitere unkomplizierte und unb\u00fcrokratische Hilfsangebote<\/span><\/li>\n<\/ul>\n<\/div>\n<div id=\"magicdomid626\" class=\"ace-line\" spellcheck=\"true\">\n<ul class=\"list-bullet1\">\n<li><span class=\"author-a-z73zz75zz74zz77zz76zbz69z5z88zpe4ayz69zz70z\">Deutliches Aufstocken und leichtere Vergabe der H\u00e4rtefallfonds, Verzicht auf stark eingeengte Definitionen von \u201cH\u00e4rtefall\u201d\u00a0<\/span><\/li>\n<\/ul>\n<\/div>\n<div id=\"magicdomid627\" class=\"ace-line\" spellcheck=\"true\">\n<ul class=\"list-bullet1\">\n<li><span class=\"author-a-z73zz75zz74zz77zz76zbz69z5z88zpe4ayz69zz70z\">Ausfinanzierung der Sozial- und Psychosozialberatung<\/span><\/li>\n<\/ul>\n<\/div>\n<div id=\"magicdomid628\" class=\"ace-line\" spellcheck=\"true\">\n<ul class=\"list-bullet1\">\n<li><span class=\"author-a-z73zz75zz74zz77zz76zbz69z5z88zpe4ayz69zz70z\">Massive Aufstockung der STIBET-I-Mittel f\u00fcr den DAAD zur Unterst\u00fctzung ausl\u00e4ndischer Studierender und Entkoppelung von Leistungskriterien<\/span><\/li>\n<\/ul>\n<h4>Sinnvolle Informationskampagnen!<\/h4>\n<\/div>\n<div id=\"magicdomid631\" class=\"ace-line\" spellcheck=\"true\">\n<ul class=\"list-bullet1\">\n<li><span class=\"author-a-z73zz75zz74zz77zz76zbz69z5z88zpe4ayz69zz70z\">\u00dcberregionale Bewerbung der Beratungssysteme, verst\u00e4ndliche \u00dcbersichten zu verschiedenen Finanzierungsm\u00f6glichkeiten des Studiums<\/span><\/li>\n<\/ul>\n<\/div>\n<div id=\"magicdomid632\" class=\"ace-line\" spellcheck=\"true\">\n<ul class=\"list-bullet1\">\n<li><span class=\"author-a-z73zz75zz74zz77zz76zbz69z5z88zpe4ayz69zz70z\">Regionales, umfassendes Informieren durch die Hochschulleitungen \u00fcber alle Unterst\u00fctzungsangebote<\/span><\/li>\n<\/ul>\n<\/div>\n<div id=\"magicdomid633\" class=\"ace-line\" spellcheck=\"true\">\n<ul class=\"list-bullet1\">\n<li><span class=\"author-a-z73zz75zz74zz77zz76zbz69z5z88zpe4ayz69zz70z\">\u201eKein Studi wird allein gelassen\u201c soll die Botschaft sein<\/span><\/li>\n<\/ul>\n<\/div>\n","protected":false},"excerpt":{"rendered":"<p>Statt einmaligen Entlastungen in Krisenzeiten, die nur einen Tropfen auf den hei\u00dfen Stein darstellen, braucht es eine Anerkennung und Bek\u00e4mpfung des Missstands, dass ein erheblicher Prozentsatz von Studierenden in finanzieller Not lebt. Viel zu oft wird studentische Armut normalisiert und sogar romantisiert. Es darf nicht hingenommen werden, dass viele Studierende in st\u00e4ndigen Geldsorgen leben m\u00fcssen, die ihr Studium erheblich beeintr\u00e4chtigen.<a class=\"read-more\" href=\"https:\/\/www.kss-sachsen.de\/studentische_armut\">Hier weiter lesen&#8230;<\/a><\/p>\n","protected":false},"author":1,"featured_media":0,"parent":3331,"menu_order":0,"comment_status":"closed","ping_status":"closed","template":"","meta":{"footnotes":""},"yoast_head":"<!-- This site is optimized with the Yoast SEO plugin v23.5 - https:\/\/yoast.com\/wordpress\/plugins\/seo\/ -->\n<title>Studentische Armut - KSS<\/title>\n<meta name=\"robots\" content=\"index, follow, max-snippet:-1, max-image-preview:large, max-video-preview:-1\" \/>\n<link rel=\"canonical\" href=\"https:\/\/www.kss-sachsen.de\/studentische_armut\" \/>\n<meta property=\"og:locale\" content=\"de_DE\" \/>\n<meta property=\"og:type\" content=\"article\" \/>\n<meta property=\"og:title\" content=\"Studentische Armut - KSS\" \/>\n<meta property=\"og:description\" content=\"Statt einmaligen Entlastungen in Krisenzeiten, die nur einen Tropfen auf den hei\u00dfen Stein darstellen, braucht es eine Anerkennung und Bek\u00e4mpfung des Missstands, dass ein erheblicher Prozentsatz von Studierenden in finanzieller Not lebt. Viel zu oft wird studentische Armut normalisiert und sogar romantisiert. Es darf nicht hingenommen werden, dass viele Studierende in st\u00e4ndigen Geldsorgen leben m\u00fcssen, die ihr Studium erheblich beeintr\u00e4chtigen.Hier weiter lesen...\" \/>\n<meta property=\"og:url\" content=\"https:\/\/www.kss-sachsen.de\/studentische_armut\" \/>\n<meta property=\"og:site_name\" content=\"KSS\" \/>\n<meta property=\"article:modified_time\" content=\"2024-01-13T22:47:26+00:00\" \/>\n<meta name=\"twitter:card\" content=\"summary_large_image\" \/>\n<meta name=\"twitter:label1\" content=\"Gesch\u00e4tzte Lesezeit\" \/>\n\t<meta name=\"twitter:data1\" content=\"4\u00a0Minuten\" \/>\n<script type=\"application\/ld+json\" class=\"yoast-schema-graph\">{\"@context\":\"https:\/\/schema.org\",\"@graph\":[{\"@type\":\"WebPage\",\"@id\":\"https:\/\/www.kss-sachsen.de\/studentische_armut\",\"url\":\"https:\/\/www.kss-sachsen.de\/studentische_armut\",\"name\":\"Studentische Armut - KSS\",\"isPartOf\":{\"@id\":\"https:\/\/www.kss-sachsen.de\/#website\"},\"datePublished\":\"2023-03-29T11:52:47+00:00\",\"dateModified\":\"2024-01-13T22:47:26+00:00\",\"breadcrumb\":{\"@id\":\"https:\/\/www.kss-sachsen.de\/studentische_armut#breadcrumb\"},\"inLanguage\":\"de\",\"potentialAction\":[{\"@type\":\"ReadAction\",\"target\":[\"https:\/\/www.kss-sachsen.de\/studentische_armut\"]}]},{\"@type\":\"BreadcrumbList\",\"@id\":\"https:\/\/www.kss-sachsen.de\/studentische_armut#breadcrumb\",\"itemListElement\":[{\"@type\":\"ListItem\",\"position\":1,\"name\":\"Home\",\"item\":\"https:\/\/www.kss-sachsen.de\/\"},{\"@type\":\"ListItem\",\"position\":2,\"name\":\"Themen\",\"item\":\"https:\/\/www.kss-sachsen.de\/themen\"},{\"@type\":\"ListItem\",\"position\":3,\"name\":\"Soziales\",\"item\":\"https:\/\/www.kss-sachsen.de\/soziales\"},{\"@type\":\"ListItem\",\"position\":4,\"name\":\"Studentische Armut\"}]},{\"@type\":\"WebSite\",\"@id\":\"https:\/\/www.kss-sachsen.de\/#website\",\"url\":\"https:\/\/www.kss-sachsen.de\/\",\"name\":\"Konferenz S\u00e4chsischer Studierendenschaften\",\"description\":\"Konferenz S\u00e4chsischer Studierendenschaften\",\"publisher\":{\"@id\":\"https:\/\/www.kss-sachsen.de\/#organization\"},\"potentialAction\":[{\"@type\":\"SearchAction\",\"target\":{\"@type\":\"EntryPoint\",\"urlTemplate\":\"https:\/\/www.kss-sachsen.de\/?s={search_term_string}\"},\"query-input\":{\"@type\":\"PropertyValueSpecification\",\"valueRequired\":true,\"valueName\":\"search_term_string\"}}],\"inLanguage\":\"de\"},{\"@type\":\"Organization\",\"@id\":\"https:\/\/www.kss-sachsen.de\/#organization\",\"name\":\"Konferenz S\u00e4chsischer Studierendenschaften\",\"url\":\"https:\/\/www.kss-sachsen.de\/\",\"logo\":{\"@type\":\"ImageObject\",\"inLanguage\":\"de\",\"@id\":\"https:\/\/www.kss-sachsen.de\/#\/schema\/logo\/image\/\",\"url\":\"https:\/\/www.kss-sachsen.de\/wp-content\/uploads\/2023\/02\/Logo-KSS.png\",\"contentUrl\":\"https:\/\/www.kss-sachsen.de\/wp-content\/uploads\/2023\/02\/Logo-KSS.png\",\"width\":2239,\"height\":1528,\"caption\":\"Konferenz S\u00e4chsischer Studierendenschaften\"},\"image\":{\"@id\":\"https:\/\/www.kss-sachsen.de\/#\/schema\/logo\/image\/\"},\"sameAs\":[\"https:\/\/www.instagram.com\/kss_sachsen\/\"]}]}<\/script>\n<!-- \/ Yoast SEO plugin. -->","yoast_head_json":{"title":"Studentische Armut - KSS","robots":{"index":"index","follow":"follow","max-snippet":"max-snippet:-1","max-image-preview":"max-image-preview:large","max-video-preview":"max-video-preview:-1"},"canonical":"https:\/\/www.kss-sachsen.de\/studentische_armut","og_locale":"de_DE","og_type":"article","og_title":"Studentische Armut - KSS","og_description":"Statt einmaligen Entlastungen in Krisenzeiten, die nur einen Tropfen auf den hei\u00dfen Stein darstellen, braucht es eine Anerkennung und Bek\u00e4mpfung des Missstands, dass ein erheblicher Prozentsatz von Studierenden in finanzieller Not lebt. Viel zu oft wird studentische Armut normalisiert und sogar romantisiert. Es darf nicht hingenommen werden, dass viele Studierende in st\u00e4ndigen Geldsorgen leben m\u00fcssen, die ihr Studium erheblich beeintr\u00e4chtigen.Hier weiter lesen...","og_url":"https:\/\/www.kss-sachsen.de\/studentische_armut","og_site_name":"KSS","article_modified_time":"2024-01-13T22:47:26+00:00","twitter_card":"summary_large_image","twitter_misc":{"Gesch\u00e4tzte Lesezeit":"4\u00a0Minuten"},"schema":{"@context":"https:\/\/schema.org","@graph":[{"@type":"WebPage","@id":"https:\/\/www.kss-sachsen.de\/studentische_armut","url":"https:\/\/www.kss-sachsen.de\/studentische_armut","name":"Studentische Armut - KSS","isPartOf":{"@id":"https:\/\/www.kss-sachsen.de\/#website"},"datePublished":"2023-03-29T11:52:47+00:00","dateModified":"2024-01-13T22:47:26+00:00","breadcrumb":{"@id":"https:\/\/www.kss-sachsen.de\/studentische_armut#breadcrumb"},"inLanguage":"de","potentialAction":[{"@type":"ReadAction","target":["https:\/\/www.kss-sachsen.de\/studentische_armut"]}]},{"@type":"BreadcrumbList","@id":"https:\/\/www.kss-sachsen.de\/studentische_armut#breadcrumb","itemListElement":[{"@type":"ListItem","position":1,"name":"Home","item":"https:\/\/www.kss-sachsen.de\/"},{"@type":"ListItem","position":2,"name":"Themen","item":"https:\/\/www.kss-sachsen.de\/themen"},{"@type":"ListItem","position":3,"name":"Soziales","item":"https:\/\/www.kss-sachsen.de\/soziales"},{"@type":"ListItem","position":4,"name":"Studentische Armut"}]},{"@type":"WebSite","@id":"https:\/\/www.kss-sachsen.de\/#website","url":"https:\/\/www.kss-sachsen.de\/","name":"Konferenz S\u00e4chsischer Studierendenschaften","description":"Konferenz S\u00e4chsischer Studierendenschaften","publisher":{"@id":"https:\/\/www.kss-sachsen.de\/#organization"},"potentialAction":[{"@type":"SearchAction","target":{"@type":"EntryPoint","urlTemplate":"https:\/\/www.kss-sachsen.de\/?s={search_term_string}"},"query-input":{"@type":"PropertyValueSpecification","valueRequired":true,"valueName":"search_term_string"}}],"inLanguage":"de"},{"@type":"Organization","@id":"https:\/\/www.kss-sachsen.de\/#organization","name":"Konferenz S\u00e4chsischer Studierendenschaften","url":"https:\/\/www.kss-sachsen.de\/","logo":{"@type":"ImageObject","inLanguage":"de","@id":"https:\/\/www.kss-sachsen.de\/#\/schema\/logo\/image\/","url":"https:\/\/www.kss-sachsen.de\/wp-content\/uploads\/2023\/02\/Logo-KSS.png","contentUrl":"https:\/\/www.kss-sachsen.de\/wp-content\/uploads\/2023\/02\/Logo-KSS.png","width":2239,"height":1528,"caption":"Konferenz S\u00e4chsischer Studierendenschaften"},"image":{"@id":"https:\/\/www.kss-sachsen.de\/#\/schema\/logo\/image\/"},"sameAs":["https:\/\/www.instagram.com\/kss_sachsen\/"]}]}},"_links":{"self":[{"href":"https:\/\/www.kss-sachsen.de\/index.php?rest_route=\/wp\/v2\/pages\/3333"}],"collection":[{"href":"https:\/\/www.kss-sachsen.de\/index.php?rest_route=\/wp\/v2\/pages"}],"about":[{"href":"https:\/\/www.kss-sachsen.de\/index.php?rest_route=\/wp\/v2\/types\/page"}],"author":[{"embeddable":true,"href":"https:\/\/www.kss-sachsen.de\/index.php?rest_route=\/wp\/v2\/users\/1"}],"replies":[{"embeddable":true,"href":"https:\/\/www.kss-sachsen.de\/index.php?rest_route=%2Fwp%2Fv2%2Fcomments&post=3333"}],"version-history":[{"count":13,"href":"https:\/\/www.kss-sachsen.de\/index.php?rest_route=\/wp\/v2\/pages\/3333\/revisions"}],"predecessor-version":[{"id":3848,"href":"https:\/\/www.kss-sachsen.de\/index.php?rest_route=\/wp\/v2\/pages\/3333\/revisions\/3848"}],"up":[{"embeddable":true,"href":"https:\/\/www.kss-sachsen.de\/index.php?rest_route=\/wp\/v2\/pages\/3331"}],"wp:attachment":[{"href":"https:\/\/www.kss-sachsen.de\/index.php?rest_route=%2Fwp%2Fv2%2Fmedia&parent=3333"}],"curies":[{"name":"wp","href":"https:\/\/api.w.org\/{rel}","templated":true}]}}