{"id":3675,"date":"2024-01-07T16:13:17","date_gmt":"2024-01-07T15:13:17","guid":{"rendered":"https:\/\/www.kss-sachsen.de\/?page_id=3675"},"modified":"2024-01-31T13:48:34","modified_gmt":"2024-01-31T12:48:34","slug":"tvstud","status":"publish","type":"page","link":"https:\/\/www.kss-sachsen.de\/TVStud","title":{"rendered":"TVStud"},"content":{"rendered":"<p>Prek\u00e4r, befristet, schlecht bezahlt &#8211; mit diesen Worten lassen sich die Anstellungsverh\u00e4ltnisse der allermeisten studentischen und wissenschaftlichen Hilfskr\u00e4fte beschreiben. Fast alle Besch\u00e4ftigten an deutschen Hochschulen fallen unter tarifvertragliche Regelungen und haben z.B. das Recht,\u00a0eine eigene Personalvertretung zu w\u00e4hlen. Fast alle. F\u00fcr den \u00fcberwiegenden Teil der knapp 400.000 Studierenden, die als Hilfskr\u00e4fte und Tutor*innen an den Hochschulen besch\u00e4ftigt sind, werden diese Mindeststandards der Arbeitnehmer*innenrechte nicht umgesetzt. Dies bedeutet konkret schlechtere Bezahlung, nicht realisierter\u00a0Urlaubsanspruch und h\u00e4ufig keine Lohnfortzahlung im Krankheitsfall. Dazu kommen kurze Vertragslaufzeiten, die durch Aneinanderreihung von befristeten Vertr\u00e4gen f\u00fcr weitere existentielle Unsicherheit sorgen. Unsichere Arbeitsbedingungen sind damit die bittere Normalit\u00e4t f\u00fcr Studentische Besch\u00e4ftigte. Dabei handelt es sich bei Studentischen Besch\u00e4ftigten inzwischen um eine tragende S\u00e4ule des wissenschaftlichen Betriebs. Sei es bei der Unterst\u00fctzung von Forschung und Lehre, durch lehrveranstaltungsbegleitende Unterst\u00fctzungsangebote, durch T\u00e4tigkeiten in der Verwaltung und den Bibliotheken oder beim Korrigieren von Klausuren \u2013 so vielseitig die T\u00e4tigkeiten sind, so wichtig sind sie f\u00fcr das Funktionieren der Abl\u00e4ufe an den Hochschulen. Gerade w\u00e4hrend der Corona-Pandemie zeigt sich umso deutlicher, wie sehr der (digitale) Hochschulbetrieb auch von ihnen abh\u00e4ngt.<br \/>\nDeswegen k\u00e4mpfen wir als KSS an der Seite der Gewerkschaften f\u00fcr einen studentischen Tarifvertrag (TVStud), wie es ihn in Berlin zum Beispiel schon gibt. Daf\u00fcr haben wir regelm\u00e4\u00dfige Treffen mit der TVStud-Aktiven-Gruppe, in der wir unser weiteres Vorgehen besprechen.<\/p>\n<p>Die Studentischen Besch\u00e4ftigten waren bei den Tarifverhandlungen im Herbst 2023 sehr pr\u00e4sent. Erstmals wurde \u00fcber die Besch\u00e4ftigungsbedingungen der Hilfskr\u00e4fte verhandelt. Im Rahmen der Handlungen konnten die Gewerkschaften eine schuldrechtliche Vereinbarung \u00fcber 12 Monate Mindestlaufzeit und einen h\u00f6heren Mindestlohn von 13,25 Euro ab dem Sommersemester 2024 und 13,98 Euro ab dem Sommersemester 2025 erreichen.<\/p>\n<p>Bist du selbst an der Hochschule besch\u00e4ftigt und sp\u00fcrst die prek\u00e4ren Anstellungsverh\u00e4ltnisse selbst oder m\u00f6chtest dich einfach nur f\u00fcr die Rechte der Betroffenen einsetzen?\u00a0Dann melde dich bei uns unter <a href=\"mailto:beschaeftigung@kss-sachsen.de\">beschaeftigung(at)kss-sachsen.de<\/a> und wir helfen dir dabei dich einzubringen!<\/p>\n","protected":false},"excerpt":{"rendered":"<p>Prek\u00e4r, befristet, schlecht bezahlt &#8211; mit diesen Worten lassen sich die Anstellungsverh\u00e4ltnisse der allermeisten studentischen und wissenschaftlichen Hilfskr\u00e4fte beschreiben. Fast alle Besch\u00e4ftigten an deutschen Hochschulen fallen unter tarifvertragliche Regelungen und haben z.B. das Recht,\u00a0eine eigene Personalvertretung zu w\u00e4hlen. Fast alle. F\u00fcr den \u00fcberwiegenden Teil der knapp 400.000 Studierenden, die als Hilfskr\u00e4fte und Tutor*innen an den Hochschulen besch\u00e4ftigt sind, werden diese<a class=\"read-more\" href=\"https:\/\/www.kss-sachsen.de\/TVStud\">Hier weiter lesen&#8230;<\/a><\/p>\n","protected":false},"author":1,"featured_media":0,"parent":3082,"menu_order":0,"comment_status":"closed","ping_status":"closed","template":"","meta":{"footnotes":""},"yoast_head":"<!-- This site is optimized with the Yoast SEO plugin v23.5 - https:\/\/yoast.com\/wordpress\/plugins\/seo\/ -->\n<title>TVStud - KSS<\/title>\n<meta name=\"robots\" content=\"index, follow, max-snippet:-1, max-image-preview:large, max-video-preview:-1\" \/>\n<link rel=\"canonical\" href=\"https:\/\/www.kss-sachsen.de\/TVStud\" \/>\n<meta property=\"og:locale\" content=\"de_DE\" \/>\n<meta property=\"og:type\" content=\"article\" \/>\n<meta property=\"og:title\" content=\"TVStud - KSS\" \/>\n<meta property=\"og:description\" content=\"Prek\u00e4r, befristet, schlecht bezahlt &#8211; mit diesen Worten lassen sich die Anstellungsverh\u00e4ltnisse der allermeisten studentischen und wissenschaftlichen Hilfskr\u00e4fte beschreiben. Fast alle Besch\u00e4ftigten an deutschen Hochschulen fallen unter tarifvertragliche Regelungen und haben z.B. das Recht,\u00a0eine eigene Personalvertretung zu w\u00e4hlen. Fast alle. F\u00fcr den \u00fcberwiegenden Teil der knapp 400.000 Studierenden, die als Hilfskr\u00e4fte und Tutor*innen an den Hochschulen besch\u00e4ftigt sind, werden dieseHier weiter lesen...\" \/>\n<meta property=\"og:url\" content=\"https:\/\/www.kss-sachsen.de\/TVStud\" \/>\n<meta property=\"og:site_name\" content=\"KSS\" \/>\n<meta property=\"article:modified_time\" content=\"2024-01-31T12:48:34+00:00\" \/>\n<meta name=\"twitter:card\" content=\"summary_large_image\" \/>\n<meta name=\"twitter:label1\" content=\"Gesch\u00e4tzte Lesezeit\" \/>\n\t<meta name=\"twitter:data1\" content=\"2\u00a0Minuten\" \/>\n<script type=\"application\/ld+json\" class=\"yoast-schema-graph\">{\"@context\":\"https:\/\/schema.org\",\"@graph\":[{\"@type\":\"WebPage\",\"@id\":\"https:\/\/www.kss-sachsen.de\/TVStud\",\"url\":\"https:\/\/www.kss-sachsen.de\/TVStud\",\"name\":\"TVStud - KSS\",\"isPartOf\":{\"@id\":\"https:\/\/www.kss-sachsen.de\/#website\"},\"datePublished\":\"2024-01-07T15:13:17+00:00\",\"dateModified\":\"2024-01-31T12:48:34+00:00\",\"breadcrumb\":{\"@id\":\"https:\/\/www.kss-sachsen.de\/TVStud#breadcrumb\"},\"inLanguage\":\"de\",\"potentialAction\":[{\"@type\":\"ReadAction\",\"target\":[\"https:\/\/www.kss-sachsen.de\/TVStud\"]}]},{\"@type\":\"BreadcrumbList\",\"@id\":\"https:\/\/www.kss-sachsen.de\/TVStud#breadcrumb\",\"itemListElement\":[{\"@type\":\"ListItem\",\"position\":1,\"name\":\"Home\",\"item\":\"https:\/\/www.kss-sachsen.de\/\"},{\"@type\":\"ListItem\",\"position\":2,\"name\":\"Themen\",\"item\":\"https:\/\/www.kss-sachsen.de\/themen\"},{\"@type\":\"ListItem\",\"position\":3,\"name\":\"Arbeitsbedingungen\",\"item\":\"https:\/\/www.kss-sachsen.de\/arbeitsbedingungen\"},{\"@type\":\"ListItem\",\"position\":4,\"name\":\"TVStud\"}]},{\"@type\":\"WebSite\",\"@id\":\"https:\/\/www.kss-sachsen.de\/#website\",\"url\":\"https:\/\/www.kss-sachsen.de\/\",\"name\":\"Konferenz S\u00e4chsischer Studierendenschaften\",\"description\":\"Konferenz S\u00e4chsischer Studierendenschaften\",\"publisher\":{\"@id\":\"https:\/\/www.kss-sachsen.de\/#organization\"},\"potentialAction\":[{\"@type\":\"SearchAction\",\"target\":{\"@type\":\"EntryPoint\",\"urlTemplate\":\"https:\/\/www.kss-sachsen.de\/?s={search_term_string}\"},\"query-input\":{\"@type\":\"PropertyValueSpecification\",\"valueRequired\":true,\"valueName\":\"search_term_string\"}}],\"inLanguage\":\"de\"},{\"@type\":\"Organization\",\"@id\":\"https:\/\/www.kss-sachsen.de\/#organization\",\"name\":\"Konferenz S\u00e4chsischer Studierendenschaften\",\"url\":\"https:\/\/www.kss-sachsen.de\/\",\"logo\":{\"@type\":\"ImageObject\",\"inLanguage\":\"de\",\"@id\":\"https:\/\/www.kss-sachsen.de\/#\/schema\/logo\/image\/\",\"url\":\"https:\/\/www.kss-sachsen.de\/wp-content\/uploads\/2023\/02\/Logo-KSS.png\",\"contentUrl\":\"https:\/\/www.kss-sachsen.de\/wp-content\/uploads\/2023\/02\/Logo-KSS.png\",\"width\":2239,\"height\":1528,\"caption\":\"Konferenz S\u00e4chsischer Studierendenschaften\"},\"image\":{\"@id\":\"https:\/\/www.kss-sachsen.de\/#\/schema\/logo\/image\/\"},\"sameAs\":[\"https:\/\/www.instagram.com\/kss_sachsen\/\"]}]}<\/script>\n<!-- \/ Yoast SEO plugin. -->","yoast_head_json":{"title":"TVStud - KSS","robots":{"index":"index","follow":"follow","max-snippet":"max-snippet:-1","max-image-preview":"max-image-preview:large","max-video-preview":"max-video-preview:-1"},"canonical":"https:\/\/www.kss-sachsen.de\/TVStud","og_locale":"de_DE","og_type":"article","og_title":"TVStud - KSS","og_description":"Prek\u00e4r, befristet, schlecht bezahlt &#8211; mit diesen Worten lassen sich die Anstellungsverh\u00e4ltnisse der allermeisten studentischen und wissenschaftlichen Hilfskr\u00e4fte beschreiben. Fast alle Besch\u00e4ftigten an deutschen Hochschulen fallen unter tarifvertragliche Regelungen und haben z.B. das Recht,\u00a0eine eigene Personalvertretung zu w\u00e4hlen. Fast alle. F\u00fcr den \u00fcberwiegenden Teil der knapp 400.000 Studierenden, die als Hilfskr\u00e4fte und Tutor*innen an den Hochschulen besch\u00e4ftigt sind, werden dieseHier weiter lesen...","og_url":"https:\/\/www.kss-sachsen.de\/TVStud","og_site_name":"KSS","article_modified_time":"2024-01-31T12:48:34+00:00","twitter_card":"summary_large_image","twitter_misc":{"Gesch\u00e4tzte Lesezeit":"2\u00a0Minuten"},"schema":{"@context":"https:\/\/schema.org","@graph":[{"@type":"WebPage","@id":"https:\/\/www.kss-sachsen.de\/TVStud","url":"https:\/\/www.kss-sachsen.de\/TVStud","name":"TVStud - KSS","isPartOf":{"@id":"https:\/\/www.kss-sachsen.de\/#website"},"datePublished":"2024-01-07T15:13:17+00:00","dateModified":"2024-01-31T12:48:34+00:00","breadcrumb":{"@id":"https:\/\/www.kss-sachsen.de\/TVStud#breadcrumb"},"inLanguage":"de","potentialAction":[{"@type":"ReadAction","target":["https:\/\/www.kss-sachsen.de\/TVStud"]}]},{"@type":"BreadcrumbList","@id":"https:\/\/www.kss-sachsen.de\/TVStud#breadcrumb","itemListElement":[{"@type":"ListItem","position":1,"name":"Home","item":"https:\/\/www.kss-sachsen.de\/"},{"@type":"ListItem","position":2,"name":"Themen","item":"https:\/\/www.kss-sachsen.de\/themen"},{"@type":"ListItem","position":3,"name":"Arbeitsbedingungen","item":"https:\/\/www.kss-sachsen.de\/arbeitsbedingungen"},{"@type":"ListItem","position":4,"name":"TVStud"}]},{"@type":"WebSite","@id":"https:\/\/www.kss-sachsen.de\/#website","url":"https:\/\/www.kss-sachsen.de\/","name":"Konferenz S\u00e4chsischer Studierendenschaften","description":"Konferenz S\u00e4chsischer Studierendenschaften","publisher":{"@id":"https:\/\/www.kss-sachsen.de\/#organization"},"potentialAction":[{"@type":"SearchAction","target":{"@type":"EntryPoint","urlTemplate":"https:\/\/www.kss-sachsen.de\/?s={search_term_string}"},"query-input":{"@type":"PropertyValueSpecification","valueRequired":true,"valueName":"search_term_string"}}],"inLanguage":"de"},{"@type":"Organization","@id":"https:\/\/www.kss-sachsen.de\/#organization","name":"Konferenz S\u00e4chsischer Studierendenschaften","url":"https:\/\/www.kss-sachsen.de\/","logo":{"@type":"ImageObject","inLanguage":"de","@id":"https:\/\/www.kss-sachsen.de\/#\/schema\/logo\/image\/","url":"https:\/\/www.kss-sachsen.de\/wp-content\/uploads\/2023\/02\/Logo-KSS.png","contentUrl":"https:\/\/www.kss-sachsen.de\/wp-content\/uploads\/2023\/02\/Logo-KSS.png","width":2239,"height":1528,"caption":"Konferenz S\u00e4chsischer Studierendenschaften"},"image":{"@id":"https:\/\/www.kss-sachsen.de\/#\/schema\/logo\/image\/"},"sameAs":["https:\/\/www.instagram.com\/kss_sachsen\/"]}]}},"_links":{"self":[{"href":"https:\/\/www.kss-sachsen.de\/index.php?rest_route=\/wp\/v2\/pages\/3675"}],"collection":[{"href":"https:\/\/www.kss-sachsen.de\/index.php?rest_route=\/wp\/v2\/pages"}],"about":[{"href":"https:\/\/www.kss-sachsen.de\/index.php?rest_route=\/wp\/v2\/types\/page"}],"author":[{"embeddable":true,"href":"https:\/\/www.kss-sachsen.de\/index.php?rest_route=\/wp\/v2\/users\/1"}],"replies":[{"embeddable":true,"href":"https:\/\/www.kss-sachsen.de\/index.php?rest_route=%2Fwp%2Fv2%2Fcomments&post=3675"}],"version-history":[{"count":2,"href":"https:\/\/www.kss-sachsen.de\/index.php?rest_route=\/wp\/v2\/pages\/3675\/revisions"}],"predecessor-version":[{"id":3914,"href":"https:\/\/www.kss-sachsen.de\/index.php?rest_route=\/wp\/v2\/pages\/3675\/revisions\/3914"}],"up":[{"embeddable":true,"href":"https:\/\/www.kss-sachsen.de\/index.php?rest_route=\/wp\/v2\/pages\/3082"}],"wp:attachment":[{"href":"https:\/\/www.kss-sachsen.de\/index.php?rest_route=%2Fwp%2Fv2%2Fmedia&parent=3675"}],"curies":[{"name":"wp","href":"https:\/\/api.w.org\/{rel}","templated":true}]}}