{"id":3905,"date":"2024-01-26T03:01:04","date_gmt":"2024-01-26T02:01:04","guid":{"rendered":"https:\/\/www.kss-sachsen.de\/?page_id=3905"},"modified":"2024-01-26T03:02:01","modified_gmt":"2024-01-26T02:02:01","slug":"vernetzung","status":"publish","type":"page","link":"https:\/\/www.kss-sachsen.de\/vernetzung","title":{"rendered":"Vernetzung"},"content":{"rendered":"<h3>Von \u201eA\u201c wie Aktionsb\u00fcndnis bis \u201eZ\u201c wie Zusammenschluss<\/h3>\n<p>Als Landesvertretung der Studierendenschaften in Sachsen sind wir auf eine konstruktive und gute Zusammenarbeit mit anderen hochschulpolitischen Akteur*innen bedacht.<\/p>\n<p>Hochschulpolitische Entwicklungen sind &#8211; bis auf wenige Ausnahmen &#8211; Probleme die alle Bundesl\u00e4nder betreffen. Die zu beobachtende Tendenz, beispielsweise in der Hochschulgesetzgebung, geht in eine Richtung autokratisch regierter Hochschulen ohne Demokratie und Mitbestimmung.<\/p>\n<h3>Bundesweite und internationale Vernetzung<\/h3>\n<p>Wir arbeiten mit den Landesvertretungen verschiedener Bundesl\u00e4nder zusammen. So sind die Kooperationen mit der\u00a0<a href=\"https:\/\/www.kts-thueringen.de\/\">Konferenz Th\u00fcringer Studierendenschaften<\/a>\u00a0und der\u00a0<a href=\"https:\/\/www.facebook.com\/p\/Studierendenr%C3%A4tekonferenz-Sachsen-Anhalt-SRK-St-100057679350348\/\" target=\"_blank\">Konferenz der Studierendenschaften Sachsen-Anhalts<\/a>\u00a0zu nennen. Vor allem durch die r\u00e4umliche N\u00e4he, die zum Teil gleichen hochschulpolitischen Aktionsfelder und die fr\u00fcheren Verbindungen aus dem Ostdeutschen Studierenden-Treffen erm\u00f6glichen einen sehr guten Wissensaustausch und gemeinsame Aktionen. Aber auch mit anderen\u00a0<a href=\"https:\/\/www.kss-sachsen.de\/?page_id=245\">deutschen Landesstudierendenvertretung<\/a>\u00a0sind wir vernetzt.<\/p>\n<p>Der\u00a0<a href=\"http:\/\/www.fzs.de\/\" target=\"_blank\">freie zusammenschluss von student*innenschaften<\/a>\u00a0(fzs) ist der bundesweite Zusammenschluss von Studierendenvertretungen. Der fzs besch\u00e4ftigt sich vor allem mit der bundesweiten Hochschulpolitik, unter anderem mit der Ausweitung des BAf\u00f6G, dem Erhalt bzw. der Einf\u00fchrung von verfassten Studierendenschaften in allen Bundesl\u00e4ndern, der Zukunft der Hochschulfinanzierung und den Semestertickets, der Vernetzung von hochschulpolitisch Aktiven und der Weiterbildung von aktiven und interessierten Studierenden. Die KSS und der fzs kooperieren bei der Durchf\u00fchrung von gemeinsamen Veranstaltungen.<\/p>\n<p>Dar\u00fcber hinaus pflegt die KSS Beziehungen zum\u00a0<a href=\"https:\/\/esu-online.org\/\">European Students\u2019 Union<\/a>\u00a0(ESU), dem Dachverband der europ\u00e4ischen Studierendenschaften mit 45 Mitgliedsverb\u00e4nden aus 40 L\u00e4ndern.<\/p>\n<h3>Vernetzung zu studentischen Themen<\/h3>\n<p>Der studentische\u00a0<a href=\"https:\/\/www.studentischer-pool.de\/\" target=\"_blank\">Akkreditierungspool<\/a>\u00a0ist ein von dem bundesweiten Dachverband \u2013 freier zusammenschluss von student*innenschaften -, den Landesvertretungen und den Bundesfachschaftentagungen getragener Pool von Studierenden, die sich an Akkreditierungsverfahren beteiligen m\u00f6chten. Wir entsenden interessierte Studierende in den Pool und richten als KSS f\u00fcr den Pool auch zuweilen Schulungsseminare oder Vernetzungstreffen aus, auf denen interessierte Studierende das ben\u00f6tigte Fachwissen erwerben, um an Akkreditierungsverfahren teilnehmen zu k\u00f6nnen. Die KSS wirkt au\u00dferdem aktiv im Koordinierungsorgan des Pools \u2013 dem KASAP \u2013 mit.<\/p>\n<p>Aber auch die Debatte um Studiengeb\u00fchren ist kein allein s\u00e4chsisches Problem. Im Gegenteil: Die Debatte dar\u00fcber l\u00f6sten mehrere Bundesl\u00e4nder aus. In vielen Bundesl\u00e4ndern sind Studiengeb\u00fchren bereits eingef\u00fchrt worden. Da das (Hochschul-) Bildungssystem immer fragmentierter wird, sind wir zunehmend auf Informationen angewiesen und helfen auch anderen hochschulpolitischen Akteur*innen bei der Bew\u00e4ltigung von Problemen.<\/p>\n<p>Die Konferenz S\u00e4chsischer Studierendenschaften (KSS) arbeitet aktiv im Koordinierungsorgan des\u00a0<a href=\"http:\/\/www.abs-bund.de\/\" target=\"_blank\">Aktionsb\u00fcndnisses gegen Studiengeb\u00fchren (ABS-Ko)<\/a>\u00a0mit. Wir erachten es als selbstverst\u00e4ndlich, dass wir unsere Kommiliton*innen im Kampf gegen Studiengeb\u00fchren unterst\u00fctzen und dabei auch Tipps und Anregungen f\u00fcr den eigenen Kampf gegen Geb\u00fchren in Sachsen kennenlernen und ausbauen.<\/p>\n","protected":false},"excerpt":{"rendered":"<p>Von \u201eA\u201c wie Aktionsb\u00fcndnis bis \u201eZ\u201c wie Zusammenschluss Als Landesvertretung der Studierendenschaften in Sachsen sind wir auf eine konstruktive und gute Zusammenarbeit mit anderen hochschulpolitischen Akteur*innen bedacht. Hochschulpolitische Entwicklungen sind &#8211; bis auf wenige Ausnahmen &#8211; Probleme die alle Bundesl\u00e4nder betreffen. Die zu beobachtende Tendenz, beispielsweise in der Hochschulgesetzgebung, geht in eine Richtung autokratisch regierter Hochschulen ohne Demokratie und Mitbestimmung.<a class=\"read-more\" href=\"https:\/\/www.kss-sachsen.de\/vernetzung\">Hier weiter lesen&#8230;<\/a><\/p>\n","protected":false},"author":1,"featured_media":0,"parent":205,"menu_order":0,"comment_status":"closed","ping_status":"closed","template":"","meta":{"footnotes":""},"yoast_head":"<!-- This site is optimized with the Yoast SEO plugin v23.5 - https:\/\/yoast.com\/wordpress\/plugins\/seo\/ -->\n<title>Vernetzung - KSS<\/title>\n<meta name=\"robots\" content=\"index, follow, max-snippet:-1, max-image-preview:large, max-video-preview:-1\" \/>\n<link rel=\"canonical\" href=\"https:\/\/www.kss-sachsen.de\/vernetzung\" \/>\n<meta property=\"og:locale\" content=\"de_DE\" \/>\n<meta property=\"og:type\" content=\"article\" \/>\n<meta property=\"og:title\" content=\"Vernetzung - KSS\" \/>\n<meta property=\"og:description\" content=\"Von \u201eA\u201c wie Aktionsb\u00fcndnis bis \u201eZ\u201c wie Zusammenschluss Als Landesvertretung der Studierendenschaften in Sachsen sind wir auf eine konstruktive und gute Zusammenarbeit mit anderen hochschulpolitischen Akteur*innen bedacht. Hochschulpolitische Entwicklungen sind &#8211; bis auf wenige Ausnahmen &#8211; Probleme die alle Bundesl\u00e4nder betreffen. Die zu beobachtende Tendenz, beispielsweise in der Hochschulgesetzgebung, geht in eine Richtung autokratisch regierter Hochschulen ohne Demokratie und Mitbestimmung.Hier weiter lesen...\" \/>\n<meta property=\"og:url\" content=\"https:\/\/www.kss-sachsen.de\/vernetzung\" \/>\n<meta property=\"og:site_name\" content=\"KSS\" \/>\n<meta property=\"article:modified_time\" content=\"2024-01-26T02:02:01+00:00\" \/>\n<meta name=\"twitter:card\" content=\"summary_large_image\" \/>\n<meta name=\"twitter:label1\" content=\"Gesch\u00e4tzte Lesezeit\" \/>\n\t<meta name=\"twitter:data1\" content=\"2\u00a0Minuten\" \/>\n<script type=\"application\/ld+json\" class=\"yoast-schema-graph\">{\"@context\":\"https:\/\/schema.org\",\"@graph\":[{\"@type\":\"WebPage\",\"@id\":\"https:\/\/www.kss-sachsen.de\/vernetzung\",\"url\":\"https:\/\/www.kss-sachsen.de\/vernetzung\",\"name\":\"Vernetzung - KSS\",\"isPartOf\":{\"@id\":\"https:\/\/www.kss-sachsen.de\/#website\"},\"datePublished\":\"2024-01-26T02:01:04+00:00\",\"dateModified\":\"2024-01-26T02:02:01+00:00\",\"breadcrumb\":{\"@id\":\"https:\/\/www.kss-sachsen.de\/vernetzung#breadcrumb\"},\"inLanguage\":\"de\",\"potentialAction\":[{\"@type\":\"ReadAction\",\"target\":[\"https:\/\/www.kss-sachsen.de\/vernetzung\"]}]},{\"@type\":\"BreadcrumbList\",\"@id\":\"https:\/\/www.kss-sachsen.de\/vernetzung#breadcrumb\",\"itemListElement\":[{\"@type\":\"ListItem\",\"position\":1,\"name\":\"Home\",\"item\":\"https:\/\/www.kss-sachsen.de\/\"},{\"@type\":\"ListItem\",\"position\":2,\"name\":\"Themen\",\"item\":\"https:\/\/www.kss-sachsen.de\/themen\"},{\"@type\":\"ListItem\",\"position\":3,\"name\":\"Vernetzung\"}]},{\"@type\":\"WebSite\",\"@id\":\"https:\/\/www.kss-sachsen.de\/#website\",\"url\":\"https:\/\/www.kss-sachsen.de\/\",\"name\":\"Konferenz S\u00e4chsischer Studierendenschaften\",\"description\":\"Konferenz S\u00e4chsischer Studierendenschaften\",\"publisher\":{\"@id\":\"https:\/\/www.kss-sachsen.de\/#organization\"},\"potentialAction\":[{\"@type\":\"SearchAction\",\"target\":{\"@type\":\"EntryPoint\",\"urlTemplate\":\"https:\/\/www.kss-sachsen.de\/?s={search_term_string}\"},\"query-input\":{\"@type\":\"PropertyValueSpecification\",\"valueRequired\":true,\"valueName\":\"search_term_string\"}}],\"inLanguage\":\"de\"},{\"@type\":\"Organization\",\"@id\":\"https:\/\/www.kss-sachsen.de\/#organization\",\"name\":\"Konferenz S\u00e4chsischer Studierendenschaften\",\"url\":\"https:\/\/www.kss-sachsen.de\/\",\"logo\":{\"@type\":\"ImageObject\",\"inLanguage\":\"de\",\"@id\":\"https:\/\/www.kss-sachsen.de\/#\/schema\/logo\/image\/\",\"url\":\"https:\/\/www.kss-sachsen.de\/wp-content\/uploads\/2023\/02\/Logo-KSS.png\",\"contentUrl\":\"https:\/\/www.kss-sachsen.de\/wp-content\/uploads\/2023\/02\/Logo-KSS.png\",\"width\":2239,\"height\":1528,\"caption\":\"Konferenz S\u00e4chsischer Studierendenschaften\"},\"image\":{\"@id\":\"https:\/\/www.kss-sachsen.de\/#\/schema\/logo\/image\/\"},\"sameAs\":[\"https:\/\/www.instagram.com\/kss_sachsen\/\"]}]}<\/script>\n<!-- \/ Yoast SEO plugin. -->","yoast_head_json":{"title":"Vernetzung - KSS","robots":{"index":"index","follow":"follow","max-snippet":"max-snippet:-1","max-image-preview":"max-image-preview:large","max-video-preview":"max-video-preview:-1"},"canonical":"https:\/\/www.kss-sachsen.de\/vernetzung","og_locale":"de_DE","og_type":"article","og_title":"Vernetzung - KSS","og_description":"Von \u201eA\u201c wie Aktionsb\u00fcndnis bis \u201eZ\u201c wie Zusammenschluss Als Landesvertretung der Studierendenschaften in Sachsen sind wir auf eine konstruktive und gute Zusammenarbeit mit anderen hochschulpolitischen Akteur*innen bedacht. Hochschulpolitische Entwicklungen sind &#8211; bis auf wenige Ausnahmen &#8211; Probleme die alle Bundesl\u00e4nder betreffen. Die zu beobachtende Tendenz, beispielsweise in der Hochschulgesetzgebung, geht in eine Richtung autokratisch regierter Hochschulen ohne Demokratie und Mitbestimmung.Hier weiter lesen...","og_url":"https:\/\/www.kss-sachsen.de\/vernetzung","og_site_name":"KSS","article_modified_time":"2024-01-26T02:02:01+00:00","twitter_card":"summary_large_image","twitter_misc":{"Gesch\u00e4tzte Lesezeit":"2\u00a0Minuten"},"schema":{"@context":"https:\/\/schema.org","@graph":[{"@type":"WebPage","@id":"https:\/\/www.kss-sachsen.de\/vernetzung","url":"https:\/\/www.kss-sachsen.de\/vernetzung","name":"Vernetzung - KSS","isPartOf":{"@id":"https:\/\/www.kss-sachsen.de\/#website"},"datePublished":"2024-01-26T02:01:04+00:00","dateModified":"2024-01-26T02:02:01+00:00","breadcrumb":{"@id":"https:\/\/www.kss-sachsen.de\/vernetzung#breadcrumb"},"inLanguage":"de","potentialAction":[{"@type":"ReadAction","target":["https:\/\/www.kss-sachsen.de\/vernetzung"]}]},{"@type":"BreadcrumbList","@id":"https:\/\/www.kss-sachsen.de\/vernetzung#breadcrumb","itemListElement":[{"@type":"ListItem","position":1,"name":"Home","item":"https:\/\/www.kss-sachsen.de\/"},{"@type":"ListItem","position":2,"name":"Themen","item":"https:\/\/www.kss-sachsen.de\/themen"},{"@type":"ListItem","position":3,"name":"Vernetzung"}]},{"@type":"WebSite","@id":"https:\/\/www.kss-sachsen.de\/#website","url":"https:\/\/www.kss-sachsen.de\/","name":"Konferenz S\u00e4chsischer Studierendenschaften","description":"Konferenz S\u00e4chsischer Studierendenschaften","publisher":{"@id":"https:\/\/www.kss-sachsen.de\/#organization"},"potentialAction":[{"@type":"SearchAction","target":{"@type":"EntryPoint","urlTemplate":"https:\/\/www.kss-sachsen.de\/?s={search_term_string}"},"query-input":{"@type":"PropertyValueSpecification","valueRequired":true,"valueName":"search_term_string"}}],"inLanguage":"de"},{"@type":"Organization","@id":"https:\/\/www.kss-sachsen.de\/#organization","name":"Konferenz S\u00e4chsischer Studierendenschaften","url":"https:\/\/www.kss-sachsen.de\/","logo":{"@type":"ImageObject","inLanguage":"de","@id":"https:\/\/www.kss-sachsen.de\/#\/schema\/logo\/image\/","url":"https:\/\/www.kss-sachsen.de\/wp-content\/uploads\/2023\/02\/Logo-KSS.png","contentUrl":"https:\/\/www.kss-sachsen.de\/wp-content\/uploads\/2023\/02\/Logo-KSS.png","width":2239,"height":1528,"caption":"Konferenz S\u00e4chsischer Studierendenschaften"},"image":{"@id":"https:\/\/www.kss-sachsen.de\/#\/schema\/logo\/image\/"},"sameAs":["https:\/\/www.instagram.com\/kss_sachsen\/"]}]}},"_links":{"self":[{"href":"https:\/\/www.kss-sachsen.de\/index.php?rest_route=\/wp\/v2\/pages\/3905"}],"collection":[{"href":"https:\/\/www.kss-sachsen.de\/index.php?rest_route=\/wp\/v2\/pages"}],"about":[{"href":"https:\/\/www.kss-sachsen.de\/index.php?rest_route=\/wp\/v2\/types\/page"}],"author":[{"embeddable":true,"href":"https:\/\/www.kss-sachsen.de\/index.php?rest_route=\/wp\/v2\/users\/1"}],"replies":[{"embeddable":true,"href":"https:\/\/www.kss-sachsen.de\/index.php?rest_route=%2Fwp%2Fv2%2Fcomments&post=3905"}],"version-history":[{"count":3,"href":"https:\/\/www.kss-sachsen.de\/index.php?rest_route=\/wp\/v2\/pages\/3905\/revisions"}],"predecessor-version":[{"id":3908,"href":"https:\/\/www.kss-sachsen.de\/index.php?rest_route=\/wp\/v2\/pages\/3905\/revisions\/3908"}],"up":[{"embeddable":true,"href":"https:\/\/www.kss-sachsen.de\/index.php?rest_route=\/wp\/v2\/pages\/205"}],"wp:attachment":[{"href":"https:\/\/www.kss-sachsen.de\/index.php?rest_route=%2Fwp%2Fv2%2Fmedia&parent=3905"}],"curies":[{"name":"wp","href":"https:\/\/api.w.org\/{rel}","templated":true}]}}