{"id":3983,"date":"2024-03-25T19:15:03","date_gmt":"2024-03-25T18:15:03","guid":{"rendered":"https:\/\/www.kss-sachsen.de\/?page_id=3983"},"modified":"2025-01-20T07:56:00","modified_gmt":"2025-01-20T06:56:00","slug":"verein","status":"publish","type":"page","link":"https:\/\/www.kss-sachsen.de\/?page_id=3983","title":{"rendered":"Verein"},"content":{"rendered":"\n<p>Der <strong>Verein zur Unterst\u00fctzung der Konferenz S\u00e4chsischer Studierendenschaften e.V. (VUKSS)<\/strong> hat den Zweck die Studierendenhilfe im Freistaat Sachsen zu f\u00f6rdern. Dabei unterst\u00fctzt der Verein die Arbeit der Landesstudierendenvertretung insbesondere in finanzieller Sicht. Mitglieder des Vereins k\u00f6nnen in erster Linie die s\u00e4chsischen Studierendenr\u00e4te sein. Von den Mitglieder zieht der Verein einen Beitrag ein, sodass damit der Konferenz S\u00e4chsischer Studierendenschaften (KSS) finanzielle Mittel f\u00fcr ihre Arbeit zur Verf\u00fcgung gestellt werden k\u00f6nnen.<\/p>\n\n\n\n<p>Der Verein wurde nach langer und intensiver Vorbereitung am 20. Januar 2024 mit der Gr\u00fcndungsversammlung in Leipzig von den Studierendenr\u00e4te der HfBK Dresden, der HfM Dresden, der HTW Dresden, der HMT Leipzig, der TU Dresden sowie der Uni Leipzig gegr\u00fcndet. Der VUKSS stellt die Landesstudierendenvertretung in Sachsen endlich auf ein solides finanzielles Fundament.<\/p>\n\n\n\n<p>Der Verein ist in das Vereinsregister beim Registergericht Leipzig unter der Nummer 8182 eingetragen.<\/p>\n","protected":false},"excerpt":{"rendered":"<p>Der Verein zur Unterst\u00fctzung der Konferenz S\u00e4chsischer Studierendenschaften e.V. (VUKSS) hat den Zweck die Studierendenhilfe im Freistaat Sachsen zu f\u00f6rdern. Dabei unterst\u00fctzt der Verein die Arbeit der Landesstudierendenvertretung insbesondere in finanzieller Sicht. Mitglieder des Vereins k\u00f6nnen in erster Linie die s\u00e4chsischen Studierendenr\u00e4te sein. Von den Mitglieder zieht der Verein einen Beitrag ein, sodass damit der Konferenz S\u00e4chsischer Studierendenschaften (KSS) finanzielle<a class=\"read-more\" href=\"https:\/\/www.kss-sachsen.de\/?page_id=3983\">Hier weiter lesen&#8230;<\/a><\/p>\n","protected":false},"author":1,"featured_media":0,"parent":0,"menu_order":5,"comment_status":"closed","ping_status":"closed","template":"","meta":{"footnotes":""},"yoast_head":"<!-- This site is optimized with the Yoast SEO plugin v23.5 - https:\/\/yoast.com\/wordpress\/plugins\/seo\/ -->\n<title>Verein - KSS<\/title>\n<meta name=\"robots\" content=\"index, follow, max-snippet:-1, max-image-preview:large, max-video-preview:-1\" \/>\n<link rel=\"canonical\" href=\"https:\/\/www.kss-sachsen.de\/?page_id=3983\" \/>\n<meta property=\"og:locale\" content=\"de_DE\" \/>\n<meta property=\"og:type\" content=\"article\" \/>\n<meta property=\"og:title\" content=\"Verein - KSS\" \/>\n<meta property=\"og:description\" content=\"Der Verein zur Unterst\u00fctzung der Konferenz S\u00e4chsischer Studierendenschaften e.V. (VUKSS) hat den Zweck die Studierendenhilfe im Freistaat Sachsen zu f\u00f6rdern. Dabei unterst\u00fctzt der Verein die Arbeit der Landesstudierendenvertretung insbesondere in finanzieller Sicht. Mitglieder des Vereins k\u00f6nnen in erster Linie die s\u00e4chsischen Studierendenr\u00e4te sein. Von den Mitglieder zieht der Verein einen Beitrag ein, sodass damit der Konferenz S\u00e4chsischer Studierendenschaften (KSS) finanzielleHier weiter lesen...\" \/>\n<meta property=\"og:url\" content=\"https:\/\/www.kss-sachsen.de\/?page_id=3983\" \/>\n<meta property=\"og:site_name\" content=\"KSS\" \/>\n<meta property=\"article:modified_time\" content=\"2025-01-20T06:56:00+00:00\" \/>\n<meta name=\"twitter:card\" content=\"summary_large_image\" \/>\n<meta name=\"twitter:label1\" content=\"Gesch\u00e4tzte Lesezeit\" \/>\n\t<meta name=\"twitter:data1\" content=\"1\u00a0Minute\" \/>\n<script type=\"application\/ld+json\" class=\"yoast-schema-graph\">{\"@context\":\"https:\/\/schema.org\",\"@graph\":[{\"@type\":\"WebPage\",\"@id\":\"https:\/\/www.kss-sachsen.de\/?page_id=3983\",\"url\":\"https:\/\/www.kss-sachsen.de\/?page_id=3983\",\"name\":\"Verein - KSS\",\"isPartOf\":{\"@id\":\"https:\/\/www.kss-sachsen.de\/#website\"},\"datePublished\":\"2024-03-25T18:15:03+00:00\",\"dateModified\":\"2025-01-20T06:56:00+00:00\",\"breadcrumb\":{\"@id\":\"https:\/\/www.kss-sachsen.de\/?page_id=3983#breadcrumb\"},\"inLanguage\":\"de\",\"potentialAction\":[{\"@type\":\"ReadAction\",\"target\":[\"https:\/\/www.kss-sachsen.de\/?page_id=3983\"]}]},{\"@type\":\"BreadcrumbList\",\"@id\":\"https:\/\/www.kss-sachsen.de\/?page_id=3983#breadcrumb\",\"itemListElement\":[{\"@type\":\"ListItem\",\"position\":1,\"name\":\"Home\",\"item\":\"https:\/\/www.kss-sachsen.de\/\"},{\"@type\":\"ListItem\",\"position\":2,\"name\":\"Verein\"}]},{\"@type\":\"WebSite\",\"@id\":\"https:\/\/www.kss-sachsen.de\/#website\",\"url\":\"https:\/\/www.kss-sachsen.de\/\",\"name\":\"Konferenz S\u00e4chsischer Studierendenschaften\",\"description\":\"Konferenz S\u00e4chsischer Studierendenschaften\",\"publisher\":{\"@id\":\"https:\/\/www.kss-sachsen.de\/#organization\"},\"potentialAction\":[{\"@type\":\"SearchAction\",\"target\":{\"@type\":\"EntryPoint\",\"urlTemplate\":\"https:\/\/www.kss-sachsen.de\/?s={search_term_string}\"},\"query-input\":{\"@type\":\"PropertyValueSpecification\",\"valueRequired\":true,\"valueName\":\"search_term_string\"}}],\"inLanguage\":\"de\"},{\"@type\":\"Organization\",\"@id\":\"https:\/\/www.kss-sachsen.de\/#organization\",\"name\":\"Konferenz S\u00e4chsischer Studierendenschaften\",\"url\":\"https:\/\/www.kss-sachsen.de\/\",\"logo\":{\"@type\":\"ImageObject\",\"inLanguage\":\"de\",\"@id\":\"https:\/\/www.kss-sachsen.de\/#\/schema\/logo\/image\/\",\"url\":\"https:\/\/www.kss-sachsen.de\/wp-content\/uploads\/2023\/02\/Logo-KSS.png\",\"contentUrl\":\"https:\/\/www.kss-sachsen.de\/wp-content\/uploads\/2023\/02\/Logo-KSS.png\",\"width\":2239,\"height\":1528,\"caption\":\"Konferenz S\u00e4chsischer Studierendenschaften\"},\"image\":{\"@id\":\"https:\/\/www.kss-sachsen.de\/#\/schema\/logo\/image\/\"},\"sameAs\":[\"https:\/\/www.instagram.com\/kss_sachsen\/\"]}]}<\/script>\n<!-- \/ Yoast SEO plugin. -->","yoast_head_json":{"title":"Verein - KSS","robots":{"index":"index","follow":"follow","max-snippet":"max-snippet:-1","max-image-preview":"max-image-preview:large","max-video-preview":"max-video-preview:-1"},"canonical":"https:\/\/www.kss-sachsen.de\/?page_id=3983","og_locale":"de_DE","og_type":"article","og_title":"Verein - KSS","og_description":"Der Verein zur Unterst\u00fctzung der Konferenz S\u00e4chsischer Studierendenschaften e.V. (VUKSS) hat den Zweck die Studierendenhilfe im Freistaat Sachsen zu f\u00f6rdern. Dabei unterst\u00fctzt der Verein die Arbeit der Landesstudierendenvertretung insbesondere in finanzieller Sicht. Mitglieder des Vereins k\u00f6nnen in erster Linie die s\u00e4chsischen Studierendenr\u00e4te sein. Von den Mitglieder zieht der Verein einen Beitrag ein, sodass damit der Konferenz S\u00e4chsischer Studierendenschaften (KSS) finanzielleHier weiter lesen...","og_url":"https:\/\/www.kss-sachsen.de\/?page_id=3983","og_site_name":"KSS","article_modified_time":"2025-01-20T06:56:00+00:00","twitter_card":"summary_large_image","twitter_misc":{"Gesch\u00e4tzte Lesezeit":"1\u00a0Minute"},"schema":{"@context":"https:\/\/schema.org","@graph":[{"@type":"WebPage","@id":"https:\/\/www.kss-sachsen.de\/?page_id=3983","url":"https:\/\/www.kss-sachsen.de\/?page_id=3983","name":"Verein - KSS","isPartOf":{"@id":"https:\/\/www.kss-sachsen.de\/#website"},"datePublished":"2024-03-25T18:15:03+00:00","dateModified":"2025-01-20T06:56:00+00:00","breadcrumb":{"@id":"https:\/\/www.kss-sachsen.de\/?page_id=3983#breadcrumb"},"inLanguage":"de","potentialAction":[{"@type":"ReadAction","target":["https:\/\/www.kss-sachsen.de\/?page_id=3983"]}]},{"@type":"BreadcrumbList","@id":"https:\/\/www.kss-sachsen.de\/?page_id=3983#breadcrumb","itemListElement":[{"@type":"ListItem","position":1,"name":"Home","item":"https:\/\/www.kss-sachsen.de\/"},{"@type":"ListItem","position":2,"name":"Verein"}]},{"@type":"WebSite","@id":"https:\/\/www.kss-sachsen.de\/#website","url":"https:\/\/www.kss-sachsen.de\/","name":"Konferenz S\u00e4chsischer Studierendenschaften","description":"Konferenz S\u00e4chsischer Studierendenschaften","publisher":{"@id":"https:\/\/www.kss-sachsen.de\/#organization"},"potentialAction":[{"@type":"SearchAction","target":{"@type":"EntryPoint","urlTemplate":"https:\/\/www.kss-sachsen.de\/?s={search_term_string}"},"query-input":{"@type":"PropertyValueSpecification","valueRequired":true,"valueName":"search_term_string"}}],"inLanguage":"de"},{"@type":"Organization","@id":"https:\/\/www.kss-sachsen.de\/#organization","name":"Konferenz S\u00e4chsischer Studierendenschaften","url":"https:\/\/www.kss-sachsen.de\/","logo":{"@type":"ImageObject","inLanguage":"de","@id":"https:\/\/www.kss-sachsen.de\/#\/schema\/logo\/image\/","url":"https:\/\/www.kss-sachsen.de\/wp-content\/uploads\/2023\/02\/Logo-KSS.png","contentUrl":"https:\/\/www.kss-sachsen.de\/wp-content\/uploads\/2023\/02\/Logo-KSS.png","width":2239,"height":1528,"caption":"Konferenz S\u00e4chsischer Studierendenschaften"},"image":{"@id":"https:\/\/www.kss-sachsen.de\/#\/schema\/logo\/image\/"},"sameAs":["https:\/\/www.instagram.com\/kss_sachsen\/"]}]}},"_links":{"self":[{"href":"https:\/\/www.kss-sachsen.de\/index.php?rest_route=\/wp\/v2\/pages\/3983"}],"collection":[{"href":"https:\/\/www.kss-sachsen.de\/index.php?rest_route=\/wp\/v2\/pages"}],"about":[{"href":"https:\/\/www.kss-sachsen.de\/index.php?rest_route=\/wp\/v2\/types\/page"}],"author":[{"embeddable":true,"href":"https:\/\/www.kss-sachsen.de\/index.php?rest_route=\/wp\/v2\/users\/1"}],"replies":[{"embeddable":true,"href":"https:\/\/www.kss-sachsen.de\/index.php?rest_route=%2Fwp%2Fv2%2Fcomments&post=3983"}],"version-history":[{"count":8,"href":"https:\/\/www.kss-sachsen.de\/index.php?rest_route=\/wp\/v2\/pages\/3983\/revisions"}],"predecessor-version":[{"id":4284,"href":"https:\/\/www.kss-sachsen.de\/index.php?rest_route=\/wp\/v2\/pages\/3983\/revisions\/4284"}],"wp:attachment":[{"href":"https:\/\/www.kss-sachsen.de\/index.php?rest_route=%2Fwp%2Fv2%2Fmedia&parent=3983"}],"curies":[{"name":"wp","href":"https:\/\/api.w.org\/{rel}","templated":true}]}}