{"id":4045,"date":"2024-05-16T02:07:23","date_gmt":"2024-05-16T00:07:23","guid":{"rendered":"https:\/\/www.kss-sachsen.de\/?page_id=4045"},"modified":"2025-11-24T13:38:10","modified_gmt":"2025-11-24T12:38:10","slug":"mitglieder-des-vereins","status":"publish","type":"page","link":"https:\/\/www.kss-sachsen.de\/?page_id=4045","title":{"rendered":"Vorstand und Mitglieder"},"content":{"rendered":"\n<h2 class=\"wp-block-heading\">Vorstand des Vereins<\/h2>\n\n\n\n<p>Der aktuelle Vorstand wurde von der MV des VUKSS e.V. gew\u00e4hlt und besteht aus folgenden Mitgliedern:<\/p>\n\n\n\n<ul>\n<li>Laura H\u00f6flich <\/li>\n\n\n\n<li>Richard zur Oven-Krockhaus <\/li>\n\n\n\n<li>Bethany Knobloch<\/li>\n<\/ul>\n\n\n\n<p>Der Vorstand ist erreichbar unter&nbsp;<a href=\"mailto:vorstand@kss-sachsen.de\">vorstand(at)kss-sachsen.de<\/a>.<\/p>\n\n\n\n<h2 class=\"wp-block-heading\">Mitglieder des Vereins<\/h2>\n\n\n\n<p>Aktuell sind die folgenden Studierendenr\u00e4te Mitglieder im VUKSS e.V.:<\/p>\n\n\n\n<ul>\n<li><a href=\"https:\/\/www.hfbk-dresden.de\/studium\/campus\/stura\">StuRa der HfBK Dresden<\/a><\/li>\n\n\n\n<li><a href=\"https:\/\/www.hfmdd.de\/campus\/studierendenrat\">StuRa der HfM Dresden<\/a><\/li>\n\n\n\n<li><a href=\"https:\/\/www.hmt-leipzig.de\/de\/home\/mein-studium\/studierendenrat\">StuRa der HMT Leipzig<\/a><\/li>\n\n\n\n<li><a href=\"https:\/\/www.stura.htw-dresden.de\/\">StuRa der HTW Dresden<\/a><\/li>\n\n\n\n<li><a href=\"https:\/\/stura.htwk-leipzig.de\/\">StuRa der HTWK Leipzig<\/a><\/li>\n\n\n\n<li><a href=\"https:\/\/www.stura.tu-freiberg.de\/de\/\">StuRa der TU BA Freiberg<\/a><\/li>\n\n\n\n<li><a href=\"https:\/\/www.stura.tu-dresden.de\/\">StuRa der TU Dresden<\/a><\/li>\n\n\n\n<li><a href=\"https:\/\/stura.uni-leipzig.de\/\">StuRa der Universit\u00e4t Leipzig<\/a><\/li>\n\n\n\n<li>Zentraler StuRa der DHSN<\/li>\n<\/ul>\n\n\n\n<p>Dar\u00fcber hinaus k\u00f6nnen nat\u00fcrliche Personen&nbsp;<strong>F\u00f6rdermitglied des VUKSS e.V<\/strong>.&nbsp;werden. Diese Mitglieder k\u00f6nnen ihren Beitrag selbst w\u00e4hlen.<\/p>\n\n\n\n<h2 class=\"wp-block-heading\">Entsendungen zur Mitgliederversammlung<\/h2>\n\n\n\n<p>Die Mitglieder entsenden eine*n oder mehrere Vertreter*innen zur Mitgliederversammlung des VUKSS e.V. Die Stimmenanzahl f\u00fcr jedes Mitglied wird nach der Satzung in Abh\u00e4ngigkeit der Studierendenzahl bestimmt. Die Entsendung der Vertreter*innen m\u00fcssen dem Vorstand bekanntgeben werden, wof\u00fcr ein <strong>Formular <\/strong>zur Verf\u00fcgung steht.<\/p>\n\n\n\n<ul>\n<li><a href=\"https:\/\/cloud.portal.fzs.de\/s\/xLpfFYKzBgGRkPK\">Entsendung der Delegation zur Mitgliederversammlung<\/a><\/li>\n<\/ul>\n\n\n\n<p><\/p>\n","protected":false},"excerpt":{"rendered":"<p>Vorstand des Vereins Der aktuelle Vorstand wurde von der MV des VUKSS e.V. gew\u00e4hlt und besteht aus folgenden Mitgliedern: Der Vorstand ist erreichbar unter&nbsp;vorstand(at)kss-sachsen.de. Mitglieder des Vereins Aktuell sind die folgenden Studierendenr\u00e4te Mitglieder im VUKSS e.V.: Dar\u00fcber hinaus k\u00f6nnen nat\u00fcrliche Personen&nbsp;F\u00f6rdermitglied des VUKSS e.V.&nbsp;werden. Diese Mitglieder k\u00f6nnen ihren Beitrag selbst w\u00e4hlen. Entsendungen zur Mitgliederversammlung Die Mitglieder entsenden eine*n oder mehrere<a class=\"read-more\" href=\"https:\/\/www.kss-sachsen.de\/?page_id=4045\">Hier weiter lesen&#8230;<\/a><\/p>\n","protected":false},"author":1,"featured_media":0,"parent":3983,"menu_order":1,"comment_status":"closed","ping_status":"closed","template":"","meta":{"footnotes":""},"yoast_head":"<!-- This site is optimized with the Yoast SEO plugin v23.5 - https:\/\/yoast.com\/wordpress\/plugins\/seo\/ -->\n<title>Vorstand und Mitglieder - KSS<\/title>\n<meta name=\"robots\" content=\"index, follow, max-snippet:-1, max-image-preview:large, max-video-preview:-1\" \/>\n<link rel=\"canonical\" href=\"https:\/\/www.kss-sachsen.de\/?page_id=4045\" \/>\n<meta property=\"og:locale\" content=\"de_DE\" \/>\n<meta property=\"og:type\" content=\"article\" \/>\n<meta property=\"og:title\" content=\"Vorstand und Mitglieder - KSS\" \/>\n<meta property=\"og:description\" content=\"Vorstand des Vereins Der aktuelle Vorstand wurde von der MV des VUKSS e.V. gew\u00e4hlt und besteht aus folgenden Mitgliedern: Der Vorstand ist erreichbar unter&nbsp;vorstand(at)kss-sachsen.de. Mitglieder des Vereins Aktuell sind die folgenden Studierendenr\u00e4te Mitglieder im VUKSS e.V.: Dar\u00fcber hinaus k\u00f6nnen nat\u00fcrliche Personen&nbsp;F\u00f6rdermitglied des VUKSS e.V.&nbsp;werden. Diese Mitglieder k\u00f6nnen ihren Beitrag selbst w\u00e4hlen. Entsendungen zur Mitgliederversammlung Die Mitglieder entsenden eine*n oder mehrereHier weiter lesen...\" \/>\n<meta property=\"og:url\" content=\"https:\/\/www.kss-sachsen.de\/?page_id=4045\" \/>\n<meta property=\"og:site_name\" content=\"KSS\" \/>\n<meta property=\"article:modified_time\" content=\"2025-11-24T12:38:10+00:00\" \/>\n<meta name=\"twitter:card\" content=\"summary_large_image\" \/>\n<meta name=\"twitter:label1\" content=\"Gesch\u00e4tzte Lesezeit\" \/>\n\t<meta name=\"twitter:data1\" content=\"1\u00a0Minute\" \/>\n<script type=\"application\/ld+json\" class=\"yoast-schema-graph\">{\"@context\":\"https:\/\/schema.org\",\"@graph\":[{\"@type\":\"WebPage\",\"@id\":\"https:\/\/www.kss-sachsen.de\/?page_id=4045\",\"url\":\"https:\/\/www.kss-sachsen.de\/?page_id=4045\",\"name\":\"Vorstand und Mitglieder - KSS\",\"isPartOf\":{\"@id\":\"https:\/\/www.kss-sachsen.de\/#website\"},\"datePublished\":\"2024-05-16T00:07:23+00:00\",\"dateModified\":\"2025-11-24T12:38:10+00:00\",\"breadcrumb\":{\"@id\":\"https:\/\/www.kss-sachsen.de\/?page_id=4045#breadcrumb\"},\"inLanguage\":\"de\",\"potentialAction\":[{\"@type\":\"ReadAction\",\"target\":[\"https:\/\/www.kss-sachsen.de\/?page_id=4045\"]}]},{\"@type\":\"BreadcrumbList\",\"@id\":\"https:\/\/www.kss-sachsen.de\/?page_id=4045#breadcrumb\",\"itemListElement\":[{\"@type\":\"ListItem\",\"position\":1,\"name\":\"Home\",\"item\":\"https:\/\/www.kss-sachsen.de\/\"},{\"@type\":\"ListItem\",\"position\":2,\"name\":\"Verein\",\"item\":\"https:\/\/www.kss-sachsen.de\/?page_id=3983\"},{\"@type\":\"ListItem\",\"position\":3,\"name\":\"Vorstand und Mitglieder\"}]},{\"@type\":\"WebSite\",\"@id\":\"https:\/\/www.kss-sachsen.de\/#website\",\"url\":\"https:\/\/www.kss-sachsen.de\/\",\"name\":\"Konferenz S\u00e4chsischer Studierendenschaften\",\"description\":\"Konferenz S\u00e4chsischer Studierendenschaften\",\"publisher\":{\"@id\":\"https:\/\/www.kss-sachsen.de\/#organization\"},\"potentialAction\":[{\"@type\":\"SearchAction\",\"target\":{\"@type\":\"EntryPoint\",\"urlTemplate\":\"https:\/\/www.kss-sachsen.de\/?s={search_term_string}\"},\"query-input\":{\"@type\":\"PropertyValueSpecification\",\"valueRequired\":true,\"valueName\":\"search_term_string\"}}],\"inLanguage\":\"de\"},{\"@type\":\"Organization\",\"@id\":\"https:\/\/www.kss-sachsen.de\/#organization\",\"name\":\"Konferenz S\u00e4chsischer Studierendenschaften\",\"url\":\"https:\/\/www.kss-sachsen.de\/\",\"logo\":{\"@type\":\"ImageObject\",\"inLanguage\":\"de\",\"@id\":\"https:\/\/www.kss-sachsen.de\/#\/schema\/logo\/image\/\",\"url\":\"https:\/\/www.kss-sachsen.de\/wp-content\/uploads\/2023\/02\/Logo-KSS.png\",\"contentUrl\":\"https:\/\/www.kss-sachsen.de\/wp-content\/uploads\/2023\/02\/Logo-KSS.png\",\"width\":2239,\"height\":1528,\"caption\":\"Konferenz S\u00e4chsischer Studierendenschaften\"},\"image\":{\"@id\":\"https:\/\/www.kss-sachsen.de\/#\/schema\/logo\/image\/\"},\"sameAs\":[\"https:\/\/www.instagram.com\/kss_sachsen\/\"]}]}<\/script>\n<!-- \/ Yoast SEO plugin. -->","yoast_head_json":{"title":"Vorstand und Mitglieder - KSS","robots":{"index":"index","follow":"follow","max-snippet":"max-snippet:-1","max-image-preview":"max-image-preview:large","max-video-preview":"max-video-preview:-1"},"canonical":"https:\/\/www.kss-sachsen.de\/?page_id=4045","og_locale":"de_DE","og_type":"article","og_title":"Vorstand und Mitglieder - KSS","og_description":"Vorstand des Vereins Der aktuelle Vorstand wurde von der MV des VUKSS e.V. gew\u00e4hlt und besteht aus folgenden Mitgliedern: Der Vorstand ist erreichbar unter&nbsp;vorstand(at)kss-sachsen.de. Mitglieder des Vereins Aktuell sind die folgenden Studierendenr\u00e4te Mitglieder im VUKSS e.V.: Dar\u00fcber hinaus k\u00f6nnen nat\u00fcrliche Personen&nbsp;F\u00f6rdermitglied des VUKSS e.V.&nbsp;werden. Diese Mitglieder k\u00f6nnen ihren Beitrag selbst w\u00e4hlen. Entsendungen zur Mitgliederversammlung Die Mitglieder entsenden eine*n oder mehrereHier weiter lesen...","og_url":"https:\/\/www.kss-sachsen.de\/?page_id=4045","og_site_name":"KSS","article_modified_time":"2025-11-24T12:38:10+00:00","twitter_card":"summary_large_image","twitter_misc":{"Gesch\u00e4tzte Lesezeit":"1\u00a0Minute"},"schema":{"@context":"https:\/\/schema.org","@graph":[{"@type":"WebPage","@id":"https:\/\/www.kss-sachsen.de\/?page_id=4045","url":"https:\/\/www.kss-sachsen.de\/?page_id=4045","name":"Vorstand und Mitglieder - KSS","isPartOf":{"@id":"https:\/\/www.kss-sachsen.de\/#website"},"datePublished":"2024-05-16T00:07:23+00:00","dateModified":"2025-11-24T12:38:10+00:00","breadcrumb":{"@id":"https:\/\/www.kss-sachsen.de\/?page_id=4045#breadcrumb"},"inLanguage":"de","potentialAction":[{"@type":"ReadAction","target":["https:\/\/www.kss-sachsen.de\/?page_id=4045"]}]},{"@type":"BreadcrumbList","@id":"https:\/\/www.kss-sachsen.de\/?page_id=4045#breadcrumb","itemListElement":[{"@type":"ListItem","position":1,"name":"Home","item":"https:\/\/www.kss-sachsen.de\/"},{"@type":"ListItem","position":2,"name":"Verein","item":"https:\/\/www.kss-sachsen.de\/?page_id=3983"},{"@type":"ListItem","position":3,"name":"Vorstand und Mitglieder"}]},{"@type":"WebSite","@id":"https:\/\/www.kss-sachsen.de\/#website","url":"https:\/\/www.kss-sachsen.de\/","name":"Konferenz S\u00e4chsischer Studierendenschaften","description":"Konferenz S\u00e4chsischer Studierendenschaften","publisher":{"@id":"https:\/\/www.kss-sachsen.de\/#organization"},"potentialAction":[{"@type":"SearchAction","target":{"@type":"EntryPoint","urlTemplate":"https:\/\/www.kss-sachsen.de\/?s={search_term_string}"},"query-input":{"@type":"PropertyValueSpecification","valueRequired":true,"valueName":"search_term_string"}}],"inLanguage":"de"},{"@type":"Organization","@id":"https:\/\/www.kss-sachsen.de\/#organization","name":"Konferenz S\u00e4chsischer Studierendenschaften","url":"https:\/\/www.kss-sachsen.de\/","logo":{"@type":"ImageObject","inLanguage":"de","@id":"https:\/\/www.kss-sachsen.de\/#\/schema\/logo\/image\/","url":"https:\/\/www.kss-sachsen.de\/wp-content\/uploads\/2023\/02\/Logo-KSS.png","contentUrl":"https:\/\/www.kss-sachsen.de\/wp-content\/uploads\/2023\/02\/Logo-KSS.png","width":2239,"height":1528,"caption":"Konferenz S\u00e4chsischer Studierendenschaften"},"image":{"@id":"https:\/\/www.kss-sachsen.de\/#\/schema\/logo\/image\/"},"sameAs":["https:\/\/www.instagram.com\/kss_sachsen\/"]}]}},"_links":{"self":[{"href":"https:\/\/www.kss-sachsen.de\/index.php?rest_route=\/wp\/v2\/pages\/4045"}],"collection":[{"href":"https:\/\/www.kss-sachsen.de\/index.php?rest_route=\/wp\/v2\/pages"}],"about":[{"href":"https:\/\/www.kss-sachsen.de\/index.php?rest_route=\/wp\/v2\/types\/page"}],"author":[{"embeddable":true,"href":"https:\/\/www.kss-sachsen.de\/index.php?rest_route=\/wp\/v2\/users\/1"}],"replies":[{"embeddable":true,"href":"https:\/\/www.kss-sachsen.de\/index.php?rest_route=%2Fwp%2Fv2%2Fcomments&post=4045"}],"version-history":[{"count":9,"href":"https:\/\/www.kss-sachsen.de\/index.php?rest_route=\/wp\/v2\/pages\/4045\/revisions"}],"predecessor-version":[{"id":4424,"href":"https:\/\/www.kss-sachsen.de\/index.php?rest_route=\/wp\/v2\/pages\/4045\/revisions\/4424"}],"up":[{"embeddable":true,"href":"https:\/\/www.kss-sachsen.de\/index.php?rest_route=\/wp\/v2\/pages\/3983"}],"wp:attachment":[{"href":"https:\/\/www.kss-sachsen.de\/index.php?rest_route=%2Fwp%2Fv2%2Fmedia&parent=4045"}],"curies":[{"name":"wp","href":"https:\/\/api.w.org\/{rel}","templated":true}]}}