{"id":4052,"date":"2024-05-16T02:21:22","date_gmt":"2024-05-16T00:21:22","guid":{"rendered":"https:\/\/www.kss-sachsen.de\/?page_id=4052"},"modified":"2026-02-07T11:55:54","modified_gmt":"2026-02-07T10:55:54","slug":"finanzen","status":"publish","type":"page","link":"https:\/\/www.kss-sachsen.de\/?page_id=4052","title":{"rendered":"Finanzen"},"content":{"rendered":"\n<p>Der&nbsp;<strong>Haushaltsplan&nbsp;<\/strong>des VUKSS wird vom Vorstand erstellt und mit dem&nbsp;<a href=\"https:\/\/www.kss-sachsen.de\/LSR\">Landessprecher*innenrat<\/a>&nbsp;(LSR) der KSS beraten. Anschlie\u00dfend wird der Plan von der Mitgliederversammlung beschlossen.<\/p>\n\n\n\n<ul>\n<li><a href=\"https:\/\/cloud.portal.fzs.de\/s\/yA9RNek9EM7REwd\">Haushaltsplan 2025\/2026<\/a><\/li>\n<\/ul>\n\n\n\n<p>Der LSR spricht Empfehlungen f\u00fcr&nbsp;<strong>finanzielle Ausgaben<\/strong>&nbsp;durch Beschl\u00fcsse aus. Die Ausgaben aus dem Budget des VUKSS m\u00fcssen anschlie\u00dfend vom Vorstand genehmigt werden. Dabei muss der Vorstand den Empfehlungen des LSR folgen, solange die Haushaltslage die Ausgaben zul\u00e4sst. F\u00fcr die Beantragung stehen&nbsp;<strong>Formulare<\/strong>&nbsp;zur Verf\u00fcgung.<\/p>\n\n\n\n<ul>\n<li><a href=\"https:\/\/cloud.portal.fzs.de\/s\/LtfPrX9FbGHPmH3\">Finanzantrag<\/a><\/li>\n\n\n\n<li><a href=\"https:\/\/cloud.portal.fzs.de\/s\/gTtTCFbHBTkiZMi\">Antrag auf Aufwandsentsch\u00e4digung<\/a><\/li>\n\n\n\n<li><a href=\"https:\/\/cloud.portal.fzs.de\/s\/XJGbHjL4KTSZ2rb\">Stammdatenblatt<\/a><\/li>\n<\/ul>\n","protected":false},"excerpt":{"rendered":"<p>Der&nbsp;Haushaltsplan&nbsp;des VUKSS wird vom Vorstand erstellt und mit dem&nbsp;Landessprecher*innenrat&nbsp;(LSR) der KSS beraten. Anschlie\u00dfend wird der Plan von der Mitgliederversammlung beschlossen. Der LSR spricht Empfehlungen f\u00fcr&nbsp;finanzielle Ausgaben&nbsp;durch Beschl\u00fcsse aus. Die Ausgaben aus dem Budget des VUKSS m\u00fcssen anschlie\u00dfend vom Vorstand genehmigt werden. Dabei muss der Vorstand den Empfehlungen des LSR folgen, solange die Haushaltslage die Ausgaben zul\u00e4sst. F\u00fcr die Beantragung stehen&nbsp;Formulare&nbsp;zur<a class=\"read-more\" href=\"https:\/\/www.kss-sachsen.de\/?page_id=4052\">Hier weiter lesen&#8230;<\/a><\/p>\n","protected":false},"author":1,"featured_media":0,"parent":3983,"menu_order":3,"comment_status":"closed","ping_status":"closed","template":"","meta":{"footnotes":""},"yoast_head":"<!-- This site is optimized with the Yoast SEO plugin v23.5 - https:\/\/yoast.com\/wordpress\/plugins\/seo\/ -->\n<title>Finanzen - KSS<\/title>\n<meta name=\"robots\" content=\"index, follow, max-snippet:-1, max-image-preview:large, max-video-preview:-1\" \/>\n<link rel=\"canonical\" href=\"https:\/\/www.kss-sachsen.de\/?page_id=4052\" \/>\n<meta property=\"og:locale\" content=\"de_DE\" \/>\n<meta property=\"og:type\" content=\"article\" \/>\n<meta property=\"og:title\" content=\"Finanzen - KSS\" \/>\n<meta property=\"og:description\" content=\"Der&nbsp;Haushaltsplan&nbsp;des VUKSS wird vom Vorstand erstellt und mit dem&nbsp;Landessprecher*innenrat&nbsp;(LSR) der KSS beraten. Anschlie\u00dfend wird der Plan von der Mitgliederversammlung beschlossen. Der LSR spricht Empfehlungen f\u00fcr&nbsp;finanzielle Ausgaben&nbsp;durch Beschl\u00fcsse aus. Die Ausgaben aus dem Budget des VUKSS m\u00fcssen anschlie\u00dfend vom Vorstand genehmigt werden. Dabei muss der Vorstand den Empfehlungen des LSR folgen, solange die Haushaltslage die Ausgaben zul\u00e4sst. F\u00fcr die Beantragung stehen&nbsp;Formulare&nbsp;zurHier weiter lesen...\" \/>\n<meta property=\"og:url\" content=\"https:\/\/www.kss-sachsen.de\/?page_id=4052\" \/>\n<meta property=\"og:site_name\" content=\"KSS\" \/>\n<meta property=\"article:modified_time\" content=\"2026-02-07T10:55:54+00:00\" \/>\n<meta name=\"twitter:card\" content=\"summary_large_image\" \/>\n<meta name=\"twitter:label1\" content=\"Gesch\u00e4tzte Lesezeit\" \/>\n\t<meta name=\"twitter:data1\" content=\"1\u00a0Minute\" \/>\n<script type=\"application\/ld+json\" class=\"yoast-schema-graph\">{\"@context\":\"https:\/\/schema.org\",\"@graph\":[{\"@type\":\"WebPage\",\"@id\":\"https:\/\/www.kss-sachsen.de\/?page_id=4052\",\"url\":\"https:\/\/www.kss-sachsen.de\/?page_id=4052\",\"name\":\"Finanzen - KSS\",\"isPartOf\":{\"@id\":\"https:\/\/www.kss-sachsen.de\/#website\"},\"datePublished\":\"2024-05-16T00:21:22+00:00\",\"dateModified\":\"2026-02-07T10:55:54+00:00\",\"breadcrumb\":{\"@id\":\"https:\/\/www.kss-sachsen.de\/?page_id=4052#breadcrumb\"},\"inLanguage\":\"de\",\"potentialAction\":[{\"@type\":\"ReadAction\",\"target\":[\"https:\/\/www.kss-sachsen.de\/?page_id=4052\"]}]},{\"@type\":\"BreadcrumbList\",\"@id\":\"https:\/\/www.kss-sachsen.de\/?page_id=4052#breadcrumb\",\"itemListElement\":[{\"@type\":\"ListItem\",\"position\":1,\"name\":\"Home\",\"item\":\"https:\/\/www.kss-sachsen.de\/\"},{\"@type\":\"ListItem\",\"position\":2,\"name\":\"Verein\",\"item\":\"https:\/\/www.kss-sachsen.de\/?page_id=3983\"},{\"@type\":\"ListItem\",\"position\":3,\"name\":\"Finanzen\"}]},{\"@type\":\"WebSite\",\"@id\":\"https:\/\/www.kss-sachsen.de\/#website\",\"url\":\"https:\/\/www.kss-sachsen.de\/\",\"name\":\"Konferenz S\u00e4chsischer Studierendenschaften\",\"description\":\"Konferenz S\u00e4chsischer Studierendenschaften\",\"publisher\":{\"@id\":\"https:\/\/www.kss-sachsen.de\/#organization\"},\"potentialAction\":[{\"@type\":\"SearchAction\",\"target\":{\"@type\":\"EntryPoint\",\"urlTemplate\":\"https:\/\/www.kss-sachsen.de\/?s={search_term_string}\"},\"query-input\":{\"@type\":\"PropertyValueSpecification\",\"valueRequired\":true,\"valueName\":\"search_term_string\"}}],\"inLanguage\":\"de\"},{\"@type\":\"Organization\",\"@id\":\"https:\/\/www.kss-sachsen.de\/#organization\",\"name\":\"Konferenz S\u00e4chsischer Studierendenschaften\",\"url\":\"https:\/\/www.kss-sachsen.de\/\",\"logo\":{\"@type\":\"ImageObject\",\"inLanguage\":\"de\",\"@id\":\"https:\/\/www.kss-sachsen.de\/#\/schema\/logo\/image\/\",\"url\":\"https:\/\/www.kss-sachsen.de\/wp-content\/uploads\/2023\/02\/Logo-KSS.png\",\"contentUrl\":\"https:\/\/www.kss-sachsen.de\/wp-content\/uploads\/2023\/02\/Logo-KSS.png\",\"width\":2239,\"height\":1528,\"caption\":\"Konferenz S\u00e4chsischer Studierendenschaften\"},\"image\":{\"@id\":\"https:\/\/www.kss-sachsen.de\/#\/schema\/logo\/image\/\"},\"sameAs\":[\"https:\/\/www.instagram.com\/kss_sachsen\/\"]}]}<\/script>\n<!-- \/ Yoast SEO plugin. -->","yoast_head_json":{"title":"Finanzen - KSS","robots":{"index":"index","follow":"follow","max-snippet":"max-snippet:-1","max-image-preview":"max-image-preview:large","max-video-preview":"max-video-preview:-1"},"canonical":"https:\/\/www.kss-sachsen.de\/?page_id=4052","og_locale":"de_DE","og_type":"article","og_title":"Finanzen - KSS","og_description":"Der&nbsp;Haushaltsplan&nbsp;des VUKSS wird vom Vorstand erstellt und mit dem&nbsp;Landessprecher*innenrat&nbsp;(LSR) der KSS beraten. Anschlie\u00dfend wird der Plan von der Mitgliederversammlung beschlossen. Der LSR spricht Empfehlungen f\u00fcr&nbsp;finanzielle Ausgaben&nbsp;durch Beschl\u00fcsse aus. Die Ausgaben aus dem Budget des VUKSS m\u00fcssen anschlie\u00dfend vom Vorstand genehmigt werden. Dabei muss der Vorstand den Empfehlungen des LSR folgen, solange die Haushaltslage die Ausgaben zul\u00e4sst. F\u00fcr die Beantragung stehen&nbsp;Formulare&nbsp;zurHier weiter lesen...","og_url":"https:\/\/www.kss-sachsen.de\/?page_id=4052","og_site_name":"KSS","article_modified_time":"2026-02-07T10:55:54+00:00","twitter_card":"summary_large_image","twitter_misc":{"Gesch\u00e4tzte Lesezeit":"1\u00a0Minute"},"schema":{"@context":"https:\/\/schema.org","@graph":[{"@type":"WebPage","@id":"https:\/\/www.kss-sachsen.de\/?page_id=4052","url":"https:\/\/www.kss-sachsen.de\/?page_id=4052","name":"Finanzen - KSS","isPartOf":{"@id":"https:\/\/www.kss-sachsen.de\/#website"},"datePublished":"2024-05-16T00:21:22+00:00","dateModified":"2026-02-07T10:55:54+00:00","breadcrumb":{"@id":"https:\/\/www.kss-sachsen.de\/?page_id=4052#breadcrumb"},"inLanguage":"de","potentialAction":[{"@type":"ReadAction","target":["https:\/\/www.kss-sachsen.de\/?page_id=4052"]}]},{"@type":"BreadcrumbList","@id":"https:\/\/www.kss-sachsen.de\/?page_id=4052#breadcrumb","itemListElement":[{"@type":"ListItem","position":1,"name":"Home","item":"https:\/\/www.kss-sachsen.de\/"},{"@type":"ListItem","position":2,"name":"Verein","item":"https:\/\/www.kss-sachsen.de\/?page_id=3983"},{"@type":"ListItem","position":3,"name":"Finanzen"}]},{"@type":"WebSite","@id":"https:\/\/www.kss-sachsen.de\/#website","url":"https:\/\/www.kss-sachsen.de\/","name":"Konferenz S\u00e4chsischer Studierendenschaften","description":"Konferenz S\u00e4chsischer Studierendenschaften","publisher":{"@id":"https:\/\/www.kss-sachsen.de\/#organization"},"potentialAction":[{"@type":"SearchAction","target":{"@type":"EntryPoint","urlTemplate":"https:\/\/www.kss-sachsen.de\/?s={search_term_string}"},"query-input":{"@type":"PropertyValueSpecification","valueRequired":true,"valueName":"search_term_string"}}],"inLanguage":"de"},{"@type":"Organization","@id":"https:\/\/www.kss-sachsen.de\/#organization","name":"Konferenz S\u00e4chsischer Studierendenschaften","url":"https:\/\/www.kss-sachsen.de\/","logo":{"@type":"ImageObject","inLanguage":"de","@id":"https:\/\/www.kss-sachsen.de\/#\/schema\/logo\/image\/","url":"https:\/\/www.kss-sachsen.de\/wp-content\/uploads\/2023\/02\/Logo-KSS.png","contentUrl":"https:\/\/www.kss-sachsen.de\/wp-content\/uploads\/2023\/02\/Logo-KSS.png","width":2239,"height":1528,"caption":"Konferenz S\u00e4chsischer Studierendenschaften"},"image":{"@id":"https:\/\/www.kss-sachsen.de\/#\/schema\/logo\/image\/"},"sameAs":["https:\/\/www.instagram.com\/kss_sachsen\/"]}]}},"_links":{"self":[{"href":"https:\/\/www.kss-sachsen.de\/index.php?rest_route=\/wp\/v2\/pages\/4052"}],"collection":[{"href":"https:\/\/www.kss-sachsen.de\/index.php?rest_route=\/wp\/v2\/pages"}],"about":[{"href":"https:\/\/www.kss-sachsen.de\/index.php?rest_route=\/wp\/v2\/types\/page"}],"author":[{"embeddable":true,"href":"https:\/\/www.kss-sachsen.de\/index.php?rest_route=\/wp\/v2\/users\/1"}],"replies":[{"embeddable":true,"href":"https:\/\/www.kss-sachsen.de\/index.php?rest_route=%2Fwp%2Fv2%2Fcomments&post=4052"}],"version-history":[{"count":3,"href":"https:\/\/www.kss-sachsen.de\/index.php?rest_route=\/wp\/v2\/pages\/4052\/revisions"}],"predecessor-version":[{"id":4449,"href":"https:\/\/www.kss-sachsen.de\/index.php?rest_route=\/wp\/v2\/pages\/4052\/revisions\/4449"}],"up":[{"embeddable":true,"href":"https:\/\/www.kss-sachsen.de\/index.php?rest_route=\/wp\/v2\/pages\/3983"}],"wp:attachment":[{"href":"https:\/\/www.kss-sachsen.de\/index.php?rest_route=%2Fwp%2Fv2%2Fmedia&parent=4052"}],"curies":[{"name":"wp","href":"https:\/\/api.w.org\/{rel}","templated":true}]}}