{"id":4304,"date":"2025-02-28T12:53:18","date_gmt":"2025-02-28T11:53:18","guid":{"rendered":"https:\/\/www.kss-sachsen.de\/?page_id=4304"},"modified":"2025-03-03T07:51:54","modified_gmt":"2025-03-03T06:51:54","slug":"studentenwerkeretten","status":"publish","type":"page","link":"https:\/\/www.kss-sachsen.de\/studentenwerkeretten","title":{"rendered":"#StudentenwerkeRetten"},"content":{"rendered":"\n<p>Die S\u00e4chsische Staatsregierung plant im Doppelhaushalt 2025\/26 massive Einsparungen. Obwohl die Studentenwerke weniger als 0,1\u202f% des gesamten Staatshaushalts ausmachen, sind sie akut bedroht \u2013 mit fatalen Folgen f\u00fcr Mensapreise, Wohnheimmieten und Semesterbeitr\u00e4ge. Erfahre hier, warum es so wichtig ist, #StudentenwerkeRetten zu unterst\u00fctzen und was du tun kannst.<\/p>\n\n\n\n<h2 class=\"wp-block-heading\">Doppelhaushalt 2025\/26<\/h2>\n\n\n\n<p>Derzeit stellt die Staatsregierung einen Entwurf f\u00fcr den Doppelhaushalt 2025\/26 auf. K\u00fcrzungen werden in allen Ministerien notwendig. W\u00e4hrend das Hochschulpersonal von K\u00fcrzungen verschont bleibt und damit weiterhin Lehre gew\u00e4hrleistet wird, gibt es f\u00fcr die Studentenwerke bisher keinen Schutzschirm. Und das obwohl diese ma\u00dfgeblich f\u00fcr ein bezahlbares Studium sorgen.<\/p>\n\n\n\n<h2 class=\"wp-block-heading\">Sachsens Studentenwerke<\/h2>\n\n\n\n<p>Sachsens Studentenwerke unterst\u00fctzen die Studierenden bei Verpflegung, Wohnen, Beratung und Kulturangeboten. Studierende k\u00f6nnen in den Mensen bei einer Auswahl verschiedener Gerichte g\u00fcnstig essen. In Wohnheimen wird preisg\u00fcnstiges Wohnen erm\u00f6glicht und das Verfahren ist einfach gestaltet. Darauf greifen viele Studierende im ersten Semester und internationale Studierende zur\u00fcck.<br>Die Studentenwerke bieten den Studierenden Beratungsangebote in psychosozialen Notlagen und stehen den Studierenden in finanziellen Notlagen zur Seite. Rund 40 Prozent aller Studierenden sind von Armut bedroht.<br>Mit einer Kulturf\u00f6rderung erm\u00f6glichen die Studentenwerke zudem breite kulturelle Angebote von Studentenclubs bis zu soziokulturellen Angeboten.<\/p>\n\n\n\n<h2 class=\"wp-block-heading\">Das droht uns<\/h2>\n\n\n\n<ul>\n<li>H\u00f6here Mensapreise<\/li>\n\n\n\n<li>Teurere Wohnheimmieten<\/li>\n\n\n\n<li>Massive Semesterbeitragserh\u00f6hungen<\/li>\n\n\n\n<li>Einschr\u00e4nkungen bei Beratungsstellen<\/li>\n\n\n\n<li>Schlie\u00dfungen von Mensen oder Cafeterien<\/li>\n<\/ul>\n\n\n\n<p>Das darf nicht passieren!<\/p>\n\n\n\n<h2 class=\"wp-block-heading\"><a href=\"http:\/\/openpetition.de\/!studentenwerkeretten\">Jetzt Petition unterschreiben<\/a><\/h2>\n","protected":false},"excerpt":{"rendered":"<p>Die S\u00e4chsische Staatsregierung plant im Doppelhaushalt 2025\/26 massive Einsparungen. Obwohl die Studentenwerke weniger als 0,1\u202f% des gesamten Staatshaushalts ausmachen, sind sie akut bedroht \u2013 mit fatalen Folgen f\u00fcr Mensapreise, Wohnheimmieten und Semesterbeitr\u00e4ge. Erfahre hier, warum es so wichtig ist, #StudentenwerkeRetten zu unterst\u00fctzen und was du tun kannst. Doppelhaushalt 2025\/26 Derzeit stellt die Staatsregierung einen Entwurf f\u00fcr den Doppelhaushalt 2025\/26 auf.<a class=\"read-more\" href=\"https:\/\/www.kss-sachsen.de\/studentenwerkeretten\">Hier weiter lesen&#8230;<\/a><\/p>\n","protected":false},"author":1,"featured_media":4308,"parent":0,"menu_order":0,"comment_status":"closed","ping_status":"closed","template":"","meta":{"footnotes":""},"yoast_head":"<!-- This site is optimized with the Yoast SEO plugin v23.5 - https:\/\/yoast.com\/wordpress\/plugins\/seo\/ -->\n<title>#StudentenwerkeRetten - KSS<\/title>\n<meta name=\"description\" content=\"Die S\u00e4chsische Staatsregierung plant in 2025 und 2026 Einsparungen. Die Studentenwerke und ein bezahlbares Studium sind massiv bedroht.\" \/>\n<meta name=\"robots\" content=\"index, follow, max-snippet:-1, max-image-preview:large, max-video-preview:-1\" \/>\n<link rel=\"canonical\" href=\"https:\/\/www.kss-sachsen.de\/studentenwerkeretten\" \/>\n<meta property=\"og:locale\" content=\"de_DE\" \/>\n<meta property=\"og:type\" content=\"article\" \/>\n<meta property=\"og:title\" content=\"#StudentenwerkeRetten - KSS\" \/>\n<meta property=\"og:description\" content=\"Die S\u00e4chsische Staatsregierung plant in 2025 und 2026 Einsparungen. Die Studentenwerke und ein bezahlbares Studium sind massiv bedroht.\" \/>\n<meta property=\"og:url\" content=\"https:\/\/www.kss-sachsen.de\/studentenwerkeretten\" \/>\n<meta property=\"og:site_name\" content=\"KSS\" \/>\n<meta property=\"article:modified_time\" content=\"2025-03-03T06:51:54+00:00\" \/>\n<meta property=\"og:image\" content=\"https:\/\/www.kss-sachsen.de\/wp-content\/uploads\/2025\/03\/petition_web_pic-1024x722.png\" \/>\n\t<meta property=\"og:image:width\" content=\"1024\" \/>\n\t<meta property=\"og:image:height\" content=\"722\" \/>\n\t<meta property=\"og:image:type\" content=\"image\/png\" \/>\n<meta name=\"twitter:card\" content=\"summary_large_image\" \/>\n<meta name=\"twitter:label1\" content=\"Gesch\u00e4tzte Lesezeit\" \/>\n\t<meta name=\"twitter:data1\" content=\"2\u00a0Minuten\" \/>\n<script type=\"application\/ld+json\" class=\"yoast-schema-graph\">{\"@context\":\"https:\/\/schema.org\",\"@graph\":[{\"@type\":\"WebPage\",\"@id\":\"https:\/\/www.kss-sachsen.de\/studentenwerkeretten\",\"url\":\"https:\/\/www.kss-sachsen.de\/studentenwerkeretten\",\"name\":\"#StudentenwerkeRetten - KSS\",\"isPartOf\":{\"@id\":\"https:\/\/www.kss-sachsen.de\/#website\"},\"primaryImageOfPage\":{\"@id\":\"https:\/\/www.kss-sachsen.de\/studentenwerkeretten#primaryimage\"},\"image\":{\"@id\":\"https:\/\/www.kss-sachsen.de\/studentenwerkeretten#primaryimage\"},\"thumbnailUrl\":\"https:\/\/www.kss-sachsen.de\/wp-content\/uploads\/2025\/03\/petition_web_pic.png\",\"datePublished\":\"2025-02-28T11:53:18+00:00\",\"dateModified\":\"2025-03-03T06:51:54+00:00\",\"description\":\"Die S\u00e4chsische Staatsregierung plant in 2025 und 2026 Einsparungen. Die Studentenwerke und ein bezahlbares Studium sind massiv bedroht.\",\"breadcrumb\":{\"@id\":\"https:\/\/www.kss-sachsen.de\/studentenwerkeretten#breadcrumb\"},\"inLanguage\":\"de\",\"potentialAction\":[{\"@type\":\"ReadAction\",\"target\":[\"https:\/\/www.kss-sachsen.de\/studentenwerkeretten\"]}]},{\"@type\":\"ImageObject\",\"inLanguage\":\"de\",\"@id\":\"https:\/\/www.kss-sachsen.de\/studentenwerkeretten#primaryimage\",\"url\":\"https:\/\/www.kss-sachsen.de\/wp-content\/uploads\/2025\/03\/petition_web_pic.png\",\"contentUrl\":\"https:\/\/www.kss-sachsen.de\/wp-content\/uploads\/2025\/03\/petition_web_pic.png\",\"width\":2480,\"height\":1748},{\"@type\":\"BreadcrumbList\",\"@id\":\"https:\/\/www.kss-sachsen.de\/studentenwerkeretten#breadcrumb\",\"itemListElement\":[{\"@type\":\"ListItem\",\"position\":1,\"name\":\"Home\",\"item\":\"https:\/\/www.kss-sachsen.de\/\"},{\"@type\":\"ListItem\",\"position\":2,\"name\":\"#StudentenwerkeRetten\"}]},{\"@type\":\"WebSite\",\"@id\":\"https:\/\/www.kss-sachsen.de\/#website\",\"url\":\"https:\/\/www.kss-sachsen.de\/\",\"name\":\"Konferenz S\u00e4chsischer Studierendenschaften\",\"description\":\"Konferenz S\u00e4chsischer Studierendenschaften\",\"publisher\":{\"@id\":\"https:\/\/www.kss-sachsen.de\/#organization\"},\"potentialAction\":[{\"@type\":\"SearchAction\",\"target\":{\"@type\":\"EntryPoint\",\"urlTemplate\":\"https:\/\/www.kss-sachsen.de\/?s={search_term_string}\"},\"query-input\":{\"@type\":\"PropertyValueSpecification\",\"valueRequired\":true,\"valueName\":\"search_term_string\"}}],\"inLanguage\":\"de\"},{\"@type\":\"Organization\",\"@id\":\"https:\/\/www.kss-sachsen.de\/#organization\",\"name\":\"Konferenz S\u00e4chsischer Studierendenschaften\",\"url\":\"https:\/\/www.kss-sachsen.de\/\",\"logo\":{\"@type\":\"ImageObject\",\"inLanguage\":\"de\",\"@id\":\"https:\/\/www.kss-sachsen.de\/#\/schema\/logo\/image\/\",\"url\":\"https:\/\/www.kss-sachsen.de\/wp-content\/uploads\/2023\/02\/Logo-KSS.png\",\"contentUrl\":\"https:\/\/www.kss-sachsen.de\/wp-content\/uploads\/2023\/02\/Logo-KSS.png\",\"width\":2239,\"height\":1528,\"caption\":\"Konferenz S\u00e4chsischer Studierendenschaften\"},\"image\":{\"@id\":\"https:\/\/www.kss-sachsen.de\/#\/schema\/logo\/image\/\"},\"sameAs\":[\"https:\/\/www.instagram.com\/kss_sachsen\/\"]}]}<\/script>\n<!-- \/ Yoast SEO plugin. -->","yoast_head_json":{"title":"#StudentenwerkeRetten - KSS","description":"Die S\u00e4chsische Staatsregierung plant in 2025 und 2026 Einsparungen. Die Studentenwerke und ein bezahlbares Studium sind massiv bedroht.","robots":{"index":"index","follow":"follow","max-snippet":"max-snippet:-1","max-image-preview":"max-image-preview:large","max-video-preview":"max-video-preview:-1"},"canonical":"https:\/\/www.kss-sachsen.de\/studentenwerkeretten","og_locale":"de_DE","og_type":"article","og_title":"#StudentenwerkeRetten - KSS","og_description":"Die S\u00e4chsische Staatsregierung plant in 2025 und 2026 Einsparungen. Die Studentenwerke und ein bezahlbares Studium sind massiv bedroht.","og_url":"https:\/\/www.kss-sachsen.de\/studentenwerkeretten","og_site_name":"KSS","article_modified_time":"2025-03-03T06:51:54+00:00","og_image":[{"width":1024,"height":722,"url":"https:\/\/www.kss-sachsen.de\/wp-content\/uploads\/2025\/03\/petition_web_pic-1024x722.png","type":"image\/png"}],"twitter_card":"summary_large_image","twitter_misc":{"Gesch\u00e4tzte Lesezeit":"2\u00a0Minuten"},"schema":{"@context":"https:\/\/schema.org","@graph":[{"@type":"WebPage","@id":"https:\/\/www.kss-sachsen.de\/studentenwerkeretten","url":"https:\/\/www.kss-sachsen.de\/studentenwerkeretten","name":"#StudentenwerkeRetten - KSS","isPartOf":{"@id":"https:\/\/www.kss-sachsen.de\/#website"},"primaryImageOfPage":{"@id":"https:\/\/www.kss-sachsen.de\/studentenwerkeretten#primaryimage"},"image":{"@id":"https:\/\/www.kss-sachsen.de\/studentenwerkeretten#primaryimage"},"thumbnailUrl":"https:\/\/www.kss-sachsen.de\/wp-content\/uploads\/2025\/03\/petition_web_pic.png","datePublished":"2025-02-28T11:53:18+00:00","dateModified":"2025-03-03T06:51:54+00:00","description":"Die S\u00e4chsische Staatsregierung plant in 2025 und 2026 Einsparungen. Die Studentenwerke und ein bezahlbares Studium sind massiv bedroht.","breadcrumb":{"@id":"https:\/\/www.kss-sachsen.de\/studentenwerkeretten#breadcrumb"},"inLanguage":"de","potentialAction":[{"@type":"ReadAction","target":["https:\/\/www.kss-sachsen.de\/studentenwerkeretten"]}]},{"@type":"ImageObject","inLanguage":"de","@id":"https:\/\/www.kss-sachsen.de\/studentenwerkeretten#primaryimage","url":"https:\/\/www.kss-sachsen.de\/wp-content\/uploads\/2025\/03\/petition_web_pic.png","contentUrl":"https:\/\/www.kss-sachsen.de\/wp-content\/uploads\/2025\/03\/petition_web_pic.png","width":2480,"height":1748},{"@type":"BreadcrumbList","@id":"https:\/\/www.kss-sachsen.de\/studentenwerkeretten#breadcrumb","itemListElement":[{"@type":"ListItem","position":1,"name":"Home","item":"https:\/\/www.kss-sachsen.de\/"},{"@type":"ListItem","position":2,"name":"#StudentenwerkeRetten"}]},{"@type":"WebSite","@id":"https:\/\/www.kss-sachsen.de\/#website","url":"https:\/\/www.kss-sachsen.de\/","name":"Konferenz S\u00e4chsischer Studierendenschaften","description":"Konferenz S\u00e4chsischer Studierendenschaften","publisher":{"@id":"https:\/\/www.kss-sachsen.de\/#organization"},"potentialAction":[{"@type":"SearchAction","target":{"@type":"EntryPoint","urlTemplate":"https:\/\/www.kss-sachsen.de\/?s={search_term_string}"},"query-input":{"@type":"PropertyValueSpecification","valueRequired":true,"valueName":"search_term_string"}}],"inLanguage":"de"},{"@type":"Organization","@id":"https:\/\/www.kss-sachsen.de\/#organization","name":"Konferenz S\u00e4chsischer Studierendenschaften","url":"https:\/\/www.kss-sachsen.de\/","logo":{"@type":"ImageObject","inLanguage":"de","@id":"https:\/\/www.kss-sachsen.de\/#\/schema\/logo\/image\/","url":"https:\/\/www.kss-sachsen.de\/wp-content\/uploads\/2023\/02\/Logo-KSS.png","contentUrl":"https:\/\/www.kss-sachsen.de\/wp-content\/uploads\/2023\/02\/Logo-KSS.png","width":2239,"height":1528,"caption":"Konferenz S\u00e4chsischer Studierendenschaften"},"image":{"@id":"https:\/\/www.kss-sachsen.de\/#\/schema\/logo\/image\/"},"sameAs":["https:\/\/www.instagram.com\/kss_sachsen\/"]}]}},"_links":{"self":[{"href":"https:\/\/www.kss-sachsen.de\/index.php?rest_route=\/wp\/v2\/pages\/4304"}],"collection":[{"href":"https:\/\/www.kss-sachsen.de\/index.php?rest_route=\/wp\/v2\/pages"}],"about":[{"href":"https:\/\/www.kss-sachsen.de\/index.php?rest_route=\/wp\/v2\/types\/page"}],"author":[{"embeddable":true,"href":"https:\/\/www.kss-sachsen.de\/index.php?rest_route=\/wp\/v2\/users\/1"}],"replies":[{"embeddable":true,"href":"https:\/\/www.kss-sachsen.de\/index.php?rest_route=%2Fwp%2Fv2%2Fcomments&post=4304"}],"version-history":[{"count":2,"href":"https:\/\/www.kss-sachsen.de\/index.php?rest_route=\/wp\/v2\/pages\/4304\/revisions"}],"predecessor-version":[{"id":4307,"href":"https:\/\/www.kss-sachsen.de\/index.php?rest_route=\/wp\/v2\/pages\/4304\/revisions\/4307"}],"wp:featuredmedia":[{"embeddable":true,"href":"https:\/\/www.kss-sachsen.de\/index.php?rest_route=\/wp\/v2\/media\/4308"}],"wp:attachment":[{"href":"https:\/\/www.kss-sachsen.de\/index.php?rest_route=%2Fwp%2Fv2%2Fmedia&parent=4304"}],"curies":[{"name":"wp","href":"https:\/\/api.w.org\/{rel}","templated":true}]}}