{"id":533,"date":"2017-06-05T12:57:58","date_gmt":"2017-06-05T10:57:58","guid":{"rendered":"http:\/\/www3.kss-sachsen.de\/?page_id=533"},"modified":"2026-03-26T13:19:14","modified_gmt":"2026-03-26T12:19:14","slug":"sitzungen","status":"publish","type":"page","link":"https:\/\/www.kss-sachsen.de\/termine","title":{"rendered":"Termine"},"content":{"rendered":"<h2>Sitzungen des Landessprecher*innenrats<\/h2>\n<p>Die Sitzungen des <a href=\"https:\/\/www.kss-sachsen.de\/?page_id=199\">Landessprecher*innenrats<\/a> finden monatlich an wechselnden Standorten bei den s\u00e4chsischen Studierendenr\u00e4ten statt. Der LSR tagt in Pr\u00e4senz, wobei eine Onlinezuschaltung in der Regel m\u00f6glich ist.<\/p>\n<p><strong>N\u00e4chste Sitzungen des LSR<\/strong><\/p>\n<table style=\"height: 222px;\" width=\"977\">\n<tbody>\n<tr>\n<td width=\"201\"><strong>Datum<\/strong><\/td>\n<td width=\"261\"><strong>Sitzungsort<\/strong><\/td>\n<td width=\"141\"><strong>Sitzungsunterlagen<\/strong><\/td>\n<\/tr>\n<tr>\n<td width=\"201\">18.04.2026 ab 11:00 Uhr<\/td>\n<td width=\"261\">TU Bergakademie Freiberg<\/td>\n<td width=\"141\"><\/td>\n<\/tr>\n<tr>\n<td width=\"201\"><\/td>\n<td width=\"261\"><\/td>\n<td width=\"141\"><\/td>\n<\/tr>\n<tr>\n<td width=\"201\"><\/td>\n<td width=\"261\"><\/td>\n<td width=\"141\"><\/td>\n<\/tr>\n<tr>\n<td width=\"201\"><\/td>\n<td width=\"261\"><\/td>\n<td width=\"141\"><\/td>\n<\/tr>\n<tr>\n<td width=\"201\"><\/td>\n<td width=\"261\"><\/td>\n<td width=\"141\"><\/td>\n<\/tr>\n<\/tbody>\n<\/table>\n","protected":false},"excerpt":{"rendered":"<p>Sitzungen des Landessprecher*innenrats Die Sitzungen des Landessprecher*innenrats finden monatlich an wechselnden Standorten bei den s\u00e4chsischen Studierendenr\u00e4ten statt. Der LSR tagt in Pr\u00e4senz, wobei eine Onlinezuschaltung in der Regel m\u00f6glich ist. N\u00e4chste Sitzungen des LSR Datum Sitzungsort Sitzungsunterlagen 18.04.2026 ab 11:00 Uhr TU Bergakademie Freiberg<\/p>\n","protected":false},"author":1,"featured_media":0,"parent":199,"menu_order":1,"comment_status":"closed","ping_status":"closed","template":"","meta":{"footnotes":""},"yoast_head":"<!-- This site is optimized with the Yoast SEO plugin v23.5 - https:\/\/yoast.com\/wordpress\/plugins\/seo\/ -->\n<title>Termine - KSS<\/title>\n<meta name=\"robots\" content=\"index, follow, max-snippet:-1, max-image-preview:large, max-video-preview:-1\" \/>\n<link rel=\"canonical\" href=\"https:\/\/www.kss-sachsen.de\/termine\" \/>\n<meta property=\"og:locale\" content=\"de_DE\" \/>\n<meta property=\"og:type\" content=\"article\" \/>\n<meta property=\"og:title\" content=\"Termine - KSS\" \/>\n<meta property=\"og:description\" content=\"Sitzungen des Landessprecher*innenrats Die Sitzungen des Landessprecher*innenrats finden monatlich an wechselnden Standorten bei den s\u00e4chsischen Studierendenr\u00e4ten statt. Der LSR tagt in Pr\u00e4senz, wobei eine Onlinezuschaltung in der Regel m\u00f6glich ist. N\u00e4chste Sitzungen des LSR Datum Sitzungsort Sitzungsunterlagen 18.04.2026 ab 11:00 Uhr TU Bergakademie Freiberg\" \/>\n<meta property=\"og:url\" content=\"https:\/\/www.kss-sachsen.de\/termine\" \/>\n<meta property=\"og:site_name\" content=\"KSS\" \/>\n<meta property=\"article:modified_time\" content=\"2026-03-26T12:19:14+00:00\" \/>\n<meta name=\"twitter:card\" content=\"summary_large_image\" \/>\n<meta name=\"twitter:label1\" content=\"Gesch\u00e4tzte Lesezeit\" \/>\n\t<meta name=\"twitter:data1\" content=\"1\u00a0Minute\" \/>\n<script type=\"application\/ld+json\" class=\"yoast-schema-graph\">{\"@context\":\"https:\/\/schema.org\",\"@graph\":[{\"@type\":\"WebPage\",\"@id\":\"https:\/\/www.kss-sachsen.de\/termine\",\"url\":\"https:\/\/www.kss-sachsen.de\/termine\",\"name\":\"Termine - KSS\",\"isPartOf\":{\"@id\":\"https:\/\/www.kss-sachsen.de\/#website\"},\"datePublished\":\"2017-06-05T10:57:58+00:00\",\"dateModified\":\"2026-03-26T12:19:14+00:00\",\"breadcrumb\":{\"@id\":\"https:\/\/www.kss-sachsen.de\/termine#breadcrumb\"},\"inLanguage\":\"de\",\"potentialAction\":[{\"@type\":\"ReadAction\",\"target\":[\"https:\/\/www.kss-sachsen.de\/termine\"]}]},{\"@type\":\"BreadcrumbList\",\"@id\":\"https:\/\/www.kss-sachsen.de\/termine#breadcrumb\",\"itemListElement\":[{\"@type\":\"ListItem\",\"position\":1,\"name\":\"Home\",\"item\":\"https:\/\/www.kss-sachsen.de\/\"},{\"@type\":\"ListItem\",\"position\":2,\"name\":\"KSS\",\"item\":\"https:\/\/www.kss-sachsen.de\/\"},{\"@type\":\"ListItem\",\"position\":3,\"name\":\"LSR\",\"item\":\"https:\/\/www.kss-sachsen.de\/LSR\"},{\"@type\":\"ListItem\",\"position\":4,\"name\":\"Termine\"}]},{\"@type\":\"WebSite\",\"@id\":\"https:\/\/www.kss-sachsen.de\/#website\",\"url\":\"https:\/\/www.kss-sachsen.de\/\",\"name\":\"Konferenz S\u00e4chsischer Studierendenschaften\",\"description\":\"Konferenz S\u00e4chsischer Studierendenschaften\",\"publisher\":{\"@id\":\"https:\/\/www.kss-sachsen.de\/#organization\"},\"potentialAction\":[{\"@type\":\"SearchAction\",\"target\":{\"@type\":\"EntryPoint\",\"urlTemplate\":\"https:\/\/www.kss-sachsen.de\/?s={search_term_string}\"},\"query-input\":{\"@type\":\"PropertyValueSpecification\",\"valueRequired\":true,\"valueName\":\"search_term_string\"}}],\"inLanguage\":\"de\"},{\"@type\":\"Organization\",\"@id\":\"https:\/\/www.kss-sachsen.de\/#organization\",\"name\":\"Konferenz S\u00e4chsischer Studierendenschaften\",\"url\":\"https:\/\/www.kss-sachsen.de\/\",\"logo\":{\"@type\":\"ImageObject\",\"inLanguage\":\"de\",\"@id\":\"https:\/\/www.kss-sachsen.de\/#\/schema\/logo\/image\/\",\"url\":\"https:\/\/www.kss-sachsen.de\/wp-content\/uploads\/2023\/02\/Logo-KSS.png\",\"contentUrl\":\"https:\/\/www.kss-sachsen.de\/wp-content\/uploads\/2023\/02\/Logo-KSS.png\",\"width\":2239,\"height\":1528,\"caption\":\"Konferenz S\u00e4chsischer Studierendenschaften\"},\"image\":{\"@id\":\"https:\/\/www.kss-sachsen.de\/#\/schema\/logo\/image\/\"},\"sameAs\":[\"https:\/\/www.instagram.com\/kss_sachsen\/\"]}]}<\/script>\n<!-- \/ Yoast SEO plugin. -->","yoast_head_json":{"title":"Termine - KSS","robots":{"index":"index","follow":"follow","max-snippet":"max-snippet:-1","max-image-preview":"max-image-preview:large","max-video-preview":"max-video-preview:-1"},"canonical":"https:\/\/www.kss-sachsen.de\/termine","og_locale":"de_DE","og_type":"article","og_title":"Termine - KSS","og_description":"Sitzungen des Landessprecher*innenrats Die Sitzungen des Landessprecher*innenrats finden monatlich an wechselnden Standorten bei den s\u00e4chsischen Studierendenr\u00e4ten statt. Der LSR tagt in Pr\u00e4senz, wobei eine Onlinezuschaltung in der Regel m\u00f6glich ist. N\u00e4chste Sitzungen des LSR Datum Sitzungsort Sitzungsunterlagen 18.04.2026 ab 11:00 Uhr TU Bergakademie Freiberg","og_url":"https:\/\/www.kss-sachsen.de\/termine","og_site_name":"KSS","article_modified_time":"2026-03-26T12:19:14+00:00","twitter_card":"summary_large_image","twitter_misc":{"Gesch\u00e4tzte Lesezeit":"1\u00a0Minute"},"schema":{"@context":"https:\/\/schema.org","@graph":[{"@type":"WebPage","@id":"https:\/\/www.kss-sachsen.de\/termine","url":"https:\/\/www.kss-sachsen.de\/termine","name":"Termine - KSS","isPartOf":{"@id":"https:\/\/www.kss-sachsen.de\/#website"},"datePublished":"2017-06-05T10:57:58+00:00","dateModified":"2026-03-26T12:19:14+00:00","breadcrumb":{"@id":"https:\/\/www.kss-sachsen.de\/termine#breadcrumb"},"inLanguage":"de","potentialAction":[{"@type":"ReadAction","target":["https:\/\/www.kss-sachsen.de\/termine"]}]},{"@type":"BreadcrumbList","@id":"https:\/\/www.kss-sachsen.de\/termine#breadcrumb","itemListElement":[{"@type":"ListItem","position":1,"name":"Home","item":"https:\/\/www.kss-sachsen.de\/"},{"@type":"ListItem","position":2,"name":"KSS","item":"https:\/\/www.kss-sachsen.de\/"},{"@type":"ListItem","position":3,"name":"LSR","item":"https:\/\/www.kss-sachsen.de\/LSR"},{"@type":"ListItem","position":4,"name":"Termine"}]},{"@type":"WebSite","@id":"https:\/\/www.kss-sachsen.de\/#website","url":"https:\/\/www.kss-sachsen.de\/","name":"Konferenz S\u00e4chsischer Studierendenschaften","description":"Konferenz S\u00e4chsischer Studierendenschaften","publisher":{"@id":"https:\/\/www.kss-sachsen.de\/#organization"},"potentialAction":[{"@type":"SearchAction","target":{"@type":"EntryPoint","urlTemplate":"https:\/\/www.kss-sachsen.de\/?s={search_term_string}"},"query-input":{"@type":"PropertyValueSpecification","valueRequired":true,"valueName":"search_term_string"}}],"inLanguage":"de"},{"@type":"Organization","@id":"https:\/\/www.kss-sachsen.de\/#organization","name":"Konferenz S\u00e4chsischer Studierendenschaften","url":"https:\/\/www.kss-sachsen.de\/","logo":{"@type":"ImageObject","inLanguage":"de","@id":"https:\/\/www.kss-sachsen.de\/#\/schema\/logo\/image\/","url":"https:\/\/www.kss-sachsen.de\/wp-content\/uploads\/2023\/02\/Logo-KSS.png","contentUrl":"https:\/\/www.kss-sachsen.de\/wp-content\/uploads\/2023\/02\/Logo-KSS.png","width":2239,"height":1528,"caption":"Konferenz S\u00e4chsischer Studierendenschaften"},"image":{"@id":"https:\/\/www.kss-sachsen.de\/#\/schema\/logo\/image\/"},"sameAs":["https:\/\/www.instagram.com\/kss_sachsen\/"]}]}},"_links":{"self":[{"href":"https:\/\/www.kss-sachsen.de\/index.php?rest_route=\/wp\/v2\/pages\/533"}],"collection":[{"href":"https:\/\/www.kss-sachsen.de\/index.php?rest_route=\/wp\/v2\/pages"}],"about":[{"href":"https:\/\/www.kss-sachsen.de\/index.php?rest_route=\/wp\/v2\/types\/page"}],"author":[{"embeddable":true,"href":"https:\/\/www.kss-sachsen.de\/index.php?rest_route=\/wp\/v2\/users\/1"}],"replies":[{"embeddable":true,"href":"https:\/\/www.kss-sachsen.de\/index.php?rest_route=%2Fwp%2Fv2%2Fcomments&post=533"}],"version-history":[{"count":134,"href":"https:\/\/www.kss-sachsen.de\/index.php?rest_route=\/wp\/v2\/pages\/533\/revisions"}],"predecessor-version":[{"id":4472,"href":"https:\/\/www.kss-sachsen.de\/index.php?rest_route=\/wp\/v2\/pages\/533\/revisions\/4472"}],"up":[{"embeddable":true,"href":"https:\/\/www.kss-sachsen.de\/index.php?rest_route=\/wp\/v2\/pages\/199"}],"wp:attachment":[{"href":"https:\/\/www.kss-sachsen.de\/index.php?rest_route=%2Fwp%2Fv2%2Fmedia&parent=533"}],"curies":[{"name":"wp","href":"https:\/\/api.w.org\/{rel}","templated":true}]}}