{"id":570,"date":"2017-06-05T15:04:47","date_gmt":"2017-06-05T13:04:47","guid":{"rendered":"http:\/\/www3.kss-sachsen.de\/?page_id=570"},"modified":"2024-01-14T00:28:35","modified_gmt":"2024-01-13T23:28:35","slug":"studiengebuhren","status":"publish","type":"page","link":"https:\/\/www.kss-sachsen.de\/?page_id=570","title":{"rendered":"Studiengeb\u00fchren"},"content":{"rendered":"<div class=\"csc-header csc-header-n1\">\n<h3 class=\"csc-firstHeader\">Studierst du noch &#8211; oder zahlst du schon?<\/h3>\n<\/div>\n<p class=\"bodytext\">Sollten die Bundesl\u00e4nder weiterhin so unaufhaltsam wie bisher nach Studiengeb\u00fchren streben, m\u00fcssen bald unz\u00e4hlige Studierende f\u00fcr das Modell \u201eLehre\u201c 500 Euro bezahlen. Mit Studiengeb\u00fchren kommt die bundesdeutsche Bildungspolitik den Studierenden heute schon teuer zu stehen. In vielen Bundesl\u00e4ndern ist die Einf\u00fchrung von allgemeinen Studiengeb\u00fchren bereits beschlossen:<\/p>\n<p class=\"bodytext\">Seit sp\u00e4testens dem Wintersemester 2007\/08 m\u00fcssen Studierende in Baden-W\u00fcrttemberg, Bayern, Hamburg, Hessen, Nordrhein-Westfalen, Niedersachsen und im Saarland 500 Euro f\u00fcr allgemeine Studiengeb\u00fchren zahlen. Allerdings mit kleinen regionalen Unterschieden: Die Hochschulen in NRW d\u00fcrfen n\u00e4mlich ganz autonom entscheiden, ob sie Studiengeb\u00fchren erheben oder nicht. Und im Saarland sind zu Beginn des Studiums 300 Euro und ab dem dritten Semester Studiengeb\u00fchren in H\u00f6he von insgesamt 500 Euro f\u00e4llig.<\/p>\n<p class=\"bodytext\">In Berlin, Brandenburg, Mecklenburg-Vorpommern und Schleswig-Holstein werden bislang weder Studiengeb\u00fchren noch Langzeitstudiengeb\u00fchren oder Zweitstudiengeb\u00fchren erhoben.<\/p>\n<p class=\"bodytext\">In Bremen, Sachsen-Anhalt und Th\u00fcringen haben die Studierenden mit Langzeitstudiengeb\u00fchren, in Rheinland-Pfalz und Sachsen mit Zweitstudiengeb\u00fchren zu k\u00e4mpfen. Demnach ist auch Sachsen vor Studiengeb\u00fchren nicht gefeit. Mit Tricks und Arglist schlagen einzelne Hochschulen des Landes offenbar immer wieder zu und ziehen den Studierenden das Geld aus der Tasche.<\/p>\n<h3>Situation Sachsen<\/h3>\n<p>Die aus SPD und CDU bestehende s\u00e4chsische Regierung gew\u00e4hrleistet den Studierenden in Sachsen ein geb\u00fchrenfreies Erststudium zumindest bis zur n\u00e4chsten Landtagswahl im Jahr 2009. Der Druck auf die Landesregierung und damit\u00a0die Koalitionspartner wird weiter wachsen, wenn um den vermeintlich s\u00e4chsischen Geb\u00fchrenfrieden herum Studiengeb\u00fchren eingef\u00fchrt werden. Dabei sind hochschulpolitische Grabenk\u00e4mpfe innerhalb der Regierung zu erwarten, denn der Ministerpr\u00e4sident des Landes, Georg Milbradt (CDU), spricht sich nach wie vor f\u00fcr Studiengeb\u00fchren aus.<\/p>\n<p class=\"bodytext\">Nebent\u00e4tigkeiten r\u00fccken st\u00e4rker in den Fokus der Studierenden, um sich den geforderten \u201eBeitrag\u201c zur Bildung \u00fcberhaupt noch leisten zu k\u00f6nnen. Somit wird sich das Studium f\u00fcr die Studierenden nicht verk\u00fcrzen, sondern durch die modularisierten Studieng\u00e4nge und das voranschreitende prek\u00e4re soziale Ungleichgewicht eher verl\u00e4ngern. Eine unmittelbare Existenzsicherung wird \u00fcber kurz oder lang die Studienverlaufsplanung der Studierenden ersetzen.<\/p>\n<h3 class=\"bodytext\">Nur wer zahlt, akzeptiert!<\/h3>\n<p class=\"bodytext\">Bildung ist Menschenrecht und somit genauso wenig Handelsware wie der Schutz vor Folter oder Meinungsfreiheit. Durch Studiengeb\u00fchren werden potenzielle Akademikerinnen und Akademiker schlichtweg von einem Studium ausgeschlossen. Bereits die Einf\u00fchrung von Langzeitstudiengeb\u00fchren zeigte, dass Geb\u00fchren dazu f\u00fchren, dass das soziale Ungleichgewicht und die Selektion an den Hochschulen zunehmen. Die Finanzierung der Hochschulen ist origin\u00e4re Aufgabe des Staates, damit Bildungsstandards gesichert werden k\u00f6nnen. Die mit der Bildung verbundenen gesamtgesellschaftlichen Interessen d\u00fcrfen den marktwirtschaftlichen nicht weichen. Bildung ist ein \u00f6ffentliches Gut und muss dementsprechend f\u00fcr alle zug\u00e4nglich sein. <i>(HaDe)<\/i><\/p>\n<h3 class=\"bodytext\">Weitere Informationen<\/h3>\n<p class=\"bodytext\"><a href=\"http:\/\/www.abs-bund.de\/\">http:\/\/www.abs-bund.de\/<\/a><\/p>\n<p class=\"bodytext\"><a href=\"http:\/\/www.studis-online.de\/\">http:\/\/www.studis-online.de\/<\/a><\/p>\n<p class=\"bodytext\"><a href=\"http:\/\/www.uebergebuehr.de\/\">http:\/\/www.uebergebuehr.de\/<\/a><\/p>\n<p class=\"bodytext\"><a href=\"http:\/\/www.fzs.de\/\">http:\/\/www.fzs.de\/<\/a><\/p>\n<p class=\"bodytext\">Studiengeb\u00fchren-Analyse der sozialen Auswirkungen am Beispiel der Geb\u00fchrenmodelle ausgew\u00e4hlter Staaten vom wissenschaftlichen Dienst des Deutschen Bundestages<\/p>\n","protected":false},"excerpt":{"rendered":"<p>Studierst du noch &#8211; oder zahlst du schon? Sollten die Bundesl\u00e4nder weiterhin so unaufhaltsam wie bisher nach Studiengeb\u00fchren streben, m\u00fcssen bald unz\u00e4hlige Studierende f\u00fcr das Modell \u201eLehre\u201c 500 Euro bezahlen. Mit Studiengeb\u00fchren kommt die bundesdeutsche Bildungspolitik den Studierenden heute schon teuer zu stehen. In vielen Bundesl\u00e4ndern ist die Einf\u00fchrung von allgemeinen Studiengeb\u00fchren bereits beschlossen: Seit sp\u00e4testens dem Wintersemester 2007\/08 m\u00fcssen<a class=\"read-more\" href=\"https:\/\/www.kss-sachsen.de\/?page_id=570\">Hier weiter lesen&#8230;<\/a><\/p>\n","protected":false},"author":1,"featured_media":0,"parent":3698,"menu_order":3,"comment_status":"closed","ping_status":"closed","template":"","meta":{"footnotes":""},"yoast_head":"<!-- This site is optimized with the Yoast SEO plugin v23.5 - https:\/\/yoast.com\/wordpress\/plugins\/seo\/ -->\n<title>Studiengeb\u00fchren - KSS<\/title>\n<meta name=\"robots\" content=\"index, follow, max-snippet:-1, max-image-preview:large, max-video-preview:-1\" \/>\n<link rel=\"canonical\" href=\"https:\/\/www.kss-sachsen.de\/?page_id=570\" \/>\n<meta property=\"og:locale\" content=\"de_DE\" \/>\n<meta property=\"og:type\" content=\"article\" \/>\n<meta property=\"og:title\" content=\"Studiengeb\u00fchren - KSS\" \/>\n<meta property=\"og:description\" content=\"Studierst du noch &#8211; oder zahlst du schon? Sollten die Bundesl\u00e4nder weiterhin so unaufhaltsam wie bisher nach Studiengeb\u00fchren streben, m\u00fcssen bald unz\u00e4hlige Studierende f\u00fcr das Modell \u201eLehre\u201c 500 Euro bezahlen. Mit Studiengeb\u00fchren kommt die bundesdeutsche Bildungspolitik den Studierenden heute schon teuer zu stehen. In vielen Bundesl\u00e4ndern ist die Einf\u00fchrung von allgemeinen Studiengeb\u00fchren bereits beschlossen: Seit sp\u00e4testens dem Wintersemester 2007\/08 m\u00fcssenHier weiter lesen...\" \/>\n<meta property=\"og:url\" content=\"https:\/\/www.kss-sachsen.de\/?page_id=570\" \/>\n<meta property=\"og:site_name\" content=\"KSS\" \/>\n<meta property=\"article:modified_time\" content=\"2024-01-13T23:28:35+00:00\" \/>\n<meta name=\"twitter:card\" content=\"summary_large_image\" \/>\n<meta name=\"twitter:label1\" content=\"Gesch\u00e4tzte Lesezeit\" \/>\n\t<meta name=\"twitter:data1\" content=\"2\u00a0Minuten\" \/>\n<script type=\"application\/ld+json\" class=\"yoast-schema-graph\">{\"@context\":\"https:\/\/schema.org\",\"@graph\":[{\"@type\":\"WebPage\",\"@id\":\"https:\/\/www.kss-sachsen.de\/?page_id=570\",\"url\":\"https:\/\/www.kss-sachsen.de\/?page_id=570\",\"name\":\"Studiengeb\u00fchren - KSS\",\"isPartOf\":{\"@id\":\"https:\/\/www.kss-sachsen.de\/#website\"},\"datePublished\":\"2017-06-05T13:04:47+00:00\",\"dateModified\":\"2024-01-13T23:28:35+00:00\",\"breadcrumb\":{\"@id\":\"https:\/\/www.kss-sachsen.de\/?page_id=570#breadcrumb\"},\"inLanguage\":\"de\",\"potentialAction\":[{\"@type\":\"ReadAction\",\"target\":[\"https:\/\/www.kss-sachsen.de\/?page_id=570\"]}]},{\"@type\":\"BreadcrumbList\",\"@id\":\"https:\/\/www.kss-sachsen.de\/?page_id=570#breadcrumb\",\"itemListElement\":[{\"@type\":\"ListItem\",\"position\":1,\"name\":\"Home\",\"item\":\"https:\/\/www.kss-sachsen.de\/\"},{\"@type\":\"ListItem\",\"position\":2,\"name\":\"Themen\",\"item\":\"https:\/\/www.kss-sachsen.de\/themen\"},{\"@type\":\"ListItem\",\"position\":3,\"name\":\"Studienbedingungen\",\"item\":\"https:\/\/www.kss-sachsen.de\/studienbedingungen\"},{\"@type\":\"ListItem\",\"position\":4,\"name\":\"Studiengeb\u00fchren\"}]},{\"@type\":\"WebSite\",\"@id\":\"https:\/\/www.kss-sachsen.de\/#website\",\"url\":\"https:\/\/www.kss-sachsen.de\/\",\"name\":\"Konferenz S\u00e4chsischer Studierendenschaften\",\"description\":\"Konferenz S\u00e4chsischer Studierendenschaften\",\"publisher\":{\"@id\":\"https:\/\/www.kss-sachsen.de\/#organization\"},\"potentialAction\":[{\"@type\":\"SearchAction\",\"target\":{\"@type\":\"EntryPoint\",\"urlTemplate\":\"https:\/\/www.kss-sachsen.de\/?s={search_term_string}\"},\"query-input\":{\"@type\":\"PropertyValueSpecification\",\"valueRequired\":true,\"valueName\":\"search_term_string\"}}],\"inLanguage\":\"de\"},{\"@type\":\"Organization\",\"@id\":\"https:\/\/www.kss-sachsen.de\/#organization\",\"name\":\"Konferenz S\u00e4chsischer Studierendenschaften\",\"url\":\"https:\/\/www.kss-sachsen.de\/\",\"logo\":{\"@type\":\"ImageObject\",\"inLanguage\":\"de\",\"@id\":\"https:\/\/www.kss-sachsen.de\/#\/schema\/logo\/image\/\",\"url\":\"https:\/\/www.kss-sachsen.de\/wp-content\/uploads\/2023\/02\/Logo-KSS.png\",\"contentUrl\":\"https:\/\/www.kss-sachsen.de\/wp-content\/uploads\/2023\/02\/Logo-KSS.png\",\"width\":2239,\"height\":1528,\"caption\":\"Konferenz S\u00e4chsischer Studierendenschaften\"},\"image\":{\"@id\":\"https:\/\/www.kss-sachsen.de\/#\/schema\/logo\/image\/\"},\"sameAs\":[\"https:\/\/www.instagram.com\/kss_sachsen\/\"]}]}<\/script>\n<!-- \/ Yoast SEO plugin. -->","yoast_head_json":{"title":"Studiengeb\u00fchren - KSS","robots":{"index":"index","follow":"follow","max-snippet":"max-snippet:-1","max-image-preview":"max-image-preview:large","max-video-preview":"max-video-preview:-1"},"canonical":"https:\/\/www.kss-sachsen.de\/?page_id=570","og_locale":"de_DE","og_type":"article","og_title":"Studiengeb\u00fchren - KSS","og_description":"Studierst du noch &#8211; oder zahlst du schon? Sollten die Bundesl\u00e4nder weiterhin so unaufhaltsam wie bisher nach Studiengeb\u00fchren streben, m\u00fcssen bald unz\u00e4hlige Studierende f\u00fcr das Modell \u201eLehre\u201c 500 Euro bezahlen. Mit Studiengeb\u00fchren kommt die bundesdeutsche Bildungspolitik den Studierenden heute schon teuer zu stehen. In vielen Bundesl\u00e4ndern ist die Einf\u00fchrung von allgemeinen Studiengeb\u00fchren bereits beschlossen: Seit sp\u00e4testens dem Wintersemester 2007\/08 m\u00fcssenHier weiter lesen...","og_url":"https:\/\/www.kss-sachsen.de\/?page_id=570","og_site_name":"KSS","article_modified_time":"2024-01-13T23:28:35+00:00","twitter_card":"summary_large_image","twitter_misc":{"Gesch\u00e4tzte Lesezeit":"2\u00a0Minuten"},"schema":{"@context":"https:\/\/schema.org","@graph":[{"@type":"WebPage","@id":"https:\/\/www.kss-sachsen.de\/?page_id=570","url":"https:\/\/www.kss-sachsen.de\/?page_id=570","name":"Studiengeb\u00fchren - KSS","isPartOf":{"@id":"https:\/\/www.kss-sachsen.de\/#website"},"datePublished":"2017-06-05T13:04:47+00:00","dateModified":"2024-01-13T23:28:35+00:00","breadcrumb":{"@id":"https:\/\/www.kss-sachsen.de\/?page_id=570#breadcrumb"},"inLanguage":"de","potentialAction":[{"@type":"ReadAction","target":["https:\/\/www.kss-sachsen.de\/?page_id=570"]}]},{"@type":"BreadcrumbList","@id":"https:\/\/www.kss-sachsen.de\/?page_id=570#breadcrumb","itemListElement":[{"@type":"ListItem","position":1,"name":"Home","item":"https:\/\/www.kss-sachsen.de\/"},{"@type":"ListItem","position":2,"name":"Themen","item":"https:\/\/www.kss-sachsen.de\/themen"},{"@type":"ListItem","position":3,"name":"Studienbedingungen","item":"https:\/\/www.kss-sachsen.de\/studienbedingungen"},{"@type":"ListItem","position":4,"name":"Studiengeb\u00fchren"}]},{"@type":"WebSite","@id":"https:\/\/www.kss-sachsen.de\/#website","url":"https:\/\/www.kss-sachsen.de\/","name":"Konferenz S\u00e4chsischer Studierendenschaften","description":"Konferenz S\u00e4chsischer Studierendenschaften","publisher":{"@id":"https:\/\/www.kss-sachsen.de\/#organization"},"potentialAction":[{"@type":"SearchAction","target":{"@type":"EntryPoint","urlTemplate":"https:\/\/www.kss-sachsen.de\/?s={search_term_string}"},"query-input":{"@type":"PropertyValueSpecification","valueRequired":true,"valueName":"search_term_string"}}],"inLanguage":"de"},{"@type":"Organization","@id":"https:\/\/www.kss-sachsen.de\/#organization","name":"Konferenz S\u00e4chsischer Studierendenschaften","url":"https:\/\/www.kss-sachsen.de\/","logo":{"@type":"ImageObject","inLanguage":"de","@id":"https:\/\/www.kss-sachsen.de\/#\/schema\/logo\/image\/","url":"https:\/\/www.kss-sachsen.de\/wp-content\/uploads\/2023\/02\/Logo-KSS.png","contentUrl":"https:\/\/www.kss-sachsen.de\/wp-content\/uploads\/2023\/02\/Logo-KSS.png","width":2239,"height":1528,"caption":"Konferenz S\u00e4chsischer Studierendenschaften"},"image":{"@id":"https:\/\/www.kss-sachsen.de\/#\/schema\/logo\/image\/"},"sameAs":["https:\/\/www.instagram.com\/kss_sachsen\/"]}]}},"_links":{"self":[{"href":"https:\/\/www.kss-sachsen.de\/index.php?rest_route=\/wp\/v2\/pages\/570"}],"collection":[{"href":"https:\/\/www.kss-sachsen.de\/index.php?rest_route=\/wp\/v2\/pages"}],"about":[{"href":"https:\/\/www.kss-sachsen.de\/index.php?rest_route=\/wp\/v2\/types\/page"}],"author":[{"embeddable":true,"href":"https:\/\/www.kss-sachsen.de\/index.php?rest_route=\/wp\/v2\/users\/1"}],"replies":[{"embeddable":true,"href":"https:\/\/www.kss-sachsen.de\/index.php?rest_route=%2Fwp%2Fv2%2Fcomments&post=570"}],"version-history":[{"count":4,"href":"https:\/\/www.kss-sachsen.de\/index.php?rest_route=\/wp\/v2\/pages\/570\/revisions"}],"predecessor-version":[{"id":3857,"href":"https:\/\/www.kss-sachsen.de\/index.php?rest_route=\/wp\/v2\/pages\/570\/revisions\/3857"}],"up":[{"embeddable":true,"href":"https:\/\/www.kss-sachsen.de\/index.php?rest_route=\/wp\/v2\/pages\/3698"}],"wp:attachment":[{"href":"https:\/\/www.kss-sachsen.de\/index.php?rest_route=%2Fwp%2Fv2%2Fmedia&parent=570"}],"curies":[{"name":"wp","href":"https:\/\/api.w.org\/{rel}","templated":true}]}}