{"id":577,"date":"2017-06-05T15:09:40","date_gmt":"2017-06-05T13:09:40","guid":{"rendered":"http:\/\/www3.kss-sachsen.de\/?page_id=577"},"modified":"2024-01-11T17:54:09","modified_gmt":"2024-01-11T16:54:09","slug":"hochschulzugang-zulassung","status":"publish","type":"page","link":"https:\/\/www.kss-sachsen.de\/?page_id=577","title":{"rendered":"Hochschulzulassung 2008"},"content":{"rendered":"<div id=\"c244\" class=\"csc-default\">\n<p class=\"csc-header csc-header-n1\"><strong>Das Hochschulzulassungsgesetz (S\u00e4chsHZG)<\/strong><\/p>\n<\/div>\n<div id=\"c245\" class=\"csc-default\">Der Freistaat Sachsen novelliert das s\u00e4chsische Hochschulzulassungsgesetz, das bereits im Jahr 2008 in Kraft treten und die bundeseinheitlichen Regelungen auffangen soll, die gegenw\u00e4rtig noch im <a class=\"download\" title=\"Startet den Datei-Download\" href=\"https:\/\/www.kss-sachsen.de\/fileadmin\/kss\/SaechsHZG\/HRG_20070418.pdf\">Hochschulrahmengesetz<\/a> sowie im <a class=\"download\" title=\"Startet den Datei-Download\" href=\"https:\/\/www.kss-sachsen.de\/fileadmin\/kss\/SaechsHZG\/StaatsvertragVergabeStudienplaetze.pdf\">Staatsvertrag \u00fcber die Vergabe von Studienpl\u00e4tzen<\/a> festgeschrieben sind. Das Hochschulrahmengesetz wird jedoch im Oktober 2008 au\u00dfer Kraft gesetz.<\/p>\n<p class=\"bodytext\"><strong>Gesetze und Verordnunge<\/strong><\/p>\n<ul>\n<li>Gesetz \u00fcber die Zulassung zum Hochschulstudium im Freistaat Sachsen vom <strong>07.06.1993<\/strong> (<a class=\"download\" title=\"Startet den Datei-Download\" href=\"https:\/\/www.kss-sachsen.de\/fileadmin\/kss\/SaechsHZG\/19930607SaechsHZG.pdf\">pdf<\/a>, 16,3 kb)<\/li>\n<li>Gesetz und Staatsvertrag Vergabe Studienpl\u00e4tze und \u00c4nderung S\u00e4chsHZG zum Staatsvertrag \u00fcber die Vergabe von Studienpl\u00e4tzen und zur \u00c4nderung des S\u00e4chsischen Hochschulzulassungsgesetzes vom <strong>22.06.2000<\/strong> (<a class=\"download\" title=\"Startet den Datei-Download\" href=\"https:\/\/www.kss-sachsen.de\/fileadmin\/kss\/SaechsHZG\/SaechsHZG_0_AEnderung.pdf\">pdf<\/a>, 8,8 kb)<\/li>\n<li>Gesetz zur letzten \u00c4nderung des s\u00e4chsischen Hochschulzulassungsgesetzes vom <strong>31.03.2005<\/strong> (<a class=\"download\" title=\"Startet den Datei-Download\" href=\"https:\/\/www.kss-sachsen.de\/fileadmin\/kss\/SaechsHZG\/SaechsHZG_1_AEnderung.pdf\">pdf<\/a>, 15,6 kb)<\/li>\n<li>Verordnung des S\u00e4chsischen Staatsministeriums f\u00fcr Wissenschaft und Kunst \u00fcber die Vergabe von Studienpl\u00e4tzen vom <strong>13.06.2006<\/strong> (<a class=\"download\" title=\"Startet den Datei-Download\" href=\"https:\/\/www.kss-sachsen.de\/fileadmin\/kss\/SaechsHZG\/SaechsStudPlVergabeVO.pdf\">pdf<\/a>, 45 kb)<\/li>\n<li>Gesetz zum Staatsvertrag \u00fcber die Vergabe von Studienpl\u00e4tzen vom <strong>14.03.2007<\/strong> (<a class=\"download\" title=\"Startet den Datei-Download\" href=\"https:\/\/www.kss-sachsen.de\/fileadmin\/kss\/SaechsHZG\/GesetzzumStaatsvertragVergabeStudienplaetze.pdf\">pdf<\/a>, 18,9 kb)<\/li>\n<li>Verordnung des S\u00e4chsischen Staatsministeriums f\u00fcr Wissenschaft und Kunst \u00fcber die Festsetzung von Zulassungszahlen an den Universit\u00e4ten und Fachhochschulen im Studienjahr 2007\/2008 vom <strong>11.07.2007<\/strong> (<a class=\"download\" title=\"Startet den Datei-Download\" href=\"https:\/\/www.kss-sachsen.de\/fileadmin\/kss\/SaechsHZG\/SaechsZZVO_2007_2008.pdf\">pdf<\/a>, 21 kb)<\/li>\n<\/ul>\n<p class=\"bodytext\"><strong>Referentenentwurf<\/strong><\/p>\n<ul>\n<li>zur Novellierung des S\u00e4chsHZG vom <strong>24.07.2007<\/strong> (<a class=\"download\" title=\"Startet den Datei-Download\" href=\"https:\/\/www.kss-sachsen.de\/fileadmin\/kss\/SaechsHZG\/SaechsHZG_RefEntwurf_vom_24072007.pdf\">pdf<\/a>, 433 kb)<\/li>\n<\/ul>\n<p class=\"bodytext\"><strong>Stellungnahmen zum Referentenentwurf<\/strong><\/p>\n<ul>\n<li>Konferenz S\u00e4chsischer Studierendenschaften (<a class=\"download\" title=\"Startet den Datei-Download\" href=\"https:\/\/www.kss-sachsen.de\/fileadmin\/kss\/SaechsHZG\/071108_KSS-_Stellungnahme_SaechsHZG_I.pdf\">pdf<\/a>, 49 kb))<\/li>\n<li>Gewerkschaft Erziehung und Wissenschaft Sachsen (<a class=\"download\" title=\"Startet den Datei-Download\" href=\"https:\/\/www.kss-sachsen.de\/fileadmin\/kss\/SaechsHZG\/GEW_stell_saechshzg.pdf\">pdf<\/a>, 50 kb)<\/li>\n<\/ul>\n<\/div>\n","protected":false},"excerpt":{"rendered":"<p>Das Hochschulzulassungsgesetz (S\u00e4chsHZG) Der Freistaat Sachsen novelliert das s\u00e4chsische Hochschulzulassungsgesetz, das bereits im Jahr 2008 in Kraft treten und die bundeseinheitlichen Regelungen auffangen soll, die gegenw\u00e4rtig noch im Hochschulrahmengesetz sowie im Staatsvertrag \u00fcber die Vergabe von Studienpl\u00e4tzen festgeschrieben sind. Das Hochschulrahmengesetz wird jedoch im Oktober 2008 au\u00dfer Kraft gesetz. Gesetze und Verordnunge Gesetz \u00fcber die Zulassung zum Hochschulstudium im Freistaat<a class=\"read-more\" href=\"https:\/\/www.kss-sachsen.de\/?page_id=577\">Hier weiter lesen&#8230;<\/a><\/p>\n","protected":false},"author":1,"featured_media":0,"parent":3159,"menu_order":0,"comment_status":"closed","ping_status":"closed","template":"","meta":{"footnotes":""},"yoast_head":"<!-- This site is optimized with the Yoast SEO plugin v23.5 - https:\/\/yoast.com\/wordpress\/plugins\/seo\/ -->\n<title>Hochschulzulassung 2008 - KSS<\/title>\n<meta name=\"robots\" content=\"index, follow, max-snippet:-1, max-image-preview:large, max-video-preview:-1\" \/>\n<link rel=\"canonical\" href=\"https:\/\/www.kss-sachsen.de\/?page_id=577\" \/>\n<meta property=\"og:locale\" content=\"de_DE\" \/>\n<meta property=\"og:type\" content=\"article\" \/>\n<meta property=\"og:title\" content=\"Hochschulzulassung 2008 - KSS\" \/>\n<meta property=\"og:description\" content=\"Das Hochschulzulassungsgesetz (S\u00e4chsHZG) Der Freistaat Sachsen novelliert das s\u00e4chsische Hochschulzulassungsgesetz, das bereits im Jahr 2008 in Kraft treten und die bundeseinheitlichen Regelungen auffangen soll, die gegenw\u00e4rtig noch im Hochschulrahmengesetz sowie im Staatsvertrag \u00fcber die Vergabe von Studienpl\u00e4tzen festgeschrieben sind. Das Hochschulrahmengesetz wird jedoch im Oktober 2008 au\u00dfer Kraft gesetz. Gesetze und Verordnunge Gesetz \u00fcber die Zulassung zum Hochschulstudium im FreistaatHier weiter lesen...\" \/>\n<meta property=\"og:url\" content=\"https:\/\/www.kss-sachsen.de\/?page_id=577\" \/>\n<meta property=\"og:site_name\" content=\"KSS\" \/>\n<meta property=\"article:modified_time\" content=\"2024-01-11T16:54:09+00:00\" \/>\n<meta name=\"twitter:card\" content=\"summary_large_image\" \/>\n<meta name=\"twitter:label1\" content=\"Gesch\u00e4tzte Lesezeit\" \/>\n\t<meta name=\"twitter:data1\" content=\"1\u00a0Minute\" \/>\n<script type=\"application\/ld+json\" class=\"yoast-schema-graph\">{\"@context\":\"https:\/\/schema.org\",\"@graph\":[{\"@type\":\"WebPage\",\"@id\":\"https:\/\/www.kss-sachsen.de\/?page_id=577\",\"url\":\"https:\/\/www.kss-sachsen.de\/?page_id=577\",\"name\":\"Hochschulzulassung 2008 - KSS\",\"isPartOf\":{\"@id\":\"https:\/\/www.kss-sachsen.de\/#website\"},\"datePublished\":\"2017-06-05T13:09:40+00:00\",\"dateModified\":\"2024-01-11T16:54:09+00:00\",\"breadcrumb\":{\"@id\":\"https:\/\/www.kss-sachsen.de\/?page_id=577#breadcrumb\"},\"inLanguage\":\"de\",\"potentialAction\":[{\"@type\":\"ReadAction\",\"target\":[\"https:\/\/www.kss-sachsen.de\/?page_id=577\"]}]},{\"@type\":\"BreadcrumbList\",\"@id\":\"https:\/\/www.kss-sachsen.de\/?page_id=577#breadcrumb\",\"itemListElement\":[{\"@type\":\"ListItem\",\"position\":1,\"name\":\"Home\",\"item\":\"https:\/\/www.kss-sachsen.de\/\"},{\"@type\":\"ListItem\",\"position\":2,\"name\":\"Themen\",\"item\":\"https:\/\/www.kss-sachsen.de\/themen\"},{\"@type\":\"ListItem\",\"position\":3,\"name\":\"Archiv\",\"item\":\"https:\/\/www.kss-sachsen.de\/themen_archiv\"},{\"@type\":\"ListItem\",\"position\":4,\"name\":\"Hochschulzulassung 2008\"}]},{\"@type\":\"WebSite\",\"@id\":\"https:\/\/www.kss-sachsen.de\/#website\",\"url\":\"https:\/\/www.kss-sachsen.de\/\",\"name\":\"Konferenz S\u00e4chsischer Studierendenschaften\",\"description\":\"Konferenz S\u00e4chsischer Studierendenschaften\",\"publisher\":{\"@id\":\"https:\/\/www.kss-sachsen.de\/#organization\"},\"potentialAction\":[{\"@type\":\"SearchAction\",\"target\":{\"@type\":\"EntryPoint\",\"urlTemplate\":\"https:\/\/www.kss-sachsen.de\/?s={search_term_string}\"},\"query-input\":{\"@type\":\"PropertyValueSpecification\",\"valueRequired\":true,\"valueName\":\"search_term_string\"}}],\"inLanguage\":\"de\"},{\"@type\":\"Organization\",\"@id\":\"https:\/\/www.kss-sachsen.de\/#organization\",\"name\":\"Konferenz S\u00e4chsischer Studierendenschaften\",\"url\":\"https:\/\/www.kss-sachsen.de\/\",\"logo\":{\"@type\":\"ImageObject\",\"inLanguage\":\"de\",\"@id\":\"https:\/\/www.kss-sachsen.de\/#\/schema\/logo\/image\/\",\"url\":\"https:\/\/www.kss-sachsen.de\/wp-content\/uploads\/2023\/02\/Logo-KSS.png\",\"contentUrl\":\"https:\/\/www.kss-sachsen.de\/wp-content\/uploads\/2023\/02\/Logo-KSS.png\",\"width\":2239,\"height\":1528,\"caption\":\"Konferenz S\u00e4chsischer Studierendenschaften\"},\"image\":{\"@id\":\"https:\/\/www.kss-sachsen.de\/#\/schema\/logo\/image\/\"},\"sameAs\":[\"https:\/\/www.instagram.com\/kss_sachsen\/\"]}]}<\/script>\n<!-- \/ Yoast SEO plugin. -->","yoast_head_json":{"title":"Hochschulzulassung 2008 - KSS","robots":{"index":"index","follow":"follow","max-snippet":"max-snippet:-1","max-image-preview":"max-image-preview:large","max-video-preview":"max-video-preview:-1"},"canonical":"https:\/\/www.kss-sachsen.de\/?page_id=577","og_locale":"de_DE","og_type":"article","og_title":"Hochschulzulassung 2008 - KSS","og_description":"Das Hochschulzulassungsgesetz (S\u00e4chsHZG) Der Freistaat Sachsen novelliert das s\u00e4chsische Hochschulzulassungsgesetz, das bereits im Jahr 2008 in Kraft treten und die bundeseinheitlichen Regelungen auffangen soll, die gegenw\u00e4rtig noch im Hochschulrahmengesetz sowie im Staatsvertrag \u00fcber die Vergabe von Studienpl\u00e4tzen festgeschrieben sind. Das Hochschulrahmengesetz wird jedoch im Oktober 2008 au\u00dfer Kraft gesetz. Gesetze und Verordnunge Gesetz \u00fcber die Zulassung zum Hochschulstudium im FreistaatHier weiter lesen...","og_url":"https:\/\/www.kss-sachsen.de\/?page_id=577","og_site_name":"KSS","article_modified_time":"2024-01-11T16:54:09+00:00","twitter_card":"summary_large_image","twitter_misc":{"Gesch\u00e4tzte Lesezeit":"1\u00a0Minute"},"schema":{"@context":"https:\/\/schema.org","@graph":[{"@type":"WebPage","@id":"https:\/\/www.kss-sachsen.de\/?page_id=577","url":"https:\/\/www.kss-sachsen.de\/?page_id=577","name":"Hochschulzulassung 2008 - KSS","isPartOf":{"@id":"https:\/\/www.kss-sachsen.de\/#website"},"datePublished":"2017-06-05T13:09:40+00:00","dateModified":"2024-01-11T16:54:09+00:00","breadcrumb":{"@id":"https:\/\/www.kss-sachsen.de\/?page_id=577#breadcrumb"},"inLanguage":"de","potentialAction":[{"@type":"ReadAction","target":["https:\/\/www.kss-sachsen.de\/?page_id=577"]}]},{"@type":"BreadcrumbList","@id":"https:\/\/www.kss-sachsen.de\/?page_id=577#breadcrumb","itemListElement":[{"@type":"ListItem","position":1,"name":"Home","item":"https:\/\/www.kss-sachsen.de\/"},{"@type":"ListItem","position":2,"name":"Themen","item":"https:\/\/www.kss-sachsen.de\/themen"},{"@type":"ListItem","position":3,"name":"Archiv","item":"https:\/\/www.kss-sachsen.de\/themen_archiv"},{"@type":"ListItem","position":4,"name":"Hochschulzulassung 2008"}]},{"@type":"WebSite","@id":"https:\/\/www.kss-sachsen.de\/#website","url":"https:\/\/www.kss-sachsen.de\/","name":"Konferenz S\u00e4chsischer Studierendenschaften","description":"Konferenz S\u00e4chsischer Studierendenschaften","publisher":{"@id":"https:\/\/www.kss-sachsen.de\/#organization"},"potentialAction":[{"@type":"SearchAction","target":{"@type":"EntryPoint","urlTemplate":"https:\/\/www.kss-sachsen.de\/?s={search_term_string}"},"query-input":{"@type":"PropertyValueSpecification","valueRequired":true,"valueName":"search_term_string"}}],"inLanguage":"de"},{"@type":"Organization","@id":"https:\/\/www.kss-sachsen.de\/#organization","name":"Konferenz S\u00e4chsischer Studierendenschaften","url":"https:\/\/www.kss-sachsen.de\/","logo":{"@type":"ImageObject","inLanguage":"de","@id":"https:\/\/www.kss-sachsen.de\/#\/schema\/logo\/image\/","url":"https:\/\/www.kss-sachsen.de\/wp-content\/uploads\/2023\/02\/Logo-KSS.png","contentUrl":"https:\/\/www.kss-sachsen.de\/wp-content\/uploads\/2023\/02\/Logo-KSS.png","width":2239,"height":1528,"caption":"Konferenz S\u00e4chsischer Studierendenschaften"},"image":{"@id":"https:\/\/www.kss-sachsen.de\/#\/schema\/logo\/image\/"},"sameAs":["https:\/\/www.instagram.com\/kss_sachsen\/"]}]}},"_links":{"self":[{"href":"https:\/\/www.kss-sachsen.de\/index.php?rest_route=\/wp\/v2\/pages\/577"}],"collection":[{"href":"https:\/\/www.kss-sachsen.de\/index.php?rest_route=\/wp\/v2\/pages"}],"about":[{"href":"https:\/\/www.kss-sachsen.de\/index.php?rest_route=\/wp\/v2\/types\/page"}],"author":[{"embeddable":true,"href":"https:\/\/www.kss-sachsen.de\/index.php?rest_route=\/wp\/v2\/users\/1"}],"replies":[{"embeddable":true,"href":"https:\/\/www.kss-sachsen.de\/index.php?rest_route=%2Fwp%2Fv2%2Fcomments&post=577"}],"version-history":[{"count":3,"href":"https:\/\/www.kss-sachsen.de\/index.php?rest_route=\/wp\/v2\/pages\/577\/revisions"}],"predecessor-version":[{"id":3741,"href":"https:\/\/www.kss-sachsen.de\/index.php?rest_route=\/wp\/v2\/pages\/577\/revisions\/3741"}],"up":[{"embeddable":true,"href":"https:\/\/www.kss-sachsen.de\/index.php?rest_route=\/wp\/v2\/pages\/3159"}],"wp:attachment":[{"href":"https:\/\/www.kss-sachsen.de\/index.php?rest_route=%2Fwp%2Fv2%2Fmedia&parent=577"}],"curies":[{"name":"wp","href":"https:\/\/api.w.org\/{rel}","templated":true}]}}