{"id":580,"date":"2017-06-05T15:10:51","date_gmt":"2017-06-05T13:10:51","guid":{"rendered":"http:\/\/www3.kss-sachsen.de\/?page_id=580"},"modified":"2024-01-31T14:06:38","modified_gmt":"2024-01-31T13:06:38","slug":"bafog-und-studierendenwerke","status":"publish","type":"page","link":"https:\/\/www.kss-sachsen.de\/bafoeg","title":{"rendered":"BAf\u00f6G"},"content":{"rendered":"<p>Schon wieder Nudeln mit Ketchup? Muss nicht sein, denn mit einem guten BAf\u00f6G k\u00f6nnten alle Studis genug Geld zum Leben und Studieren haben. Einen Anlass das BAf\u00f6G zu reformieren gab es k\u00fcrzlich\u00a0auch. Denn es\u00a0hatte 2021 seinen 50. Geburtstag! Eigentlich ein Grund zum Feiern, denn die Einf\u00fchrung von staatliche Unterst\u00fctzung bei der Studienfinanzierung als Vollzuschuss war ein Meilenstein auf dem Weg zu chancengerechter Bildung.<\/p>\n<p>Aber das BAf\u00f6G hat sich nicht gut gehalten. Mittlerweile bekommen gerade einmal 11 % der Studierenden bundesweit noch BAf\u00f6G. Dabei ist mittlerweile auch noch die H\u00e4lfte des Geldes zur\u00fcckzuzahlen und in St\u00e4dten wie K\u00f6ln, M\u00fcnchen oder auch Leipzig reicht das Geld teilweise gerade mal f\u00fcr die Miete. Besonders die Corona-Pandemie hat uns den Reformbedarf noch einmal mehr als deutlich gezeigt.<\/p>\n<p>Wir sind der Meinung, dass alle Menschen, gleich ihrer finanziellen und famili\u00e4ren Umst\u00e4nde, sich die Bildung leisten k\u00f6nnen sollen, die sie wollen. Deswegen sind wir Teil des <a href=\"https:\/\/bafoeg50.de\/\">gro\u00dfen BAf\u00f6G 50 B\u00fcndnis<\/a>\u00a0aus verschiedenen Verb\u00e4nden, was sich f\u00fcr eine umfassende BAf\u00f6G Reform stark macht. Die Hauptforderungen des B\u00fcndnisses sind:<\/p>\n<ul>\n<li>R\u00fcckkehr zum Vollzuschuss<\/li>\n<li>Anpassung der F\u00f6rders\u00e4tze an die Realit\u00e4t<\/li>\n<li>Flexibler &amp; realistischer Wohnkostenzuschuss<\/li>\n<li>Klare Perspektive zur familienunabh\u00e4ngigen F\u00f6rderung<\/li>\n<li>Erh\u00f6hung der Elternfreibetr\u00e4ge<\/li>\n<li>Unabh\u00e4ngigkeit vom Aufenthaltsstatus<\/li>\n<li>Altersunabh\u00e4ngigkeit<\/li>\n<li>Unabh\u00e4ngigkeit von Regelstudienzeit und Abschaffung der Leistungsnachweise<\/li>\n<li>Digital- &amp; Lernmaterialpauschale<\/li>\n<\/ul>\n<p>Zus\u00e4tzlich zu diesen Forderungen haben wir als KSS einen eigenen umfangreichen <a href=\"https:\/\/www.kss-sachsen.de\/bafoeg_forderungen\">Forderungskatalog f\u00fcr das BAf\u00f6G<\/a>\u00a0beschlossen. Au\u00dferdem waren wir nat\u00fcrlich aktiv an der Kampagne des B\u00fcndnisses beteiligt und haben z. B. <a href=\"https:\/\/www.kss-sachsen.de\/bafoeg_kampagne\">BAf\u00f6G Schicksale von betroffenen Studierenden<\/a>\u00a0gesammelt und visualisiert.<\/p>\n<p>Und im Herbst 2022 ist dann auch eine Reform des BAf\u00f6G in Kraft getreten. Reform? Wohl eher Ref\u00f6rmchen! An den grunds\u00e4tzlichen Problemen der aktuellen Regelungen wurde leider wenig ger\u00fcttelt, stattdessen die Freibetr\u00e4ge ein wenig angehoben &#8211; nicht mal die Inflation ausgleichend &#8211; und immerhin ein bisschen an der Altersgerechtigkeit des BAf\u00f6G verbessert. So wurde die Altersgrenze von 30 auf 45 angehoben und Studis \u00fcber 30 d\u00fcrfen auch wesentlich mehr Verm\u00f6gen haben, ohne dass daf\u00fcr die F\u00f6rderung gek\u00fcrzt wird.<\/p>\n<p>Nach den Erfahrungen in der Coronapandemie kommt auch ein \u201eNotfallmechanismus\u201c dazu, der Studierende in Krisenzeiten auffangen soll. Allerdings noch mal um einiges schlechter als die \u00dcberbr\u00fcckungshilfe w\u00e4hrend Corona und in der aktuellen Preissteigerungskrise nicht mal anwendbar.<\/p>\n<p>Es bedarf also nach wie vor einer grunds\u00e4tzlichen Reform des BAf\u00f6G, damit nicht weiterhin so viele Studierende in Armut leben und sich mit Nebenjobs \u00fcber Wasser halten m\u00fcssen!<\/p>\n","protected":false},"excerpt":{"rendered":"<p>Schon wieder Nudeln mit Ketchup? Muss nicht sein, denn mit einem guten BAf\u00f6G k\u00f6nnten alle Studis genug Geld zum Leben und Studieren haben. Einen Anlass das BAf\u00f6G zu reformieren gab es k\u00fcrzlich\u00a0auch. Denn es\u00a0hatte 2021 seinen 50. Geburtstag! Eigentlich ein Grund zum Feiern, denn die Einf\u00fchrung von staatliche Unterst\u00fctzung bei der Studienfinanzierung als Vollzuschuss war ein Meilenstein auf dem Weg<a class=\"read-more\" href=\"https:\/\/www.kss-sachsen.de\/bafoeg\">Hier weiter lesen&#8230;<\/a><\/p>\n","protected":false},"author":1,"featured_media":0,"parent":3331,"menu_order":0,"comment_status":"closed","ping_status":"closed","template":"","meta":{"footnotes":""},"yoast_head":"<!-- This site is optimized with the Yoast SEO plugin v23.5 - https:\/\/yoast.com\/wordpress\/plugins\/seo\/ -->\n<title>BAf\u00f6G - KSS<\/title>\n<meta name=\"robots\" content=\"index, follow, max-snippet:-1, max-image-preview:large, max-video-preview:-1\" \/>\n<link rel=\"canonical\" href=\"https:\/\/www.kss-sachsen.de\/bafoeg\" \/>\n<meta property=\"og:locale\" content=\"de_DE\" \/>\n<meta property=\"og:type\" content=\"article\" \/>\n<meta property=\"og:title\" content=\"BAf\u00f6G - KSS\" \/>\n<meta property=\"og:description\" content=\"Schon wieder Nudeln mit Ketchup? Muss nicht sein, denn mit einem guten BAf\u00f6G k\u00f6nnten alle Studis genug Geld zum Leben und Studieren haben. Einen Anlass das BAf\u00f6G zu reformieren gab es k\u00fcrzlich\u00a0auch. Denn es\u00a0hatte 2021 seinen 50. Geburtstag! Eigentlich ein Grund zum Feiern, denn die Einf\u00fchrung von staatliche Unterst\u00fctzung bei der Studienfinanzierung als Vollzuschuss war ein Meilenstein auf dem WegHier weiter lesen...\" \/>\n<meta property=\"og:url\" content=\"https:\/\/www.kss-sachsen.de\/bafoeg\" \/>\n<meta property=\"og:site_name\" content=\"KSS\" \/>\n<meta property=\"article:modified_time\" content=\"2024-01-31T13:06:38+00:00\" \/>\n<meta name=\"twitter:card\" content=\"summary_large_image\" \/>\n<meta name=\"twitter:label1\" content=\"Gesch\u00e4tzte Lesezeit\" \/>\n\t<meta name=\"twitter:data1\" content=\"2\u00a0Minuten\" \/>\n<script type=\"application\/ld+json\" class=\"yoast-schema-graph\">{\"@context\":\"https:\/\/schema.org\",\"@graph\":[{\"@type\":\"WebPage\",\"@id\":\"https:\/\/www.kss-sachsen.de\/bafoeg\",\"url\":\"https:\/\/www.kss-sachsen.de\/bafoeg\",\"name\":\"BAf\u00f6G - KSS\",\"isPartOf\":{\"@id\":\"https:\/\/www.kss-sachsen.de\/#website\"},\"datePublished\":\"2017-06-05T13:10:51+00:00\",\"dateModified\":\"2024-01-31T13:06:38+00:00\",\"breadcrumb\":{\"@id\":\"https:\/\/www.kss-sachsen.de\/bafoeg#breadcrumb\"},\"inLanguage\":\"de\",\"potentialAction\":[{\"@type\":\"ReadAction\",\"target\":[\"https:\/\/www.kss-sachsen.de\/bafoeg\"]}]},{\"@type\":\"BreadcrumbList\",\"@id\":\"https:\/\/www.kss-sachsen.de\/bafoeg#breadcrumb\",\"itemListElement\":[{\"@type\":\"ListItem\",\"position\":1,\"name\":\"Home\",\"item\":\"https:\/\/www.kss-sachsen.de\/\"},{\"@type\":\"ListItem\",\"position\":2,\"name\":\"Themen\",\"item\":\"https:\/\/www.kss-sachsen.de\/themen\"},{\"@type\":\"ListItem\",\"position\":3,\"name\":\"Soziales\",\"item\":\"https:\/\/www.kss-sachsen.de\/soziales\"},{\"@type\":\"ListItem\",\"position\":4,\"name\":\"BAf\u00f6G\"}]},{\"@type\":\"WebSite\",\"@id\":\"https:\/\/www.kss-sachsen.de\/#website\",\"url\":\"https:\/\/www.kss-sachsen.de\/\",\"name\":\"Konferenz S\u00e4chsischer Studierendenschaften\",\"description\":\"Konferenz S\u00e4chsischer Studierendenschaften\",\"publisher\":{\"@id\":\"https:\/\/www.kss-sachsen.de\/#organization\"},\"potentialAction\":[{\"@type\":\"SearchAction\",\"target\":{\"@type\":\"EntryPoint\",\"urlTemplate\":\"https:\/\/www.kss-sachsen.de\/?s={search_term_string}\"},\"query-input\":{\"@type\":\"PropertyValueSpecification\",\"valueRequired\":true,\"valueName\":\"search_term_string\"}}],\"inLanguage\":\"de\"},{\"@type\":\"Organization\",\"@id\":\"https:\/\/www.kss-sachsen.de\/#organization\",\"name\":\"Konferenz S\u00e4chsischer Studierendenschaften\",\"url\":\"https:\/\/www.kss-sachsen.de\/\",\"logo\":{\"@type\":\"ImageObject\",\"inLanguage\":\"de\",\"@id\":\"https:\/\/www.kss-sachsen.de\/#\/schema\/logo\/image\/\",\"url\":\"https:\/\/www.kss-sachsen.de\/wp-content\/uploads\/2023\/02\/Logo-KSS.png\",\"contentUrl\":\"https:\/\/www.kss-sachsen.de\/wp-content\/uploads\/2023\/02\/Logo-KSS.png\",\"width\":2239,\"height\":1528,\"caption\":\"Konferenz S\u00e4chsischer Studierendenschaften\"},\"image\":{\"@id\":\"https:\/\/www.kss-sachsen.de\/#\/schema\/logo\/image\/\"},\"sameAs\":[\"https:\/\/www.instagram.com\/kss_sachsen\/\"]}]}<\/script>\n<!-- \/ Yoast SEO plugin. -->","yoast_head_json":{"title":"BAf\u00f6G - KSS","robots":{"index":"index","follow":"follow","max-snippet":"max-snippet:-1","max-image-preview":"max-image-preview:large","max-video-preview":"max-video-preview:-1"},"canonical":"https:\/\/www.kss-sachsen.de\/bafoeg","og_locale":"de_DE","og_type":"article","og_title":"BAf\u00f6G - KSS","og_description":"Schon wieder Nudeln mit Ketchup? Muss nicht sein, denn mit einem guten BAf\u00f6G k\u00f6nnten alle Studis genug Geld zum Leben und Studieren haben. Einen Anlass das BAf\u00f6G zu reformieren gab es k\u00fcrzlich\u00a0auch. Denn es\u00a0hatte 2021 seinen 50. Geburtstag! Eigentlich ein Grund zum Feiern, denn die Einf\u00fchrung von staatliche Unterst\u00fctzung bei der Studienfinanzierung als Vollzuschuss war ein Meilenstein auf dem WegHier weiter lesen...","og_url":"https:\/\/www.kss-sachsen.de\/bafoeg","og_site_name":"KSS","article_modified_time":"2024-01-31T13:06:38+00:00","twitter_card":"summary_large_image","twitter_misc":{"Gesch\u00e4tzte Lesezeit":"2\u00a0Minuten"},"schema":{"@context":"https:\/\/schema.org","@graph":[{"@type":"WebPage","@id":"https:\/\/www.kss-sachsen.de\/bafoeg","url":"https:\/\/www.kss-sachsen.de\/bafoeg","name":"BAf\u00f6G - KSS","isPartOf":{"@id":"https:\/\/www.kss-sachsen.de\/#website"},"datePublished":"2017-06-05T13:10:51+00:00","dateModified":"2024-01-31T13:06:38+00:00","breadcrumb":{"@id":"https:\/\/www.kss-sachsen.de\/bafoeg#breadcrumb"},"inLanguage":"de","potentialAction":[{"@type":"ReadAction","target":["https:\/\/www.kss-sachsen.de\/bafoeg"]}]},{"@type":"BreadcrumbList","@id":"https:\/\/www.kss-sachsen.de\/bafoeg#breadcrumb","itemListElement":[{"@type":"ListItem","position":1,"name":"Home","item":"https:\/\/www.kss-sachsen.de\/"},{"@type":"ListItem","position":2,"name":"Themen","item":"https:\/\/www.kss-sachsen.de\/themen"},{"@type":"ListItem","position":3,"name":"Soziales","item":"https:\/\/www.kss-sachsen.de\/soziales"},{"@type":"ListItem","position":4,"name":"BAf\u00f6G"}]},{"@type":"WebSite","@id":"https:\/\/www.kss-sachsen.de\/#website","url":"https:\/\/www.kss-sachsen.de\/","name":"Konferenz S\u00e4chsischer Studierendenschaften","description":"Konferenz S\u00e4chsischer Studierendenschaften","publisher":{"@id":"https:\/\/www.kss-sachsen.de\/#organization"},"potentialAction":[{"@type":"SearchAction","target":{"@type":"EntryPoint","urlTemplate":"https:\/\/www.kss-sachsen.de\/?s={search_term_string}"},"query-input":{"@type":"PropertyValueSpecification","valueRequired":true,"valueName":"search_term_string"}}],"inLanguage":"de"},{"@type":"Organization","@id":"https:\/\/www.kss-sachsen.de\/#organization","name":"Konferenz S\u00e4chsischer Studierendenschaften","url":"https:\/\/www.kss-sachsen.de\/","logo":{"@type":"ImageObject","inLanguage":"de","@id":"https:\/\/www.kss-sachsen.de\/#\/schema\/logo\/image\/","url":"https:\/\/www.kss-sachsen.de\/wp-content\/uploads\/2023\/02\/Logo-KSS.png","contentUrl":"https:\/\/www.kss-sachsen.de\/wp-content\/uploads\/2023\/02\/Logo-KSS.png","width":2239,"height":1528,"caption":"Konferenz S\u00e4chsischer Studierendenschaften"},"image":{"@id":"https:\/\/www.kss-sachsen.de\/#\/schema\/logo\/image\/"},"sameAs":["https:\/\/www.instagram.com\/kss_sachsen\/"]}]}},"_links":{"self":[{"href":"https:\/\/www.kss-sachsen.de\/index.php?rest_route=\/wp\/v2\/pages\/580"}],"collection":[{"href":"https:\/\/www.kss-sachsen.de\/index.php?rest_route=\/wp\/v2\/pages"}],"about":[{"href":"https:\/\/www.kss-sachsen.de\/index.php?rest_route=\/wp\/v2\/types\/page"}],"author":[{"embeddable":true,"href":"https:\/\/www.kss-sachsen.de\/index.php?rest_route=\/wp\/v2\/users\/1"}],"replies":[{"embeddable":true,"href":"https:\/\/www.kss-sachsen.de\/index.php?rest_route=%2Fwp%2Fv2%2Fcomments&post=580"}],"version-history":[{"count":10,"href":"https:\/\/www.kss-sachsen.de\/index.php?rest_route=\/wp\/v2\/pages\/580\/revisions"}],"predecessor-version":[{"id":3929,"href":"https:\/\/www.kss-sachsen.de\/index.php?rest_route=\/wp\/v2\/pages\/580\/revisions\/3929"}],"up":[{"embeddable":true,"href":"https:\/\/www.kss-sachsen.de\/index.php?rest_route=\/wp\/v2\/pages\/3331"}],"wp:attachment":[{"href":"https:\/\/www.kss-sachsen.de\/index.php?rest_route=%2Fwp%2Fv2%2Fmedia&parent=580"}],"curies":[{"name":"wp","href":"https:\/\/api.w.org\/{rel}","templated":true}]}}