{"id":648,"date":"2017-06-06T12:18:04","date_gmt":"2017-06-06T10:18:04","guid":{"rendered":"http:\/\/www3.kss-sachsen.de\/?page_id=648"},"modified":"2024-01-11T17:56:41","modified_gmt":"2024-01-11T16:56:41","slug":"masterplan-medizinstudium-2020","status":"publish","type":"page","link":"https:\/\/www.kss-sachsen.de\/?page_id=648","title":{"rendered":"Masterplan Medizinstudium 2020"},"content":{"rendered":"<p>An 2 Standorten in Sachsen, an der <a href=\"https:\/\/tu-dresden.de\/med\/mf\">TU Dresden<\/a> und der <a href=\"https:\/\/www.uni-leipzig.de\/nc\/universitaet\/fakultaeten-und-einrichtungen\/fakultaeten\/fakultaetdetail.html?ifab_id=343\">Universit\u00e4t Leipzig<\/a>, werden \u00c4rzt*innen ausgebildet.<\/p>\n<p>Das Medizinstudium ist in vielen Punkten r\u00fcckst\u00e4ndig und vor allem wenig kompetenzorientiert. Die Praxisphasen sind zum Teil schlecht betreut, es m\u00fcssen viele unbezahlte Praktika absolviert werden und die Zulassungsbeschr\u00e4nkungen sind enorm.<\/p>\n<p>Der <a href=\"https:\/\/cloud.kss-sachsen.de\/s\/M5orkCHmFuwdAr6\">&#8222;Masterplan Medizinstudium 2020&#8220;<\/a>, welcher am 31.03.2017 ver\u00f6ffentlich wurde, soll sich diesen Problemen widmen und schl\u00e4gt einige vern\u00fcnftige Reformen vor.<\/p>\n<p>&#8222;Der Masterplan sieht Ver\u00e4nderungen bei der Studienstruktur und den Ausbildungsinhalten vor. Ziel ist es, dass die angehenden \u00c4rztinnen und \u00c4rzte auch ganz allt\u00e4gliche Erkrankungen in der ambulanten und station\u00e4ren Praxis kennenlernen&#8220;, hei\u00dft es dazu auf der <a href=\"https:\/\/www.bmbf.de\/de\/masterplan-medizinstudium-2020-4024.html\">Internetseite des BMBF<\/a>.<\/p>\n<p>Mit einem zentralen Kritikpunkt am Masterplan, der <a href=\"https:\/\/www.kss-sachsen.de\/?page_id=649\">Land\u00e4rzt*innenquote<\/a>, haben wir uns bereits intensiv auseinandergesetzt. Bis zu 10 % eines Jahrgangs sollen mit der vertraglichen Verpflichtung als Land\u00e4rzt*innen t\u00e4tig zu werden bevorzugt zum Studium zugelassen werden. In einer <a href=\"https:\/\/www.kss-sachsen.de\/?page_id=649\">Anh\u00f6rung<\/a> und der zugeh\u00f6rigen <a href=\"https:\/\/www.kss-sachsen.de\/?p=612\">Pressemitteilung zur Land\u00e4rzt*innenquote<\/a> machten Studierende deutlich, dass wir diese entschieden ablehnen. Ihr findet bei unserem B\u00fcndnispartner, der <a href=\"https:\/\/www.bvmd.de\/unsere-arbeit\/masterplan-medizinstudium-2020\/\">Bundesvertretung der Medizinstudierenden in Deutschland e.V.<\/a> weitere Informationen zu diesem Thema.<\/p>\n<h1>Land\u00e4rzt*innenquote (Drs. 6\/8490)<\/h1>\n<p><strong>Zeitablauf der Drucksache<\/strong><\/p>\n<p>Am 16.03.2017 brachte die AfD-Fraktion den Antrag &#8222;\u00c4rztliche Versorgung im l\u00e4ndlichen Raum sichern \u2013 Studienplatzvergabe reformieren!&#8220; (<a href=\"https:\/\/cloud.kss-sachsen.de\/s\/sqvbGpYpAZihVcB\">Drs. 6\/8490<\/a>). Die Debatte findet ihr im\u00a0<a href=\"https:\/\/cloud.kss-sachsen.de\/s\/qEk6m1fFH4Iwtuf\">Protokoll der Plenarsitzung<\/a>\u00a0unter TOP 6.<\/p>\n<p>Am 29.5.2017 fand der Anh\u00f6rung der\u00a0<a href=\"https:\/\/cloud.kss-sachsen.de\/s\/sqvbGpYpAZihVcB\">Drs. 6\/8490<\/a>\u00a0im Ausschuss f\u00fcr Wissenschaft und Hochschule, Kultur und Medien statt. An der Anh\u00f6rung nahm Isabel Molwitz von der\u00a0<a href=\"https:\/\/www.bvmd.de\/\">bvmd<\/a>\u00a0(Bundesvertretung der Medizinstudierenden in Deutschland e.V.) als Sachverst\u00e4ndige teil und legte die Ansicht der Studierenden in ihrer\u00a0<a href=\"https:\/\/cloud.kss-sachsen.de\/s\/vtLkd5Rgl5646Nq\">Stellungnahme<\/a>\u00a0dar.<\/p>\n<p>Im folgenden findet ihr:<\/p>\n<p>Die\u00a0<a href=\"https:\/\/cloud.kss-sachsen.de\/s\/QPNnv1DqsG49HVQ\">Stellungnahme der Staatsministerin<\/a>\u00a0zum Antrag<\/p>\n<p>Unsere\u00a0<a href=\"https:\/\/www.kss-sachsen.de\/?p=612\">Pressemitteilung zur Anh\u00f6rung<\/a><\/p>\n","protected":false},"excerpt":{"rendered":"<p>An 2 Standorten in Sachsen, an der TU Dresden und der Universit\u00e4t Leipzig, werden \u00c4rzt*innen ausgebildet. Das Medizinstudium ist in vielen Punkten r\u00fcckst\u00e4ndig und vor allem wenig kompetenzorientiert. Die Praxisphasen sind zum Teil schlecht betreut, es m\u00fcssen viele unbezahlte Praktika absolviert werden und die Zulassungsbeschr\u00e4nkungen sind enorm. Der &#8222;Masterplan Medizinstudium 2020&#8220;, welcher am 31.03.2017 ver\u00f6ffentlich wurde, soll sich diesen Problemen<a class=\"read-more\" href=\"https:\/\/www.kss-sachsen.de\/?page_id=648\">Hier weiter lesen&#8230;<\/a><\/p>\n","protected":false},"author":1,"featured_media":0,"parent":3159,"menu_order":0,"comment_status":"closed","ping_status":"closed","template":"","meta":{"footnotes":""},"yoast_head":"<!-- This site is optimized with the Yoast SEO plugin v23.5 - https:\/\/yoast.com\/wordpress\/plugins\/seo\/ -->\n<title>Masterplan Medizinstudium 2020 - KSS<\/title>\n<meta name=\"robots\" content=\"index, follow, max-snippet:-1, max-image-preview:large, max-video-preview:-1\" \/>\n<link rel=\"canonical\" href=\"https:\/\/www.kss-sachsen.de\/?page_id=648\" \/>\n<meta property=\"og:locale\" content=\"de_DE\" \/>\n<meta property=\"og:type\" content=\"article\" \/>\n<meta property=\"og:title\" content=\"Masterplan Medizinstudium 2020 - KSS\" \/>\n<meta property=\"og:description\" content=\"An 2 Standorten in Sachsen, an der TU Dresden und der Universit\u00e4t Leipzig, werden \u00c4rzt*innen ausgebildet. Das Medizinstudium ist in vielen Punkten r\u00fcckst\u00e4ndig und vor allem wenig kompetenzorientiert. Die Praxisphasen sind zum Teil schlecht betreut, es m\u00fcssen viele unbezahlte Praktika absolviert werden und die Zulassungsbeschr\u00e4nkungen sind enorm. Der &#8222;Masterplan Medizinstudium 2020&#8220;, welcher am 31.03.2017 ver\u00f6ffentlich wurde, soll sich diesen ProblemenHier weiter lesen...\" \/>\n<meta property=\"og:url\" content=\"https:\/\/www.kss-sachsen.de\/?page_id=648\" \/>\n<meta property=\"og:site_name\" content=\"KSS\" \/>\n<meta property=\"article:modified_time\" content=\"2024-01-11T16:56:41+00:00\" \/>\n<meta name=\"twitter:card\" content=\"summary_large_image\" \/>\n<meta name=\"twitter:label1\" content=\"Gesch\u00e4tzte Lesezeit\" \/>\n\t<meta name=\"twitter:data1\" content=\"1\u00a0Minute\" \/>\n<script type=\"application\/ld+json\" class=\"yoast-schema-graph\">{\"@context\":\"https:\/\/schema.org\",\"@graph\":[{\"@type\":\"WebPage\",\"@id\":\"https:\/\/www.kss-sachsen.de\/?page_id=648\",\"url\":\"https:\/\/www.kss-sachsen.de\/?page_id=648\",\"name\":\"Masterplan Medizinstudium 2020 - KSS\",\"isPartOf\":{\"@id\":\"https:\/\/www.kss-sachsen.de\/#website\"},\"datePublished\":\"2017-06-06T10:18:04+00:00\",\"dateModified\":\"2024-01-11T16:56:41+00:00\",\"breadcrumb\":{\"@id\":\"https:\/\/www.kss-sachsen.de\/?page_id=648#breadcrumb\"},\"inLanguage\":\"de\",\"potentialAction\":[{\"@type\":\"ReadAction\",\"target\":[\"https:\/\/www.kss-sachsen.de\/?page_id=648\"]}]},{\"@type\":\"BreadcrumbList\",\"@id\":\"https:\/\/www.kss-sachsen.de\/?page_id=648#breadcrumb\",\"itemListElement\":[{\"@type\":\"ListItem\",\"position\":1,\"name\":\"Home\",\"item\":\"https:\/\/www.kss-sachsen.de\/\"},{\"@type\":\"ListItem\",\"position\":2,\"name\":\"Themen\",\"item\":\"https:\/\/www.kss-sachsen.de\/themen\"},{\"@type\":\"ListItem\",\"position\":3,\"name\":\"Archiv\",\"item\":\"https:\/\/www.kss-sachsen.de\/themen_archiv\"},{\"@type\":\"ListItem\",\"position\":4,\"name\":\"Masterplan Medizinstudium 2020\"}]},{\"@type\":\"WebSite\",\"@id\":\"https:\/\/www.kss-sachsen.de\/#website\",\"url\":\"https:\/\/www.kss-sachsen.de\/\",\"name\":\"Konferenz S\u00e4chsischer Studierendenschaften\",\"description\":\"Konferenz S\u00e4chsischer Studierendenschaften\",\"publisher\":{\"@id\":\"https:\/\/www.kss-sachsen.de\/#organization\"},\"potentialAction\":[{\"@type\":\"SearchAction\",\"target\":{\"@type\":\"EntryPoint\",\"urlTemplate\":\"https:\/\/www.kss-sachsen.de\/?s={search_term_string}\"},\"query-input\":{\"@type\":\"PropertyValueSpecification\",\"valueRequired\":true,\"valueName\":\"search_term_string\"}}],\"inLanguage\":\"de\"},{\"@type\":\"Organization\",\"@id\":\"https:\/\/www.kss-sachsen.de\/#organization\",\"name\":\"Konferenz S\u00e4chsischer Studierendenschaften\",\"url\":\"https:\/\/www.kss-sachsen.de\/\",\"logo\":{\"@type\":\"ImageObject\",\"inLanguage\":\"de\",\"@id\":\"https:\/\/www.kss-sachsen.de\/#\/schema\/logo\/image\/\",\"url\":\"https:\/\/www.kss-sachsen.de\/wp-content\/uploads\/2023\/02\/Logo-KSS.png\",\"contentUrl\":\"https:\/\/www.kss-sachsen.de\/wp-content\/uploads\/2023\/02\/Logo-KSS.png\",\"width\":2239,\"height\":1528,\"caption\":\"Konferenz S\u00e4chsischer Studierendenschaften\"},\"image\":{\"@id\":\"https:\/\/www.kss-sachsen.de\/#\/schema\/logo\/image\/\"},\"sameAs\":[\"https:\/\/www.instagram.com\/kss_sachsen\/\"]}]}<\/script>\n<!-- \/ Yoast SEO plugin. -->","yoast_head_json":{"title":"Masterplan Medizinstudium 2020 - KSS","robots":{"index":"index","follow":"follow","max-snippet":"max-snippet:-1","max-image-preview":"max-image-preview:large","max-video-preview":"max-video-preview:-1"},"canonical":"https:\/\/www.kss-sachsen.de\/?page_id=648","og_locale":"de_DE","og_type":"article","og_title":"Masterplan Medizinstudium 2020 - KSS","og_description":"An 2 Standorten in Sachsen, an der TU Dresden und der Universit\u00e4t Leipzig, werden \u00c4rzt*innen ausgebildet. Das Medizinstudium ist in vielen Punkten r\u00fcckst\u00e4ndig und vor allem wenig kompetenzorientiert. Die Praxisphasen sind zum Teil schlecht betreut, es m\u00fcssen viele unbezahlte Praktika absolviert werden und die Zulassungsbeschr\u00e4nkungen sind enorm. Der &#8222;Masterplan Medizinstudium 2020&#8220;, welcher am 31.03.2017 ver\u00f6ffentlich wurde, soll sich diesen ProblemenHier weiter lesen...","og_url":"https:\/\/www.kss-sachsen.de\/?page_id=648","og_site_name":"KSS","article_modified_time":"2024-01-11T16:56:41+00:00","twitter_card":"summary_large_image","twitter_misc":{"Gesch\u00e4tzte Lesezeit":"1\u00a0Minute"},"schema":{"@context":"https:\/\/schema.org","@graph":[{"@type":"WebPage","@id":"https:\/\/www.kss-sachsen.de\/?page_id=648","url":"https:\/\/www.kss-sachsen.de\/?page_id=648","name":"Masterplan Medizinstudium 2020 - KSS","isPartOf":{"@id":"https:\/\/www.kss-sachsen.de\/#website"},"datePublished":"2017-06-06T10:18:04+00:00","dateModified":"2024-01-11T16:56:41+00:00","breadcrumb":{"@id":"https:\/\/www.kss-sachsen.de\/?page_id=648#breadcrumb"},"inLanguage":"de","potentialAction":[{"@type":"ReadAction","target":["https:\/\/www.kss-sachsen.de\/?page_id=648"]}]},{"@type":"BreadcrumbList","@id":"https:\/\/www.kss-sachsen.de\/?page_id=648#breadcrumb","itemListElement":[{"@type":"ListItem","position":1,"name":"Home","item":"https:\/\/www.kss-sachsen.de\/"},{"@type":"ListItem","position":2,"name":"Themen","item":"https:\/\/www.kss-sachsen.de\/themen"},{"@type":"ListItem","position":3,"name":"Archiv","item":"https:\/\/www.kss-sachsen.de\/themen_archiv"},{"@type":"ListItem","position":4,"name":"Masterplan Medizinstudium 2020"}]},{"@type":"WebSite","@id":"https:\/\/www.kss-sachsen.de\/#website","url":"https:\/\/www.kss-sachsen.de\/","name":"Konferenz S\u00e4chsischer Studierendenschaften","description":"Konferenz S\u00e4chsischer Studierendenschaften","publisher":{"@id":"https:\/\/www.kss-sachsen.de\/#organization"},"potentialAction":[{"@type":"SearchAction","target":{"@type":"EntryPoint","urlTemplate":"https:\/\/www.kss-sachsen.de\/?s={search_term_string}"},"query-input":{"@type":"PropertyValueSpecification","valueRequired":true,"valueName":"search_term_string"}}],"inLanguage":"de"},{"@type":"Organization","@id":"https:\/\/www.kss-sachsen.de\/#organization","name":"Konferenz S\u00e4chsischer Studierendenschaften","url":"https:\/\/www.kss-sachsen.de\/","logo":{"@type":"ImageObject","inLanguage":"de","@id":"https:\/\/www.kss-sachsen.de\/#\/schema\/logo\/image\/","url":"https:\/\/www.kss-sachsen.de\/wp-content\/uploads\/2023\/02\/Logo-KSS.png","contentUrl":"https:\/\/www.kss-sachsen.de\/wp-content\/uploads\/2023\/02\/Logo-KSS.png","width":2239,"height":1528,"caption":"Konferenz S\u00e4chsischer Studierendenschaften"},"image":{"@id":"https:\/\/www.kss-sachsen.de\/#\/schema\/logo\/image\/"},"sameAs":["https:\/\/www.instagram.com\/kss_sachsen\/"]}]}},"_links":{"self":[{"href":"https:\/\/www.kss-sachsen.de\/index.php?rest_route=\/wp\/v2\/pages\/648"}],"collection":[{"href":"https:\/\/www.kss-sachsen.de\/index.php?rest_route=\/wp\/v2\/pages"}],"about":[{"href":"https:\/\/www.kss-sachsen.de\/index.php?rest_route=\/wp\/v2\/types\/page"}],"author":[{"embeddable":true,"href":"https:\/\/www.kss-sachsen.de\/index.php?rest_route=\/wp\/v2\/users\/1"}],"replies":[{"embeddable":true,"href":"https:\/\/www.kss-sachsen.de\/index.php?rest_route=%2Fwp%2Fv2%2Fcomments&post=648"}],"version-history":[{"count":8,"href":"https:\/\/www.kss-sachsen.de\/index.php?rest_route=\/wp\/v2\/pages\/648\/revisions"}],"predecessor-version":[{"id":653,"href":"https:\/\/www.kss-sachsen.de\/index.php?rest_route=\/wp\/v2\/pages\/648\/revisions\/653"}],"up":[{"embeddable":true,"href":"https:\/\/www.kss-sachsen.de\/index.php?rest_route=\/wp\/v2\/pages\/3159"}],"wp:attachment":[{"href":"https:\/\/www.kss-sachsen.de\/index.php?rest_route=%2Fwp%2Fv2%2Fmedia&parent=648"}],"curies":[{"name":"wp","href":"https:\/\/api.w.org\/{rel}","templated":true}]}}