{"id":923,"date":"2017-12-08T18:26:48","date_gmt":"2017-12-08T17:26:48","guid":{"rendered":"https:\/\/www.kss-sachsen.de\/?page_id=923"},"modified":"2024-04-05T19:11:30","modified_gmt":"2024-04-05T17:11:30","slug":"lehramt","status":"publish","type":"page","link":"https:\/\/www.kss-sachsen.de\/lehramt","title":{"rendered":"Lehramt"},"content":{"rendered":"<h3 class=\"p1\"><span style=\"font-size: revert;\">Was machen wir hier?<\/span><\/h3>\n<div id=\"magicdomid76\" class=\"ace-line\" spellcheck=\"true\"><span class=\"author-a-snz66zz68zvz122zkz86zz89zz76zgz77zz72zgv7\">Ein wichtiger Teil unserer Arbeit ist die Vernetzung der Studis der lehrer*innenbildenden Hochschulen in Sachsen, mit denen wir uns regelm\u00e4\u00dfig im Lehramtsausschuss treffen und austauschen. Denn es gibt kein Lehrer*innenbildungsgesetz in Sachsen, sondern die Lehrer*innenbildung wird gr\u00f6\u00dftenteils vom Kultusministerium (SMK) per Erlass gesteuert. Deshalb ist es uns besonders wichtig, dass wir die Interessen der s\u00e4chsischen Lehramtsstudierenden b\u00fcndeln und ihnen im Austausch mit anderen Akteuren, die direkt oder indirekt mit Lehrer*innenbildung zu tun haben, Geh\u00f6r verleihen. Das ist neben dem SMK auch noch das <\/span><span class=\"author-a-z66zz69zl4z75zz74zz80zz65z5z70zpz76zz74zz65zz83zz73z\">dem Ministerium untergeordnete\u00a0<\/span><span class=\"author-a-snz66zz68zvz122zkz86zz89zz76zgz77zz72zgv7\">Landesamt f\u00fcr Schule und Bildung (LASUB) und die Gewerkschaft f\u00fcr Erziehung und Wissen<\/span><span class=\"author-a-z66zz69zl4z75zz74zz80zz65z5z70zpz76zz74zz65zz83zz73z\">schaft<\/span><span class=\"author-a-snz66zz68zvz122zkz86zz89zz76zgz77zz72zgv7\">. Ebenso wirken wir in der Staatlichen Kommission Lehrer*innenbildung mit.<\/span><\/div>\n<div class=\"ace-line\" spellcheck=\"true\"><\/div>\n<div class=\"ace-line\" spellcheck=\"true\"><span class=\"author-a-snz66zz68zvz122zkz86zz89zz76zgz77zz72zgv7\">So beteiligen wir uns zum Beispiel, wenn es <a href=\"https:\/\/www.kss-sachsen.de\/?page_id=2111\">\u00c4nderungen in der Lehramtspr\u00fcfungsordnung (LAPO)<\/a> geben soll oder fordern im Interesse der Studierenden eine bessere Kommunikation und Absprache von Ma\u00dfnahmen ein, wie beispielsweise bei der Organisation von Praktika oder dem \u00dcbergang in den Vorbereitungsdienst.<\/span><\/div>\n<div class=\"ace-line\" spellcheck=\"true\"><\/div>\n<p class=\"ace-line\" spellcheck=\"true\"><span class=\"author-a-snz66zz68zvz122zkz86zz89zz76zgz77zz72zgv7\">Wir setzen uns unter anderem ein f\u00fcr<\/span><\/p>\n<ul>\n<li spellcheck=\"true\">eine Neustrukturierung der Lehrer*innenbildung in einem Lehrer*innenbildungsgesetz,<\/li>\n<li spellcheck=\"true\">einen neuen Rahmen f\u00fcr gute, ver\u00e4nderte Studienbedingungen,<\/li>\n<li class=\"ace-line\" spellcheck=\"true\">eine gute Praxis, die auf den Berufsalltag von morgen vorbereitet,<\/li>\n<li spellcheck=\"true\">Berufseinstiege ohne Qualen,<\/li>\n<li spellcheck=\"true\">gute finanzielle Ausstattungen,<\/li>\n<li spellcheck=\"true\">ein anderes Schulsystem.<\/li>\n<\/ul>\n<p><a href=\"https:\/\/cloud.portal.fzs.de\/s\/FwE6SGMKeJ7rCze\">Unsere Empfehlungen f\u00fcr eine zukunftsf\u00e4hige Ausgestaltung des Lehramtsstudiums in Sachsen<\/a><\/p>\n<p id=\"magicdomid85\" class=\"ace-line\" spellcheck=\"true\">\n<h3 id=\"magicdomid87\" class=\"ace-line\" spellcheck=\"true\"><span class=\"author-a-snz66zz68zvz122zkz86zz89zz76zgz77zz72zgv7 b\">Kontakt<\/span><\/h3>\n<div id=\"magicdomid89\" class=\"ace-line\" spellcheck=\"true\"><span class=\"author-a-snz66zz68zvz122zkz86zz89zz76zgz77zz72zgv7\">F\u00fcr alle m\u00f6glichen Fragen, Ideen und Anregungen zum Lehramt stehen wir gern unter <a href=\"mailto:lehramt@kss-sachsen.de\">lehramt@kss-sachsen.de<\/a> zur Verf\u00fcgung.<br \/>\n<\/span><\/div>\n","protected":false},"excerpt":{"rendered":"<p>Was machen wir hier? Ein wichtiger Teil unserer Arbeit ist die Vernetzung der Studis der lehrer*innenbildenden Hochschulen in Sachsen, mit denen wir uns regelm\u00e4\u00dfig im Lehramtsausschuss treffen und austauschen. Denn es gibt kein Lehrer*innenbildungsgesetz in Sachsen, sondern die Lehrer*innenbildung wird gr\u00f6\u00dftenteils vom Kultusministerium (SMK) per Erlass gesteuert. Deshalb ist es uns besonders wichtig, dass wir die Interessen der s\u00e4chsischen Lehramtsstudierenden<a class=\"read-more\" href=\"https:\/\/www.kss-sachsen.de\/lehramt\">Hier weiter lesen&#8230;<\/a><\/p>\n","protected":false},"author":1,"featured_media":0,"parent":205,"menu_order":0,"comment_status":"closed","ping_status":"closed","template":"","meta":{"footnotes":""},"yoast_head":"<!-- This site is optimized with the Yoast SEO plugin v23.5 - https:\/\/yoast.com\/wordpress\/plugins\/seo\/ -->\n<title>Lehramt - KSS<\/title>\n<meta name=\"robots\" content=\"index, follow, max-snippet:-1, max-image-preview:large, max-video-preview:-1\" \/>\n<link rel=\"canonical\" href=\"https:\/\/www.kss-sachsen.de\/lehramt\" \/>\n<meta property=\"og:locale\" content=\"de_DE\" \/>\n<meta property=\"og:type\" content=\"article\" \/>\n<meta property=\"og:title\" content=\"Lehramt - KSS\" \/>\n<meta property=\"og:description\" content=\"Was machen wir hier? Ein wichtiger Teil unserer Arbeit ist die Vernetzung der Studis der lehrer*innenbildenden Hochschulen in Sachsen, mit denen wir uns regelm\u00e4\u00dfig im Lehramtsausschuss treffen und austauschen. Denn es gibt kein Lehrer*innenbildungsgesetz in Sachsen, sondern die Lehrer*innenbildung wird gr\u00f6\u00dftenteils vom Kultusministerium (SMK) per Erlass gesteuert. Deshalb ist es uns besonders wichtig, dass wir die Interessen der s\u00e4chsischen LehramtsstudierendenHier weiter lesen...\" \/>\n<meta property=\"og:url\" content=\"https:\/\/www.kss-sachsen.de\/lehramt\" \/>\n<meta property=\"og:site_name\" content=\"KSS\" \/>\n<meta property=\"article:modified_time\" content=\"2024-04-05T17:11:30+00:00\" \/>\n<meta name=\"twitter:card\" content=\"summary_large_image\" \/>\n<meta name=\"twitter:label1\" content=\"Gesch\u00e4tzte Lesezeit\" \/>\n\t<meta name=\"twitter:data1\" content=\"2\u00a0Minuten\" \/>\n<script type=\"application\/ld+json\" class=\"yoast-schema-graph\">{\"@context\":\"https:\/\/schema.org\",\"@graph\":[{\"@type\":\"WebPage\",\"@id\":\"https:\/\/www.kss-sachsen.de\/lehramt\",\"url\":\"https:\/\/www.kss-sachsen.de\/lehramt\",\"name\":\"Lehramt - KSS\",\"isPartOf\":{\"@id\":\"https:\/\/www.kss-sachsen.de\/#website\"},\"datePublished\":\"2017-12-08T17:26:48+00:00\",\"dateModified\":\"2024-04-05T17:11:30+00:00\",\"breadcrumb\":{\"@id\":\"https:\/\/www.kss-sachsen.de\/lehramt#breadcrumb\"},\"inLanguage\":\"de\",\"potentialAction\":[{\"@type\":\"ReadAction\",\"target\":[\"https:\/\/www.kss-sachsen.de\/lehramt\"]}]},{\"@type\":\"BreadcrumbList\",\"@id\":\"https:\/\/www.kss-sachsen.de\/lehramt#breadcrumb\",\"itemListElement\":[{\"@type\":\"ListItem\",\"position\":1,\"name\":\"Home\",\"item\":\"https:\/\/www.kss-sachsen.de\/\"},{\"@type\":\"ListItem\",\"position\":2,\"name\":\"Themen\",\"item\":\"https:\/\/www.kss-sachsen.de\/themen\"},{\"@type\":\"ListItem\",\"position\":3,\"name\":\"Lehramt\"}]},{\"@type\":\"WebSite\",\"@id\":\"https:\/\/www.kss-sachsen.de\/#website\",\"url\":\"https:\/\/www.kss-sachsen.de\/\",\"name\":\"Konferenz S\u00e4chsischer Studierendenschaften\",\"description\":\"Konferenz S\u00e4chsischer Studierendenschaften\",\"publisher\":{\"@id\":\"https:\/\/www.kss-sachsen.de\/#organization\"},\"potentialAction\":[{\"@type\":\"SearchAction\",\"target\":{\"@type\":\"EntryPoint\",\"urlTemplate\":\"https:\/\/www.kss-sachsen.de\/?s={search_term_string}\"},\"query-input\":{\"@type\":\"PropertyValueSpecification\",\"valueRequired\":true,\"valueName\":\"search_term_string\"}}],\"inLanguage\":\"de\"},{\"@type\":\"Organization\",\"@id\":\"https:\/\/www.kss-sachsen.de\/#organization\",\"name\":\"Konferenz S\u00e4chsischer Studierendenschaften\",\"url\":\"https:\/\/www.kss-sachsen.de\/\",\"logo\":{\"@type\":\"ImageObject\",\"inLanguage\":\"de\",\"@id\":\"https:\/\/www.kss-sachsen.de\/#\/schema\/logo\/image\/\",\"url\":\"https:\/\/www.kss-sachsen.de\/wp-content\/uploads\/2023\/02\/Logo-KSS.png\",\"contentUrl\":\"https:\/\/www.kss-sachsen.de\/wp-content\/uploads\/2023\/02\/Logo-KSS.png\",\"width\":2239,\"height\":1528,\"caption\":\"Konferenz S\u00e4chsischer Studierendenschaften\"},\"image\":{\"@id\":\"https:\/\/www.kss-sachsen.de\/#\/schema\/logo\/image\/\"},\"sameAs\":[\"https:\/\/www.instagram.com\/kss_sachsen\/\"]}]}<\/script>\n<!-- \/ Yoast SEO plugin. -->","yoast_head_json":{"title":"Lehramt - KSS","robots":{"index":"index","follow":"follow","max-snippet":"max-snippet:-1","max-image-preview":"max-image-preview:large","max-video-preview":"max-video-preview:-1"},"canonical":"https:\/\/www.kss-sachsen.de\/lehramt","og_locale":"de_DE","og_type":"article","og_title":"Lehramt - KSS","og_description":"Was machen wir hier? Ein wichtiger Teil unserer Arbeit ist die Vernetzung der Studis der lehrer*innenbildenden Hochschulen in Sachsen, mit denen wir uns regelm\u00e4\u00dfig im Lehramtsausschuss treffen und austauschen. Denn es gibt kein Lehrer*innenbildungsgesetz in Sachsen, sondern die Lehrer*innenbildung wird gr\u00f6\u00dftenteils vom Kultusministerium (SMK) per Erlass gesteuert. Deshalb ist es uns besonders wichtig, dass wir die Interessen der s\u00e4chsischen LehramtsstudierendenHier weiter lesen...","og_url":"https:\/\/www.kss-sachsen.de\/lehramt","og_site_name":"KSS","article_modified_time":"2024-04-05T17:11:30+00:00","twitter_card":"summary_large_image","twitter_misc":{"Gesch\u00e4tzte Lesezeit":"2\u00a0Minuten"},"schema":{"@context":"https:\/\/schema.org","@graph":[{"@type":"WebPage","@id":"https:\/\/www.kss-sachsen.de\/lehramt","url":"https:\/\/www.kss-sachsen.de\/lehramt","name":"Lehramt - KSS","isPartOf":{"@id":"https:\/\/www.kss-sachsen.de\/#website"},"datePublished":"2017-12-08T17:26:48+00:00","dateModified":"2024-04-05T17:11:30+00:00","breadcrumb":{"@id":"https:\/\/www.kss-sachsen.de\/lehramt#breadcrumb"},"inLanguage":"de","potentialAction":[{"@type":"ReadAction","target":["https:\/\/www.kss-sachsen.de\/lehramt"]}]},{"@type":"BreadcrumbList","@id":"https:\/\/www.kss-sachsen.de\/lehramt#breadcrumb","itemListElement":[{"@type":"ListItem","position":1,"name":"Home","item":"https:\/\/www.kss-sachsen.de\/"},{"@type":"ListItem","position":2,"name":"Themen","item":"https:\/\/www.kss-sachsen.de\/themen"},{"@type":"ListItem","position":3,"name":"Lehramt"}]},{"@type":"WebSite","@id":"https:\/\/www.kss-sachsen.de\/#website","url":"https:\/\/www.kss-sachsen.de\/","name":"Konferenz S\u00e4chsischer Studierendenschaften","description":"Konferenz S\u00e4chsischer Studierendenschaften","publisher":{"@id":"https:\/\/www.kss-sachsen.de\/#organization"},"potentialAction":[{"@type":"SearchAction","target":{"@type":"EntryPoint","urlTemplate":"https:\/\/www.kss-sachsen.de\/?s={search_term_string}"},"query-input":{"@type":"PropertyValueSpecification","valueRequired":true,"valueName":"search_term_string"}}],"inLanguage":"de"},{"@type":"Organization","@id":"https:\/\/www.kss-sachsen.de\/#organization","name":"Konferenz S\u00e4chsischer Studierendenschaften","url":"https:\/\/www.kss-sachsen.de\/","logo":{"@type":"ImageObject","inLanguage":"de","@id":"https:\/\/www.kss-sachsen.de\/#\/schema\/logo\/image\/","url":"https:\/\/www.kss-sachsen.de\/wp-content\/uploads\/2023\/02\/Logo-KSS.png","contentUrl":"https:\/\/www.kss-sachsen.de\/wp-content\/uploads\/2023\/02\/Logo-KSS.png","width":2239,"height":1528,"caption":"Konferenz S\u00e4chsischer Studierendenschaften"},"image":{"@id":"https:\/\/www.kss-sachsen.de\/#\/schema\/logo\/image\/"},"sameAs":["https:\/\/www.instagram.com\/kss_sachsen\/"]}]}},"_links":{"self":[{"href":"https:\/\/www.kss-sachsen.de\/index.php?rest_route=\/wp\/v2\/pages\/923"}],"collection":[{"href":"https:\/\/www.kss-sachsen.de\/index.php?rest_route=\/wp\/v2\/pages"}],"about":[{"href":"https:\/\/www.kss-sachsen.de\/index.php?rest_route=\/wp\/v2\/types\/page"}],"author":[{"embeddable":true,"href":"https:\/\/www.kss-sachsen.de\/index.php?rest_route=\/wp\/v2\/users\/1"}],"replies":[{"embeddable":true,"href":"https:\/\/www.kss-sachsen.de\/index.php?rest_route=%2Fwp%2Fv2%2Fcomments&post=923"}],"version-history":[{"count":16,"href":"https:\/\/www.kss-sachsen.de\/index.php?rest_route=\/wp\/v2\/pages\/923\/revisions"}],"predecessor-version":[{"id":4011,"href":"https:\/\/www.kss-sachsen.de\/index.php?rest_route=\/wp\/v2\/pages\/923\/revisions\/4011"}],"up":[{"embeddable":true,"href":"https:\/\/www.kss-sachsen.de\/index.php?rest_route=\/wp\/v2\/pages\/205"}],"wp:attachment":[{"href":"https:\/\/www.kss-sachsen.de\/index.php?rest_route=%2Fwp%2Fv2%2Fmedia&parent=923"}],"curies":[{"name":"wp","href":"https:\/\/api.w.org\/{rel}","templated":true}]}}